{"id":15996,"date":"2023-02-13T16:26:53","date_gmt":"2023-02-13T15:26:53","guid":{"rendered":"https:\/\/serveiseducatius.xtec.cat\/garraf\/?page_id=15996"},"modified":"2025-10-07T11:15:31","modified_gmt":"2025-10-07T09:15:31","slug":"programa-de-benestar-emocional","status":"publish","type":"page","link":"https:\/\/serveiseducatius.xtec.cat\/garraf\/programa-de-benestar-emocional\/","title":{"rendered":"Programa de Benestar Emocional"},"content":{"rendered":"\n<figure class=\"wp-block-image aligncenter size-large is-resized\"><a href=\"https:\/\/serveiseducatius.xtec.cat\/garraf\/wp-content\/uploads\/usu1185\/2023\/02\/part-info.jpg\"><img loading=\"lazy\" decoding=\"async\" width=\"1024\" height=\"402\" src=\"https:\/\/serveiseducatius.xtec.cat\/garraf\/wp-content\/uploads\/usu1185\/2023\/02\/part-info-1024x402.jpg\" alt=\"\" class=\"wp-image-15998\" style=\"width:718px;height:auto\" srcset=\"https:\/\/serveiseducatius.xtec.cat\/garraf\/wp-content\/uploads\/usu1185\/2023\/02\/part-info-1024x402.jpg 1024w, https:\/\/serveiseducatius.xtec.cat\/garraf\/wp-content\/uploads\/usu1185\/2023\/02\/part-info-300x118.jpg 300w, https:\/\/serveiseducatius.xtec.cat\/garraf\/wp-content\/uploads\/usu1185\/2023\/02\/part-info-768x302.jpg 768w, https:\/\/serveiseducatius.xtec.cat\/garraf\/wp-content\/uploads\/usu1185\/2023\/02\/part-info-1536x603.jpg 1536w, https:\/\/serveiseducatius.xtec.cat\/garraf\/wp-content\/uploads\/usu1185\/2023\/02\/part-info-2048x804.jpg 2048w\" sizes=\"auto, (max-width: 1024px) 100vw, 1024px\" \/><\/a><\/figure>\n\n\n\n<p>Des del Departament d&#8217;Educaci\u00f3 s&#8217;ha iniciat el programa de benestar emocional &#8220;Benestar per estar b\u00e9&#8221; que es dirigeix als equips directius, tutors, docents i altres professionals del\u00a0<strong>cicle superior d&#8217;educaci\u00f3 prim\u00e0ria, ESO i ensenyaments postobligatoris<\/strong> i \u00e9s finan\u00e7at amb fons del Programa de Cooperaci\u00f3 Territorial de Salut Mental del Ministeri d&#8217;Educaci\u00f3.<\/p>\n\n\n\n<p class=\"has-white-color has-ast-global-color-1-background-color has-text-color has-background has-link-color has-medium-font-size wp-elements-9aadc95f7179d5475af558182a5372a9\"><strong>Objectius<\/strong><\/p>\n\n\n\n<ul class=\"wp-block-list\">\n<li>Acompanyar els i les docents per oferir-los eines per a la millora del benestar emocional.<\/li>\n\n\n\n<li>Donar suport al professorat quan detecta dificultats de gesti\u00f3 emocional amb l&#8217;alumnat.<\/li>\n\n\n\n<li>Assessorar els centres educatius en situacions greus de gesti\u00f3 emocional que es puguin produir en el centre.<\/li>\n\n\n\n<li>Detectar i donar una resposta grupal en situacions de risc de malestar emocional en l&#8217;alumnat.<\/li>\n\n\n\n<li>Promoure actuacions preventives que tinguin un impacte positiu en el benestar emocional i relacional d&#8217;infants i joves.<\/li>\n\n\n\n<li>Oferir formaci\u00f3 al professorat que contribueixi a desenvolupar les compet\u00e8ncies relacionades amb el benestar emocional per adequar-les a les necessitats actuals.<\/li>\n\n\n\n<li>Fer promoci\u00f3 de la import\u00e0ncia del benestar emocional i sensibilitzar els centres educatius en aquest sentit.<\/li>\n\n\n\n<li>Desenvolupar compet\u00e8ncies, habilitats i capacitats dels infants i joves per al desenvolupament emocional.<\/li>\n\n\n\n<li>Oferir eines i recursos a les fam\u00edlies per a la gesti\u00f3 emocional dels fills i filles.<\/li>\n<\/ul>\n\n\n\n<p class=\"has-white-color has-ast-global-color-1-background-color has-text-color has-background has-link-color has-medium-font-size wp-elements-61c35b06ee4ba26ad69ddaba66d3dc44\"><strong>L\u00ednies d&#8217;actuaci\u00f3<\/strong><\/p>\n\n\n\n<ul class=\"wp-block-list\">\n<li>Atenci\u00f3 telef\u00f2nica a docents,<\/li>\n\n\n\n<li>Intervenci\u00f3 en els centres en situacions cr\u00edtiques,<\/li>\n\n\n\n<li>Acompanyament als centres en la gesti\u00f3 del benestar emocional de l&#8217;alumnat,<\/li>\n\n\n\n<li>Proposta de din\u00e0miques de gesti\u00f3 emocional en grups classe,<\/li>\n\n\n\n<li>Elaboraci\u00f3 de recursos i material did\u00e0ctic,<\/li>\n\n\n\n<li>Formaci\u00f3 del professorat,<\/li>\n\n\n\n<li>Suport als docents en l&#8217;acompanyament a les fam\u00edlies.<\/li>\n<\/ul>\n\n\n\n<p class=\"has-white-color has-ast-global-color-1-background-color has-text-color has-background has-link-color has-medium-font-size wp-elements-a909a7163488f0536ca7ff05d56b117f\"><strong>Contacte<\/strong><\/p>\n\n\n\n<div class=\"wp-block-columns is-layout-flex wp-container-core-columns-is-layout-1 wp-block-columns-is-layout-flex\">\n<div class=\"wp-block-column is-layout-flow wp-block-column-is-layout-flow\"><\/div>\n\n\n\n<div class=\"wp-block-column has-border-color has-ast-global-color-1-border-color is-layout-flow wp-block-column-is-layout-flow\" style=\"border-width:4px\">\n<p class=\"has-text-align-center has-pale-cyan-blue-background-color has-background\" style=\"border-style:none;border-width:0px;font-size:26px\"><strong>900841383<\/strong><\/p>\n\n\n\n<p class=\"has-text-align-center has-medium-font-size\" style=\"border-style:none;border-width:0px\">De dilluns a divendres<\/p>\n\n\n\n<p class=\"has-text-align-center has-medium-font-size\">De 8 a 19 hores<\/p>\n\n\n\n<div class=\"wp-block-buttons is-content-justification-center is-layout-flex wp-container-core-buttons-is-layout-1 wp-block-buttons-is-layout-flex\">\n<div class=\"wp-block-button\"><a class=\"wp-block-button__link wp-element-button\" href=\"equipbenestaremocional.educacio@gencat.cat\"><strong>Correu<\/strong><\/a><\/div>\n\n\n\n<div class=\"wp-block-button\"><a class=\"wp-block-button__link wp-element-button\" href=\"http:\/\/educacio.gencat.cat\/ca\/arees-actuacio\/professors\/altres\/programa-benestar-emocional\/index.html\"><strong>M\u00e9s informaci\u00f3<\/strong><\/a><\/div>\n<\/div>\n<\/div>\n\n\n\n<div class=\"wp-block-column is-layout-flow wp-block-column-is-layout-flow\"><\/div>\n<\/div>\n","protected":false},"excerpt":{"rendered":"<p>Des del Departament d&#8217;Educaci\u00f3 s&#8217;ha iniciat el programa de benestar emocional &#8220;Benestar per estar b\u00e9&#8221; que es dirigeix als equips directius, tutors, docents i altres professionals del\u00a0cicle superior d&#8217;educaci\u00f3 prim\u00e0ria, ESO i ensenyaments postobligatoris i \u00e9s finan\u00e7at amb fons del Programa de Cooperaci\u00f3 Territorial de Salut Mental del Ministeri d&#8217;Educaci\u00f3. Objectius L\u00ednies d&#8217;actuaci\u00f3 Contacte 900841383 [&hellip;]<\/p>\n","protected":false},"author":10,"featured_media":0,"parent":0,"menu_order":0,"comment_status":"closed","ping_status":"closed","template":"","meta":{"_bbp_topic_count":0,"_bbp_reply_count":0,"_bbp_total_topic_count":0,"_bbp_total_reply_count":0,"_bbp_voice_count":0,"_bbp_anonymous_reply_count":0,"_bbp_topic_count_hidden":0,"_bbp_reply_count_hidden":0,"_bbp_forum_subforum_count":0,"site-sidebar-layout":"default","site-content-layout":"","ast-site-content-layout":"default","site-content-style":"default","site-sidebar-style":"default","ast-global-header-display":"","ast-banner-title-visibility":"","ast-main-header-display":"","ast-hfb-above-header-display":"","ast-hfb-below-header-display":"","ast-hfb-mobile-header-display":"","site-post-title":"","ast-breadcrumbs-content":"","ast-featured-img":"","footer-sml-layout":"","theme-transparent-header-meta":"","adv-header-id-meta":"","stick-header-meta":"","header-above-stick-meta":"","header-main-stick-meta":"","header-below-stick-meta":"","astra-migrate-meta-layouts":"set","ast-page-background-enabled":"default","ast-page-background-meta":{"desktop":{"background-color":"var(--ast-global-color-4)","background-image":"","background-repeat":"repeat","background-position":"center center","background-size":"auto","background-attachment":"scroll","background-type":"","background-media":"","overlay-type":"","overlay-color":"","overlay-opacity":"","overlay-gradient":""},"tablet":{"background-color":"","background-image":"","background-repeat":"repeat","background-position":"center center","background-size":"auto","background-attachment":"scroll","background-type":"","background-media":"","overlay-type":"","overlay-color":"","overlay-opacity":"","overlay-gradient":""},"mobile":{"background-color":"","background-image":"","background-repeat":"repeat","background-position":"center center","background-size":"auto","background-attachment":"scroll","background-type":"","background-media":"","overlay-type":"","overlay-color":"","overlay-opacity":"","overlay-gradient":""}},"ast-content-background-meta":{"desktop":{"background-color":"var(--ast-global-color-5)","background-image":"","background-repeat":"repeat","background-position":"center center","background-size":"auto","background-attachment":"scroll","background-type":"","background-media":"","overlay-type":"","overlay-color":"","overlay-opacity":"","overlay-gradient":""},"tablet":{"background-color":"var(--ast-global-color-5)","background-image":"","background-repeat":"repeat","background-position":"center center","background-size":"auto","background-attachment":"scroll","background-type":"","background-media":"","overlay-type":"","overlay-color":"","overlay-opacity":"","overlay-gradient":""},"mobile":{"background-color":"var(--ast-global-color-5)","background-image":"","background-repeat":"repeat","background-position":"center center","background-size":"auto","background-attachment":"scroll","background-type":"","background-media":"","overlay-type":"","overlay-color":"","overlay-opacity":"","overlay-gradient":""}},"footnotes":""},"class_list":["post-15996","page","type-page","status-publish","hentry"],"post_mailing_queue_ids":[],"_links":{"self":[{"href":"https:\/\/serveiseducatius.xtec.cat\/garraf\/wp-json\/wp\/v2\/pages\/15996","targetHints":{"allow":["GET"]}}],"collection":[{"href":"https:\/\/serveiseducatius.xtec.cat\/garraf\/wp-json\/wp\/v2\/pages"}],"about":[{"href":"https:\/\/serveiseducatius.xtec.cat\/garraf\/wp-json\/wp\/v2\/types\/page"}],"author":[{"embeddable":true,"href":"https:\/\/serveiseducatius.xtec.cat\/garraf\/wp-json\/wp\/v2\/users\/10"}],"replies":[{"embeddable":true,"href":"https:\/\/serveiseducatius.xtec.cat\/garraf\/wp-json\/wp\/v2\/comments?post=15996"}],"version-history":[{"count":5,"href":"https:\/\/serveiseducatius.xtec.cat\/garraf\/wp-json\/wp\/v2\/pages\/15996\/revisions"}],"predecessor-version":[{"id":18481,"href":"https:\/\/serveiseducatius.xtec.cat\/garraf\/wp-json\/wp\/v2\/pages\/15996\/revisions\/18481"}],"wp:attachment":[{"href":"https:\/\/serveiseducatius.xtec.cat\/garraf\/wp-json\/wp\/v2\/media?parent=15996"}],"curies":[{"name":"wp","href":"https:\/\/api.w.org\/{rel}","templated":true}]}}