{"id":15745,"date":"2022-11-29T10:04:06","date_gmt":"2022-11-29T09:04:06","guid":{"rendered":"https:\/\/serveiseducatius.xtec.cat\/garraf\/?page_id=15745"},"modified":"2026-03-16T12:29:18","modified_gmt":"2026-03-16T11:29:18","slug":"seminari-daula-dacollida","status":"publish","type":"page","link":"https:\/\/serveiseducatius.xtec.cat\/garraf\/seminari-daula-dacollida\/","title":{"rendered":"Seminari d&#8217;acompanyament de les Aules d&#8217;Acollida del Garraf i CLICS de centre"},"content":{"rendered":"\n<p>El Seminari \u00e9s un espai de coordinaci\u00f3 per compartir estrat\u00e8gies, materials i recursos amb el professorat de l\u2019aula d\u2019acollida&nbsp; i CLIC.<\/p>\n\n\n\n<p>En aquest espai hi trobareu les presentacions de cada una de les sessions del seminari. A la presentaci\u00f3 hi trobareu enlla\u00e7ats els documents que s&#8217;hi mencionen.<\/p>\n\n\n\n<p class=\"has-white-color has-ast-global-color-1-background-color has-text-color has-background has-link-color has-medium-font-size wp-elements-d31b9214b762a85dc041e58a2b5e4029\"><strong>Curs 2025-2026<\/strong><\/p>\n\n\n\n<div class=\"wp-block-buttons is-content-justification-center is-layout-flex wp-container-core-buttons-is-layout-1 wp-block-buttons-is-layout-flex\">\n<div class=\"wp-block-button\"><a class=\"wp-block-button__link wp-element-button\" href=\"https:\/\/drive.google.com\/file\/d\/1fA9QXp6sGc2imrI9vsSay2HcV7n-UhCR\/view?usp=drive_link\"><strong>Sessi\u00f3 1<\/strong><\/a><\/div>\n\n\n\n<div class=\"wp-block-button\"><a class=\"wp-block-button__link wp-element-button\" href=\"https:\/\/drive.google.com\/file\/d\/1fA9QXp6sGc2imrI9vsSay2HcV7n-UhCR\/view?usp=drive_link\"><strong>Sessi\u00f3 2<\/strong><\/a><\/div>\n\n\n\n<div class=\"wp-block-button\"><a class=\"wp-block-button__link wp-element-button\" href=\"https:\/\/drive.google.com\/file\/d\/1qcWBZwhdxRM2vavjoI_kT0M9YZUJZGMe\/view?usp=drive_link\"><strong>Sessi\u00f3 3<\/strong><\/a><\/div>\n\n\n\n<div class=\"wp-block-button\"><a class=\"wp-block-button__link wp-element-button\" href=\"https:\/\/www.canva.com\/design\/DAG7qB1mf9I\/UAMVYaHnanHfyQY7I2I3gg\/view?utm_content=DAG7qB1mf9I&amp;utm_campaign=designshare&amp;utm_medium=link2&amp;utm_source=uniquelinks&amp;utlId=h32b4f4be7d\"><strong>Sessi\u00f3 4<\/strong><\/a><\/div>\n\n\n\n<div class=\"wp-block-button\"><a class=\"wp-block-button__link wp-element-button\" href=\"https:\/\/www.canva.com\/design\/DAHALa62v5c\/OY2ZNdqY2wfqssEeZVCC7w\/view?utm_content=DAHALa62v5c&amp;utm_campaign=designshare&amp;utm_medium=link2&amp;utm_source=uniquelinks&amp;utlId=h40d84cecee\"><strong>Sessi\u00f3 5<\/strong><\/a><\/div>\n<\/div>\n\n\n\n<p class=\"has-white-color has-ast-global-color-1-background-color has-text-color has-background has-link-color has-medium-font-size wp-elements-316208bf05190ef24a084fd52a7eb285\"><strong>Curs 2024-2025<\/strong><\/p>\n\n\n\n<div class=\"wp-block-columns is-layout-flex wp-container-core-columns-is-layout-1 wp-block-columns-is-layout-flex\">\n<div class=\"wp-block-column has-border-color has-ast-global-color-1-border-color is-layout-flow wp-block-column-is-layout-flow\">\n<figure class=\"wp-block-image aligncenter size-large is-resized\"><a href=\"https:\/\/serveiseducatius.xtec.cat\/garraf\/wp-content\/uploads\/usu1185\/2026\/03\/turu.jpg\"><img loading=\"lazy\" decoding=\"async\" width=\"1024\" height=\"724\" src=\"https:\/\/serveiseducatius.xtec.cat\/garraf\/wp-content\/uploads\/usu1185\/2026\/03\/turu-1024x724.jpg\" alt=\"\" class=\"wp-image-19722\" style=\"width:auto;height:160px\" srcset=\"https:\/\/serveiseducatius.xtec.cat\/garraf\/wp-content\/uploads\/usu1185\/2026\/03\/turu-1024x724.jpg 1024w, https:\/\/serveiseducatius.xtec.cat\/garraf\/wp-content\/uploads\/usu1185\/2026\/03\/turu-300x212.jpg 300w, https:\/\/serveiseducatius.xtec.cat\/garraf\/wp-content\/uploads\/usu1185\/2026\/03\/turu-768x543.jpg 768w, https:\/\/serveiseducatius.xtec.cat\/garraf\/wp-content\/uploads\/usu1185\/2026\/03\/turu-1536x1086.jpg 1536w, https:\/\/serveiseducatius.xtec.cat\/garraf\/wp-content\/uploads\/usu1185\/2026\/03\/turu.jpg 2048w\" sizes=\"auto, (max-width: 1024px) 100vw, 1024px\" \/><\/a><\/figure>\n\n\n\n<p class=\"has-text-align-center\"><strong>Sessi\u00f3 1<\/strong><\/p>\n\n\n\n<p class=\"has-text-align-center\"><strong>14\/11\/2024<\/strong><\/p>\n\n\n\n<ul class=\"wp-block-list\">\n<li><a href=\"https:\/\/www.canva.com\/design\/DAGToTbVmMI\/UC_BP4QvMYdWNYdEAdT9mw\/edit?utm_content=DAGToTbVmMI&amp;utm_campaign=designshare&amp;utm_medium=link2&amp;utm_source=sharebutton\"><strong>Presentaci\u00f3 seminari S1<\/strong><\/a><\/li>\n\n\n\n<li><a href=\"https:\/\/drive.google.com\/file\/d\/1YbsFzMlMJK4FCC0xNsgmlP4bZy8yaGm2\/view?usp=drive_link\"><strong>Butllet\u00ed novembre 1<\/strong><\/a><\/li>\n<\/ul>\n<\/div>\n\n\n\n<div class=\"wp-block-column has-border-color has-ast-global-color-1-border-color is-layout-flow wp-block-column-is-layout-flow\">\n<figure class=\"wp-block-image aligncenter size-full\"><a href=\"https:\/\/serveiseducatius.xtec.cat\/garraf\/wp-content\/uploads\/usu1185\/2026\/03\/baixa.jpg\"><img loading=\"lazy\" decoding=\"async\" width=\"234\" height=\"173\" src=\"https:\/\/serveiseducatius.xtec.cat\/garraf\/wp-content\/uploads\/usu1185\/2026\/03\/baixa.jpg\" alt=\"\" class=\"wp-image-19724\"\/><\/a><\/figure>\n\n\n\n<p class=\"has-text-align-center\"><strong>Sessi\u00f3 2<\/strong><\/p>\n\n\n\n<p class=\"has-text-align-center\"><strong>21\/11\/2024 <\/strong><\/p>\n\n\n\n<ul class=\"wp-block-list\">\n<li><a href=\"https:\/\/drive.google.com\/file\/d\/1neU6LyqbwpcjDyVnUTd08Q8r0VL4x5S7\/view?usp=sharing\"><strong>Bibliografia Montserrat V.<\/strong><\/a><\/li>\n\n\n\n<li><strong><a href=\"https:\/\/drive.google.com\/file\/d\/1eMxKLewN8qk1p2vllDuL5Zw7jO4AtahW\/view?usp=sharing\">Butllet\u00ed novembre 2<\/a><\/strong><\/li>\n<\/ul>\n<\/div>\n\n\n\n<div class=\"wp-block-column has-border-color has-ast-global-color-1-border-color is-layout-flow wp-block-column-is-layout-flow\">\n<figure class=\"wp-block-image aligncenter size-full is-resized\"><a href=\"https:\/\/serveiseducatius.xtec.cat\/garraf\/wp-content\/uploads\/usu1185\/2026\/03\/Sessio-3-bo.jpg\"><img loading=\"lazy\" decoding=\"async\" width=\"300\" height=\"200\" src=\"https:\/\/serveiseducatius.xtec.cat\/garraf\/wp-content\/uploads\/usu1185\/2026\/03\/Sessio-3-bo.jpg\" alt=\"\" class=\"wp-image-19727\" style=\"width:auto;height:160px\"\/><\/a><\/figure>\n\n\n\n<p class=\"has-text-align-center\"><strong>Sessi\u00f3 3<\/strong><\/p>\n\n\n\n<p class=\"has-text-align-center\"><strong>30\/01\/2025<\/strong><\/p>\n\n\n\n<ul class=\"wp-block-list\">\n<li><a href=\"https:\/\/www.canva.com\/design\/DAGcz1UpRo0\/p9wFFDeMlTSn85t3rFDkng\/view?utm_content=DAGcz1UpRo0&amp;utm_campaign=designshare&amp;utm_medium=link2&amp;utm_source=uniquelinks&amp;utlId=h8364656c15\"><strong>Presentaci\u00f3 seminari S3<\/strong><\/a><\/li>\n\n\n\n<li><strong><a href=\"https:\/\/drive.google.com\/file\/d\/1I5ZLWS-FFtDKnOeqkOegHToj65ThedKZ\/view?usp=drive_link\">Orientacions per a l&#8217;elaboraci\u00f3 del PI de l&#8217;alumnat d&#8217;origen estranger<\/a><\/strong><\/li>\n\n\n\n<li><a href=\"https:\/\/drive.google.com\/file\/d\/1LD4dLDavfybEGlwEvenp7xTrpCupxvi6\/view?usp=sharing\"><strong>Suports ling\u00fc\u00edstics a l&#8217;AO<\/strong><\/a><\/li>\n\n\n\n<li><a href=\"https:\/\/drive.google.com\/file\/d\/1ahRHml8R_8Ruq0w5i-MpASwfCbJEgWwO\/view?usp=sharing\"><strong>Quaderns SLS adequar el curr\u00edculum<\/strong><\/a><\/li>\n\n\n\n<li><a href=\"https:\/\/drive.google.com\/file\/d\/12osqEFyVFHIOyLgPVbens9F0uMBJu1eH\/view?usp=sharing\"><strong>Quaderns SLS aprendre llengua mat\u00e8ries<\/strong><\/a><\/li>\n<\/ul>\n<\/div>\n<\/div>\n\n\n\n<div class=\"wp-block-columns is-layout-flex wp-container-core-columns-is-layout-2 wp-block-columns-is-layout-flex\">\n<div class=\"wp-block-column has-border-color has-ast-global-color-1-border-color is-layout-flow wp-block-column-is-layout-flow\">\n<figure class=\"wp-block-image aligncenter size-full is-resized\"><a href=\"https:\/\/serveiseducatius.xtec.cat\/garraf\/wp-content\/uploads\/usu1185\/2026\/03\/Sessio-4.jpg\"><img loading=\"lazy\" decoding=\"async\" width=\"300\" height=\"207\" src=\"https:\/\/serveiseducatius.xtec.cat\/garraf\/wp-content\/uploads\/usu1185\/2026\/03\/Sessio-4.jpg\" alt=\"\" class=\"wp-image-19728\" style=\"width:auto;height:160px\"\/><\/a><\/figure>\n\n\n\n<p class=\"has-text-align-center\"><strong>Sessi\u00f3 4<\/strong><\/p>\n\n\n\n<p class=\"has-text-align-center\"><strong>20\/02\/2025<\/strong><\/p>\n\n\n\n<ul class=\"wp-block-list\">\n<li><a href=\"https:\/\/www.canva.com\/design\/DAGToTbVmMI\/UC_BP4QvMYdWNYdEAdT9mw\/edit?utm_content=DAGToTbVmMI&amp;utm_campaign=designshare&amp;utm_medium=link2&amp;utm_source=sharebutton\"><strong><a href=\"https:\/\/www.canva.com\/design\/DAGeIEejtlI\/vXKkxQ9h03VuTBuNcVDCEA\/view?utm_content=DAGeIEejtlI&amp;utm_campaign=designshare&amp;utm_medium=link2&amp;utm_source=uniquelinks&amp;utlId=h50b8d9d417\">Presentaci\u00f3 seminari S4<\/a><\/strong><\/a><\/li>\n\n\n\n<li><a href=\"https:\/\/drive.google.com\/file\/d\/1WuzWgr68Pcdv7Nx04AKUo5TNtlU9KRDo\/view?usp=sharing\"><strong>Bastides per tipologies textuals<\/strong><\/a><\/li>\n\n\n\n<li><a href=\"https:\/\/docs.google.com\/document\/d\/1HGqQjn4Wtv2t8GWw9CSok-96ZolzUr1h\/edit?usp=sharing&amp;ouid=103867592415192481639&amp;rtpof=true&amp;sd=true\"><strong>Full de valoraci\u00f3 &#8220;Contes a l&#8217;esprint&#8221;<\/strong><\/a><\/li>\n\n\n\n<li><a href=\"https:\/\/docs.google.com\/forms\/d\/e\/1FAIpQLScnuQ3PQBr6VMk9-n4HCaoBA9yyO9SZ6j-2GxL4qIwGA5BF5w\/viewform?usp=sf_link\"><strong>Formulari de jocs<\/strong><\/a><\/li>\n<\/ul>\n<\/div>\n\n\n\n<div class=\"wp-block-column has-border-color has-ast-global-color-1-border-color is-layout-flow wp-block-column-is-layout-flow\">\n<figure class=\"wp-block-image aligncenter size-full\"><a href=\"https:\/\/serveiseducatius.xtec.cat\/garraf\/wp-content\/uploads\/usu1185\/2026\/03\/Sessio-5.jpg\"><img loading=\"lazy\" decoding=\"async\" width=\"1526\" height=\"905\" src=\"https:\/\/serveiseducatius.xtec.cat\/garraf\/wp-content\/uploads\/usu1185\/2026\/03\/Sessio-5.jpg\" alt=\"\" class=\"wp-image-19729\" srcset=\"https:\/\/serveiseducatius.xtec.cat\/garraf\/wp-content\/uploads\/usu1185\/2026\/03\/Sessio-5.jpg 1526w, https:\/\/serveiseducatius.xtec.cat\/garraf\/wp-content\/uploads\/usu1185\/2026\/03\/Sessio-5-300x178.jpg 300w, https:\/\/serveiseducatius.xtec.cat\/garraf\/wp-content\/uploads\/usu1185\/2026\/03\/Sessio-5-1024x607.jpg 1024w, https:\/\/serveiseducatius.xtec.cat\/garraf\/wp-content\/uploads\/usu1185\/2026\/03\/Sessio-5-768x455.jpg 768w\" sizes=\"auto, (max-width: 1526px) 100vw, 1526px\" \/><\/a><\/figure>\n\n\n\n<p class=\"has-text-align-center\"><strong>Sessi\u00f3 5<\/strong><\/p>\n\n\n\n<p class=\"has-text-align-center\"><strong>20\/03\/2025 <\/strong><\/p>\n\n\n\n<ul class=\"wp-block-list\">\n<li><a href=\"https:\/\/www.canva.com\/design\/DAGiKEM8oCA\/21CUpx8Fk7wyp16MukEyVg\/view?utm_content=DAGiKEM8oCA&amp;utm_campaign=designshare&amp;utm_medium=link2&amp;utm_source=uniquelinks&amp;utlId=hac4e6c6875\"><strong>Presentaci\u00f3 seminari S5<\/strong><\/a><\/li>\n\n\n\n<li><a href=\"https:\/\/serveiseducatius.xtec.cat\/garraf\/wp-content\/uploads\/usu1185\/2025\/04\/20250321-Diversitat-religiosa-a-lescola.pdf\"><strong>Diversitat religiosa a l&#8217;escola, presentaci\u00f3 a c\u00e0rrec d&#8217;Agust\u00ed Iglesias Sala, t\u00e8cnic de la DG d&#8217;Afers Religiosos.<\/strong><\/a><\/li>\n\n\n\n<li><a href=\"https:\/\/afersreligiosos.gencat.cat\/ca\/diversitat-religiosa\/calendari-i-festes\/calendari-de-festes-religioses\/index.html\">Calendari de Festes religioses, DG d&#8217;Afers Religiosos\u00a0<\/a><\/li>\n<\/ul>\n<\/div>\n\n\n\n<div class=\"wp-block-column has-border-color has-ast-global-color-1-border-color is-layout-flow wp-block-column-is-layout-flow\">\n<figure class=\"wp-block-image aligncenter size-full is-resized\"><a href=\"https:\/\/serveiseducatius.xtec.cat\/garraf\/wp-content\/uploads\/usu1185\/2026\/03\/Sessio-6.jpg\"><img loading=\"lazy\" decoding=\"async\" width=\"1920\" height=\"1080\" src=\"https:\/\/serveiseducatius.xtec.cat\/garraf\/wp-content\/uploads\/usu1185\/2026\/03\/Sessio-6.jpg\" alt=\"\" class=\"wp-image-19730\" style=\"width:auto;height:160px\" srcset=\"https:\/\/serveiseducatius.xtec.cat\/garraf\/wp-content\/uploads\/usu1185\/2026\/03\/Sessio-6.jpg 1920w, https:\/\/serveiseducatius.xtec.cat\/garraf\/wp-content\/uploads\/usu1185\/2026\/03\/Sessio-6-300x169.jpg 300w, https:\/\/serveiseducatius.xtec.cat\/garraf\/wp-content\/uploads\/usu1185\/2026\/03\/Sessio-6-1024x576.jpg 1024w, https:\/\/serveiseducatius.xtec.cat\/garraf\/wp-content\/uploads\/usu1185\/2026\/03\/Sessio-6-768x432.jpg 768w, https:\/\/serveiseducatius.xtec.cat\/garraf\/wp-content\/uploads\/usu1185\/2026\/03\/Sessio-6-1536x864.jpg 1536w\" sizes=\"auto, (max-width: 1920px) 100vw, 1920px\" \/><\/a><\/figure>\n\n\n\n<p class=\"has-text-align-center\"><strong>Sessi\u00f3 6<\/strong><\/p>\n\n\n\n<p class=\"has-text-align-center\"><strong>08\/05\/2025<\/strong><\/p>\n\n\n\n<ul class=\"wp-block-list\">\n<li><a href=\"https:\/\/www.canva.com\/design\/DAGjY6R2UkA\/-Gggnii-F_ZRsQCkfWAo4g\/view?utm_content=DAGjY6R2UkA&amp;utm_campaign=designshare&amp;utm_medium=link2&amp;utm_source=uniquelinks&amp;utlId=hf73e4de71a\"><strong>Presentaci\u00f3 seminari S6<\/strong><\/a><\/li>\n<\/ul>\n<\/div>\n<\/div>\n\n\n\n<p class=\"has-white-color has-ast-global-color-1-background-color has-text-color has-background has-link-color has-medium-font-size wp-elements-a272ccbdb875248bada2e3c5f1512afc\"><strong>Curs 2023-2024<\/strong><\/p>\n\n\n\n<div class=\"wp-block-columns is-layout-flex wp-container-core-columns-is-layout-3 wp-block-columns-is-layout-flex\">\n<div class=\"wp-block-column has-border-color has-ast-global-color-1-border-color is-layout-flow wp-block-column-is-layout-flow\">\n<figure class=\"wp-block-image aligncenter size-full is-resized\"><a href=\"https:\/\/serveiseducatius.xtec.cat\/garraf\/wp-content\/uploads\/usu1185\/2026\/03\/Sessio-1.png\"><img loading=\"lazy\" decoding=\"async\" width=\"150\" height=\"150\" src=\"https:\/\/serveiseducatius.xtec.cat\/garraf\/wp-content\/uploads\/usu1185\/2026\/03\/Sessio-1.png\" alt=\"\" class=\"wp-image-19731\" style=\"width:auto;height:160px\"\/><\/a><\/figure>\n\n\n\n<p class=\"has-text-align-center\"><strong>Sessi\u00f3 1<\/strong><\/p>\n\n\n\n<p class=\"has-text-align-center\"><strong>26\/10\/2023<\/strong><\/p>\n\n\n\n<ul class=\"wp-block-list\">\n<li><strong><a href=\"https:\/\/www.canva.com\/design\/DAFwYJ8cIdY\/kN8CJB7aO379kU_zfk7QGw\/view?utm_content=DAFwYJ8cIdY&amp;utm_campaign=designshare&amp;utm_medium=link&amp;utm_source=publishsharelink\">Presentaci\u00f3 seminari.<\/a><\/strong><\/li>\n\n\n\n<li><a href=\"https:\/\/view.genial.ly\/641386accd14280011bad22b\/horizontal-infographic-diagrams-cronograma-programes-llengua\"><strong>Participaci\u00f3 cert\u00e0mens i concursos<\/strong><\/a><strong>.<\/strong><\/li>\n\n\n\n<li><a href=\"https:\/\/www.canva.com\/design\/DAFajDn3jRA\/btOLl8yNygn6kFi8zH2SEQ\/edit?utm_content=DAFajDn3jRA&amp;utm_campaign=designshare&amp;utm_medium=link2&amp;utm_source=sharebutton\"><strong>Fitxes cert\u00e0mens i concursos.<\/strong><\/a><\/li>\n\n\n\n<li><strong><a href=\"https:\/\/view.genial.ly\/6442f62f43dcb40019664e87\/interactive-content-cataleg-formacions-elic\">Propostes formatives de la zona.<\/a><\/strong><\/li>\n\n\n\n<li><a href=\"https:\/\/docs.google.com\/document\/d\/1mmxvCSrdjnJ4UlJupz-4dRvEsvlXqeq9\/edit?usp=sharing&amp;ouid=103867592415192481639&amp;rtpof=true&amp;sd=true\"><strong>Document per compartir experi\u00e8ncies a l&#8217;Enxarxats!<\/strong><\/a><\/li>\n\n\n\n<li><strong><a href=\"https:\/\/docs.google.com\/document\/d\/14xgmAdGNcsJqb8z3Dnca9lFJi-dihiy_\/edit\">P<\/a><a href=\"https:\/\/docs.google.com\/document\/d\/14xgmAdGNcsJqb8z3Dnca9lFJi-dihiy_\/edit\">lantilla<\/a><a href=\"https:\/\/docs.google.com\/document\/d\/14xgmAdGNcsJqb8z3Dnca9lFJi-dihiy_\/edit\"> Situaci\u00f3 d&#8217;Aprenentatge tutors i tutores novells\/es<\/a>.<\/strong><\/li>\n\n\n\n<li><strong><a href=\"https:\/\/docs.google.com\/document\/d\/1DdzLmYRBNvczbJK0HvuYal4HnEGcAzH5\/edit\">Plantilla Pla de treball CLIC<\/a>.<\/strong><\/li>\n<\/ul>\n<\/div>\n\n\n\n<div class=\"wp-block-column has-border-color has-ast-global-color-1-border-color is-layout-flow wp-block-column-is-layout-flow\">\n<figure class=\"wp-block-image aligncenter size-full is-resized\"><a href=\"https:\/\/serveiseducatius.xtec.cat\/garraf\/wp-content\/uploads\/usu1185\/2026\/03\/Sessio-2.jpg\"><img loading=\"lazy\" decoding=\"async\" width=\"150\" height=\"150\" src=\"https:\/\/serveiseducatius.xtec.cat\/garraf\/wp-content\/uploads\/usu1185\/2026\/03\/Sessio-2.jpg\" alt=\"\" class=\"wp-image-19732\" style=\"width:auto;height:160px\"\/><\/a><\/figure>\n\n\n\n<p class=\"has-text-align-center\"><strong>Sessi\u00f3 2<\/strong><\/p>\n\n\n\n<p class=\"has-text-align-center\"><strong>30\/11\/2023 <\/strong><\/p>\n\n\n\n<ul class=\"wp-block-list\">\n<li><strong><a href=\"https:\/\/www.canva.com\/design\/DAF0_vXrNXg\/pxgqU_5i673eBliegvnpUw\/edit?utm_content=DAF0_vXrNXg&amp;utm_campaign=designshare&amp;utm_medium=link2&amp;utm_source=sharebutton\">Presentaci\u00f3 d\u2019activitats d\u2019aula d\u2019acollida i plans de treball CLIC.<\/a><\/strong><\/li>\n<\/ul>\n<\/div>\n\n\n\n<div class=\"wp-block-column has-border-color has-ast-global-color-1-border-color is-layout-flow wp-block-column-is-layout-flow\">\n<figure class=\"wp-block-image aligncenter size-full is-resized\"><a href=\"https:\/\/serveiseducatius.xtec.cat\/garraf\/wp-content\/uploads\/usu1185\/2026\/03\/Sessio-3-1.jpg\"><img loading=\"lazy\" decoding=\"async\" width=\"150\" height=\"150\" src=\"https:\/\/serveiseducatius.xtec.cat\/garraf\/wp-content\/uploads\/usu1185\/2026\/03\/Sessio-3-1.jpg\" alt=\"\" class=\"wp-image-19733\" style=\"width:auto;height:160px\"\/><\/a><\/figure>\n\n\n\n<p class=\"has-text-align-center\"><strong>Sessi\u00f3 3<\/strong><\/p>\n\n\n\n<p class=\"has-text-align-center\"><strong>25\/01\/2024<\/strong><\/p>\n\n\n\n<ul class=\"wp-block-list\">\n<li><a href=\"https:\/\/drive.google.com\/file\/d\/1EgWFFrnpseYUH9xQEuqFEP1AW8RmElly\/view?usp=drive_link\"><strong>Presentaci\u00f3 seminari de jocs.<\/strong><\/a><\/li>\n\n\n\n<li><a href=\"https:\/\/drive.google.com\/file\/d\/1KFSJ5ItwGSGobrcZNGruKxRqtmbanzz7\/view?usp=sharing\"><strong>Jocs de taula i expressi\u00f3 oral <em>Ideal\u00fadica.<\/em><\/strong><\/a><\/li>\n\n\n\n<li><a href=\"https:\/\/drive.google.com\/file\/d\/1V_O1LcZHbsLQSracUwIVYJcv9T9M9N9y\/view?usp=drive_link\"><strong>Cat\u00e0leg maleta de jocs ELIC Garraf.<\/strong><\/a><\/li>\n<\/ul>\n<\/div>\n<\/div>\n\n\n\n<div class=\"wp-block-columns is-layout-flex wp-container-core-columns-is-layout-4 wp-block-columns-is-layout-flex\">\n<div class=\"wp-block-column has-border-color has-ast-global-color-1-border-color is-layout-flow wp-block-column-is-layout-flow\">\n<figure class=\"wp-block-image aligncenter size-full is-resized\"><a href=\"https:\/\/serveiseducatius.xtec.cat\/garraf\/wp-content\/uploads\/usu1185\/2026\/03\/Sessio-4-1.jpg\"><img loading=\"lazy\" decoding=\"async\" width=\"150\" height=\"150\" src=\"https:\/\/serveiseducatius.xtec.cat\/garraf\/wp-content\/uploads\/usu1185\/2026\/03\/Sessio-4-1.jpg\" alt=\"\" class=\"wp-image-19734\" style=\"width:auto;height:160px\"\/><\/a><\/figure>\n\n\n\n<p class=\"has-text-align-center\"><strong>Sessi\u00f3 4<\/strong><\/p>\n\n\n\n<p class=\"has-text-align-center\"><strong>22\/02\/2024<\/strong><\/p>\n\n\n\n<ul class=\"wp-block-list\">\n<li><a href=\"https:\/\/drive.google.com\/file\/d\/10lg5hn_nYjt1MGn4SPzkn7RdEviYyk4F\/view?usp=drive_link\"><strong>Presentaci\u00f3 cites r\u00e0pides<\/strong><\/a><\/li>\n\n\n\n<li><strong><a href=\"https:\/\/drive.google.com\/file\/d\/15cuVQQP4-QzACj8lLWAWIF3sS_mdIYy4\/view?usp=sharing\">Classificaci\u00f3 de vocabulari (ESC. Itaca)<\/a><\/strong><\/li>\n\n\n\n<li><a href=\"https:\/\/www.cpnl.cat\/promocio-us\/musica-en-catala\/\"><strong>Recull de m\u00fasica en catal\u00e0 CNL<\/strong><\/a><\/li>\n<\/ul>\n<\/div>\n\n\n\n<div class=\"wp-block-column has-border-color has-ast-global-color-1-border-color is-layout-flow wp-block-column-is-layout-flow\">\n<figure class=\"wp-block-image aligncenter size-full is-resized\"><a href=\"https:\/\/serveiseducatius.xtec.cat\/garraf\/wp-content\/uploads\/usu1185\/2026\/03\/Sessio-5-1.jpg\"><img loading=\"lazy\" decoding=\"async\" width=\"150\" height=\"150\" src=\"https:\/\/serveiseducatius.xtec.cat\/garraf\/wp-content\/uploads\/usu1185\/2026\/03\/Sessio-5-1.jpg\" alt=\"\" class=\"wp-image-19735\" style=\"width:auto;height:160px\"\/><\/a><\/figure>\n\n\n\n<p class=\"has-text-align-center\"><strong>Sessi\u00f3 5<\/strong><\/p>\n\n\n\n<p class=\"has-text-align-center\"><strong>11\/04\/2024 <\/strong><\/p>\n\n\n\n<ul class=\"wp-block-list\">\n<li><a href=\"https:\/\/www.canva.com\/design\/DAGCd0L6s78\/ZKVMMzzWCdDmq9aPNdJqSg\/view?utm_content=DAGCd0L6s78&amp;utm_campaign=designshare&amp;utm_medium=link&amp;utm_source=editor\"><strong>Presentaci\u00f3 seminari<\/strong><\/a><\/li>\n\n\n\n<li><a href=\"https:\/\/drive.google.com\/file\/d\/10i9RYpZsRxe298kjNLr2nJQq71NEK7yC\/view?usp=drive_link\"><strong>Orientaci\u00f3 4t d&#8217;ESO<\/strong><\/a><\/li>\n<\/ul>\n<\/div>\n\n\n\n<div class=\"wp-block-column has-border-color has-ast-global-color-1-border-color is-layout-flow wp-block-column-is-layout-flow\">\n<figure class=\"wp-block-image aligncenter size-full is-resized\"><a href=\"https:\/\/serveiseducatius.xtec.cat\/garraf\/wp-content\/uploads\/usu1185\/2026\/03\/Sessio-6-1.jpg\"><img loading=\"lazy\" decoding=\"async\" width=\"150\" height=\"150\" src=\"https:\/\/serveiseducatius.xtec.cat\/garraf\/wp-content\/uploads\/usu1185\/2026\/03\/Sessio-6-1.jpg\" alt=\"\" class=\"wp-image-19736\" style=\"width:auto;height:160px\"\/><\/a><\/figure>\n\n\n\n<p class=\"has-text-align-center\"><strong>Sessi\u00f3 6<\/strong><\/p>\n\n\n\n<p class=\"has-text-align-center\"><strong>16\/05\/2024<\/strong><\/p>\n\n\n\n<ul class=\"wp-block-list\">\n<li><a href=\"https:\/\/drive.google.com\/file\/d\/1YLBEk5aQOeGL9YryNruXgitotBbhNLNO\/view?usp=sharing\"><strong>Sessi\u00f3 llenguajocs<\/strong><\/a><\/li>\n<\/ul>\n<\/div>\n<\/div>\n","protected":false},"excerpt":{"rendered":"<p>El Seminari \u00e9s un espai de coordinaci\u00f3 per compartir estrat\u00e8gies, materials i recursos amb el professorat de l\u2019aula d\u2019acollida&nbsp; i CLIC. En aquest espai hi trobareu les presentacions de cada una de les sessions del seminari. A la presentaci\u00f3 hi trobareu enlla\u00e7ats els documents que s&#8217;hi mencionen. Curs 2025-2026 Curs 2024-2025 Sessi\u00f3 1 14\/11\/2024 Sessi\u00f3 [&hellip;]<\/p>\n","protected":false},"author":43,"featured_media":0,"parent":0,"menu_order":0,"comment_status":"closed","ping_status":"closed","template":"","meta":{"_bbp_topic_count":0,"_bbp_reply_count":0,"_bbp_total_topic_count":0,"_bbp_total_reply_count":0,"_bbp_voice_count":0,"_bbp_anonymous_reply_count":0,"_bbp_topic_count_hidden":0,"_bbp_reply_count_hidden":0,"_bbp_forum_subforum_count":0,"site-sidebar-layout":"default","site-content-layout":"","ast-site-content-layout":"default","site-content-style":"default","site-sidebar-style":"default","ast-global-header-display":"","ast-banner-title-visibility":"","ast-main-header-display":"","ast-hfb-above-header-display":"","ast-hfb-below-header-display":"","ast-hfb-mobile-header-display":"","site-post-title":"","ast-breadcrumbs-content":"","ast-featured-img":"","footer-sml-layout":"","theme-transparent-header-meta":"","adv-header-id-meta":"","stick-header-meta":"","header-above-stick-meta":"","header-main-stick-meta":"","header-below-stick-meta":"","astra-migrate-meta-layouts":"set","ast-page-background-enabled":"default","ast-page-background-meta":{"desktop":{"background-color":"var(--ast-global-color-4)","background-image":"","background-repeat":"repeat","background-position":"center center","background-size":"auto","background-attachment":"scroll","background-type":"","background-media":"","overlay-type":"","overlay-color":"","overlay-opacity":"","overlay-gradient":""},"tablet":{"background-color":"","background-image":"","background-repeat":"repeat","background-position":"center center","background-size":"auto","background-attachment":"scroll","background-type":"","background-media":"","overlay-type":"","overlay-color":"","overlay-opacity":"","overlay-gradient":""},"mobile":{"background-color":"","background-image":"","background-repeat":"repeat","background-position":"center center","background-size":"auto","background-attachment":"scroll","background-type":"","background-media":"","overlay-type":"","overlay-color":"","overlay-opacity":"","overlay-gradient":""}},"ast-content-background-meta":{"desktop":{"background-color":"var(--ast-global-color-5)","background-image":"","background-repeat":"repeat","background-position":"center center","background-size":"auto","background-attachment":"scroll","background-type":"","background-media":"","overlay-type":"","overlay-color":"","overlay-opacity":"","overlay-gradient":""},"tablet":{"background-color":"var(--ast-global-color-5)","background-image":"","background-repeat":"repeat","background-position":"center center","background-size":"auto","background-attachment":"scroll","background-type":"","background-media":"","overlay-type":"","overlay-color":"","overlay-opacity":"","overlay-gradient":""},"mobile":{"background-color":"var(--ast-global-color-5)","background-image":"","background-repeat":"repeat","background-position":"center center","background-size":"auto","background-attachment":"scroll","background-type":"","background-media":"","overlay-type":"","overlay-color":"","overlay-opacity":"","overlay-gradient":""}},"footnotes":""},"class_list":["post-15745","page","type-page","status-publish","hentry"],"post_mailing_queue_ids":[],"_links":{"self":[{"href":"https:\/\/serveiseducatius.xtec.cat\/garraf\/wp-json\/wp\/v2\/pages\/15745","targetHints":{"allow":["GET"]}}],"collection":[{"href":"https:\/\/serveiseducatius.xtec.cat\/garraf\/wp-json\/wp\/v2\/pages"}],"about":[{"href":"https:\/\/serveiseducatius.xtec.cat\/garraf\/wp-json\/wp\/v2\/types\/page"}],"author":[{"embeddable":true,"href":"https:\/\/serveiseducatius.xtec.cat\/garraf\/wp-json\/wp\/v2\/users\/43"}],"replies":[{"embeddable":true,"href":"https:\/\/serveiseducatius.xtec.cat\/garraf\/wp-json\/wp\/v2\/comments?post=15745"}],"version-history":[{"count":5,"href":"https:\/\/serveiseducatius.xtec.cat\/garraf\/wp-json\/wp\/v2\/pages\/15745\/revisions"}],"predecessor-version":[{"id":19737,"href":"https:\/\/serveiseducatius.xtec.cat\/garraf\/wp-json\/wp\/v2\/pages\/15745\/revisions\/19737"}],"wp:attachment":[{"href":"https:\/\/serveiseducatius.xtec.cat\/garraf\/wp-json\/wp\/v2\/media?parent=15745"}],"curies":[{"name":"wp","href":"https:\/\/api.w.org\/{rel}","templated":true}]}}