{"id":15410,"date":"2022-09-22T11:51:41","date_gmt":"2022-09-22T09:51:41","guid":{"rendered":"https:\/\/serveiseducatius.xtec.cat\/garraf\/?page_id=15410"},"modified":"2025-12-11T12:37:31","modified_gmt":"2025-12-11T11:37:31","slug":"acta-final-dassistencia","status":"publish","type":"page","link":"https:\/\/serveiseducatius.xtec.cat\/garraf\/zona-de-persones-formadores\/acta-final-dassistencia\/","title":{"rendered":"Acta d&#8217;assist\u00e8ncia"},"content":{"rendered":"\n<div class=\"wp-block-buttons is-content-justification-center is-layout-flex wp-container-core-buttons-is-layout-1 wp-block-buttons-is-layout-flex\">\n<div class=\"wp-block-button has-custom-font-size has-medium-font-size\"><a class=\"wp-block-button__link has-luminous-vivid-amber-background-color has-background wp-element-button\"><strong>Acc\u00e9s al GTAF<\/strong><\/a><\/div>\n<\/div>\n\n\n\n<p>Per tal que les persones assistents puguin certificar la formaci\u00f3 cal elaborar l&#8217;<strong>acta d&#8217;assist\u00e8ncia<\/strong> de l&#8217;activitat:<\/p>\n\n\n\n<div class=\"wp-block-columns is-layout-flex wp-container-core-columns-is-layout-1 wp-block-columns-is-layout-flex\" style=\"padding-top:0;padding-bottom:0\">\n<div class=\"wp-block-column is-layout-flow wp-block-column-is-layout-flow\">\n<figure class=\"wp-block-image aligncenter size-full is-resized\"><a href=\"https:\/\/serveiseducatius.xtec.cat\/garraf\/wp-content\/uploads\/usu1185\/2025\/10\/5-2.png\"><img loading=\"lazy\" decoding=\"async\" width=\"691\" height=\"705\" src=\"https:\/\/serveiseducatius.xtec.cat\/garraf\/wp-content\/uploads\/usu1185\/2025\/10\/5-2.png\" alt=\"\" class=\"wp-image-18813\" style=\"width:98px\" srcset=\"https:\/\/serveiseducatius.xtec.cat\/garraf\/wp-content\/uploads\/usu1185\/2025\/10\/5-2.png 691w, https:\/\/serveiseducatius.xtec.cat\/garraf\/wp-content\/uploads\/usu1185\/2025\/10\/5-2-294x300.png 294w\" sizes=\"auto, (max-width: 691px) 100vw, 691px\" \/><\/a><\/figure>\n\n\n\n<p class=\"has-text-align-center\">Accediu a l&#8217;apartat <strong>Acta d&#8217;assist\u00e8ncia<\/strong> del GTAF.<\/p>\n\n\n\n<div class=\"wp-block-media-text is-stacked-on-mobile\" style=\"grid-template-columns:18% auto\"><figure class=\"wp-block-media-text__media\"><img loading=\"lazy\" decoding=\"async\" width=\"1024\" height=\"974\" src=\"https:\/\/serveiseducatius.xtec.cat\/garraf\/wp-content\/uploads\/usu1185\/2025\/12\/Atencio-1024x974.png\" alt=\"\" class=\"wp-image-19347 size-full\" srcset=\"https:\/\/serveiseducatius.xtec.cat\/garraf\/wp-content\/uploads\/usu1185\/2025\/12\/Atencio-1024x974.png 1024w, https:\/\/serveiseducatius.xtec.cat\/garraf\/wp-content\/uploads\/usu1185\/2025\/12\/Atencio-300x285.png 300w, https:\/\/serveiseducatius.xtec.cat\/garraf\/wp-content\/uploads\/usu1185\/2025\/12\/Atencio-768x731.png 768w, https:\/\/serveiseducatius.xtec.cat\/garraf\/wp-content\/uploads\/usu1185\/2025\/12\/Atencio.png 1156w\" sizes=\"auto, (max-width: 1024px) 100vw, 1024px\" \/><\/figure><div class=\"wp-block-media-text__content\">\n<p class=\"has-small-font-size\">Les dades han de coincidir amb l&#8217;apartat <strong>Seguiment assist\u00e8ncia<\/strong>.<\/p>\n<\/div><\/div>\n<\/div>\n\n\n\n<div class=\"wp-block-column is-layout-flow wp-block-column-is-layout-flow\">\n<figure class=\"wp-block-image aligncenter size-full is-resized\"><a href=\"https:\/\/serveiseducatius.xtec.cat\/garraf\/wp-content\/uploads\/usu1185\/2025\/10\/6-3.png\"><img loading=\"lazy\" decoding=\"async\" width=\"673\" height=\"673\" src=\"https:\/\/serveiseducatius.xtec.cat\/garraf\/wp-content\/uploads\/usu1185\/2025\/10\/6-3.png\" alt=\"\" class=\"wp-image-18814\" style=\"width:98px\" srcset=\"https:\/\/serveiseducatius.xtec.cat\/garraf\/wp-content\/uploads\/usu1185\/2025\/10\/6-3.png 673w, https:\/\/serveiseducatius.xtec.cat\/garraf\/wp-content\/uploads\/usu1185\/2025\/10\/6-3-300x300.png 300w, https:\/\/serveiseducatius.xtec.cat\/garraf\/wp-content\/uploads\/usu1185\/2025\/10\/6-3-150x150.png 150w\" sizes=\"auto, (max-width: 673px) 100vw, 673px\" \/><\/a><\/figure>\n\n\n\n<p class=\"has-text-align-center\">Imprimiu l&#8217;acta en format PDF.<\/p>\n\n\n\n<figure class=\"wp-block-image size-large\"><a href=\"https:\/\/serveiseducatius.xtec.cat\/garraf\/wp-content\/uploads\/usu1185\/2025\/12\/Imprimir-acta-dassistencia.jpg\"><img loading=\"lazy\" decoding=\"async\" width=\"1024\" height=\"315\" src=\"https:\/\/serveiseducatius.xtec.cat\/garraf\/wp-content\/uploads\/usu1185\/2025\/12\/Imprimir-acta-dassistencia-1024x315.jpg\" alt=\"\" class=\"wp-image-19368\" srcset=\"https:\/\/serveiseducatius.xtec.cat\/garraf\/wp-content\/uploads\/usu1185\/2025\/12\/Imprimir-acta-dassistencia-1024x315.jpg 1024w, https:\/\/serveiseducatius.xtec.cat\/garraf\/wp-content\/uploads\/usu1185\/2025\/12\/Imprimir-acta-dassistencia-300x92.jpg 300w, https:\/\/serveiseducatius.xtec.cat\/garraf\/wp-content\/uploads\/usu1185\/2025\/12\/Imprimir-acta-dassistencia-768x237.jpg 768w, https:\/\/serveiseducatius.xtec.cat\/garraf\/wp-content\/uploads\/usu1185\/2025\/12\/Imprimir-acta-dassistencia-1536x473.jpg 1536w, https:\/\/serveiseducatius.xtec.cat\/garraf\/wp-content\/uploads\/usu1185\/2025\/12\/Imprimir-acta-dassistencia.jpg 1818w\" sizes=\"auto, (max-width: 1024px) 100vw, 1024px\" \/><\/a><figcaption class=\"wp-element-caption\"><sub><sup>Cliqueu per ampliar la imatge.<\/sup><\/sub><\/figcaption><\/figure>\n<\/div>\n\n\n\n<div class=\"wp-block-column is-layout-flow wp-block-column-is-layout-flow\">\n<figure class=\"wp-block-image aligncenter size-full is-resized\"><a href=\"https:\/\/serveiseducatius.xtec.cat\/garraf\/wp-content\/uploads\/usu1185\/2025\/10\/7-2.png\"><img loading=\"lazy\" decoding=\"async\" width=\"679\" height=\"693\" src=\"https:\/\/serveiseducatius.xtec.cat\/garraf\/wp-content\/uploads\/usu1185\/2025\/10\/7-2.png\" alt=\"\" class=\"wp-image-18815\" style=\"width:98px\" srcset=\"https:\/\/serveiseducatius.xtec.cat\/garraf\/wp-content\/uploads\/usu1185\/2025\/10\/7-2.png 679w, https:\/\/serveiseducatius.xtec.cat\/garraf\/wp-content\/uploads\/usu1185\/2025\/10\/7-2-294x300.png 294w\" sizes=\"auto, (max-width: 679px) 100vw, 679px\" \/><\/a><\/figure>\n\n\n\n<p class=\"has-text-align-center\">Signar-la digitalment<\/p>\n\n\n\n<div class=\"wp-block-media-text is-stacked-on-mobile\" style=\"grid-template-columns:18% auto\"><figure class=\"wp-block-media-text__media\"><img loading=\"lazy\" decoding=\"async\" width=\"1024\" height=\"974\" src=\"https:\/\/serveiseducatius.xtec.cat\/garraf\/wp-content\/uploads\/usu1185\/2025\/12\/Atencio-1024x974.png\" alt=\"\" class=\"wp-image-19347 size-full\" srcset=\"https:\/\/serveiseducatius.xtec.cat\/garraf\/wp-content\/uploads\/usu1185\/2025\/12\/Atencio-1024x974.png 1024w, https:\/\/serveiseducatius.xtec.cat\/garraf\/wp-content\/uploads\/usu1185\/2025\/12\/Atencio-300x285.png 300w, https:\/\/serveiseducatius.xtec.cat\/garraf\/wp-content\/uploads\/usu1185\/2025\/12\/Atencio-768x731.png 768w, https:\/\/serveiseducatius.xtec.cat\/garraf\/wp-content\/uploads\/usu1185\/2025\/12\/Atencio.png 1156w\" sizes=\"auto, (max-width: 1024px) 100vw, 1024px\" \/><\/figure><div class=\"wp-block-media-text__content\">\n<p class=\"has-small-font-size\">Si no sabeu com fer-ho podeu consultar <strong><a href=\"https:\/\/serveiseducatius.xtec.cat\/garraf\/zona-de-persones-formadores\/signatura-digital\/\">aquest apartat<\/a><\/strong>.<\/p>\n<\/div><\/div>\n<\/div>\n\n\n\n<div class=\"wp-block-column is-layout-flow wp-block-column-is-layout-flow\">\n<figure class=\"wp-block-image aligncenter size-full is-resized\"><a href=\"https:\/\/serveiseducatius.xtec.cat\/garraf\/wp-content\/uploads\/usu1185\/2025\/10\/8-2.png\"><img loading=\"lazy\" decoding=\"async\" width=\"663\" height=\"685\" src=\"https:\/\/serveiseducatius.xtec.cat\/garraf\/wp-content\/uploads\/usu1185\/2025\/10\/8-2.png\" alt=\"\" class=\"wp-image-18816\" style=\"width:98px\" srcset=\"https:\/\/serveiseducatius.xtec.cat\/garraf\/wp-content\/uploads\/usu1185\/2025\/10\/8-2.png 663w, https:\/\/serveiseducatius.xtec.cat\/garraf\/wp-content\/uploads\/usu1185\/2025\/10\/8-2-290x300.png 290w\" sizes=\"auto, (max-width: 663px) 100vw, 663px\" \/><\/a><\/figure>\n\n\n\n<p class=\"has-text-align-center\">Enviar-la per correu electr\u00f2nic al CRP del Garraf<\/p>\n\n\n\n<p class=\"has-text-align-center\">crp-garraf@xtec.cat<\/p>\n\n\n\n<div class=\"wp-block-media-text is-stacked-on-mobile\" style=\"grid-template-columns:18% auto\"><figure class=\"wp-block-media-text__media\"><img loading=\"lazy\" decoding=\"async\" width=\"1024\" height=\"974\" src=\"https:\/\/serveiseducatius.xtec.cat\/garraf\/wp-content\/uploads\/usu1185\/2025\/12\/Atencio-1024x974.png\" alt=\"\" class=\"wp-image-19347 size-full\" srcset=\"https:\/\/serveiseducatius.xtec.cat\/garraf\/wp-content\/uploads\/usu1185\/2025\/12\/Atencio-1024x974.png 1024w, https:\/\/serveiseducatius.xtec.cat\/garraf\/wp-content\/uploads\/usu1185\/2025\/12\/Atencio-300x285.png 300w, https:\/\/serveiseducatius.xtec.cat\/garraf\/wp-content\/uploads\/usu1185\/2025\/12\/Atencio-768x731.png 768w, https:\/\/serveiseducatius.xtec.cat\/garraf\/wp-content\/uploads\/usu1185\/2025\/12\/Atencio.png 1156w\" sizes=\"auto, (max-width: 1024px) 100vw, 1024px\" \/><\/figure><div class=\"wp-block-media-text__content\">\n<p class=\"has-small-font-size\">L&#8217;enviament de l&#8217;acta i l&#8217;entrega dels fulls de signatures originals  \u00e9s imprescindible per expedir els certificats d\u2019assist\u00e8ncia a l\u2019activitat.<\/p>\n<\/div><\/div>\n<\/div>\n<\/div>\n","protected":false},"excerpt":{"rendered":"<p>Per tal que les persones assistents puguin certificar la formaci\u00f3 cal elaborar l&#8217;acta d&#8217;assist\u00e8ncia de l&#8217;activitat: Accediu a l&#8217;apartat Acta d&#8217;assist\u00e8ncia del GTAF. Les dades han de coincidir amb l&#8217;apartat Seguiment assist\u00e8ncia. Imprimiu l&#8217;acta en format PDF. Signar-la digitalment Si no sabeu com fer-ho podeu consultar aquest apartat. Enviar-la per correu electr\u00f2nic al CRP del [&hellip;]<\/p>\n","protected":false},"author":10,"featured_media":0,"parent":15378,"menu_order":0,"comment_status":"closed","ping_status":"closed","template":"page-templates\/side-menu.php","meta":{"_bbp_topic_count":0,"_bbp_reply_count":0,"_bbp_total_topic_count":0,"_bbp_total_reply_count":0,"_bbp_voice_count":0,"_bbp_anonymous_reply_count":0,"_bbp_topic_count_hidden":0,"_bbp_reply_count_hidden":0,"_bbp_forum_subforum_count":0,"site-sidebar-layout":"default","site-content-layout":"","ast-site-content-layout":"default","site-content-style":"default","site-sidebar-style":"default","ast-global-header-display":"","ast-banner-title-visibility":"","ast-main-header-display":"","ast-hfb-above-header-display":"","ast-hfb-below-header-display":"","ast-hfb-mobile-header-display":"","site-post-title":"","ast-breadcrumbs-content":"","ast-featured-img":"","footer-sml-layout":"","theme-transparent-header-meta":"","adv-header-id-meta":"","stick-header-meta":"","header-above-stick-meta":"","header-main-stick-meta":"","header-below-stick-meta":"","astra-migrate-meta-layouts":"set","ast-page-background-enabled":"default","ast-page-background-meta":{"desktop":{"background-color":"var(--ast-global-color-4)","background-image":"","background-repeat":"repeat","background-position":"center center","background-size":"auto","background-attachment":"scroll","background-type":"","background-media":"","overlay-type":"","overlay-color":"","overlay-opacity":"","overlay-gradient":""},"tablet":{"background-color":"","background-image":"","background-repeat":"repeat","background-position":"center center","background-size":"auto","background-attachment":"scroll","background-type":"","background-media":"","overlay-type":"","overlay-color":"","overlay-opacity":"","overlay-gradient":""},"mobile":{"background-color":"","background-image":"","background-repeat":"repeat","background-position":"center center","background-size":"auto","background-attachment":"scroll","background-type":"","background-media":"","overlay-type":"","overlay-color":"","overlay-opacity":"","overlay-gradient":""}},"ast-content-background-meta":{"desktop":{"background-color":"var(--ast-global-color-5)","background-image":"","background-repeat":"repeat","background-position":"center center","background-size":"auto","background-attachment":"scroll","background-type":"","background-media":"","overlay-type":"","overlay-color":"","overlay-opacity":"","overlay-gradient":""},"tablet":{"background-color":"var(--ast-global-color-5)","background-image":"","background-repeat":"repeat","background-position":"center center","background-size":"auto","background-attachment":"scroll","background-type":"","background-media":"","overlay-type":"","overlay-color":"","overlay-opacity":"","overlay-gradient":""},"mobile":{"background-color":"var(--ast-global-color-5)","background-image":"","background-repeat":"repeat","background-position":"center center","background-size":"auto","background-attachment":"scroll","background-type":"","background-media":"","overlay-type":"","overlay-color":"","overlay-opacity":"","overlay-gradient":""}},"footnotes":""},"class_list":["post-15410","page","type-page","status-publish","hentry"],"post_mailing_queue_ids":[],"_links":{"self":[{"href":"https:\/\/serveiseducatius.xtec.cat\/garraf\/wp-json\/wp\/v2\/pages\/15410","targetHints":{"allow":["GET"]}}],"collection":[{"href":"https:\/\/serveiseducatius.xtec.cat\/garraf\/wp-json\/wp\/v2\/pages"}],"about":[{"href":"https:\/\/serveiseducatius.xtec.cat\/garraf\/wp-json\/wp\/v2\/types\/page"}],"author":[{"embeddable":true,"href":"https:\/\/serveiseducatius.xtec.cat\/garraf\/wp-json\/wp\/v2\/users\/10"}],"replies":[{"embeddable":true,"href":"https:\/\/serveiseducatius.xtec.cat\/garraf\/wp-json\/wp\/v2\/comments?post=15410"}],"version-history":[{"count":6,"href":"https:\/\/serveiseducatius.xtec.cat\/garraf\/wp-json\/wp\/v2\/pages\/15410\/revisions"}],"predecessor-version":[{"id":19369,"href":"https:\/\/serveiseducatius.xtec.cat\/garraf\/wp-json\/wp\/v2\/pages\/15410\/revisions\/19369"}],"up":[{"embeddable":true,"href":"https:\/\/serveiseducatius.xtec.cat\/garraf\/wp-json\/wp\/v2\/pages\/15378"}],"wp:attachment":[{"href":"https:\/\/serveiseducatius.xtec.cat\/garraf\/wp-json\/wp\/v2\/media?parent=15410"}],"curies":[{"name":"wp","href":"https:\/\/api.w.org\/{rel}","templated":true}]}}