{"id":15255,"date":"2022-06-21T11:48:48","date_gmt":"2022-06-21T09:48:48","guid":{"rendered":"https:\/\/serveiseducatius.xtec.cat\/garraf\/?page_id=15255"},"modified":"2025-11-20T12:10:26","modified_gmt":"2025-11-20T11:10:26","slug":"maleta-pedagogica-celebrem-la-sexualitat","status":"publish","type":"page","link":"https:\/\/serveiseducatius.xtec.cat\/garraf\/material-de-prestec\/maleta-pedagogica-celebrem-la-sexualitat\/","title":{"rendered":"Maleta pedag\u00f2gica &#8220;Celebrem la sexualitat&#8221;"},"content":{"rendered":"\n<p class=\"has-white-color has-ast-global-color-1-background-color has-text-color has-background has-link-color has-medium-font-size wp-elements-68aadcb96259a9e960e5c7833067f726\"><strong>Caracter\u00edstiques<\/strong><\/p>\n\n\n\n<p>Aquesta maleta pedag\u00f2gica promou la curiositat innata i l&#8217;inici dels processos maduratius de l&#8217;alumnat de cicle superior de prim\u00e0ria i primer cicle d&#8217;ESO per introduir, debatre i informar de forma positiva sobre els seg\u00fcents conceptes:<\/p>\n\n\n\n<ul class=\"wp-block-list\">\n<li>Els drets sexuals i reproductius reconeixent-los com a drets humans fonamentals, centrals en la vida de totes les persones, en totes les edats.<\/li>\n\n\n\n<li>La coeducaci\u00f3 en defensa de la igualtat real d&#8217;oportunitats, del valor de la diversitat i del comprom\u00eds per l&#8217;eliminaci\u00f3 de tota mena d&#8217;estigma o discriminaci\u00f3.<\/li>\n\n\n\n<li>La salut sexual posant paraules i apropant el saber sobre el naixement i el part, el coneixement del propi cos i els canvis vitals a la pubertat i l&#8217;adolesc\u00e8ncia, el plaer afectiu i sexual, el valor de la diversitat sexual i el bon tracte en totes les relacions d&#8217;intimitat.<\/li>\n\n\n\n<li>L&#8217;autoconeixement, l&#8217;autoestima i l&#8217;autonomia en el marc de les relacions d&#8217;interdepend\u00e8ncia, per tenir compet\u00e8ncies per a l&#8217;assertivitat, la presa de decisions i la cura.<\/li>\n\n\n\n<li>Informacions, habilitats i compet\u00e8ncies per revertir l&#8217;imaginari social i les conductes dominants fonamentades en l&#8217;educaci\u00f3 del silenci i la culpa, la hipersexualitzaci\u00f3, la pornografia, l&#8217;est\u00e8tica dominant i els models de consum, la discriminaci\u00f3 i les agressions patriarcals, la visi\u00f3 androc\u00e8ntrica, heteronormativa o exclusivament reproductiva de la sexualitat.<\/li>\n<\/ul>\n\n\n\n<p class=\"has-white-color has-ast-global-color-1-background-color has-text-color has-background has-link-color has-medium-font-size wp-elements-86cbeee11ae78bdb86eba5c23bb0dbc0\"><strong>Materials i recursos<\/strong><\/p>\n\n\n\n<p>El material est\u00e0 pensat per treballar a l&#8217;aula d&#8217;acord amb:<\/p>\n\n\n\n<ul class=\"wp-block-list\">\n<li>Models te\u00f2rics contrastats<\/li>\n\n\n\n<li>Metodologies actives, socioafectives i creatives<\/li>\n\n\n\n<li>Materials sensibles adequant-se als processos maduratius i psicosexuals de l&#8217;alumnat<\/li>\n\n\n\n<li>Un ambient flexible i de confian\u00e7a per atendre les diferents formes d&#8217;aprenentatge, relaci\u00f3 i comunicaci\u00f3 dels alumnes i les necessitats culturals i socials dels seus contextos educatius.<\/li>\n<\/ul>\n\n\n\n<div class=\"wp-block-buttons is-content-justification-center is-layout-flex wp-container-core-buttons-is-layout-1 wp-block-buttons-is-layout-flex\">\n<div class=\"wp-block-button\"><a class=\"wp-block-button__link wp-element-button\" href=\"https:\/\/drive.google.com\/file\/d\/1dze16hhOjj76a53KJ65IRTYUla9OZrEQ\/view?usp=sharing\"><strong>Llistat de materials<\/strong><\/a><\/div>\n<\/div>\n","protected":false},"excerpt":{"rendered":"<p>Caracter\u00edstiques Aquesta maleta pedag\u00f2gica promou la curiositat innata i l&#8217;inici dels processos maduratius de l&#8217;alumnat de cicle superior de prim\u00e0ria i primer cicle d&#8217;ESO per introduir, debatre i informar de forma positiva sobre els seg\u00fcents conceptes: Materials i recursos El material est\u00e0 pensat per treballar a l&#8217;aula d&#8217;acord amb:<\/p>\n","protected":false},"author":10,"featured_media":0,"parent":17048,"menu_order":0,"comment_status":"closed","ping_status":"closed","template":"","meta":{"_bbp_topic_count":0,"_bbp_reply_count":0,"_bbp_total_topic_count":0,"_bbp_total_reply_count":0,"_bbp_voice_count":0,"_bbp_anonymous_reply_count":0,"_bbp_topic_count_hidden":0,"_bbp_reply_count_hidden":0,"_bbp_forum_subforum_count":0,"site-sidebar-layout":"default","site-content-layout":"","ast-site-content-layout":"default","site-content-style":"default","site-sidebar-style":"default","ast-global-header-display":"","ast-banner-title-visibility":"","ast-main-header-display":"","ast-hfb-above-header-display":"","ast-hfb-below-header-display":"","ast-hfb-mobile-header-display":"","site-post-title":"","ast-breadcrumbs-content":"","ast-featured-img":"","footer-sml-layout":"","theme-transparent-header-meta":"","adv-header-id-meta":"","stick-header-meta":"","header-above-stick-meta":"","header-main-stick-meta":"","header-below-stick-meta":"","astra-migrate-meta-layouts":"set","ast-page-background-enabled":"default","ast-page-background-meta":{"desktop":{"background-color":"var(--ast-global-color-4)","background-image":"","background-repeat":"repeat","background-position":"center center","background-size":"auto","background-attachment":"scroll","background-type":"","background-media":"","overlay-type":"","overlay-color":"","overlay-opacity":"","overlay-gradient":""},"tablet":{"background-color":"","background-image":"","background-repeat":"repeat","background-position":"center center","background-size":"auto","background-attachment":"scroll","background-type":"","background-media":"","overlay-type":"","overlay-color":"","overlay-opacity":"","overlay-gradient":""},"mobile":{"background-color":"","background-image":"","background-repeat":"repeat","background-position":"center center","background-size":"auto","background-attachment":"scroll","background-type":"","background-media":"","overlay-type":"","overlay-color":"","overlay-opacity":"","overlay-gradient":""}},"ast-content-background-meta":{"desktop":{"background-color":"var(--ast-global-color-5)","background-image":"","background-repeat":"repeat","background-position":"center center","background-size":"auto","background-attachment":"scroll","background-type":"","background-media":"","overlay-type":"","overlay-color":"","overlay-opacity":"","overlay-gradient":""},"tablet":{"background-color":"var(--ast-global-color-5)","background-image":"","background-repeat":"repeat","background-position":"center center","background-size":"auto","background-attachment":"scroll","background-type":"","background-media":"","overlay-type":"","overlay-color":"","overlay-opacity":"","overlay-gradient":""},"mobile":{"background-color":"var(--ast-global-color-5)","background-image":"","background-repeat":"repeat","background-position":"center center","background-size":"auto","background-attachment":"scroll","background-type":"","background-media":"","overlay-type":"","overlay-color":"","overlay-opacity":"","overlay-gradient":""}},"footnotes":""},"class_list":["post-15255","page","type-page","status-publish","hentry"],"post_mailing_queue_ids":[],"_links":{"self":[{"href":"https:\/\/serveiseducatius.xtec.cat\/garraf\/wp-json\/wp\/v2\/pages\/15255","targetHints":{"allow":["GET"]}}],"collection":[{"href":"https:\/\/serveiseducatius.xtec.cat\/garraf\/wp-json\/wp\/v2\/pages"}],"about":[{"href":"https:\/\/serveiseducatius.xtec.cat\/garraf\/wp-json\/wp\/v2\/types\/page"}],"author":[{"embeddable":true,"href":"https:\/\/serveiseducatius.xtec.cat\/garraf\/wp-json\/wp\/v2\/users\/10"}],"replies":[{"embeddable":true,"href":"https:\/\/serveiseducatius.xtec.cat\/garraf\/wp-json\/wp\/v2\/comments?post=15255"}],"version-history":[{"count":6,"href":"https:\/\/serveiseducatius.xtec.cat\/garraf\/wp-json\/wp\/v2\/pages\/15255\/revisions"}],"predecessor-version":[{"id":19161,"href":"https:\/\/serveiseducatius.xtec.cat\/garraf\/wp-json\/wp\/v2\/pages\/15255\/revisions\/19161"}],"up":[{"embeddable":true,"href":"https:\/\/serveiseducatius.xtec.cat\/garraf\/wp-json\/wp\/v2\/pages\/17048"}],"wp:attachment":[{"href":"https:\/\/serveiseducatius.xtec.cat\/garraf\/wp-json\/wp\/v2\/media?parent=15255"}],"curies":[{"name":"wp","href":"https:\/\/api.w.org\/{rel}","templated":true}]}}