{"id":14820,"date":"2022-03-28T13:11:29","date_gmt":"2022-03-28T11:11:29","guid":{"rendered":"https:\/\/serveiseducatius.xtec.cat\/garraf\/?page_id=14820"},"modified":"2025-10-16T13:05:29","modified_gmt":"2025-10-16T11:05:29","slug":"simposi-de-treballs-de-recerca-de-batxillerat-2","status":"publish","type":"page","link":"https:\/\/serveiseducatius.xtec.cat\/garraf\/simposi-de-treballs-de-recerca-de-batxillerat-2\/","title":{"rendered":"Simposi de Treballs de Recerca de Batxillerat"},"content":{"rendered":"\n<p>El Centre de Recursos Pedag\u00f2gics organitza el Simposi de Treballs de Recerca de Batxillerat del Garraf amb l\u2019objectiu de:<\/p>\n\n\n\n<ul class=\"wp-block-list\">\n<li>Recon\u00e8ixer la qualitat dels treballs de recerca de l&#8217;alumnat de 2n de Batxillerat.<\/li>\n\n\n\n<li>Difondre bones pr\u00e0ctiques.<\/li>\n\n\n\n<li>Fomentar l\u2019intercanvi d\u2019experi\u00e8ncies entre l\u2019alumnat de 1r i de 2n de Batxillerat aix\u00ed com entre els centres de la comarca.<\/li>\n\n\n\n<li>Facilitar la coordinaci\u00f3 entre els diversos professionals.<\/li>\n\n\n\n<li>Proporcionar una mostra de treballs recerca a l\u2019alumnat de primer de Batxillerat que l\u2019hauran de presentar el pr\u00f2xim curs.<\/li>\n<\/ul>\n\n\n\n<p>El Simposi est\u00e0 adre\u00e7at a l&#8217;alumnat de 1r de batxillerat els quals escoltaran, de la m\u00e0 de les seves companyes i companys de 2n, consells i orientacions sobre com iniciar i desenvolupar el seu treball de recerca (des de la tria de la tem\u00e0tica i les dificultats en la seva elaboraci\u00f3 fins a les conclusions i consells a partir de l&#8217;experi\u00e8ncia) a aspectes generals d&#8217;elaboraci\u00f3 d&#8217;un treball d&#8217;investigaci\u00f3.<\/p>\n\n\n\n<p>L&#8217;activitat inclou un acte de reconeixement per l&#8217;alumnat ponent a les diferents presentacions en el que diferents empreses, associacions, entitats i institucions de la comarca els ofereixen obsequis per la feina feta.<\/p>\n\n\n\n<div class=\"wp-block-buttons is-content-justification-center is-layout-flex wp-container-core-buttons-is-layout-1 wp-block-buttons-is-layout-flex\">\n<div class=\"wp-block-button\"><a class=\"wp-block-button__link wp-element-button\" href=\"https:\/\/serveiseducatius.xtec.cat\/garraf\/simposi-de-treballs-de-recerca-de-batxillerat\/\"><strong>13 a edici\u00f3<\/strong> (2021)<\/a><\/div>\n\n\n\n<div class=\"wp-block-button\"><a class=\"wp-block-button__link wp-element-button\" href=\"https:\/\/serveiseducatius.xtec.cat\/garraf\/xiv-simposi-de-treballs-de-recerca-de-batxillerat-del-garraf\/\"><strong>14a edici\u00f3<\/strong> (2022)<\/a><\/div>\n\n\n\n<div class=\"wp-block-button\"><a class=\"wp-block-button__link wp-element-button\" href=\"https:\/\/serveiseducatius.xtec.cat\/garraf\/15e-simposi-de-treballs-de-recerca-de-batxillerat-del-garraf\/\"><strong>15a edici\u00f3<\/strong> (2023)<\/a><\/div>\n\n\n\n<div class=\"wp-block-button\"><a class=\"wp-block-button__link wp-element-button\" href=\"https:\/\/serveiseducatius.xtec.cat\/garraf\/16e-simposi-de-treballs-de-recerca-de-batxillerat\/\"><strong>16a edici\u00f3<\/strong> (2024)<\/a><\/div>\n\n\n\n<div class=\"wp-block-button\"><a class=\"wp-block-button__link wp-element-button\" href=\"https:\/\/serveiseducatius.xtec.cat\/garraf\/17e-simposi-de-treballs-de-recerca-de-batxillerat-del-garraf\/\"><strong>17a edici\u00f3<\/strong> (2025)<\/a><\/div>\n\n\n\n<div class=\"wp-block-button\"><a class=\"wp-block-button__link wp-element-button\" href=\"https:\/\/serveiseducatius.xtec.cat\/garraf\/18e-simposi-de-treballs-de-recerca-de-batxillerat-del-garraf\/\"><strong>18a edici\u00f3 <\/strong>(2026)<\/a><\/div>\n<\/div>\n\n\n\n<p><\/p>\n","protected":false},"excerpt":{"rendered":"<p>El Centre de Recursos Pedag\u00f2gics organitza el Simposi de Treballs de Recerca de Batxillerat del Garraf amb l\u2019objectiu de: El Simposi est\u00e0 adre\u00e7at a l&#8217;alumnat de 1r de batxillerat els quals escoltaran, de la m\u00e0 de les seves companyes i companys de 2n, consells i orientacions sobre com iniciar i desenvolupar el seu treball de [&hellip;]<\/p>\n","protected":false},"author":10,"featured_media":0,"parent":0,"menu_order":0,"comment_status":"closed","ping_status":"closed","template":"","meta":{"_bbp_topic_count":0,"_bbp_reply_count":0,"_bbp_total_topic_count":0,"_bbp_total_reply_count":0,"_bbp_voice_count":0,"_bbp_anonymous_reply_count":0,"_bbp_topic_count_hidden":0,"_bbp_reply_count_hidden":0,"_bbp_forum_subforum_count":0,"site-sidebar-layout":"default","site-content-layout":"","ast-site-content-layout":"default","site-content-style":"default","site-sidebar-style":"default","ast-global-header-display":"","ast-banner-title-visibility":"","ast-main-header-display":"","ast-hfb-above-header-display":"","ast-hfb-below-header-display":"","ast-hfb-mobile-header-display":"","site-post-title":"","ast-breadcrumbs-content":"","ast-featured-img":"","footer-sml-layout":"","theme-transparent-header-meta":"","adv-header-id-meta":"","stick-header-meta":"","header-above-stick-meta":"","header-main-stick-meta":"","header-below-stick-meta":"","astra-migrate-meta-layouts":"set","ast-page-background-enabled":"default","ast-page-background-meta":{"desktop":{"background-color":"var(--ast-global-color-4)","background-image":"","background-repeat":"repeat","background-position":"center center","background-size":"auto","background-attachment":"scroll","background-type":"","background-media":"","overlay-type":"","overlay-color":"","overlay-opacity":"","overlay-gradient":""},"tablet":{"background-color":"","background-image":"","background-repeat":"repeat","background-position":"center center","background-size":"auto","background-attachment":"scroll","background-type":"","background-media":"","overlay-type":"","overlay-color":"","overlay-opacity":"","overlay-gradient":""},"mobile":{"background-color":"","background-image":"","background-repeat":"repeat","background-position":"center center","background-size":"auto","background-attachment":"scroll","background-type":"","background-media":"","overlay-type":"","overlay-color":"","overlay-opacity":"","overlay-gradient":""}},"ast-content-background-meta":{"desktop":{"background-color":"var(--ast-global-color-5)","background-image":"","background-repeat":"repeat","background-position":"center center","background-size":"auto","background-attachment":"scroll","background-type":"","background-media":"","overlay-type":"","overlay-color":"","overlay-opacity":"","overlay-gradient":""},"tablet":{"background-color":"var(--ast-global-color-5)","background-image":"","background-repeat":"repeat","background-position":"center center","background-size":"auto","background-attachment":"scroll","background-type":"","background-media":"","overlay-type":"","overlay-color":"","overlay-opacity":"","overlay-gradient":""},"mobile":{"background-color":"var(--ast-global-color-5)","background-image":"","background-repeat":"repeat","background-position":"center center","background-size":"auto","background-attachment":"scroll","background-type":"","background-media":"","overlay-type":"","overlay-color":"","overlay-opacity":"","overlay-gradient":""}},"footnotes":""},"class_list":["post-14820","page","type-page","status-publish","hentry"],"post_mailing_queue_ids":[],"_links":{"self":[{"href":"https:\/\/serveiseducatius.xtec.cat\/garraf\/wp-json\/wp\/v2\/pages\/14820","targetHints":{"allow":["GET"]}}],"collection":[{"href":"https:\/\/serveiseducatius.xtec.cat\/garraf\/wp-json\/wp\/v2\/pages"}],"about":[{"href":"https:\/\/serveiseducatius.xtec.cat\/garraf\/wp-json\/wp\/v2\/types\/page"}],"author":[{"embeddable":true,"href":"https:\/\/serveiseducatius.xtec.cat\/garraf\/wp-json\/wp\/v2\/users\/10"}],"replies":[{"embeddable":true,"href":"https:\/\/serveiseducatius.xtec.cat\/garraf\/wp-json\/wp\/v2\/comments?post=14820"}],"version-history":[{"count":6,"href":"https:\/\/serveiseducatius.xtec.cat\/garraf\/wp-json\/wp\/v2\/pages\/14820\/revisions"}],"predecessor-version":[{"id":18880,"href":"https:\/\/serveiseducatius.xtec.cat\/garraf\/wp-json\/wp\/v2\/pages\/14820\/revisions\/18880"}],"wp:attachment":[{"href":"https:\/\/serveiseducatius.xtec.cat\/garraf\/wp-json\/wp\/v2\/media?parent=14820"}],"curies":[{"name":"wp","href":"https:\/\/api.w.org\/{rel}","templated":true}]}}