{"id":14554,"date":"2022-01-25T18:19:25","date_gmt":"2022-01-25T17:19:25","guid":{"rendered":"https:\/\/serveiseducatius.xtec.cat\/garraf\/?page_id=14554"},"modified":"2025-10-30T17:09:26","modified_gmt":"2025-10-30T16:09:26","slug":"lestacio-meteorologica-wifi","status":"publish","type":"page","link":"https:\/\/serveiseducatius.xtec.cat\/garraf\/material-de-prestec\/lestacio-meteorologica-wifi\/","title":{"rendered":"L&#8217;estaci\u00f3 meteorol\u00f2gica WIFI"},"content":{"rendered":"\n<p class=\"has-white-color has-ast-global-color-1-background-color has-text-color has-background has-link-color has-medium-font-size wp-elements-fc933459088506a65e5925f2eb87ab81\"><strong>Materials<\/strong><\/p>\n\n\n\n<p>L&#8217;estaci\u00f3 meteorol\u00f2gica Sainlogic amb la pantalla LCD a color, brillant i f\u00e0cil de llegir us permet monitorar les condicions clim\u00e0tiques. La pantalla proporciona informaci\u00f3 sobre els valors de temperatura i tamb\u00e9 permet un pron\u00f2stic del temps, de manera que pugui obtenir f\u00e0cilment la informaci\u00f3 meteorol\u00f2gica local m\u00e9s precisa.<\/p>\n\n\n\n<ul class=\"wp-block-list\">\n<li>Estaci\u00f3 base (pantalla) amb base amb fins a 8 canals<\/li>\n\n\n\n<li>Sensor \/ multisensor exterior amb muntures<\/li>\n\n\n\n<li>Mini sensor amb pantalla<\/li>\n\n\n\n<li>Manual d&#8217;operacions<\/li>\n<\/ul>\n\n\n\n<p class=\"has-white-color has-ast-global-color-1-background-color has-text-color has-background has-link-color has-medium-font-size wp-elements-68aadcb96259a9e960e5c7833067f726\"><strong>Caracter\u00edstiques<\/strong><\/p>\n\n\n\n<p>Amb la connexi\u00f3 Wi-Fi, l\u2019estaci\u00f3 meteorol\u00f2gica pot transferir sense fils les dades a la xarxa personal <a href=\"https:\/\/www.wunderground.com\/\">Weather underground<\/a>, recollint les dades meteorol\u00f2giques en temps real aix\u00ed com les dades hist\u00f2riques i els advertiments als tel\u00e8fons intel\u00b7ligents, port\u00e0tils, tauletes o ordinadors d&#8217;escriptori.<\/p>\n\n\n\n<p>L&#8217;estaci\u00f3 meteorol\u00f2gica ofereix fins a 8 canals diferents, el que significa que pot connectar fins a 8 sensors addicionals per monitorar la informaci\u00f3 meteorol\u00f2gica des de diversos llocs.<\/p>\n\n\n\n<p>Els sensors per a exteriors mostren informaci\u00f3 actual sobre la temperatura, la humitat de l&#8217;aire, la pressi\u00f3 de l&#8217;aire, la velocitat i la direcci\u00f3 del vent, la precipitaci\u00f3 i la radiaci\u00f3 ultraviolada, inclosos els panells solars.<\/p>\n","protected":false},"excerpt":{"rendered":"<p>Materials L&#8217;estaci\u00f3 meteorol\u00f2gica Sainlogic amb la pantalla LCD a color, brillant i f\u00e0cil de llegir us permet monitorar les condicions clim\u00e0tiques. La pantalla proporciona informaci\u00f3 sobre els valors de temperatura i tamb\u00e9 permet un pron\u00f2stic del temps, de manera que pugui obtenir f\u00e0cilment la informaci\u00f3 meteorol\u00f2gica local m\u00e9s precisa. Caracter\u00edstiques Amb la connexi\u00f3 Wi-Fi, l\u2019estaci\u00f3 [&hellip;]<\/p>\n","protected":false},"author":10,"featured_media":0,"parent":17048,"menu_order":0,"comment_status":"closed","ping_status":"closed","template":"","meta":{"_bbp_topic_count":0,"_bbp_reply_count":0,"_bbp_total_topic_count":0,"_bbp_total_reply_count":0,"_bbp_voice_count":0,"_bbp_anonymous_reply_count":0,"_bbp_topic_count_hidden":0,"_bbp_reply_count_hidden":0,"_bbp_forum_subforum_count":0,"site-sidebar-layout":"default","site-content-layout":"","ast-site-content-layout":"default","site-content-style":"default","site-sidebar-style":"default","ast-global-header-display":"","ast-banner-title-visibility":"","ast-main-header-display":"","ast-hfb-above-header-display":"","ast-hfb-below-header-display":"","ast-hfb-mobile-header-display":"","site-post-title":"","ast-breadcrumbs-content":"","ast-featured-img":"","footer-sml-layout":"","theme-transparent-header-meta":"","adv-header-id-meta":"","stick-header-meta":"","header-above-stick-meta":"","header-main-stick-meta":"","header-below-stick-meta":"","astra-migrate-meta-layouts":"set","ast-page-background-enabled":"default","ast-page-background-meta":{"desktop":{"background-color":"var(--ast-global-color-4)","background-image":"","background-repeat":"repeat","background-position":"center center","background-size":"auto","background-attachment":"scroll","background-type":"","background-media":"","overlay-type":"","overlay-color":"","overlay-opacity":"","overlay-gradient":""},"tablet":{"background-color":"","background-image":"","background-repeat":"repeat","background-position":"center center","background-size":"auto","background-attachment":"scroll","background-type":"","background-media":"","overlay-type":"","overlay-color":"","overlay-opacity":"","overlay-gradient":""},"mobile":{"background-color":"","background-image":"","background-repeat":"repeat","background-position":"center center","background-size":"auto","background-attachment":"scroll","background-type":"","background-media":"","overlay-type":"","overlay-color":"","overlay-opacity":"","overlay-gradient":""}},"ast-content-background-meta":{"desktop":{"background-color":"var(--ast-global-color-5)","background-image":"","background-repeat":"repeat","background-position":"center center","background-size":"auto","background-attachment":"scroll","background-type":"","background-media":"","overlay-type":"","overlay-color":"","overlay-opacity":"","overlay-gradient":""},"tablet":{"background-color":"var(--ast-global-color-5)","background-image":"","background-repeat":"repeat","background-position":"center center","background-size":"auto","background-attachment":"scroll","background-type":"","background-media":"","overlay-type":"","overlay-color":"","overlay-opacity":"","overlay-gradient":""},"mobile":{"background-color":"var(--ast-global-color-5)","background-image":"","background-repeat":"repeat","background-position":"center center","background-size":"auto","background-attachment":"scroll","background-type":"","background-media":"","overlay-type":"","overlay-color":"","overlay-opacity":"","overlay-gradient":""}},"footnotes":""},"class_list":["post-14554","page","type-page","status-publish","hentry"],"post_mailing_queue_ids":[],"_links":{"self":[{"href":"https:\/\/serveiseducatius.xtec.cat\/garraf\/wp-json\/wp\/v2\/pages\/14554","targetHints":{"allow":["GET"]}}],"collection":[{"href":"https:\/\/serveiseducatius.xtec.cat\/garraf\/wp-json\/wp\/v2\/pages"}],"about":[{"href":"https:\/\/serveiseducatius.xtec.cat\/garraf\/wp-json\/wp\/v2\/types\/page"}],"author":[{"embeddable":true,"href":"https:\/\/serveiseducatius.xtec.cat\/garraf\/wp-json\/wp\/v2\/users\/10"}],"replies":[{"embeddable":true,"href":"https:\/\/serveiseducatius.xtec.cat\/garraf\/wp-json\/wp\/v2\/comments?post=14554"}],"version-history":[{"count":3,"href":"https:\/\/serveiseducatius.xtec.cat\/garraf\/wp-json\/wp\/v2\/pages\/14554\/revisions"}],"predecessor-version":[{"id":19032,"href":"https:\/\/serveiseducatius.xtec.cat\/garraf\/wp-json\/wp\/v2\/pages\/14554\/revisions\/19032"}],"up":[{"embeddable":true,"href":"https:\/\/serveiseducatius.xtec.cat\/garraf\/wp-json\/wp\/v2\/pages\/17048"}],"wp:attachment":[{"href":"https:\/\/serveiseducatius.xtec.cat\/garraf\/wp-json\/wp\/v2\/media?parent=14554"}],"curies":[{"name":"wp","href":"https:\/\/api.w.org\/{rel}","templated":true}]}}