{"id":14482,"date":"2022-01-21T12:12:26","date_gmt":"2022-01-21T11:12:26","guid":{"rendered":"https:\/\/serveiseducatius.xtec.cat\/garraf\/?page_id=14482"},"modified":"2025-11-03T17:47:00","modified_gmt":"2025-11-03T16:47:00","slug":"cupula-leonardome","status":"publish","type":"page","link":"https:\/\/serveiseducatius.xtec.cat\/garraf\/material-de-prestec\/cupula-leonardome\/","title":{"rendered":"C\u00fapula Leonardome"},"content":{"rendered":"\n<p class=\"has-white-color has-ast-global-color-1-background-color has-text-color has-background has-link-color has-medium-font-size wp-elements-68aadcb96259a9e960e5c7833067f726\"><strong>Caracter\u00edstiques<\/strong><\/p>\n\n\n\n<div class=\"wp-block-columns is-layout-flex wp-container-core-columns-is-layout-1 wp-block-columns-is-layout-flex\" style=\"padding-top:var(--wp--preset--spacing--40);padding-bottom:var(--wp--preset--spacing--40)\">\n<div class=\"wp-block-column is-layout-flow wp-block-column-is-layout-flow\" style=\"flex-basis:50%\">\n<figure class=\"wp-block-embed is-type-video is-provider-youtube wp-block-embed-youtube wp-embed-aspect-16-9 wp-has-aspect-ratio\"><div class=\"wp-block-embed__wrapper\">\n<div class=\"ast-oembed-container \" style=\"height: 100%;\"><iframe loading=\"lazy\" title=\"Les c\u00fapules de Leonardo da Vinci. Origen, experiencies, patrons.\" width=\"500\" height=\"281\" src=\"https:\/\/www.youtube.com\/embed\/JxQdJh1OaM8?feature=oembed\" frameborder=\"0\" allow=\"accelerometer; autoplay; clipboard-write; encrypted-media; gyroscope; picture-in-picture; web-share\" referrerpolicy=\"strict-origin-when-cross-origin\" allowfullscreen><\/iframe><\/div>\n<\/div><\/figure>\n<\/div>\n\n\n\n<div class=\"wp-block-column is-layout-flow wp-block-column-is-layout-flow\" style=\"flex-basis:50%\">\n<p>Una maleta pedag\u00f2gica amb el material necessari per construir c\u00fapules a partir dels diferents patrons geom\u00e8trics ideats per Leonardo da Vinci fa 500 anys i que s\u2019aixequen a partir d\u2019un sol tipus de pe\u00e7a i sense cap element d\u2019uni\u00f3: el mateix pes de les peces \u00e9s suficient per mantenir-ne l\u2019estabilitat.<\/p>\n<\/div>\n<\/div>\n\n\n\n<p class=\"has-white-color has-ast-global-color-1-background-color has-text-color has-background has-link-color has-medium-font-size wp-elements-fc933459088506a65e5925f2eb87ab81\"><strong>Materials<\/strong><\/p>\n\n\n\n<ul class=\"wp-block-list\">\n<li>1 caixa amb 250 peces de fusta ecol\u00f2gicament sostenible<\/li>\n\n\n\n<li><a href=\"https:\/\/drive.google.com\/file\/d\/1hkZRemqp78cLNt1ISlhyMT-WhwuDMJOD\/view?usp=sharing\">Full amb recomanacions d&#8217;\u00fas: Qu\u00e8 tenir en compte abans d&#8217;utilitzar el material?<\/a><\/li>\n\n\n\n<li><a href=\"https:\/\/drive.google.com\/file\/d\/1fkv-hrnuKXJzt6eY6VOdKnSQFDNciImr\/view?usp=sharing\">Document amb 11 fitxes patrons de construcci\u00f3<\/a><\/li>\n<\/ul>\n\n\n\n<p class=\"has-white-color has-ast-global-color-1-background-color has-text-color has-background has-link-color has-medium-font-size wp-elements-ae7bd9f086009dca93076b14499e96eb\"><strong>Recursos<\/strong><\/p>\n\n\n\n<ul class=\"wp-block-list\">\n<li><a href=\"https:\/\/leonardome.com\/ca\/leonardome\/\">Web de Leonardome<\/a><\/li>\n\n\n\n<li><a href=\"https:\/\/mmaca.cat\/\">Museu de les Matem\u00e0tiques<\/a> (MMACA)<\/li>\n<\/ul>\n","protected":false},"excerpt":{"rendered":"<p>Caracter\u00edstiques Una maleta pedag\u00f2gica amb el material necessari per construir c\u00fapules a partir dels diferents patrons geom\u00e8trics ideats per Leonardo da Vinci fa 500 anys i que s\u2019aixequen a partir d\u2019un sol tipus de pe\u00e7a i sense cap element d\u2019uni\u00f3: el mateix pes de les peces \u00e9s suficient per mantenir-ne l\u2019estabilitat. Materials Recursos<\/p>\n","protected":false},"author":10,"featured_media":0,"parent":17048,"menu_order":0,"comment_status":"closed","ping_status":"closed","template":"","meta":{"_bbp_topic_count":0,"_bbp_reply_count":0,"_bbp_total_topic_count":0,"_bbp_total_reply_count":0,"_bbp_voice_count":0,"_bbp_anonymous_reply_count":0,"_bbp_topic_count_hidden":0,"_bbp_reply_count_hidden":0,"_bbp_forum_subforum_count":0,"site-sidebar-layout":"default","site-content-layout":"","ast-site-content-layout":"default","site-content-style":"default","site-sidebar-style":"default","ast-global-header-display":"","ast-banner-title-visibility":"","ast-main-header-display":"","ast-hfb-above-header-display":"","ast-hfb-below-header-display":"","ast-hfb-mobile-header-display":"","site-post-title":"","ast-breadcrumbs-content":"","ast-featured-img":"","footer-sml-layout":"","theme-transparent-header-meta":"","adv-header-id-meta":"","stick-header-meta":"","header-above-stick-meta":"","header-main-stick-meta":"","header-below-stick-meta":"","astra-migrate-meta-layouts":"set","ast-page-background-enabled":"default","ast-page-background-meta":{"desktop":{"background-color":"var(--ast-global-color-4)","background-image":"","background-repeat":"repeat","background-position":"center center","background-size":"auto","background-attachment":"scroll","background-type":"","background-media":"","overlay-type":"","overlay-color":"","overlay-opacity":"","overlay-gradient":""},"tablet":{"background-color":"","background-image":"","background-repeat":"repeat","background-position":"center center","background-size":"auto","background-attachment":"scroll","background-type":"","background-media":"","overlay-type":"","overlay-color":"","overlay-opacity":"","overlay-gradient":""},"mobile":{"background-color":"","background-image":"","background-repeat":"repeat","background-position":"center center","background-size":"auto","background-attachment":"scroll","background-type":"","background-media":"","overlay-type":"","overlay-color":"","overlay-opacity":"","overlay-gradient":""}},"ast-content-background-meta":{"desktop":{"background-color":"var(--ast-global-color-5)","background-image":"","background-repeat":"repeat","background-position":"center center","background-size":"auto","background-attachment":"scroll","background-type":"","background-media":"","overlay-type":"","overlay-color":"","overlay-opacity":"","overlay-gradient":""},"tablet":{"background-color":"var(--ast-global-color-5)","background-image":"","background-repeat":"repeat","background-position":"center center","background-size":"auto","background-attachment":"scroll","background-type":"","background-media":"","overlay-type":"","overlay-color":"","overlay-opacity":"","overlay-gradient":""},"mobile":{"background-color":"var(--ast-global-color-5)","background-image":"","background-repeat":"repeat","background-position":"center center","background-size":"auto","background-attachment":"scroll","background-type":"","background-media":"","overlay-type":"","overlay-color":"","overlay-opacity":"","overlay-gradient":""}},"footnotes":""},"class_list":["post-14482","page","type-page","status-publish","hentry"],"post_mailing_queue_ids":[],"_links":{"self":[{"href":"https:\/\/serveiseducatius.xtec.cat\/garraf\/wp-json\/wp\/v2\/pages\/14482","targetHints":{"allow":["GET"]}}],"collection":[{"href":"https:\/\/serveiseducatius.xtec.cat\/garraf\/wp-json\/wp\/v2\/pages"}],"about":[{"href":"https:\/\/serveiseducatius.xtec.cat\/garraf\/wp-json\/wp\/v2\/types\/page"}],"author":[{"embeddable":true,"href":"https:\/\/serveiseducatius.xtec.cat\/garraf\/wp-json\/wp\/v2\/users\/10"}],"replies":[{"embeddable":true,"href":"https:\/\/serveiseducatius.xtec.cat\/garraf\/wp-json\/wp\/v2\/comments?post=14482"}],"version-history":[{"count":4,"href":"https:\/\/serveiseducatius.xtec.cat\/garraf\/wp-json\/wp\/v2\/pages\/14482\/revisions"}],"predecessor-version":[{"id":19073,"href":"https:\/\/serveiseducatius.xtec.cat\/garraf\/wp-json\/wp\/v2\/pages\/14482\/revisions\/19073"}],"up":[{"embeddable":true,"href":"https:\/\/serveiseducatius.xtec.cat\/garraf\/wp-json\/wp\/v2\/pages\/17048"}],"wp:attachment":[{"href":"https:\/\/serveiseducatius.xtec.cat\/garraf\/wp-json\/wp\/v2\/media?parent=14482"}],"curies":[{"name":"wp","href":"https:\/\/api.w.org\/{rel}","templated":true}]}}