{"id":13624,"date":"2021-09-03T09:48:35","date_gmt":"2021-09-03T07:48:35","guid":{"rendered":"https:\/\/serveiseducatius.xtec.cat\/garraf\/?page_id=13624"},"modified":"2024-02-07T16:13:37","modified_gmt":"2024-02-07T15:13:37","slug":"tecnologia","status":"publish","type":"page","link":"https:\/\/serveiseducatius.xtec.cat\/garraf\/maletespedagogiques\/tecnologia\/","title":{"rendered":"TECNOLOGIA"},"content":{"rendered":"<table style=\"border-collapse: collapse; width: 100%; height: 1238px;\">\n<tbody>\n<tr style=\"height: 139px;\">\n<td style=\"width: 25.8545%; border-color: #ffffff; background-color: #ffffff; height: 139px; border-style: solid;\"><a href=\"https:\/\/serveiseducatius.xtec.cat\/garraf\/maletespedagogiques\/tecnologia\/lego-wedo\/\"><img loading=\"lazy\" decoding=\"async\" class=\"alignleft wp-image-14502 size-medium\" src=\"https:\/\/serveiseducatius.xtec.cat\/garraf\/wp-content\/uploads\/usu1185\/2022\/01\/lego-wedo-4-300x157.jpg\" alt=\"\" width=\"300\" height=\"157\" srcset=\"https:\/\/serveiseducatius.xtec.cat\/garraf\/wp-content\/uploads\/usu1185\/2022\/01\/lego-wedo-4-300x157.jpg 300w, https:\/\/serveiseducatius.xtec.cat\/garraf\/wp-content\/uploads\/usu1185\/2022\/01\/lego-wedo-4.jpg 650w\" sizes=\"auto, (max-width: 300px) 100vw, 300px\" \/><\/a><\/td>\n<td style=\"width: 74.1455%; border-color: #ffffff; background-color: #ffffff; height: 139px; border-style: solid;\">\n<h2>Lego Education WeDo2.0 Bluetooth<\/h2>\n<\/td>\n<\/tr>\n<tr style=\"height: 122px;\">\n<td style=\"width: 25.8545%; border-color: #ffffff; background-color: #ffffff; border-style: hidden; height: 122px;\"><a href=\"https:\/\/serveiseducatius.xtec.cat\/garraf\/maletespedagogiques\/tecnologia\/edison-v2-0-robot-educatiu\/\" rel=\"attachment wp-att-14524\"><img loading=\"lazy\" decoding=\"async\" class=\"aligncenter wp-image-14524\" src=\"https:\/\/serveiseducatius.xtec.cat\/garraf\/wp-content\/uploads\/usu1185\/2022\/01\/Edison1-300x275.jpg\" alt=\"\" width=\"152\" height=\"139\" srcset=\"https:\/\/serveiseducatius.xtec.cat\/garraf\/wp-content\/uploads\/usu1185\/2022\/01\/Edison1-300x275.jpg 300w, https:\/\/serveiseducatius.xtec.cat\/garraf\/wp-content\/uploads\/usu1185\/2022\/01\/Edison1-768x705.jpg 768w, https:\/\/serveiseducatius.xtec.cat\/garraf\/wp-content\/uploads\/usu1185\/2022\/01\/Edison1.jpg 857w\" sizes=\"auto, (max-width: 152px) 100vw, 152px\" \/><\/a><\/td>\n<td style=\"width: 74.1455%; border-color: #ffffff; background-color: #ffffff; border-style: solid; height: 122px;\">\n<h2>Edison \u00e9s un robot per aprendre i inventar, un cotxe intel\u00b7ligent amb diferents sensors que t\u00e9 instal\u00b7lats.<\/h2>\n<\/td>\n<\/tr>\n<tr style=\"height: 171px;\">\n<td style=\"width: 25.8545%; border-color: #ffffff; background-color: #ffffff; height: 171px; border-style: solid;\"><a href=\"https:\/\/serveiseducatius.xtec.cat\/garraf\/maletespedagogiques\/tecnologia\/beebots\/\"><img loading=\"lazy\" decoding=\"async\" class=\"wp-image-13673 aligncenter\" src=\"https:\/\/serveiseducatius.xtec.cat\/garraf\/wp-content\/uploads\/usu1185\/2021\/09\/beebots-300x203.png\" alt=\"\" width=\"225\" height=\"152\" \/><\/a><\/td>\n<td style=\"width: 74.1455%; border-color: #ffffff; background-color: #ffffff; height: 171px; border-style: solid;\">\n<h2>Robots de programaci\u00f3 senzilla per introduir al mon de la programaci\u00f3 als alumnes de prim\u00e0ria<\/h2>\n<\/td>\n<\/tr>\n<tr style=\"height: 216px;\">\n<td style=\"width: 25.8545%; border-color: #ffffff; background-color: #ffffff; height: 216px; border-style: solid;\"><a href=\"https:\/\/serveiseducatius.xtec.cat\/garraf\/maletespedagogiques\/tecnologia\/probot\/\"><img loading=\"lazy\" decoding=\"async\" class=\"wp-image-13678 aligncenter\" src=\"https:\/\/serveiseducatius.xtec.cat\/garraf\/wp-content\/uploads\/usu1185\/2021\/09\/probot-300x196.jpg\" alt=\"\" width=\"231\" height=\"151\" \/><\/a><\/td>\n<td style=\"width: 74.1455%; border-color: #ffffff; background-color: #ffffff; height: 216px; border-style: solid;\">\n<h2>Robot que permet la seva programaci\u00f3 amb instruccions senzilles, per\u00f2 que tamb\u00e9 permet treballar conceptes matem\u00e0tics<\/h2>\n<\/td>\n<\/tr>\n<tr style=\"height: 166px;\">\n<td style=\"width: 25.8545%; border-color: #ffffff; background-color: #ffffff; height: 166px; border-style: solid;\"><a href=\"https:\/\/serveiseducatius.xtec.cat\/garraf\/maletespedagogiques\/tecnologia\/robot-mouse\/\"><img loading=\"lazy\" decoding=\"async\" class=\"wp-image-13679 aligncenter\" src=\"https:\/\/serveiseducatius.xtec.cat\/garraf\/wp-content\/uploads\/usu1185\/2021\/09\/robot-mouse2-300x300.jpg\" alt=\"\" width=\"151\" height=\"151\" \/><\/a><\/td>\n<td style=\"width: 74.1455%; border-color: #ffffff; background-color: #ffffff; height: 166px; border-style: solid;\">\n<h2>Set STEM per iniciar-se a la programaci\u00f3<\/h2>\n<\/td>\n<\/tr>\n<tr style=\"height: 260px;\">\n<td style=\"width: 25.8545%; border-color: #ffffff; background-color: #ffffff; height: 260px; border-style: solid;\"><a href=\"https:\/\/serveiseducatius.xtec.cat\/garraf\/maletespedagogiques\/tecnologia\/makey-makey\/\"><img loading=\"lazy\" decoding=\"async\" class=\"wp-image-13677 aligncenter\" src=\"https:\/\/serveiseducatius.xtec.cat\/garraf\/wp-content\/uploads\/usu1185\/2021\/09\/makey-makey-300x191.png\" alt=\"\" width=\"234\" height=\"149\" \/><\/a><\/td>\n<td style=\"width: 74.1455%; border-color: #ffffff; background-color: #ffffff; height: 260px; border-style: solid;\">\n<h2>Makey-Makey \u00e9s una placa electr\u00f2nica similar al comandament d\u2019una videoconsola que simula ser un teclat o ratol\u00ed, el que permet enviar ordres a l\u2019ordinador a qu\u00e8 es troba connectat<\/h2>\n<\/td>\n<\/tr>\n<tr style=\"height: 164px;\">\n<td style=\"width: 25.8545%; border-color: #ffffff; background-color: #ffffff; height: 164px; border-style: solid;\"><a href=\"https:\/\/serveiseducatius.xtec.cat\/garraf\/maletespedagogiques\/tecnologia\/kit-dinici-de-simulacio-Arduino-amb-tauler-de-control-plus\/\"><img loading=\"lazy\" decoding=\"async\" class=\"alignleft size-medium wp-image-14534\" src=\"https:\/\/serveiseducatius.xtec.cat\/garraf\/wp-content\/uploads\/usu1185\/2022\/01\/imateg-Kit-Arduino1-300x186.jpg\" alt=\"\" width=\"300\" height=\"186\" srcset=\"https:\/\/serveiseducatius.xtec.cat\/garraf\/wp-content\/uploads\/usu1185\/2022\/01\/imateg-Kit-Arduino1-300x186.jpg 300w, https:\/\/serveiseducatius.xtec.cat\/garraf\/wp-content\/uploads\/usu1185\/2022\/01\/imateg-Kit-Arduino1-768x475.jpg 768w, https:\/\/serveiseducatius.xtec.cat\/garraf\/wp-content\/uploads\/usu1185\/2022\/01\/imateg-Kit-Arduino1.jpg 970w\" sizes=\"auto, (max-width: 300px) 100vw, 300px\" \/><\/a><\/td>\n<td style=\"width: 74.1455%; border-color: #ffffff; background-color: #ffffff; height: 164px; border-style: solid;\">\n<h2>KEYESTUDI UN0 Starter Kit per introduir-se a la programaci\u00f3 amb Arduino<\/h2>\n<\/td>\n<\/tr>\n<\/tbody>\n<\/table>\n","protected":false},"excerpt":{"rendered":"<p>Lego Education WeDo2.0 Bluetooth Edison \u00e9s un robot per aprendre i inventar, un cotxe intel\u00b7ligent amb diferents sensors que t\u00e9 instal\u00b7lats. Robots de programaci\u00f3 senzilla per introduir al mon de la programaci\u00f3 als alumnes de prim\u00e0ria Robot que permet la seva programaci\u00f3 amb instruccions senzilles, per\u00f2 que tamb\u00e9 permet treballar conceptes matem\u00e0tics Set STEM per [&hellip;]<\/p>\n","protected":false},"author":10,"featured_media":0,"parent":13605,"menu_order":7,"comment_status":"closed","ping_status":"closed","template":"page-templates\/side-menu.php","meta":{"_bbp_topic_count":0,"_bbp_reply_count":0,"_bbp_total_topic_count":0,"_bbp_total_reply_count":0,"_bbp_voice_count":0,"_bbp_anonymous_reply_count":0,"_bbp_topic_count_hidden":0,"_bbp_reply_count_hidden":0,"_bbp_forum_subforum_count":0,"site-sidebar-layout":"default","site-content-layout":"","ast-site-content-layout":"","site-content-style":"default","site-sidebar-style":"default","ast-global-header-display":"","ast-banner-title-visibility":"","ast-main-header-display":"","ast-hfb-above-header-display":"","ast-hfb-below-header-display":"","ast-hfb-mobile-header-display":"","site-post-title":"","ast-breadcrumbs-content":"","ast-featured-img":"","footer-sml-layout":"","theme-transparent-header-meta":"","adv-header-id-meta":"","stick-header-meta":"","header-above-stick-meta":"","header-main-stick-meta":"","header-below-stick-meta":"","astra-migrate-meta-layouts":"default","ast-page-background-enabled":"default","ast-page-background-meta":{"desktop":{"background-color":"var(--ast-global-color-4)","background-image":"","background-repeat":"repeat","background-position":"center center","background-size":"auto","background-attachment":"scroll","background-type":"","background-media":"","overlay-type":"","overlay-color":"","overlay-opacity":"","overlay-gradient":""},"tablet":{"background-color":"","background-image":"","background-repeat":"repeat","background-position":"center center","background-size":"auto","background-attachment":"scroll","background-type":"","background-media":"","overlay-type":"","overlay-color":"","overlay-opacity":"","overlay-gradient":""},"mobile":{"background-color":"","background-image":"","background-repeat":"repeat","background-position":"center center","background-size":"auto","background-attachment":"scroll","background-type":"","background-media":"","overlay-type":"","overlay-color":"","overlay-opacity":"","overlay-gradient":""}},"ast-content-background-meta":{"desktop":{"background-color":"var(--ast-global-color-5)","background-image":"","background-repeat":"repeat","background-position":"center center","background-size":"auto","background-attachment":"scroll","background-type":"","background-media":"","overlay-type":"","overlay-color":"","overlay-opacity":"","overlay-gradient":""},"tablet":{"background-color":"var(--ast-global-color-5)","background-image":"","background-repeat":"repeat","background-position":"center center","background-size":"auto","background-attachment":"scroll","background-type":"","background-media":"","overlay-type":"","overlay-color":"","overlay-opacity":"","overlay-gradient":""},"mobile":{"background-color":"var(--ast-global-color-5)","background-image":"","background-repeat":"repeat","background-position":"center center","background-size":"auto","background-attachment":"scroll","background-type":"","background-media":"","overlay-type":"","overlay-color":"","overlay-opacity":"","overlay-gradient":""}},"footnotes":""},"class_list":["post-13624","page","type-page","status-publish","hentry"],"post_mailing_queue_ids":[],"_links":{"self":[{"href":"https:\/\/serveiseducatius.xtec.cat\/garraf\/wp-json\/wp\/v2\/pages\/13624","targetHints":{"allow":["GET"]}}],"collection":[{"href":"https:\/\/serveiseducatius.xtec.cat\/garraf\/wp-json\/wp\/v2\/pages"}],"about":[{"href":"https:\/\/serveiseducatius.xtec.cat\/garraf\/wp-json\/wp\/v2\/types\/page"}],"author":[{"embeddable":true,"href":"https:\/\/serveiseducatius.xtec.cat\/garraf\/wp-json\/wp\/v2\/users\/10"}],"replies":[{"embeddable":true,"href":"https:\/\/serveiseducatius.xtec.cat\/garraf\/wp-json\/wp\/v2\/comments?post=13624"}],"version-history":[{"count":6,"href":"https:\/\/serveiseducatius.xtec.cat\/garraf\/wp-json\/wp\/v2\/pages\/13624\/revisions"}],"predecessor-version":[{"id":16952,"href":"https:\/\/serveiseducatius.xtec.cat\/garraf\/wp-json\/wp\/v2\/pages\/13624\/revisions\/16952"}],"up":[{"embeddable":true,"href":"https:\/\/serveiseducatius.xtec.cat\/garraf\/wp-json\/wp\/v2\/pages\/13605"}],"wp:attachment":[{"href":"https:\/\/serveiseducatius.xtec.cat\/garraf\/wp-json\/wp\/v2\/media?parent=13624"}],"curies":[{"name":"wp","href":"https:\/\/api.w.org\/{rel}","templated":true}]}}