{"id":13620,"date":"2021-09-03T09:47:39","date_gmt":"2021-09-03T07:47:39","guid":{"rendered":"https:\/\/serveiseducatius.xtec.cat\/garraf\/?page_id=13620"},"modified":"2022-07-23T17:53:42","modified_gmt":"2022-07-23T15:53:42","slug":"humanistic","status":"publish","type":"page","link":"https:\/\/serveiseducatius.xtec.cat\/garraf\/maletespedagogiques\/humanistic\/","title":{"rendered":"HUMAN\u00cdSTIC"},"content":{"rendered":"<p>\u200b<\/p>\n<table style=\"width: 100%; border-collapse: collapse; border-style: hidden; height: 631px;\">\n<tbody>\n<tr style=\"height: 167px;\">\n<td style=\"width: 33.3166%; height: 167px; border-style: hidden; border-color: #ffffff; background-color: #ffffff;\"><a href=\"https:\/\/serveiseducatius.xtec.cat\/garraf\/maletespedagogiques\/humanistic\/interculturalitat-i-historia\/\"><img loading=\"lazy\" decoding=\"async\" class=\"alignleft size-full wp-image-13657\" src=\"https:\/\/serveiseducatius.xtec.cat\/garraf\/wp-content\/uploads\/usu1185\/2021\/09\/interculturalitat.png\" alt=\"\" width=\"300\" height=\"150\" \/><\/a><\/td>\n<td style=\"width: 66.6834%; height: 167px; border-style: hidden; border-color: #ffffff; background-color: #ffffff;\">\n<h2>Propostes did\u00e0ctiques per treballar la interculturalitat.<\/h2>\n<\/td>\n<\/tr>\n<tr style=\"height: 185px;\">\n<td style=\"width: 33.3166%; height: 185px; border-style: hidden; border-color: #ffffff; background-color: #ffffff;\">\u00a0<a href=\"https:\/\/serveiseducatius.xtec.cat\/garraf\/maletespedagogiques\/humanistic\/kitcaixa-valors\/\"><img loading=\"lazy\" decoding=\"async\" class=\"alignleft wp-image-13916\" src=\"https:\/\/serveiseducatius.xtec.cat\/garraf\/wp-content\/uploads\/usu1185\/2021\/09\/kitscaixa-logo-300x202.png\" alt=\"\" width=\"233\" height=\"157\" srcset=\"https:\/\/serveiseducatius.xtec.cat\/garraf\/wp-content\/uploads\/usu1185\/2021\/09\/kitscaixa-logo-300x202.png 300w, https:\/\/serveiseducatius.xtec.cat\/garraf\/wp-content\/uploads\/usu1185\/2021\/09\/kitscaixa-logo.png 663w\" sizes=\"auto, (max-width: 233px) 100vw, 233px\" \/><\/a><\/td>\n<td style=\"width: 66.6834%; height: 185px; border-style: hidden; border-color: #ffffff; background-color: #ffffff;\">\n<h2>Recurs que facilita eines per treballar l\u2019educaci\u00f3 dels valors \u00e8tics i socials.<\/h2>\n<\/td>\n<\/tr>\n<tr style=\"height: 30px;\">\n<td style=\"width: 33.3166%; height: 30px; border-style: hidden; border-color: #ffffff; background-color: #ffffff;\"><a href=\"https:\/\/serveiseducatius.xtec.cat\/garraf\/maletespedagogiques\/humanistic\/dol\/\" target=\"_blank\" rel=\"https:\/\/serveiseducatius.xtec.cat\/garraf\/maletespedagogiques\/humanistic\/dol\/ noopener\"><img loading=\"lazy\" decoding=\"async\" class=\"aligncenter wp-image-15303 size-full\" src=\"https:\/\/serveiseducatius.xtec.cat\/garraf\/wp-content\/uploads\/usu1185\/2022\/07\/maleta-doli-i-mort-petits.png\" alt=\"\" width=\"552\" height=\"421\" \/><\/a><\/td>\n<td style=\"width: 66.6834%; height: 30px; border-style: hidden; border-color: #ffffff; background-color: #ffffff;\">\n<h2>Recursos per ajudar a l&#8217;alumnat d&#8217;Educaci\u00f3 Infantil i Cicle Inicial d&#8217;Educaci\u00f3 Prim\u00e0ria per acompanyar els processos dolorosos de la mort i la p\u00e8rdua.<\/h2>\n<\/td>\n<\/tr>\n<tr style=\"height: 60px;\">\n<td style=\"width: 33.3166%; border-style: hidden; border-color: #ffffff; background-color: #ffffff; height: 60px;\"><a href=\"https:\/\/serveiseducatius.xtec.cat\/garraf\/maletespedagogiques\/humanistic\/mort\/\" target=\"_blank\" rel=\"https:\/\/serveiseducatius.xtec.cat\/garraf\/maletespedagogiques\/humanistic\/mort\/ noopener\"><img loading=\"lazy\" decoding=\"async\" class=\"aligncenter wp-image-15304 size-full\" src=\"https:\/\/serveiseducatius.xtec.cat\/garraf\/wp-content\/uploads\/usu1185\/2022\/07\/mort-i-dol-grans.png\" alt=\"\" width=\"502\" height=\"442\" \/><\/a><\/td>\n<td style=\"width: 66.6834%; border-style: hidden; border-color: #ffffff; background-color: #ffffff; height: 60px;\">\n<h2>Recursos per ajudar a l&#8217;alumnat dels Cicles Mitj\u00e0 i Superior d&#8217;Educaci\u00f3 Prim\u00e0ria i Educaci\u00f3 Secund\u00e0ria per acompanyar els processos dolorosos de la mort i la p\u00e8rdua.<\/h2>\n<\/td>\n<\/tr>\n<tr style=\"height: 189px;\">\n<td style=\"width: 33.3166%; border-style: hidden; border-color: #ffffff; background-color: #ffffff; height: 189px;\"><a href=\"https:\/\/serveiseducatius.xtec.cat\/garraf\/maletespedagogiques\/humanistic\/maleta-pedagogica-celebrem-la-sexualitat\/\" target=\"_blank\" rel=\"https:\/\/serveiseducatius.xtec.cat\/garraf\/maletespedagogiques\/humanistic\/maleta-pedagogica-celebrem-la-sexualitat\/ noopener\"><img loading=\"lazy\" decoding=\"async\" class=\"alignleft wp-image-15251\" src=\"https:\/\/serveiseducatius.xtec.cat\/garraf\/wp-content\/uploads\/usu1185\/2022\/06\/logo-celebrem.png\" alt=\"\" width=\"231\" height=\"173\" \/><\/a><\/td>\n<td style=\"width: 66.6834%; border-style: hidden; border-color: #ffffff; background-color: #ffffff; height: 189px;\">\n<h2>Recursos materials i llibres per a treballar la sexualitat amb l&#8217;alumnat d&#8217;Educaci\u00f3 Prim\u00e0ria.<\/h2>\n<\/td>\n<\/tr>\n<\/tbody>\n<\/table>\n","protected":false},"excerpt":{"rendered":"<p>\u200b Propostes did\u00e0ctiques per treballar la interculturalitat. \u00a0 Recurs que facilita eines per treballar l\u2019educaci\u00f3 dels valors \u00e8tics i socials. Recursos per ajudar a l&#8217;alumnat d&#8217;Educaci\u00f3 Infantil i Cicle Inicial d&#8217;Educaci\u00f3 Prim\u00e0ria per acompanyar els processos dolorosos de la mort i la p\u00e8rdua. Recursos per ajudar a l&#8217;alumnat dels Cicles Mitj\u00e0 i Superior d&#8217;Educaci\u00f3 Prim\u00e0ria [&hellip;]<\/p>\n","protected":false},"author":10,"featured_media":0,"parent":13605,"menu_order":3,"comment_status":"closed","ping_status":"closed","template":"page-templates\/side-menu.php","meta":{"_bbp_topic_count":0,"_bbp_reply_count":0,"_bbp_total_topic_count":0,"_bbp_total_reply_count":0,"_bbp_voice_count":0,"_bbp_anonymous_reply_count":0,"_bbp_topic_count_hidden":0,"_bbp_reply_count_hidden":0,"_bbp_forum_subforum_count":0,"site-sidebar-layout":"default","site-content-layout":"","ast-site-content-layout":"","site-content-style":"default","site-sidebar-style":"default","ast-global-header-display":"","ast-banner-title-visibility":"","ast-main-header-display":"","ast-hfb-above-header-display":"","ast-hfb-below-header-display":"","ast-hfb-mobile-header-display":"","site-post-title":"","ast-breadcrumbs-content":"","ast-featured-img":"","footer-sml-layout":"","theme-transparent-header-meta":"","adv-header-id-meta":"","stick-header-meta":"","header-above-stick-meta":"","header-main-stick-meta":"","header-below-stick-meta":"","astra-migrate-meta-layouts":"default","ast-page-background-enabled":"default","ast-page-background-meta":{"desktop":{"background-color":"var(--ast-global-color-4)","background-image":"","background-repeat":"repeat","background-position":"center center","background-size":"auto","background-attachment":"scroll","background-type":"","background-media":"","overlay-type":"","overlay-color":"","overlay-opacity":"","overlay-gradient":""},"tablet":{"background-color":"","background-image":"","background-repeat":"repeat","background-position":"center center","background-size":"auto","background-attachment":"scroll","background-type":"","background-media":"","overlay-type":"","overlay-color":"","overlay-opacity":"","overlay-gradient":""},"mobile":{"background-color":"","background-image":"","background-repeat":"repeat","background-position":"center center","background-size":"auto","background-attachment":"scroll","background-type":"","background-media":"","overlay-type":"","overlay-color":"","overlay-opacity":"","overlay-gradient":""}},"ast-content-background-meta":{"desktop":{"background-color":"var(--ast-global-color-5)","background-image":"","background-repeat":"repeat","background-position":"center center","background-size":"auto","background-attachment":"scroll","background-type":"","background-media":"","overlay-type":"","overlay-color":"","overlay-opacity":"","overlay-gradient":""},"tablet":{"background-color":"var(--ast-global-color-5)","background-image":"","background-repeat":"repeat","background-position":"center center","background-size":"auto","background-attachment":"scroll","background-type":"","background-media":"","overlay-type":"","overlay-color":"","overlay-opacity":"","overlay-gradient":""},"mobile":{"background-color":"var(--ast-global-color-5)","background-image":"","background-repeat":"repeat","background-position":"center center","background-size":"auto","background-attachment":"scroll","background-type":"","background-media":"","overlay-type":"","overlay-color":"","overlay-opacity":"","overlay-gradient":""}},"footnotes":""},"class_list":["post-13620","page","type-page","status-publish","hentry"],"post_mailing_queue_ids":[],"_links":{"self":[{"href":"https:\/\/serveiseducatius.xtec.cat\/garraf\/wp-json\/wp\/v2\/pages\/13620","targetHints":{"allow":["GET"]}}],"collection":[{"href":"https:\/\/serveiseducatius.xtec.cat\/garraf\/wp-json\/wp\/v2\/pages"}],"about":[{"href":"https:\/\/serveiseducatius.xtec.cat\/garraf\/wp-json\/wp\/v2\/types\/page"}],"author":[{"embeddable":true,"href":"https:\/\/serveiseducatius.xtec.cat\/garraf\/wp-json\/wp\/v2\/users\/10"}],"replies":[{"embeddable":true,"href":"https:\/\/serveiseducatius.xtec.cat\/garraf\/wp-json\/wp\/v2\/comments?post=13620"}],"version-history":[{"count":4,"href":"https:\/\/serveiseducatius.xtec.cat\/garraf\/wp-json\/wp\/v2\/pages\/13620\/revisions"}],"predecessor-version":[{"id":15317,"href":"https:\/\/serveiseducatius.xtec.cat\/garraf\/wp-json\/wp\/v2\/pages\/13620\/revisions\/15317"}],"up":[{"embeddable":true,"href":"https:\/\/serveiseducatius.xtec.cat\/garraf\/wp-json\/wp\/v2\/pages\/13605"}],"wp:attachment":[{"href":"https:\/\/serveiseducatius.xtec.cat\/garraf\/wp-json\/wp\/v2\/media?parent=13620"}],"curies":[{"name":"wp","href":"https:\/\/api.w.org\/{rel}","templated":true}]}}