{"id":13605,"date":"2021-09-03T09:29:19","date_gmt":"2021-09-03T07:29:19","guid":{"rendered":"https:\/\/serveiseducatius.xtec.cat\/garraf\/?page_id=13605"},"modified":"2022-01-25T10:14:17","modified_gmt":"2022-01-25T09:14:17","slug":"maletespedagogiques","status":"publish","type":"page","link":"https:\/\/serveiseducatius.xtec.cat\/garraf\/maletespedagogiques\/","title":{"rendered":"Maletes pedag\u00f2giques"},"content":{"rendered":"<header class=\"entry-header\"><\/header>\n<div class=\"entry-content\">\n<div class=\"textwidget\">\n<h5 class=\"widgettitle\" style=\"text-align: justify;\"><span style=\"color: #000080;\"><img loading=\"lazy\" decoding=\"async\" class=\"alignright wp-image-13704 size-full\" src=\"https:\/\/serveiseducatius.xtec.cat\/garraf\/wp-content\/uploads\/usu1185\/2021\/09\/Sense-titol.jpg\" alt=\"\" width=\"298\" height=\"203\" \/>El <strong>Servei Educatiu &#8211; Centre de Recursos Pedag\u00f2gics del Garraf<\/strong> posa a disposici\u00f3 dels centres educatius de la comarca un variat conjunt de materials de lectura i manipulatius per a treballar a l&#8217;aula amb l&#8217;alumnat d&#8217;educaci\u00f3 infantil, prim\u00e0ria, secund\u00e0ria i post obligat\u00f2ria.<\/span><\/h5>\n<\/div>\n<h5 style=\"text-align: justify;\"><span style=\"color: #000080;\">Per poder accedir a aquest recursos caldr\u00e0 fer una sol\u00b7licitud de pr\u00e9stec, en retornar aquests materials seria recomanable contestar un formulari de valoraci\u00f3 i suggeriments.<\/span><\/h5>\n<h5><span style=\"color: #000080;\">El per\u00edode de pr\u00e9stec dels recursos ser\u00e0 d&#8217;un m\u00e0xim de tres setmanes, prorrogable en cas que no hi hagi una altra demanda.<\/span><\/h5>\n<\/div>\n<table style=\"border-collapse: collapse; width: 100%; height: 137px;\">\n<tbody>\n<tr style=\"height: 137px;\">\n<td style=\"width: 29.0424%; border-style: hidden; border-color: #ffffff; background-color: #ffffff; height: 137px;\"><a href=\"https:\/\/drive.google.com\/file\/d\/1hwjBCrSRRk5JCH0wshZaV69yRXa20VJp\/view?usp=sharing\" target=\"_blank\" rel=\"https:\/\/drive.google.com\/file\/d\/1hwjBCrSRRk5JCH0wshZaV69yRXa20VJp\/view?usp=sharing noopener\"><img loading=\"lazy\" decoding=\"async\" class=\"aligncenter wp-image-13705 size-full\" src=\"https:\/\/serveiseducatius.xtec.cat\/garraf\/wp-content\/uploads\/usu1185\/2021\/09\/Normes-prestec.jpg\" alt=\"\" width=\"275\" height=\"92\" \/><\/a><\/td>\n<td style=\"width: 40.3878%; border-style: hidden; border-color: #ffffff; background-color: #ffffff; height: 137px;\"><a href=\"https:\/\/docs.google.com\/forms\/d\/e\/1FAIpQLSeeBCDk8wEU0GY3-qeguKw0_JA-c3lp5Euj1bueiGpj8vHWwA\/viewform\"><img loading=\"lazy\" decoding=\"async\" class=\"size-full wp-image-13711 aligncenter\" src=\"https:\/\/serveiseducatius.xtec.cat\/garraf\/wp-content\/uploads\/usu1185\/2021\/09\/sol.licitud-prestec.jpg\" alt=\"\" width=\"278\" height=\"92\" \/><\/a><\/td>\n<td style=\"width: 30.5697%; border-style: hidden; border-color: #ffffff; background-color: #ffffff; height: 137px;\"><a href=\"https:\/\/forms.gle\/QhSpVrpb7fLSV62h7\" target=\"_blank\" rel=\"https:\/\/forms.gle\/QhSpVrpb7fLSV62h7 noopener\"><img loading=\"lazy\" decoding=\"async\" class=\"aligncenter wp-image-13714 size-full\" src=\"https:\/\/serveiseducatius.xtec.cat\/garraf\/wp-content\/uploads\/usu1185\/2021\/09\/0000.png\" alt=\"\" width=\"289\" height=\"93\" \/><\/a><\/td>\n<\/tr>\n<\/tbody>\n<\/table>\n","protected":false},"excerpt":{"rendered":"<p>El Servei Educatiu &#8211; Centre de Recursos Pedag\u00f2gics del Garraf posa a disposici\u00f3 dels centres educatius de la comarca un variat conjunt de materials de lectura i manipulatius per a treballar a l&#8217;aula amb l&#8217;alumnat d&#8217;educaci\u00f3 infantil, prim\u00e0ria, secund\u00e0ria i post obligat\u00f2ria. Per poder accedir a aquest recursos caldr\u00e0 fer una sol\u00b7licitud de pr\u00e9stec, en [&hellip;]<\/p>\n","protected":false},"author":10,"featured_media":0,"parent":0,"menu_order":0,"comment_status":"closed","ping_status":"closed","template":"page-templates\/side-menu.php","meta":{"_bbp_topic_count":0,"_bbp_reply_count":0,"_bbp_total_topic_count":0,"_bbp_total_reply_count":0,"_bbp_voice_count":0,"_bbp_anonymous_reply_count":0,"_bbp_topic_count_hidden":0,"_bbp_reply_count_hidden":0,"_bbp_forum_subforum_count":0,"site-sidebar-layout":"default","site-content-layout":"","ast-site-content-layout":"","site-content-style":"default","site-sidebar-style":"default","ast-global-header-display":"","ast-banner-title-visibility":"","ast-main-header-display":"","ast-hfb-above-header-display":"","ast-hfb-below-header-display":"","ast-hfb-mobile-header-display":"","site-post-title":"","ast-breadcrumbs-content":"","ast-featured-img":"","footer-sml-layout":"","theme-transparent-header-meta":"","adv-header-id-meta":"","stick-header-meta":"","header-above-stick-meta":"","header-main-stick-meta":"","header-below-stick-meta":"","astra-migrate-meta-layouts":"default","ast-page-background-enabled":"default","ast-page-background-meta":{"desktop":{"background-color":"var(--ast-global-color-4)","background-image":"","background-repeat":"repeat","background-position":"center center","background-size":"auto","background-attachment":"scroll","background-type":"","background-media":"","overlay-type":"","overlay-color":"","overlay-opacity":"","overlay-gradient":""},"tablet":{"background-color":"","background-image":"","background-repeat":"repeat","background-position":"center center","background-size":"auto","background-attachment":"scroll","background-type":"","background-media":"","overlay-type":"","overlay-color":"","overlay-opacity":"","overlay-gradient":""},"mobile":{"background-color":"","background-image":"","background-repeat":"repeat","background-position":"center center","background-size":"auto","background-attachment":"scroll","background-type":"","background-media":"","overlay-type":"","overlay-color":"","overlay-opacity":"","overlay-gradient":""}},"ast-content-background-meta":{"desktop":{"background-color":"var(--ast-global-color-5)","background-image":"","background-repeat":"repeat","background-position":"center center","background-size":"auto","background-attachment":"scroll","background-type":"","background-media":"","overlay-type":"","overlay-color":"","overlay-opacity":"","overlay-gradient":""},"tablet":{"background-color":"var(--ast-global-color-5)","background-image":"","background-repeat":"repeat","background-position":"center center","background-size":"auto","background-attachment":"scroll","background-type":"","background-media":"","overlay-type":"","overlay-color":"","overlay-opacity":"","overlay-gradient":""},"mobile":{"background-color":"var(--ast-global-color-5)","background-image":"","background-repeat":"repeat","background-position":"center center","background-size":"auto","background-attachment":"scroll","background-type":"","background-media":"","overlay-type":"","overlay-color":"","overlay-opacity":"","overlay-gradient":""}},"footnotes":""},"class_list":["post-13605","page","type-page","status-publish","hentry"],"post_mailing_queue_ids":[],"_links":{"self":[{"href":"https:\/\/serveiseducatius.xtec.cat\/garraf\/wp-json\/wp\/v2\/pages\/13605","targetHints":{"allow":["GET"]}}],"collection":[{"href":"https:\/\/serveiseducatius.xtec.cat\/garraf\/wp-json\/wp\/v2\/pages"}],"about":[{"href":"https:\/\/serveiseducatius.xtec.cat\/garraf\/wp-json\/wp\/v2\/types\/page"}],"author":[{"embeddable":true,"href":"https:\/\/serveiseducatius.xtec.cat\/garraf\/wp-json\/wp\/v2\/users\/10"}],"replies":[{"embeddable":true,"href":"https:\/\/serveiseducatius.xtec.cat\/garraf\/wp-json\/wp\/v2\/comments?post=13605"}],"version-history":[{"count":3,"href":"https:\/\/serveiseducatius.xtec.cat\/garraf\/wp-json\/wp\/v2\/pages\/13605\/revisions"}],"predecessor-version":[{"id":13702,"href":"https:\/\/serveiseducatius.xtec.cat\/garraf\/wp-json\/wp\/v2\/pages\/13605\/revisions\/13702"}],"wp:attachment":[{"href":"https:\/\/serveiseducatius.xtec.cat\/garraf\/wp-json\/wp\/v2\/media?parent=13605"}],"curies":[{"name":"wp","href":"https:\/\/api.w.org\/{rel}","templated":true}]}}