{"id":11909,"date":"2020-09-09T13:58:46","date_gmt":"2020-09-09T11:58:46","guid":{"rendered":"http:\/\/serveiseducatius.xtec.cat\/garraf\/?page_id=11909"},"modified":"2025-10-07T17:25:48","modified_gmt":"2025-10-07T15:25:48","slug":"maleta-pedagogica-dastronomia","status":"publish","type":"page","link":"https:\/\/serveiseducatius.xtec.cat\/garraf\/material-de-prestec\/maleta-pedagogica-dastronomia\/","title":{"rendered":"Maleta pedag\u00f2gica d&#8217;astronomia pr\u00e0ctica: El Sol i la Lluna"},"content":{"rendered":"\n<p class=\"has-white-color has-ast-global-color-1-background-color has-text-color has-background has-link-color wp-elements-267857f217f39c69b98d44461975ee02\"><strong>Materials<\/strong><\/p>\n\n\n\n<p>Cont\u00e9 12 propostes per a fer astronomia pr\u00e0ctica des del centre seguint unes pautes senzilles que requereixen rigorositat d&#8217;observaci\u00f3 per comprendre els moviments del Sol i de la Lluna.<\/p>\n\n\n\n<p class=\"has-white-color has-ast-global-color-1-background-color has-text-color has-background has-link-color wp-elements-93c39bea560ade8ead86820d457d75b2\"><strong>Recursos<\/strong><\/p>\n\n\n\n<div class=\"wp-block-buttons alignwide is-content-justification-center is-layout-flex wp-container-core-buttons-is-layout-1 wp-block-buttons-is-layout-flex\">\n<div class=\"wp-block-button\"><a class=\"wp-block-button__link wp-element-button\" href=\"https:\/\/drive.google.com\/file\/d\/1HFIVxdtyngiGc2zVPzLSbCfI-7R8APY-\/view?usp=sharing\"><strong>Guia did\u00e0ctica de la maleta<\/strong><\/a><\/div>\n\n\n\n<div class=\"wp-block-button\"><a class=\"wp-block-button__link wp-element-button\" href=\"https:\/\/drive.google.com\/file\/d\/1HqNU3ZIBjzuCon3lRyspZax_tZ8bHiqQ\/view?usp=sharing\"><strong>Videotutorial de la maleta<\/strong><\/a><\/div>\n\n\n\n<div class=\"wp-block-button\"><a class=\"wp-block-button__link wp-element-button\" href=\"https:\/\/drive.google.com\/file\/d\/11gNb_RkL-p4fEmG3B7N_KAUdFbursOUF\/view?usp=sharing\"><strong>Guia did\u00e0ctica del telescopi<\/strong><\/a><\/div>\n\n\n\n<div class=\"wp-block-button\"><a class=\"wp-block-button__link wp-element-button\" href=\"https:\/\/drive.google.com\/file\/d\/1iyLhaFFpjo7imXfgCgd7vR7O3AtjRqcL\/view?usp=sharing\"><strong>Videotutorial del telescopi<\/strong><\/a><\/div>\n<\/div>\n","protected":false},"excerpt":{"rendered":"<p>Materials Cont\u00e9 12 propostes per a fer astronomia pr\u00e0ctica des del centre seguint unes pautes senzilles que requereixen rigorositat d&#8217;observaci\u00f3 per comprendre els moviments del Sol i de la Lluna. Recursos<\/p>\n","protected":false},"author":10,"featured_media":0,"parent":17048,"menu_order":0,"comment_status":"closed","ping_status":"closed","template":"","meta":{"_bbp_topic_count":0,"_bbp_reply_count":0,"_bbp_total_topic_count":0,"_bbp_total_reply_count":0,"_bbp_voice_count":0,"_bbp_anonymous_reply_count":0,"_bbp_topic_count_hidden":0,"_bbp_reply_count_hidden":0,"_bbp_forum_subforum_count":0,"site-sidebar-layout":"default","site-content-layout":"","ast-site-content-layout":"default","site-content-style":"default","site-sidebar-style":"default","ast-global-header-display":"","ast-banner-title-visibility":"","ast-main-header-display":"","ast-hfb-above-header-display":"","ast-hfb-below-header-display":"","ast-hfb-mobile-header-display":"","site-post-title":"","ast-breadcrumbs-content":"","ast-featured-img":"","footer-sml-layout":"","theme-transparent-header-meta":"","adv-header-id-meta":"","stick-header-meta":"","header-above-stick-meta":"","header-main-stick-meta":"","header-below-stick-meta":"","astra-migrate-meta-layouts":"set","ast-page-background-enabled":"default","ast-page-background-meta":{"desktop":{"background-color":"var(--ast-global-color-4)","background-image":"","background-repeat":"repeat","background-position":"center center","background-size":"auto","background-attachment":"scroll","background-type":"","background-media":"","overlay-type":"","overlay-color":"","overlay-opacity":"","overlay-gradient":""},"tablet":{"background-color":"","background-image":"","background-repeat":"repeat","background-position":"center center","background-size":"auto","background-attachment":"scroll","background-type":"","background-media":"","overlay-type":"","overlay-color":"","overlay-opacity":"","overlay-gradient":""},"mobile":{"background-color":"","background-image":"","background-repeat":"repeat","background-position":"center center","background-size":"auto","background-attachment":"scroll","background-type":"","background-media":"","overlay-type":"","overlay-color":"","overlay-opacity":"","overlay-gradient":""}},"ast-content-background-meta":{"desktop":{"background-color":"var(--ast-global-color-5)","background-image":"","background-repeat":"repeat","background-position":"center center","background-size":"auto","background-attachment":"scroll","background-type":"","background-media":"","overlay-type":"","overlay-color":"","overlay-opacity":"","overlay-gradient":""},"tablet":{"background-color":"var(--ast-global-color-5)","background-image":"","background-repeat":"repeat","background-position":"center center","background-size":"auto","background-attachment":"scroll","background-type":"","background-media":"","overlay-type":"","overlay-color":"","overlay-opacity":"","overlay-gradient":""},"mobile":{"background-color":"var(--ast-global-color-5)","background-image":"","background-repeat":"repeat","background-position":"center center","background-size":"auto","background-attachment":"scroll","background-type":"","background-media":"","overlay-type":"","overlay-color":"","overlay-opacity":"","overlay-gradient":""}},"footnotes":""},"class_list":["post-11909","page","type-page","status-publish","hentry"],"post_mailing_queue_ids":[],"_links":{"self":[{"href":"https:\/\/serveiseducatius.xtec.cat\/garraf\/wp-json\/wp\/v2\/pages\/11909","targetHints":{"allow":["GET"]}}],"collection":[{"href":"https:\/\/serveiseducatius.xtec.cat\/garraf\/wp-json\/wp\/v2\/pages"}],"about":[{"href":"https:\/\/serveiseducatius.xtec.cat\/garraf\/wp-json\/wp\/v2\/types\/page"}],"author":[{"embeddable":true,"href":"https:\/\/serveiseducatius.xtec.cat\/garraf\/wp-json\/wp\/v2\/users\/10"}],"replies":[{"embeddable":true,"href":"https:\/\/serveiseducatius.xtec.cat\/garraf\/wp-json\/wp\/v2\/comments?post=11909"}],"version-history":[{"count":5,"href":"https:\/\/serveiseducatius.xtec.cat\/garraf\/wp-json\/wp\/v2\/pages\/11909\/revisions"}],"predecessor-version":[{"id":18544,"href":"https:\/\/serveiseducatius.xtec.cat\/garraf\/wp-json\/wp\/v2\/pages\/11909\/revisions\/18544"}],"up":[{"embeddable":true,"href":"https:\/\/serveiseducatius.xtec.cat\/garraf\/wp-json\/wp\/v2\/pages\/17048"}],"wp:attachment":[{"href":"https:\/\/serveiseducatius.xtec.cat\/garraf\/wp-json\/wp\/v2\/media?parent=11909"}],"curies":[{"name":"wp","href":"https:\/\/api.w.org\/{rel}","templated":true}]}}