{"id":11249,"date":"2019-10-16T08:25:57","date_gmt":"2019-10-16T06:25:57","guid":{"rendered":"http:\/\/serveiseducatius.xtec.cat\/garraf\/?page_id=11249"},"modified":"2025-11-21T13:12:47","modified_gmt":"2025-11-21T12:12:47","slug":"comics","status":"publish","type":"page","link":"https:\/\/serveiseducatius.xtec.cat\/garraf\/material-de-prestec\/comics\/","title":{"rendered":"C\u00f2mics"},"content":{"rendered":"\n<p class=\"has-white-color has-ast-global-color-1-background-color has-text-color has-background has-link-color has-medium-font-size wp-elements-68aadcb96259a9e960e5c7833067f726\"><strong>Caracter\u00edstiques<\/strong><\/p>\n\n\n\n<p>La maleta pedag\u00f2gica de C\u00f2mics est\u00e0 pensada per a con\u00e8ixer la hist\u00f2ria, les t\u00e8cniques i recursos b\u00e0sics d&#8217;aquest g\u00e8nere literari.&nbsp;<\/p>\n\n\n\n<p>Adre\u00e7ada a l&#8217;alumnat d&#8217;educaci\u00f3 infantil i prim\u00e0ria.<\/p>\n\n\n\n<p class=\"has-white-color has-ast-global-color-1-background-color has-text-color has-background has-link-color has-medium-font-size wp-elements-86cbeee11ae78bdb86eba5c23bb0dbc0\"><strong>Materials i recursos<\/strong><\/p>\n\n\n\n<ul class=\"wp-block-list\">\n<li><strong>Materials:<\/strong>\n<ul class=\"wp-block-list\">\n<li><a href=\"https:\/\/drive.google.com\/file\/d\/12WQNSYICwJZE4AoHANWnqSwC0WP5f5-x\/view?usp=sharing\">Llistat dels llibres<\/a><\/li>\n\n\n\n<li><a href=\"https:\/\/drive.google.com\/file\/d\/147D_BMPT1R4Daf3Zn5k-GSBE412jNr8P\/view?usp=sharing\">Enlla\u00e7os d&#8217;inter\u00e8s sobre el c\u00f2mic<\/a><\/li>\n<\/ul>\n<\/li>\n\n\n\n<li><strong>Recursos:<\/strong>\n<ul class=\"wp-block-list\">\n<li><a href=\"https:\/\/drive.google.com\/file\/d\/1OIZNW3XYAXkHPG5B1_3m4GquNULFx0iD\/view?usp=sharing\">Guia did\u00e0ctica &#8220;El c\u00f2mic&#8221; del SE Ciutat de Badalona<\/a><\/li>\n\n\n\n<li><a href=\"https:\/\/drive.google.com\/file\/d\/1-kTuYSoJ3J5WzxQUPpNUCcWI3ix9HNTk\/view?usp=sharing\">Propostes did\u00e0ctiques &#8220;Va de c\u00f2mics del SE&#8221; del Giron\u00e8s<\/a><\/li>\n\n\n\n<li><a href=\"https:\/\/drive.google.com\/file\/d\/1IG0QLHbS4ujChiMpzsQbydCrmPyVIyum\/view?usp=sharing\">Presentaci\u00f3 al Grup de treball de Literatura Infantil del Garraf<\/a> (Bea Garc\u00e9s)<\/li>\n<\/ul>\n<\/li>\n<\/ul>\n","protected":false},"excerpt":{"rendered":"<p>Caracter\u00edstiques La maleta pedag\u00f2gica de C\u00f2mics est\u00e0 pensada per a con\u00e8ixer la hist\u00f2ria, les t\u00e8cniques i recursos b\u00e0sics d&#8217;aquest g\u00e8nere literari.&nbsp; Adre\u00e7ada a l&#8217;alumnat d&#8217;educaci\u00f3 infantil i prim\u00e0ria. Materials i recursos<\/p>\n","protected":false},"author":10,"featured_media":0,"parent":17048,"menu_order":0,"comment_status":"closed","ping_status":"closed","template":"","meta":{"_bbp_topic_count":0,"_bbp_reply_count":0,"_bbp_total_topic_count":0,"_bbp_total_reply_count":0,"_bbp_voice_count":0,"_bbp_anonymous_reply_count":0,"_bbp_topic_count_hidden":0,"_bbp_reply_count_hidden":0,"_bbp_forum_subforum_count":0,"site-sidebar-layout":"default","site-content-layout":"","ast-site-content-layout":"default","site-content-style":"default","site-sidebar-style":"default","ast-global-header-display":"","ast-banner-title-visibility":"","ast-main-header-display":"","ast-hfb-above-header-display":"","ast-hfb-below-header-display":"","ast-hfb-mobile-header-display":"","site-post-title":"","ast-breadcrumbs-content":"","ast-featured-img":"","footer-sml-layout":"","theme-transparent-header-meta":"","adv-header-id-meta":"","stick-header-meta":"","header-above-stick-meta":"","header-main-stick-meta":"","header-below-stick-meta":"","astra-migrate-meta-layouts":"set","ast-page-background-enabled":"default","ast-page-background-meta":{"desktop":{"background-color":"var(--ast-global-color-4)","background-image":"","background-repeat":"repeat","background-position":"center center","background-size":"auto","background-attachment":"scroll","background-type":"","background-media":"","overlay-type":"","overlay-color":"","overlay-opacity":"","overlay-gradient":""},"tablet":{"background-color":"","background-image":"","background-repeat":"repeat","background-position":"center center","background-size":"auto","background-attachment":"scroll","background-type":"","background-media":"","overlay-type":"","overlay-color":"","overlay-opacity":"","overlay-gradient":""},"mobile":{"background-color":"","background-image":"","background-repeat":"repeat","background-position":"center center","background-size":"auto","background-attachment":"scroll","background-type":"","background-media":"","overlay-type":"","overlay-color":"","overlay-opacity":"","overlay-gradient":""}},"ast-content-background-meta":{"desktop":{"background-color":"var(--ast-global-color-5)","background-image":"","background-repeat":"repeat","background-position":"center center","background-size":"auto","background-attachment":"scroll","background-type":"","background-media":"","overlay-type":"","overlay-color":"","overlay-opacity":"","overlay-gradient":""},"tablet":{"background-color":"var(--ast-global-color-5)","background-image":"","background-repeat":"repeat","background-position":"center center","background-size":"auto","background-attachment":"scroll","background-type":"","background-media":"","overlay-type":"","overlay-color":"","overlay-opacity":"","overlay-gradient":""},"mobile":{"background-color":"var(--ast-global-color-5)","background-image":"","background-repeat":"repeat","background-position":"center center","background-size":"auto","background-attachment":"scroll","background-type":"","background-media":"","overlay-type":"","overlay-color":"","overlay-opacity":"","overlay-gradient":""}},"footnotes":""},"class_list":["post-11249","page","type-page","status-publish","hentry"],"post_mailing_queue_ids":[],"_links":{"self":[{"href":"https:\/\/serveiseducatius.xtec.cat\/garraf\/wp-json\/wp\/v2\/pages\/11249","targetHints":{"allow":["GET"]}}],"collection":[{"href":"https:\/\/serveiseducatius.xtec.cat\/garraf\/wp-json\/wp\/v2\/pages"}],"about":[{"href":"https:\/\/serveiseducatius.xtec.cat\/garraf\/wp-json\/wp\/v2\/types\/page"}],"author":[{"embeddable":true,"href":"https:\/\/serveiseducatius.xtec.cat\/garraf\/wp-json\/wp\/v2\/users\/10"}],"replies":[{"embeddable":true,"href":"https:\/\/serveiseducatius.xtec.cat\/garraf\/wp-json\/wp\/v2\/comments?post=11249"}],"version-history":[{"count":5,"href":"https:\/\/serveiseducatius.xtec.cat\/garraf\/wp-json\/wp\/v2\/pages\/11249\/revisions"}],"predecessor-version":[{"id":19162,"href":"https:\/\/serveiseducatius.xtec.cat\/garraf\/wp-json\/wp\/v2\/pages\/11249\/revisions\/19162"}],"up":[{"embeddable":true,"href":"https:\/\/serveiseducatius.xtec.cat\/garraf\/wp-json\/wp\/v2\/pages\/17048"}],"wp:attachment":[{"href":"https:\/\/serveiseducatius.xtec.cat\/garraf\/wp-json\/wp\/v2\/media?parent=11249"}],"curies":[{"name":"wp","href":"https:\/\/api.w.org\/{rel}","templated":true}]}}