{"id":10824,"date":"2019-05-02T09:23:09","date_gmt":"2019-05-02T07:23:09","guid":{"rendered":"http:\/\/serveiseducatius.xtec.cat\/garraf\/?page_id=10824"},"modified":"2020-10-19T12:23:27","modified_gmt":"2020-10-19T10:23:27","slug":"deteccio-de-necessitats-curs-2019-2020","status":"publish","type":"page","link":"https:\/\/serveiseducatius.xtec.cat\/garraf\/deteccio-de-necessitats-curs-2019-2020\/","title":{"rendered":"Detecci\u00f3 de necessitats Curs 2020-2021"},"content":{"rendered":"<p style=\"text-align: justify;\"><a href=\"http:\/\/serveiseducatius.xtec.cat\/garraf\/general\/__trashed\/attachment\/logo-pfz-garraf\/\" rel=\"attachment wp-att-10817\"><img loading=\"lazy\" decoding=\"async\" class=\"alignright wp-image-10817\" src=\"https:\/\/serveiseducatius.xtec.cat\/garraf\/wp-content\/uploads\/usu1185\/2019\/04\/logo-pfz-garraf-300x218.jpg\" alt=\"\" width=\"235\" height=\"171\" srcset=\"https:\/\/serveiseducatius.xtec.cat\/garraf\/wp-content\/uploads\/usu1185\/2019\/04\/logo-pfz-garraf-300x218.jpg 300w, https:\/\/serveiseducatius.xtec.cat\/garraf\/wp-content\/uploads\/usu1185\/2019\/04\/logo-pfz-garraf-768x558.jpg 768w, https:\/\/serveiseducatius.xtec.cat\/garraf\/wp-content\/uploads\/usu1185\/2019\/04\/logo-pfz-garraf.jpg 832w\" sizes=\"auto, (max-width: 235px) 100vw, 235px\" \/><\/a><strong>Inici del segon torn del proc\u00e9s de detecci\u00f3 de necessitats formatives de la zona<\/strong> i elaboraci\u00f3 de les propostes de formaci\u00f3 per tal de poder programar les activitats de formaci\u00f3 del professorat corresponents al segon quatrimestre del present curs que s&#8217;inclouran el Pla de Formaci\u00f3 de Zona del Garraf per al curs 2020-2021.<\/p>\n<p><strong>Prioritats<\/strong>. Resum document\u00a0<a href=\"https:\/\/docs.google.com\/document\/d\/1j823HZR1b-g7aDgolHDk9xPG9DmmO8XsvD41mvD2WmA\/edit?usp=sharing\" target=\"_blank\" rel=\"noopener noreferrer\"><strong>Planificaci\u00f3 de la Formaci\u00f3 2020-2021<\/strong><\/a><\/p>\n<p>Les propostes formatives corresponents al segon quatrimestre del curs escolar 2020-21 s&#8217;han de planificar inicialment mitjan\u00e7ant l&#8217;\u00fas de les tecnologies digitals, <b>en format no presencial<\/b>.<\/p>\n<p><strong>Tipus i modalitats de formaci\u00f3<\/strong>:<\/p>\n<table style=\"width: 81.0449%; border-collapse: collapse; background-color: #f0f0f0;\" border=\"1\">\n<tbody>\n<tr>\n<td style=\"width: 21.6433%; border-style: solid; background-color: #ffffff; text-align: center;\"><span style=\"color: #000000;\">Tipus de fo<\/span><span style=\"color: #000000;\">rmaci\u00f3<\/span><\/td>\n<td style=\"width: 31.8408%; border-style: solid; background-color: #ffffff; text-align: center;\"><span style=\"color: #000000;\">Modalitat<\/span><br \/>\n<span style=\"color: #000000;\">formativa<\/span><\/td>\n<td style=\"width: 21.0728%; border-style: solid; background-color: #ffffff; text-align: center;\"><span style=\"color: #000000;\">Nombre m\u00e0xim de sol\u00b7licituds<\/span><\/td>\n<td style=\"width: 21.0976%; border-style: solid; background-color: #ffffff; text-align: center;\"><span style=\"color: #000000;\">M\u00e0xim d\u2019hores a sol\u00b7licitar<\/span><\/td>\n<\/tr>\n<tr>\n<td style=\"width: 21.6433%; border-style: solid; background-color: #ffffff;\">Formaci\u00f3 en centre<\/td>\n<td style=\"width: 31.8408%; border-style: solid; background-color: #ffffff;\">Assessorament<br \/>\nFIC<br \/>\nTaller a centre<br \/>\nVisita a centre<\/td>\n<td style=\"width: 21.0728%; border-style: solid; background-color: #ffffff; text-align: center;\">3<\/td>\n<td style=\"width: 21.0976%; border-style: solid; background-color: #ffffff; text-align: center;\">\u00a0&#8211;<\/td>\n<\/tr>\n<tr>\n<td style=\"width: 21.6433%; border-style: solid; background-color: #ffffff;\">Formaci\u00f3 per a centres<\/td>\n<td style=\"width: 31.8408%;\">Seminari coordinaci\u00f3<br \/>\nFormaci\u00f3 equips centre<br \/>\nTaller d\u2019equips de centre<\/td>\n<td style=\"width: 21.0728%; border-style: solid; background-color: #ffffff; text-align: center;\">4<\/td>\n<td style=\"width: 21.0976%; border-style: solid; background-color: #ffffff; text-align: center;\">&#8211;<\/td>\n<\/tr>\n<tr>\n<td style=\"width: 21.6433%; border-style: solid; background-color: #ffffff;\" rowspan=\"2\">Formaci\u00f3 pel professorat de diferents centres amb persona formadora i de reflexi\u00f3 entre iguals<\/td>\n<td style=\"width: 31.8408%; border-style: solid; background-color: #ffffff;\">Taller<br \/>\nCurs<br \/>\nSeminari<br \/>\nGrup de treball<\/td>\n<td style=\"width: 21.0728%; border-style: solid; background-color: #ffffff; text-align: center;\">5<\/td>\n<td style=\"width: 21.0976%; border-style: solid; background-color: #ffffff; text-align: center;\" rowspan=\"2\">100 h.<\/td>\n<\/tr>\n<tr>\n<td style=\"width: 31.8408%; border-style: solid; background-color: #ffffff;\">Cursos i seminaris semipresencials i no presencials organitzats pels serveis centrals<\/td>\n<td style=\"width: 21.0728%; border-style: solid; background-color: #ffffff; text-align: center;\">2<\/td>\n<\/tr>\n<tr>\n<td style=\"width: 21.6433%; border-style: solid; background-color: #ffffff;\">Activitats de dinamitzaci\u00f3, sensibilitzaci\u00f3 i difusi\u00f3<\/td>\n<td style=\"width: 31.8408%; border-style: solid; background-color: #ffffff;\">Confer\u00e8ncia Jornada Taula rodona Presentaci\u00f3 experi\u00e8ncies<\/td>\n<td style=\"width: 21.0728%; border-style: solid; background-color: #ffffff; text-align: center;\">3<\/td>\n<td style=\"width: 21.0976%; border-style: solid; background-color: #ffffff; text-align: center;\">&#8211;<\/td>\n<\/tr>\n<\/tbody>\n<\/table>\n<div class=\"addtoany_share_save_container addtoany_content addtoany_content_bottom\">\n<div data-a2a-url=\"https:\/\/serveiseducatius.xtec.cat\/hospitalet\/portada\/deteccio-de-necessitats-formacio-curs-2020-21\/\" data-a2a-title=\"Detecci\u00f3 de necessitats formaci\u00f3 curs 2020-21\"><strong><br \/>\nCalendari e<\/strong>stablert en el document de<i>\u00a0Gesti\u00f3 i calendari de l&#8217;oferta formativa del curs 2020-202<\/i>1 per aquest segon torn \u00e9s el seg\u00fcent<strong>:<\/strong><\/div>\n<div data-a2a-url=\"https:\/\/serveiseducatius.xtec.cat\/hospitalet\/portada\/deteccio-de-necessitats-formacio-curs-2020-21\/\" data-a2a-title=\"Detecci\u00f3 de necessitats formaci\u00f3 curs 2020-21\"><\/div>\n<div data-a2a-url=\"https:\/\/serveiseducatius.xtec.cat\/hospitalet\/portada\/deteccio-de-necessitats-formacio-curs-2020-21\/\" data-a2a-title=\"Detecci\u00f3 de necessitats formaci\u00f3 curs 2020-21\">\n<ul>\n<li style=\"list-style-type: none;\">\n<ul>\n<li><span style=\"color: #000000;\">Solicitud de formaci\u00f3:\u00a0<b><i>fins el 31 d&#8217;octubre de 2020<\/i><\/b><\/span><\/li>\n<li><span style=\"color: #000000;\">Presentaci\u00f3 a la Comissi\u00f3 PFZ:\u00a0\u00a0<i><b>entre el 5 i 15 de novembre de 2020<\/b><\/i><\/span><\/li>\n<li><span style=\"color: #000000;\">Aprovaci\u00f3 i publicaci\u00f3 d&#8217;activitats:\u00a0<b><i>abans del 23 de desembre del 2020<\/i><\/b><\/span><\/li>\n<li><span style=\"color: #000000;\">Inscripcions a les activitats:\u00a0<b><i>del 8 al al 19 de gener del 2021<\/i><\/b><\/span><\/li>\n<li><span style=\"color: #000000;\">Consulta d&#8217;assignacions:\u00a0<b><i>30 de gener de 2021<\/i><\/b><\/span><\/li>\n<li><span style=\"color: #000000;\">Inici de les formacions:\u00a0<i><b>4 de febrer de 2021<\/b><\/i><\/span><\/li>\n<\/ul>\n<\/li>\n<\/ul>\n<\/div>\n<\/div>\n<div data-a2a-url=\"https:\/\/serveiseducatius.xtec.cat\/hospitalet\/portada\/deteccio-de-necessitats-formacio-curs-2020-21\/\" data-a2a-title=\"Detecci\u00f3 de necessitats formaci\u00f3 curs 2020-21\"><\/div>\n<div class=\"addtoany_share_save_container addtoany_content addtoany_content_bottom\">\n<div data-a2a-url=\"https:\/\/serveiseducatius.xtec.cat\/hospitalet\/portada\/deteccio-de-necessitats-formacio-curs-2020-21\/\" data-a2a-title=\"Detecci\u00f3 de necessitats formaci\u00f3 curs 2020-21\"><strong>Acc\u00e9s als formularis de petici\u00f3 de cada modalitat formativa<\/strong>:<\/div>\n<\/div>\n<div data-a2a-url=\"https:\/\/serveiseducatius.xtec.cat\/hospitalet\/portada\/deteccio-de-necessitats-formacio-curs-2020-21\/\" data-a2a-title=\"Detecci\u00f3 de necessitats formaci\u00f3 curs 2020-21\"><\/div>\n<div data-a2a-url=\"https:\/\/serveiseducatius.xtec.cat\/hospitalet\/portada\/deteccio-de-necessitats-formacio-curs-2020-21\/\" data-a2a-title=\"Detecci\u00f3 de necessitats formaci\u00f3 curs 2020-21\">\n<table style=\"height: 55px; width: 927px; border-style: groove;\">\n<tbody>\n<tr style=\"height: 33px;\">\n<td style=\"width: 921.6px; height: 33px;\">\n<ul>\n<li>\n<h5 style=\"text-align: left;\"><strong><a href=\"https:\/\/docs.google.com\/forms\/d\/e\/1FAIpQLSfYMSHiJhb0-NCThw53pn2DdO34-Hp4icJyrJu0HWQNsIZtjA\/viewform\" target=\"_blank\" rel=\"noopener noreferrer\">Formulari de sol.licitud de formaci\u00f3 en centre<\/a><\/strong><\/h5>\n<\/li>\n<\/ul>\n<\/td>\n<\/tr>\n<tr style=\"height: 22px;\">\n<td style=\"width: 921.6px; height: 22px;\">\n<ul>\n<li>\n<h5><strong><a href=\"https:\/\/docs.google.com\/forms\/d\/e\/1FAIpQLScRYPwwZG_YBcWqyTJYijI49GbSqMQL_4NqerBDLU8bZwmSWw\/viewform\">Formulari de sol.licitud de formaci\u00f3 per a centres<\/a><\/strong><\/h5>\n<\/li>\n<\/ul>\n<\/td>\n<\/tr>\n<tr>\n<td style=\"width: 921.6px;\">\n<ul style=\"list-style-type: square;\">\n<li><span style=\"color: #000000;\">Demandes de formaci\u00f3 a nivell i\/o d&#8217;entitats individual \u00a0trav\u00e9s del correu electr\u00f2nic del CRP (crp-garraf@xtec.cat)<\/span><\/li>\n<\/ul>\n<\/td>\n<\/tr>\n<\/tbody>\n<\/table>\n<\/div>\n<p>El document vigent de formaci\u00f3 permanent del professorat 20\/21 segueix sent el de\u00a0<a href=\"https:\/\/drive.google.com\/open?id=1hZwTRj6zlNTzTCM4c7Yc0eLGY_4CszM9\" target=\"_blank\" rel=\"noopener noreferrer\"><em>Criteris, instruccions i orientacions curs 2019-2020<\/em><\/a>.<\/p>\n","protected":false},"excerpt":{"rendered":"<p>Inici del segon torn del proc\u00e9s de detecci\u00f3 de necessitats formatives de la zona i elaboraci\u00f3 de les propostes de formaci\u00f3 per tal de poder programar les activitats de formaci\u00f3 del professorat corresponents al segon quatrimestre del present curs que s&#8217;inclouran el Pla de Formaci\u00f3 de Zona del Garraf per al curs 2020-2021. Prioritats. Resum [&hellip;]<\/p>\n","protected":false},"author":10,"featured_media":0,"parent":0,"menu_order":0,"comment_status":"closed","ping_status":"closed","template":"","meta":{"_bbp_topic_count":0,"_bbp_reply_count":0,"_bbp_total_topic_count":0,"_bbp_total_reply_count":0,"_bbp_voice_count":0,"_bbp_anonymous_reply_count":0,"_bbp_topic_count_hidden":0,"_bbp_reply_count_hidden":0,"_bbp_forum_subforum_count":0,"site-sidebar-layout":"default","site-content-layout":"","ast-site-content-layout":"","site-content-style":"default","site-sidebar-style":"default","ast-global-header-display":"","ast-banner-title-visibility":"","ast-main-header-display":"","ast-hfb-above-header-display":"","ast-hfb-below-header-display":"","ast-hfb-mobile-header-display":"","site-post-title":"","ast-breadcrumbs-content":"","ast-featured-img":"","footer-sml-layout":"","theme-transparent-header-meta":"","adv-header-id-meta":"","stick-header-meta":"","header-above-stick-meta":"","header-main-stick-meta":"","header-below-stick-meta":"","astra-migrate-meta-layouts":"default","ast-page-background-enabled":"default","ast-page-background-meta":{"desktop":{"background-color":"var(--ast-global-color-4)","background-image":"","background-repeat":"repeat","background-position":"center center","background-size":"auto","background-attachment":"scroll","background-type":"","background-media":"","overlay-type":"","overlay-color":"","overlay-opacity":"","overlay-gradient":""},"tablet":{"background-color":"","background-image":"","background-repeat":"repeat","background-position":"center center","background-size":"auto","background-attachment":"scroll","background-type":"","background-media":"","overlay-type":"","overlay-color":"","overlay-opacity":"","overlay-gradient":""},"mobile":{"background-color":"","background-image":"","background-repeat":"repeat","background-position":"center center","background-size":"auto","background-attachment":"scroll","background-type":"","background-media":"","overlay-type":"","overlay-color":"","overlay-opacity":"","overlay-gradient":""}},"ast-content-background-meta":{"desktop":{"background-color":"var(--ast-global-color-5)","background-image":"","background-repeat":"repeat","background-position":"center center","background-size":"auto","background-attachment":"scroll","background-type":"","background-media":"","overlay-type":"","overlay-color":"","overlay-opacity":"","overlay-gradient":""},"tablet":{"background-color":"var(--ast-global-color-5)","background-image":"","background-repeat":"repeat","background-position":"center center","background-size":"auto","background-attachment":"scroll","background-type":"","background-media":"","overlay-type":"","overlay-color":"","overlay-opacity":"","overlay-gradient":""},"mobile":{"background-color":"var(--ast-global-color-5)","background-image":"","background-repeat":"repeat","background-position":"center center","background-size":"auto","background-attachment":"scroll","background-type":"","background-media":"","overlay-type":"","overlay-color":"","overlay-opacity":"","overlay-gradient":""}},"footnotes":""},"class_list":["post-10824","page","type-page","status-publish","hentry"],"post_mailing_queue_ids":[],"_links":{"self":[{"href":"https:\/\/serveiseducatius.xtec.cat\/garraf\/wp-json\/wp\/v2\/pages\/10824","targetHints":{"allow":["GET"]}}],"collection":[{"href":"https:\/\/serveiseducatius.xtec.cat\/garraf\/wp-json\/wp\/v2\/pages"}],"about":[{"href":"https:\/\/serveiseducatius.xtec.cat\/garraf\/wp-json\/wp\/v2\/types\/page"}],"author":[{"embeddable":true,"href":"https:\/\/serveiseducatius.xtec.cat\/garraf\/wp-json\/wp\/v2\/users\/10"}],"replies":[{"embeddable":true,"href":"https:\/\/serveiseducatius.xtec.cat\/garraf\/wp-json\/wp\/v2\/comments?post=10824"}],"version-history":[{"count":3,"href":"https:\/\/serveiseducatius.xtec.cat\/garraf\/wp-json\/wp\/v2\/pages\/10824\/revisions"}],"predecessor-version":[{"id":12112,"href":"https:\/\/serveiseducatius.xtec.cat\/garraf\/wp-json\/wp\/v2\/pages\/10824\/revisions\/12112"}],"wp:attachment":[{"href":"https:\/\/serveiseducatius.xtec.cat\/garraf\/wp-json\/wp\/v2\/media?parent=10824"}],"curies":[{"name":"wp","href":"https:\/\/api.w.org\/{rel}","templated":true}]}}