{"id":10189,"date":"2018-12-29T15:06:01","date_gmt":"2018-12-29T14:06:01","guid":{"rendered":"http:\/\/serveiseducatius.xtec.cat\/garraf\/?page_id=10189"},"modified":"2025-10-09T15:54:13","modified_gmt":"2025-10-09T13:54:13","slug":"servei-comunitari-al-garraf-2","status":"publish","type":"page","link":"https:\/\/serveiseducatius.xtec.cat\/garraf\/servei-comunitari-al-garraf\/servei-comunitari-al-garraf-2\/","title":{"rendered":"El Servei Comunitari al Garraf"},"content":{"rendered":"\n<p class=\"has-white-color has-ast-global-color-1-background-color has-text-color has-background has-link-color has-medium-font-size wp-elements-81ad7d5dbd4fc912318e919aec443322\"><strong>Centres educatius<\/strong><\/p>\n\n\n\n<div class=\"wp-block-columns is-layout-flex wp-container-core-columns-is-layout-1 wp-block-columns-is-layout-flex\">\n<div class=\"wp-block-column is-layout-flow wp-block-column-is-layout-flow\">\n<p class=\"has-text-align-center has-ast-global-color-0-background-color has-background has-medium-font-size\"><strong>Canyelles<\/strong><\/p>\n\n\n\n<p class=\"has-text-align-center\">Institut Pla del bosc<\/p>\n<\/div>\n\n\n\n<div class=\"wp-block-column is-layout-flow wp-block-column-is-layout-flow\">\n<p class=\"has-text-align-center has-ast-global-color-0-background-color has-background has-medium-font-size\"><strong>Cubelles<\/strong><\/p>\n\n\n\n<p class=\"has-text-align-center\">Institut Cubelles<\/p>\n\n\n\n<p class=\"has-text-align-center\">Institut Les Vinyes<\/p>\n<\/div>\n\n\n\n<div class=\"wp-block-column is-layout-flow wp-block-column-is-layout-flow\">\n<p class=\"has-text-align-center has-ast-global-color-0-background-color has-background has-medium-font-size\"><strong>Olivella<\/strong><\/p>\n\n\n\n<p class=\"has-text-align-center\">Institut-Escola Morsell<\/p>\n<\/div>\n<\/div>\n\n\n\n<div class=\"wp-block-columns is-layout-flex wp-container-core-columns-is-layout-2 wp-block-columns-is-layout-flex\">\n<div class=\"wp-block-column is-layout-flow wp-block-column-is-layout-flow\">\n<p class=\"has-text-align-center has-ast-global-color-0-background-color has-background has-medium-font-size\"><strong>Sant Pere de Ribes<\/strong><\/p>\n\n\n\n<p class=\"has-text-align-center\">Institut Alexandre Gal\u00ed (Les Roquetes)<\/p>\n\n\n\n<p class=\"has-text-align-center\">Institut Can Puig (Ribes)<\/p>\n\n\n\n<p class=\"has-text-align-center\">Institut Montgr\u00f2s (Ribes)<\/p>\n\n\n\n<p class=\"has-text-align-center\">Institut Xaloc (Les Roquetes)<\/p>\n<\/div>\n\n\n\n<div class=\"wp-block-column is-layout-flow wp-block-column-is-layout-flow\">\n<p class=\"has-text-align-center has-ast-global-color-0-background-color has-background has-medium-font-size\"><strong>Sitges<\/strong><\/p>\n\n\n\n<p class=\"has-text-align-center\">Institut Joan Ramon Benapr\u00e8s<\/p>\n\n\n\n<p class=\"has-text-align-center\">Institut Vinyet<\/p>\n\n\n\n<p class=\"has-text-align-center\">Escola Pia de Sitges<\/p>\n<\/div>\n\n\n\n<div class=\"wp-block-column is-layout-flow wp-block-column-is-layout-flow\">\n<p class=\"has-text-align-center has-ast-global-color-0-background-color has-background has-medium-font-size\"><strong>Olivella<\/strong><\/p>\n\n\n\n<p class=\"has-text-align-center\">Institut Baix a Mar<\/p>\n\n\n\n<p class=\"has-text-align-center\">Institut Dolors Mallafr\u00e8 i Ros<\/p>\n\n\n\n<p class=\"has-text-align-center\">Institut F. X. Lluch i Rafecas<\/p>\n\n\n\n<p class=\"has-text-align-center\">Institut Joaquim Mir <\/p>\n\n\n\n<p class=\"has-text-align-center\">Escola El Cim<\/p>\n\n\n\n<p class=\"has-text-align-center\">\u00a0Escola Pia de Vilanova i la Geltr\u00fa<\/p>\n\n\n\n<p class=\"has-text-align-center\">Col\u00b7legi Sant Bonaventura<\/p>\n\n\n\n<p class=\"has-text-align-center\">Col\u00b7legi Santa Teresa de Jes\u00fas<\/p>\n\n\n\n<p class=\"has-text-align-center\">Col\u00b7legi Divina Provid\u00e8ncia<\/p>\n<\/div>\n<\/div>\n\n\n\n<p class=\"has-white-color has-ast-global-color-1-background-color has-text-color has-background has-link-color has-medium-font-size wp-elements-e1501ef7f07907db35fddd9360ae344e\"><strong>Entitats col\u00b7laboradores<\/strong><\/p>\n\n\n\n<figure class=\"wp-block-table\">\n<table class=\"has-fixed-layout\" style=\"width: 100%; height: 415px;\">\n<tbody>\n<tr style=\"height: 107px;\">\n<td style=\"height: 107px;\"><span style=\"background-color: #ffffff;\"><img loading=\"lazy\" decoding=\"async\" class=\"aligncenter  wp-image-18604\" src=\"https:\/\/serveiseducatius.xtec.cat\/garraf\/wp-content\/uploads\/usu1185\/2025\/10\/2-1.png\" alt=\"\" width=\"330\" height=\"89\" \/><\/span><\/td>\n<td style=\"height: 107px;\">\n<figure><span style=\"background-color: #ffffff;\"><a style=\"background-color: #ffffff;\" href=\"https:\/\/drive.google.com\/file\/d\/1Av6GwdTqCqvkneZ40gmIxqD26Ck9_oVL\/view?usp=sharing\" target=\"_blank\" rel=\"https:\/\/drive.google.com\/file\/d\/1av6gwdtqcqvknez40gmixqd26ck9_ovl\/view?usp=sharing noopener noreferrer\"><img loading=\"lazy\" decoding=\"async\" class=\"aligncenter wp-image-10223 \" src=\"https:\/\/serveiseducatius.xtec.cat\/garraf\/wp-content\/uploads\/usu1185\/2018\/12\/propostes-Ajuntament-de-Ribes-300x81.jpg\" alt=\"\" width=\"330\" height=\"89\" srcset=\"https:\/\/serveiseducatius.xtec.cat\/garraf\/wp-content\/uploads\/usu1185\/2018\/12\/propostes-Ajuntament-de-Ribes-300x81.jpg 300w, https:\/\/serveiseducatius.xtec.cat\/garraf\/wp-content\/uploads\/usu1185\/2018\/12\/propostes-Ajuntament-de-Ribes.jpg 360w\" sizes=\"auto, (max-width: 330px) 100vw, 330px\" \/><\/a><\/span><\/figure>\n<\/td>\n<td style=\"height: 107px;\"><span style=\"background-color: #ffffff;\"><img loading=\"lazy\" decoding=\"async\" class=\"aligncenter  wp-image-18603\" src=\"https:\/\/serveiseducatius.xtec.cat\/garraf\/wp-content\/uploads\/usu1185\/2025\/10\/1-2.png\" alt=\"\" width=\"330\" height=\"89\" \/><\/span><\/td>\n<\/tr>\n<tr style=\"height: 130px;\">\n<td style=\"height: 130px;\">\n<figure><span style=\"background-color: #ffffff;\"><a style=\"background-color: #ffffff;\" href=\"https:\/\/drive.google.com\/open?id=13UHKZQ0KhqVUkVHh78nGVYmP_izY4a6Q\" target=\"_blank\" rel=\"https:\/\/drive.google.com\/open?id=13uhkzq0khqvukvhh78ngvymp_izy4a6q noopener noreferrer\"><img loading=\"lazy\" decoding=\"async\" class=\"aligncenter wp-image-10217 \" src=\"https:\/\/serveiseducatius.xtec.cat\/garraf\/wp-content\/uploads\/usu1185\/2018\/12\/Ajuntament-VNG-300x81.jpg\" alt=\"\" width=\"330\" height=\"89\" srcset=\"https:\/\/serveiseducatius.xtec.cat\/garraf\/wp-content\/uploads\/usu1185\/2018\/12\/Ajuntament-VNG-300x81.jpg 300w, https:\/\/serveiseducatius.xtec.cat\/garraf\/wp-content\/uploads\/usu1185\/2018\/12\/Ajuntament-VNG.jpg 360w\" sizes=\"auto, (max-width: 330px) 100vw, 330px\" \/><\/a><\/span><\/figure>\n<\/td>\n<td style=\"height: 130px;\">\n<figure><span style=\"background-color: #ffffff;\"><a style=\"background-color: #ffffff;\" href=\"https:\/\/drive.google.com\/file\/d\/1XNa7TAAiSUlKcTkzvaeiQfgfA8cEBw55\/view?usp=sharing\" rel=\"attachment wp-att-10227\"><img loading=\"lazy\" decoding=\"async\" class=\"aligncenter wp-image-10227 \" src=\"https:\/\/serveiseducatius.xtec.cat\/garraf\/wp-content\/uploads\/usu1185\/2018\/12\/propostes-Akwaba-300x81.jpg\" alt=\"\" width=\"330\" height=\"89\" srcset=\"https:\/\/serveiseducatius.xtec.cat\/garraf\/wp-content\/uploads\/usu1185\/2018\/12\/propostes-Akwaba-300x81.jpg 300w, https:\/\/serveiseducatius.xtec.cat\/garraf\/wp-content\/uploads\/usu1185\/2018\/12\/propostes-Akwaba.jpg 360w\" sizes=\"auto, (max-width: 330px) 100vw, 330px\" \/><\/a><\/span><\/figure>\n<\/td>\n<td style=\"height: 130px;\">\n<figure><span style=\"background-color: #ffffff;\"><a style=\"background-color: #ffffff;\" href=\"https:\/\/drive.google.com\/file\/d\/1j15n4pDrl6muuqp2Xa8zmZHl9eBx2-It\/view?usp=sharing\" target=\"_blank\" rel=\"https:\/\/drive.google.com\/file\/d\/1j15n4pdrl6muuqp2xa8zmzhl9ebx2-it\/view?usp=sharing noopener noreferrer\"><img loading=\"lazy\" decoding=\"async\" class=\"aligncenter  wp-image-18606\" src=\"https:\/\/serveiseducatius.xtec.cat\/garraf\/wp-content\/uploads\/usu1185\/2025\/10\/4-1.png\" alt=\"\" width=\"330\" height=\"89\" \/><\/a><\/span><\/figure>\n<\/td>\n<\/tr>\n<tr>\n<td><span style=\"background-color: #ffffff;\"><a style=\"background-color: #ffffff;\" href=\"https:\/\/drive.google.com\/file\/d\/1j15n4pDrl6muuqp2Xa8zmZHl9eBx2-It\/view?usp=sharing\" target=\"_blank\" rel=\"https:\/\/drive.google.com\/file\/d\/1j15n4pdrl6muuqp2xa8zmzhl9ebx2-it\/view?usp=sharing noopener noreferrer\"><img loading=\"lazy\" decoding=\"async\" class=\"aligncenter wp-image-10238 \" src=\"https:\/\/serveiseducatius.xtec.cat\/garraf\/wp-content\/uploads\/usu1185\/2018\/12\/propostes-Autisme-amb-futur-300x81.jpg\" alt=\"\" width=\"330\" height=\"89\" srcset=\"https:\/\/serveiseducatius.xtec.cat\/garraf\/wp-content\/uploads\/usu1185\/2018\/12\/propostes-Autisme-amb-futur-300x81.jpg 300w, https:\/\/serveiseducatius.xtec.cat\/garraf\/wp-content\/uploads\/usu1185\/2018\/12\/propostes-Autisme-amb-futur.jpg 360w\" sizes=\"auto, (max-width: 330px) 100vw, 330px\" \/><\/a><\/span><\/td>\n<td><span style=\"background-color: #ffffff;\"><img loading=\"lazy\" decoding=\"async\" class=\"aligncenter  wp-image-18614\" src=\"https:\/\/serveiseducatius.xtec.cat\/garraf\/wp-content\/uploads\/usu1185\/2025\/10\/7-1.png\" alt=\"\" width=\"330\" height=\"89\" \/><\/span><\/td>\n<td><span style=\"background-color: #ffffff;\"><a href=\"https:\/\/www.ccgarraf.cat\/serveis-i-tramits\/cataleg-de-serveis\/projectes-daprenentatge-i-servei-comunitari.html\"><img loading=\"lazy\" decoding=\"async\" class=\"aligncenter wp-image-18607\" src=\"https:\/\/serveiseducatius.xtec.cat\/garraf\/wp-content\/uploads\/usu1185\/2025\/10\/5-1.png\" alt=\"\" width=\"330\" height=\"89\" \/><\/a><\/span><\/td>\n<\/tr>\n<tr>\n<td><span style=\"background-color: #ffffff;\"><img loading=\"lazy\" decoding=\"async\" class=\"aligncenter  wp-image-18613\" src=\"https:\/\/serveiseducatius.xtec.cat\/garraf\/wp-content\/uploads\/usu1185\/2025\/10\/6-2.png\" alt=\"\" width=\"330\" height=\"89\" \/><\/span><\/td>\n<td><span style=\"background-color: #ffffff;\"><a style=\"background-color: #ffffff;\" href=\"https:\/\/drive.google.com\/file\/d\/1oh_Wy7G4QexLvx2ZUigN-AD0yNI6AAPi\/view?usp=sharing\" target=\"_blank\" rel=\"https:\/\/drive.google.com\/file\/d\/1oh_wy7g4qexlvx2zuign-ad0yni6aapi\/view?usp=sharing noopener noreferrer\"><img loading=\"lazy\" decoding=\"async\" class=\"aligncenter wp-image-10233 \" src=\"https:\/\/serveiseducatius.xtec.cat\/garraf\/wp-content\/uploads\/usu1185\/2018\/12\/propostes-Ortoll-300x81.jpg\" alt=\"\" width=\"349\" height=\"94\" srcset=\"https:\/\/serveiseducatius.xtec.cat\/garraf\/wp-content\/uploads\/usu1185\/2018\/12\/propostes-Ortoll-300x81.jpg 300w, https:\/\/serveiseducatius.xtec.cat\/garraf\/wp-content\/uploads\/usu1185\/2018\/12\/propostes-Ortoll.jpg 360w\" sizes=\"auto, (max-width: 349px) 100vw, 349px\" \/><\/a><\/span><\/td>\n<td><span style=\"background-color: #ffffff;\"><a style=\"background-color: #ffffff;\" href=\"https:\/\/drive.google.com\/file\/d\/1BRKjLPm2-WWoOoPw7tZMdvDnEYNlYYDP\/view?usp=sharing\" target=\"_blank\" rel=\"https:\/\/drive.google.com\/file\/d\/1brkjlpm2-wwooopw7tzmdvdneynlyydp\/view?usp=sharing noopener noreferrer\"><img loading=\"lazy\" decoding=\"async\" class=\"aligncenter wp-image-10231 \" src=\"https:\/\/serveiseducatius.xtec.cat\/garraf\/wp-content\/uploads\/usu1185\/2018\/12\/propostes-SETEM-300x81.jpg\" alt=\"\" width=\"330\" height=\"89\" srcset=\"https:\/\/serveiseducatius.xtec.cat\/garraf\/wp-content\/uploads\/usu1185\/2018\/12\/propostes-SETEM-300x81.jpg 300w, https:\/\/serveiseducatius.xtec.cat\/garraf\/wp-content\/uploads\/usu1185\/2018\/12\/propostes-SETEM.jpg 360w\" sizes=\"auto, (max-width: 330px) 100vw, 330px\" \/><\/a><\/span><\/td>\n<\/tr>\n<tr>\n<td><img loading=\"lazy\" decoding=\"async\" class=\"aligncenter  wp-image-18611\" src=\"https:\/\/serveiseducatius.xtec.cat\/garraf\/wp-content\/uploads\/usu1185\/2025\/10\/8-1.png\" alt=\"\" width=\"330\" height=\"89\" \/><\/td>\n<td><span style=\"background-color: #ffffff;\"><img loading=\"lazy\" decoding=\"async\" class=\"aligncenter  wp-image-18618\" src=\"https:\/\/serveiseducatius.xtec.cat\/garraf\/wp-content\/uploads\/usu1185\/2025\/10\/Espai-Social.png\" alt=\"\" width=\"330\" height=\"89\" \/><\/span><\/td>\n<td><span style=\"background-color: #ffffff;\">\u00a0<\/span><\/td>\n<\/tr>\n<\/tbody>\n<\/table>\n<\/figure>\n","protected":false},"excerpt":{"rendered":"<p>Centres educatius Canyelles Institut Pla del bosc Cubelles Institut Cubelles Institut Les Vinyes Olivella Institut-Escola Morsell Sant Pere de Ribes Institut Alexandre Gal\u00ed (Les Roquetes) Institut Can Puig (Ribes) Institut Montgr\u00f2s (Ribes) Institut Xaloc (Les Roquetes) Sitges Institut Joan Ramon Benapr\u00e8s Institut Vinyet Escola Pia de Sitges Olivella Institut Baix a Mar Institut Dolors Mallafr\u00e8 [&hellip;]<\/p>\n","protected":false},"author":10,"featured_media":0,"parent":8674,"menu_order":0,"comment_status":"closed","ping_status":"closed","template":"","meta":{"_bbp_topic_count":0,"_bbp_reply_count":0,"_bbp_total_topic_count":0,"_bbp_total_reply_count":0,"_bbp_voice_count":0,"_bbp_anonymous_reply_count":0,"_bbp_topic_count_hidden":0,"_bbp_reply_count_hidden":0,"_bbp_forum_subforum_count":0,"site-sidebar-layout":"default","site-content-layout":"","ast-site-content-layout":"default","site-content-style":"default","site-sidebar-style":"default","ast-global-header-display":"","ast-banner-title-visibility":"","ast-main-header-display":"","ast-hfb-above-header-display":"","ast-hfb-below-header-display":"","ast-hfb-mobile-header-display":"","site-post-title":"","ast-breadcrumbs-content":"","ast-featured-img":"","footer-sml-layout":"","theme-transparent-header-meta":"","adv-header-id-meta":"","stick-header-meta":"","header-above-stick-meta":"","header-main-stick-meta":"","header-below-stick-meta":"","astra-migrate-meta-layouts":"set","ast-page-background-enabled":"default","ast-page-background-meta":{"desktop":{"background-color":"var(--ast-global-color-4)","background-image":"","background-repeat":"repeat","background-position":"center center","background-size":"auto","background-attachment":"scroll","background-type":"","background-media":"","overlay-type":"","overlay-color":"","overlay-opacity":"","overlay-gradient":""},"tablet":{"background-color":"","background-image":"","background-repeat":"repeat","background-position":"center center","background-size":"auto","background-attachment":"scroll","background-type":"","background-media":"","overlay-type":"","overlay-color":"","overlay-opacity":"","overlay-gradient":""},"mobile":{"background-color":"","background-image":"","background-repeat":"repeat","background-position":"center center","background-size":"auto","background-attachment":"scroll","background-type":"","background-media":"","overlay-type":"","overlay-color":"","overlay-opacity":"","overlay-gradient":""}},"ast-content-background-meta":{"desktop":{"background-color":"var(--ast-global-color-5)","background-image":"","background-repeat":"repeat","background-position":"center center","background-size":"auto","background-attachment":"scroll","background-type":"","background-media":"","overlay-type":"","overlay-color":"","overlay-opacity":"","overlay-gradient":""},"tablet":{"background-color":"var(--ast-global-color-5)","background-image":"","background-repeat":"repeat","background-position":"center center","background-size":"auto","background-attachment":"scroll","background-type":"","background-media":"","overlay-type":"","overlay-color":"","overlay-opacity":"","overlay-gradient":""},"mobile":{"background-color":"var(--ast-global-color-5)","background-image":"","background-repeat":"repeat","background-position":"center center","background-size":"auto","background-attachment":"scroll","background-type":"","background-media":"","overlay-type":"","overlay-color":"","overlay-opacity":"","overlay-gradient":""}},"footnotes":""},"class_list":["post-10189","page","type-page","status-publish","hentry"],"post_mailing_queue_ids":[],"_links":{"self":[{"href":"https:\/\/serveiseducatius.xtec.cat\/garraf\/wp-json\/wp\/v2\/pages\/10189","targetHints":{"allow":["GET"]}}],"collection":[{"href":"https:\/\/serveiseducatius.xtec.cat\/garraf\/wp-json\/wp\/v2\/pages"}],"about":[{"href":"https:\/\/serveiseducatius.xtec.cat\/garraf\/wp-json\/wp\/v2\/types\/page"}],"author":[{"embeddable":true,"href":"https:\/\/serveiseducatius.xtec.cat\/garraf\/wp-json\/wp\/v2\/users\/10"}],"replies":[{"embeddable":true,"href":"https:\/\/serveiseducatius.xtec.cat\/garraf\/wp-json\/wp\/v2\/comments?post=10189"}],"version-history":[{"count":6,"href":"https:\/\/serveiseducatius.xtec.cat\/garraf\/wp-json\/wp\/v2\/pages\/10189\/revisions"}],"predecessor-version":[{"id":18622,"href":"https:\/\/serveiseducatius.xtec.cat\/garraf\/wp-json\/wp\/v2\/pages\/10189\/revisions\/18622"}],"up":[{"embeddable":true,"href":"https:\/\/serveiseducatius.xtec.cat\/garraf\/wp-json\/wp\/v2\/pages\/8674"}],"wp:attachment":[{"href":"https:\/\/serveiseducatius.xtec.cat\/garraf\/wp-json\/wp\/v2\/media?parent=10189"}],"curies":[{"name":"wp","href":"https:\/\/api.w.org\/{rel}","templated":true}]}}