{"id":10043,"date":"2018-12-26T11:54:16","date_gmt":"2018-12-26T10:54:16","guid":{"rendered":"http:\/\/serveiseducatius.xtec.cat\/garraf\/?page_id=10043"},"modified":"2023-12-05T12:12:20","modified_gmt":"2023-12-05T11:12:20","slug":"ambits-i-models-transferibles","status":"publish","type":"page","link":"https:\/\/serveiseducatius.xtec.cat\/garraf\/ambits-i-models-transferibles\/","title":{"rendered":"\u00c0mbits i models transferibles"},"content":{"rendered":"<p><a href=\"http:\/\/serveiseducatius.xtec.cat\/garraf\/ambits-i-models-transferibles\/attachment\/etiqueta-sc-ambits-projectes\/\" target=\"_blank\" rel=\"http:\/\/serveiseducatius.xtec.cat\/garraf\/ambits-i-models-transferibles\/attachment\/etiqueta-sc-ambits-projectes\/ noopener\"><img loading=\"lazy\" decoding=\"async\" class=\"alignleft wp-image-10118\" src=\"https:\/\/serveiseducatius.xtec.cat\/garraf\/wp-content\/uploads\/usu1185\/2018\/12\/Etiqueta-SC-ambits-projectes-300x80.png\" alt=\"\" width=\"206\" height=\"55\" \/><\/a>A continuaci\u00f3 es detallen els diferents <strong>\u00e0mbits<\/strong> en qu\u00e8 es poden desenvolupar els projectes de Servei comunitari.<\/p>\n<ul>\n<li style=\"text-align: justify;\"><b><span style=\"color: #000080;\">Acompanyament i suport a l\u2019escolaritzaci\u00f3<\/span>. <\/b><span style=\"color: #000000;\">C<\/span>oneixement de l\u2019entorn i refor\u00e7 escolar, classes de catal\u00e0 per a nous vinguts, motivaci\u00f3 per a l\u2019estudi, classes a adults &#8230; .<\/li>\n<li style=\"text-align: justify;\"><b><span style=\"color: #000080;\"> Suport a necessitats b\u00e0siques<\/span>. <\/b>Projectes d\u2019ajuda directa a persones que poden necessitar-la: col\u00b7lectius en risc d\u2019exclusi\u00f3, persones immigrades, persones amb discapacitats\u00a0 f\u00edsiques o ps\u00edquiques &#8230;<\/li>\n<li style=\"text-align: justify;\"><b> <\/b><b><span style=\"color: #000080;\">Intercanvi generacional<\/span>. <\/b>Projectes que pretenen apropar col\u00b7lectius de diferents edats amb l\u2019ob<a href=\"http:\/\/serveiseducatius.xtec.cat\/garraf\/ambits-i-models-transferibles\/attachment\/solidaritat\/\" rel=\"attachment wp-att-10052\"><img loading=\"lazy\" decoding=\"async\" class=\"wp-image-10052 alignright\" src=\"https:\/\/serveiseducatius.xtec.cat\/garraf\/wp-content\/uploads\/usu1185\/2018\/12\/solidaritat-150x150.jpg\" alt=\"\" width=\"301\" height=\"301\" \/><\/a>jectiu de facilitar el coneixement mutu i l\u2019intercanvi de coneixements, sabers i habilitats.<\/li>\n<li style=\"text-align: justify;\"><b><span style=\"color: #000080;\"> Medi ambient<\/span>.<\/b> Projectes orientats a la conservaci\u00f3 i educaci\u00f3 mediambiental: reciclatge de materials, auditories\u00a0\u00a0\u00a0\u00a0\u00a0 ambientals, conservaci\u00f3 del patrimoni natural, estalvi energ\u00e8tic, cura de la fauna del territori &#8230;. .<\/li>\n<li style=\"text-align: justify;\"><strong><span style=\"color: #000080;\">Participaci\u00f3 ciutadana<\/span>. <\/strong>Projectes per estimular la participaci\u00f3 en el barri o l&#8217;entorn immediat amb l&#8217;objectiu d&#8217;afavorir el comprom\u00e9s c\u00edvic i la millora de la qualitat de vida dels seus habitants, a trav\u00e9s dels mitjans de comunicaci\u00f3, activitats culturals, processos participatius ,,, .<\/li>\n<li style=\"text-align: justify;\"><strong><span style=\"color: #000000;\"><span style=\"color: #000080;\">Patrimoni cultural<\/span>.<\/span><\/strong> Projectes de conservaci\u00f3 i restauraci\u00f3 del patrimoni cultural i per a la recuperaci\u00f3 i difusi\u00f3 de les tradicions culturals.<\/li>\n<li style=\"text-align: justify;\"><strong><span style=\"color: #000080;\">Projectes de solidaritat i cooperaci\u00f3<\/span>.<\/strong> Projectes per a la sensibilitzaci\u00f3 i defensa dels Drets humans, causes solid\u00e0ries i humanit\u00e0ries d&#8217;abast ampli i a nivell internacional.<\/li>\n<li><strong><span style=\"color: #000080;\">Preservaci\u00f3 i manteniment del medi urb\u00e0<\/span>.<\/strong> Projectes de conservaci\u00f3 i restauraci\u00f3 del medi i mobiliari urb\u00e0.<\/li>\n<li><strong><span style=\"color: #000080;\">Lleure<\/span>.<\/strong> Projectes realitzats conjuntament amb les entitats d&#8217;educaci\u00f3 en el lleure.<\/li>\n<\/ul>\n<p>&nbsp;<\/p>\n<p style=\"text-align: justify;\"><a href=\"http:\/\/serveiseducatius.xtec.cat\/garraf\/ambits-i-models-transferibles\/attachment\/etiqueta-sc-transferibles\/\" target=\"_blank\" rel=\"http:\/\/serveiseducatius.xtec.cat\/garraf\/ambits-i-models-transferibles\/attachment\/etiqueta-sc-transferibles\/ noopener\"><img loading=\"lazy\" decoding=\"async\" class=\"alignleft wp-image-10122\" src=\"https:\/\/serveiseducatius.xtec.cat\/garraf\/wp-content\/uploads\/usu1185\/2018\/12\/Etiqueta-SC-transferibles-300x80.png\" alt=\"\" width=\"206\" height=\"55\" srcset=\"https:\/\/serveiseducatius.xtec.cat\/garraf\/wp-content\/uploads\/usu1185\/2018\/12\/Etiqueta-SC-transferibles-300x80.png 300w, https:\/\/serveiseducatius.xtec.cat\/garraf\/wp-content\/uploads\/usu1185\/2018\/12\/Etiqueta-SC-transferibles.png 346w\" sizes=\"auto, (max-width: 206px) 100vw, 206px\" \/><\/a>Els<a href=\"https:\/\/xtec.gencat.cat\/ca\/comunitat\/serveicomunitari\/modelstransferibles\/\"><strong> Models Transferibles<\/strong><\/a> s\u00f3n exemples d\u2019accions, amb activitats did\u00e0ctiques i recursos, que es poden dur a terme amb els alumnes abans, durant i despr\u00e9s de la realitzaci\u00f3 del servei, en el marc d\u2019un projecte de Servei comunitari.<\/p>\n<p>Actualment, hi ha disponibles els seg\u00fcents:<\/p>\n<table style=\"border-collapse: collapse; width: 100%; height: 575px;\">\n<tbody>\n<tr style=\"height: 48px;\">\n<td style=\"width: 20%; text-align: center; height: 48px;\"><b><span style=\"color: #000080;\">Acompanyament i suport a l\u2019escolaritzaci\u00f3<\/span><\/b><\/td>\n<td style=\"width: 20%; text-align: center; height: 48px;\"><b><span style=\"color: #000080;\">Intercanvi generacional<\/span><\/b><\/td>\n<td style=\"width: 20%; text-align: center; height: 48px;\"><strong><span style=\"color: #000080;\">Lleure<\/span><\/strong><\/td>\n<td style=\"width: 20%; text-align: center; height: 48px;\"><b><span style=\"color: #000080;\">Medi ambient<\/span><\/b><\/td>\n<td style=\"width: 20%; text-align: center; height: 48px;\"><strong><span style=\"color: #000080;\">Participaci\u00f3 ciutadana<\/span><\/strong><\/td>\n<\/tr>\n<tr style=\"height: 261px;\">\n<td style=\"width: 20%; text-align: center; height: 261px;\"><a href=\"https:\/\/drive.google.com\/file\/d\/0B0yth2U5sJxhVm1NUng1Z0Y0U1U\/view\">Esport escolar<\/a><\/p>\n<p><a href=\"https:\/\/drive.google.com\/file\/d\/0B0yth2U5sJxhZjhqd1E0dk9Qb3M\/view\">Suport a la tasca escolar<\/a><\/td>\n<td style=\"width: 20%; text-align: center; height: 261px;\"><a href=\"https:\/\/drive.google.com\/file\/d\/0B0yth2U5sJxhNWdxaXRSWDU3WjQ\/view\">Col\u00b7laboraci\u00f3 amb entitats que atenen gent gran<\/a><\/td>\n<td style=\"width: 20%; text-align: center; height: 261px;\"><a href=\"https:\/\/xtec.gencat.cat\/web\/.content\/comunitat\/serveicomunitari\/modelstransferibles\/documents\/Lleure_transferible.pdf\">Lleure<\/a><\/td>\n<td style=\"width: 20%; text-align: center; height: 261px;\"><a href=\"https:\/\/drive.google.com\/file\/d\/0B0yth2U5sJxhVkJHQWFZS3o3WDA\/view\">Ecosistemes fluvials<\/a><\/p>\n<p><a href=\"https:\/\/xtec.gencat.cat\/web\/.content\/comunitat\/serveicomunitari\/modelstransferibles\/documents\/Ecosistemes-fluvials_EE_transferible.pdf\">Ecosistemes fluvials (adaptat)<\/a><\/p>\n<p><a href=\"https:\/\/xtec.gencat.cat\/web\/.content\/comunitat\/serveicomunitari\/modelstransferibles\/documents\/transferible_lets-cleanup.pdf\">Let&#8217;s clean up Europe! Millora dels espais naturals propers<\/a><\/p>\n<p><a href=\"https:\/\/drive.google.com\/file\/d\/1Sb5ldGB8VzxjCQuaJxu0H5SXZ-ypbowf\/view\">Malbaratament alimentari<\/a><\/td>\n<td style=\"width: 20%; text-align: center; height: 391px;\" rowspan=\"3\"><a href=\"https:\/\/drive.google.com\/file\/d\/0B0yth2U5sJxhTHIwZ2tvWTFKaFU\/view\">#aqu\u00edproubullying<\/a><\/p>\n<p><a href=\"https:\/\/drive.google.com\/file\/d\/0B0yth2U5sJxhU0NBam5UYWZ4SWc\/view\">Donaci\u00f3 de sang<\/a><\/p>\n<p><a href=\"https:\/\/xtec.gencat.cat\/web\/.content\/comunitat\/serveicomunitari\/modelstransferibles\/documents\/habits_saludables_transferible.pdf\">H\u00e0bits saludables. Alimentaci\u00f3 activitat f\u00edsica i descans<\/a><\/p>\n<p><a href=\"https:\/\/drive.google.com\/file\/d\/0B0yth2U5sJxhQjJVXzZHOG51OU0\/view\">Internet de tu a tu<\/a><\/p>\n<p><a href=\"https:\/\/drive.google.com\/file\/d\/1DUk6wuTZQNUxUEa4zSmM7_BhVOjUrqUS\/view\">Noves masculinitats<\/a><\/p>\n<p><a href=\"https:\/\/drive.google.com\/file\/d\/0B0yth2U5sJxhUUs3SkVlRXRvc00\/view\">Prevenci\u00f3 conductes odi i discriminaci\u00f3<\/a><\/p>\n<p><a href=\"https:\/\/drogues.gencat.cat\/ca\/professionals\/prevencio\/programes_i_recursos\/ambit_educatiu\/programes_i_materials_deducacio_formal\/projecte-de-servei-comunitari-transferible\/index.html\">Qu\u00e8 en saps de l&#8217;alcohol?<\/a><\/p>\n<p><a href=\"https:\/\/drive.google.com\/file\/d\/0B0yth2U5sJxhTTFKNFhlWk1aY0k\/view\">Refugiats, els nous ciutadans<\/a><\/p>\n<p><a href=\"https:\/\/drive.google.com\/file\/d\/0B0yth2U5sJxhOGg1R19zMTZXU3M\/view\">Salut mental<\/a><\/td>\n<\/tr>\n<tr style=\"height: 130px;\">\n<td style=\"width: 20%; text-align: center; height: 130px;\"><strong><span style=\"color: #000000;\"><span style=\"color: #000080;\">Patrimoni cultural<\/span><\/span><\/strong><\/td>\n<td style=\"width: 20%; text-align: center; height: 130px;\"><strong><span style=\"color: #000080;\">Preservaci\u00f3 i manteniment del medi urb\u00e0<\/span><\/strong><\/td>\n<td style=\"width: 20%; text-align: center; height: 130px;\"><strong><span style=\"color: #000080;\">Projectes de solidaritat i cooperaci\u00f3<\/span><\/strong><\/td>\n<td style=\"width: 20%; text-align: center; height: 130px;\"><b><span style=\"color: #000080;\">Suport a necessitats b\u00e0siques<\/span><\/b><\/td>\n<\/tr>\n<tr style=\"height: 136px;\">\n<td style=\"width: 20%; text-align: center; height: 136px;\"><a href=\"https:\/\/drive.google.com\/file\/d\/0B0yth2U5sJxhRG5QN0hyalhYekU\/view\">Apadrinem el nostre patrimoni<\/a><\/td>\n<td style=\"width: 20%; text-align: center; height: 136px;\"><a href=\"https:\/\/drive.google.com\/file\/d\/0B0yth2U5sJxhdUVpenlBZ0dMSWM\/view\">Medi urb\u00e0<\/a><\/td>\n<td style=\"width: 20%; text-align: center; height: 136px;\"><a href=\"https:\/\/drive.google.com\/file\/d\/0B0yth2U5sJxhN2I4aUZ5ekNLR2c\/view\">Consum responsable<\/a><\/p>\n<p><a href=\"https:\/\/drive.google.com\/file\/d\/0B0yth2U5sJxhUDlfckZIZEZXWWs\/view\">Desigualtats socials<\/a><\/p>\n<p><a href=\"https:\/\/drive.google.com\/file\/d\/0B0yth2U5sJxhZ2x4dmhuRHdRZlk\/view\">Processos migratoris<\/a><\/td>\n<td style=\"width: 20%; text-align: center; height: 136px;\"><a href=\"https:\/\/drive.google.com\/file\/d\/0B0yth2U5sJxhT3lFU0lNQTJ4MWc\/view\">Pobresa aliment\u00e0ria<\/a><\/td>\n<\/tr>\n<\/tbody>\n<\/table>\n<p>Tamb\u00e9 podeu disposar d\u2019una versi\u00f3 en format de curs Moodle. Els fitxers de la part inferior permeten que els centres restaurin al seu entorn Moodle el curs i que aix\u00ed puguin disposar de tots els enlla\u00e7os i arxius vinculats.<\/p>\n<p>Per a veure i provar els cursos en format Moodle <a href=\"http:\/\/www.google.com\/url?q=http%3A%2F%2Fodissea.xtec.cat%2Fcourse%2Findex.php%3Fcategoryid%3D201&amp;sa=D&amp;sntz=1&amp;usg=AFrqEzdfz3LvqR2YY8y_6AFtyetaj3airQ\" target=\"_blank\" rel=\"noopener\">es pot accedir a com a visitants a l\u2019entorn Odissea<\/a>, es tracta nom\u00e9s d\u2019un entorn de proves. A m\u00e9s de l\u2019enlla\u00e7 per a visitar-los us posem l\u2019enlla\u00e7 del fitxer en format Moodle 2 per tal que el pugueu instal\u00b7lar en l\u2019entorn Moodle 2 del vostre centre:<\/p>\n<ul>\n<li><a href=\"http:\/\/www.google.com\/url?q=http%3A%2F%2Fodissea.xtec.cat%2Fcourse%2Fview.php%3Fid%3D35222&amp;sa=D&amp;sntz=1&amp;usg=AFrqEzdkrsmgnzxBBFk7qvTYvmGNX6dPjw\" target=\"_blank\" rel=\"noopener\">Educaci\u00f3 en el lleure<\/a><\/li>\n<li><a href=\"http:\/\/www.google.com\/url?q=http%3A%2F%2Fodissea.xtec.cat%2Fcourse%2Fview.php%3Fid%3D32382&amp;sa=D&amp;sntz=1&amp;usg=AFrqEzfgoZUr-KQhtvv9PZRNzWgdEqttFw\" target=\"_blank\" rel=\"noopener\">Intercanvi generacional<\/a><\/li>\n<li><a href=\"http:\/\/www.google.com\/url?q=http%3A%2F%2Fodissea.xtec.cat%2Fcourse%2Fview.php%3Fid%3D35162&amp;sa=D&amp;sntz=1&amp;usg=AFrqEzflCyN47uiT3Ms-M1u5ozU812RPvA\" target=\"_blank\" rel=\"noopener\">Medi ambient. Ecosistemes fluvials<\/a><\/li>\n<li><a href=\"http:\/\/www.google.com\/url?q=http%3A%2F%2Fodissea.xtec.cat%2Fcourse%2Fview.php%3Fid%3D37662&amp;sa=D&amp;sntz=1&amp;usg=AFrqEzd7XKgO32YXmpDIabuM664DWe420w\" target=\"_blank\" rel=\"noopener\">Donaci\u00f3 de sang<\/a><\/li>\n<li><a href=\"http:\/\/www.google.com\/url?q=http%3A%2F%2Fodissea.xtec.cat%2Fcourse%2Fview.php%3Fid%3D35742&amp;sa=D&amp;sntz=1&amp;usg=AFrqEzfZClyXgW6dtgnTJNmrb4ZT2uiqvg\" target=\"_blank\" rel=\"noopener\">Medi ambient. Ecosistemes fluvials (Educaci\u00f3 especial)<\/a><\/li>\n<li><a href=\"http:\/\/www.google.com\/url?q=http%3A%2F%2Fodissea.xtec.cat%2Fcourse%2Fview.php%3Fid%3D35182&amp;sa=D&amp;sntz=1&amp;usg=AFrqEzeysmc1-6Xa84Nigd9LuTmn6H4Tsg\" target=\"_blank\" rel=\"noopener\">Participaci\u00f3 ciutadana. Internet de tu a tu<\/a><\/li>\n<li><a href=\"http:\/\/www.google.com\/url?q=http%3A%2F%2Fodissea.xtec.cat%2Fcourse%2Fview.php%3Fid%3D35262&amp;sa=D&amp;sntz=1&amp;usg=AFrqEzcIYuZXsqbmvxVxcnlJArNecJnPSg\" target=\"_blank\" rel=\"noopener\">Suport escolar<\/a><a href=\"http:\/\/serveiseducatius.xtec.cat\/garraf\/ambits-i-models-transferibles\/attachment\/sc22\/\" rel=\"attachment wp-att-10051\"><img loading=\"lazy\" decoding=\"async\" class=\"alignright wp-image-10051 \" src=\"https:\/\/serveiseducatius.xtec.cat\/garraf\/wp-content\/uploads\/usu1185\/2018\/12\/SC22-300x153.png\" alt=\"\" width=\"306\" height=\"156\" srcset=\"https:\/\/serveiseducatius.xtec.cat\/garraf\/wp-content\/uploads\/usu1185\/2018\/12\/SC22-300x153.png 300w, https:\/\/serveiseducatius.xtec.cat\/garraf\/wp-content\/uploads\/usu1185\/2018\/12\/SC22-768x393.png 768w, https:\/\/serveiseducatius.xtec.cat\/garraf\/wp-content\/uploads\/usu1185\/2018\/12\/SC22.png 956w\" sizes=\"auto, (max-width: 306px) 100vw, 306px\" \/><\/a><\/li>\n<li><a href=\"http:\/\/www.google.com\/url?q=http%3A%2F%2Fodissea.xtec.cat%2Fcourse%2Fview.php%3Fid%3D35582&amp;sa=D&amp;sntz=1&amp;usg=AFrqEzddEppghXhOQY4Rb-J_OIryCnzb0g\" target=\"_blank\" rel=\"noopener\">Pobresa aliment\u00e0ria<\/a><\/li>\n<li><a href=\"http:\/\/www.google.com\/url?q=http%3A%2F%2Fodissea.xtec.cat%2Fcourse%2Fview.php%3Fid%3D37202&amp;sa=D&amp;sntz=1&amp;usg=AFrqEzf_4Qd3769U_ezaUq_hxkF5z254eA\" target=\"_blank\" rel=\"noopener\">Salut mental<\/a><\/li>\n<li><a href=\"http:\/\/www.google.com\/url?q=http%3A%2F%2Fodissea.xtec.cat%2Fcourse%2Fview.php%3Fid%3D35602&amp;sa=D&amp;sntz=1&amp;usg=AFrqEzf7eI9kZ63qR5Q8WsYyK5Wm2kGi4Q\" target=\"_blank\" rel=\"noopener\">Odi i discriminaci\u00f3<\/a><\/li>\n<\/ul>\n<p>A m\u00e9s, a la xarxa hi ha altres exemples de Servei Comunitari que podeu desenvolupar al vostre centre:<\/p>\n<ul>\n<li>\n<p class=\"entry-title\"><a href=\"https:\/\/escolesverdesbarcelonacomarques.ning.com\/bloc-escoles-verdes\/com-organitzar-un-mercat-d-intercanvi-de-roba-de-segona-ma?edited=1\">Com organitzar un mercat d&#8217;intercanvi de roba de segona m\u00e0<\/a><\/p>\n<\/li>\n<\/ul>\n","protected":false},"excerpt":{"rendered":"<p>A continuaci\u00f3 es detallen els diferents \u00e0mbits en qu\u00e8 es poden desenvolupar els projectes de Servei comunitari. Acompanyament i suport a l\u2019escolaritzaci\u00f3. Coneixement de l\u2019entorn i refor\u00e7 escolar, classes de catal\u00e0 per a nous vinguts, motivaci\u00f3 per a l\u2019estudi, classes a adults &#8230; . Suport a necessitats b\u00e0siques. Projectes d\u2019ajuda directa a persones que poden [&hellip;]<\/p>\n","protected":false},"author":10,"featured_media":0,"parent":0,"menu_order":0,"comment_status":"closed","ping_status":"closed","template":"","meta":{"_bbp_topic_count":0,"_bbp_reply_count":0,"_bbp_total_topic_count":0,"_bbp_total_reply_count":0,"_bbp_voice_count":0,"_bbp_anonymous_reply_count":0,"_bbp_topic_count_hidden":0,"_bbp_reply_count_hidden":0,"_bbp_forum_subforum_count":0,"site-sidebar-layout":"default","site-content-layout":"","ast-site-content-layout":"","site-content-style":"default","site-sidebar-style":"default","ast-global-header-display":"","ast-banner-title-visibility":"","ast-main-header-display":"","ast-hfb-above-header-display":"","ast-hfb-below-header-display":"","ast-hfb-mobile-header-display":"","site-post-title":"","ast-breadcrumbs-content":"","ast-featured-img":"","footer-sml-layout":"","theme-transparent-header-meta":"","adv-header-id-meta":"","stick-header-meta":"","header-above-stick-meta":"","header-main-stick-meta":"","header-below-stick-meta":"","astra-migrate-meta-layouts":"default","ast-page-background-enabled":"default","ast-page-background-meta":{"desktop":{"background-color":"var(--ast-global-color-4)","background-image":"","background-repeat":"repeat","background-position":"center center","background-size":"auto","background-attachment":"scroll","background-type":"","background-media":"","overlay-type":"","overlay-color":"","overlay-opacity":"","overlay-gradient":""},"tablet":{"background-color":"","background-image":"","background-repeat":"repeat","background-position":"center center","background-size":"auto","background-attachment":"scroll","background-type":"","background-media":"","overlay-type":"","overlay-color":"","overlay-opacity":"","overlay-gradient":""},"mobile":{"background-color":"","background-image":"","background-repeat":"repeat","background-position":"center center","background-size":"auto","background-attachment":"scroll","background-type":"","background-media":"","overlay-type":"","overlay-color":"","overlay-opacity":"","overlay-gradient":""}},"ast-content-background-meta":{"desktop":{"background-color":"var(--ast-global-color-5)","background-image":"","background-repeat":"repeat","background-position":"center center","background-size":"auto","background-attachment":"scroll","background-type":"","background-media":"","overlay-type":"","overlay-color":"","overlay-opacity":"","overlay-gradient":""},"tablet":{"background-color":"var(--ast-global-color-5)","background-image":"","background-repeat":"repeat","background-position":"center center","background-size":"auto","background-attachment":"scroll","background-type":"","background-media":"","overlay-type":"","overlay-color":"","overlay-opacity":"","overlay-gradient":""},"mobile":{"background-color":"var(--ast-global-color-5)","background-image":"","background-repeat":"repeat","background-position":"center center","background-size":"auto","background-attachment":"scroll","background-type":"","background-media":"","overlay-type":"","overlay-color":"","overlay-opacity":"","overlay-gradient":""}},"footnotes":""},"class_list":["post-10043","page","type-page","status-publish","hentry"],"post_mailing_queue_ids":[],"_links":{"self":[{"href":"https:\/\/serveiseducatius.xtec.cat\/garraf\/wp-json\/wp\/v2\/pages\/10043","targetHints":{"allow":["GET"]}}],"collection":[{"href":"https:\/\/serveiseducatius.xtec.cat\/garraf\/wp-json\/wp\/v2\/pages"}],"about":[{"href":"https:\/\/serveiseducatius.xtec.cat\/garraf\/wp-json\/wp\/v2\/types\/page"}],"author":[{"embeddable":true,"href":"https:\/\/serveiseducatius.xtec.cat\/garraf\/wp-json\/wp\/v2\/users\/10"}],"replies":[{"embeddable":true,"href":"https:\/\/serveiseducatius.xtec.cat\/garraf\/wp-json\/wp\/v2\/comments?post=10043"}],"version-history":[{"count":4,"href":"https:\/\/serveiseducatius.xtec.cat\/garraf\/wp-json\/wp\/v2\/pages\/10043\/revisions"}],"predecessor-version":[{"id":10164,"href":"https:\/\/serveiseducatius.xtec.cat\/garraf\/wp-json\/wp\/v2\/pages\/10043\/revisions\/10164"}],"wp:attachment":[{"href":"https:\/\/serveiseducatius.xtec.cat\/garraf\/wp-json\/wp\/v2\/media?parent=10043"}],"curies":[{"name":"wp","href":"https:\/\/api.w.org\/{rel}","templated":true}]}}