{"id":9593,"date":"2018-09-26T12:44:26","date_gmt":"2018-09-26T10:44:26","guid":{"rendered":"http:\/\/serveiseducatius.xtec.cat\/eixample\/?page_id=9593"},"modified":"2019-09-10T13:19:06","modified_gmt":"2019-09-10T11:19:06","slug":"mes-que-robots","status":"publish","type":"page","link":"https:\/\/serveiseducatius.xtec.cat\/eixample\/activitats-de-dinamitzacio\/mes-que-robots\/","title":{"rendered":"M\u00e9s que robots!"},"content":{"rendered":"<h5>Descripci\u00f3<\/h5>\n<p>Activitat per iniciar-nos al disseny i programaci\u00f3 dels LegoMindstorms. Es desenvolupar\u00e0 al centre amb\u00a0 suport directe del formador\/a.<\/p>\n<h5>Objectius<\/h5>\n<ul>\n<li>Desenvolupar habilitats i compet\u00e8ncies com el treball en equip, la resoluci\u00f3 de problemes i la comunicaci\u00f3.<\/li>\n<li>Donar un nivell de seguretat al docent en la programaci\u00f3 amb aquests dispositius<\/li>\n<li>Assessorar en la metodologia a utilitzar en activitats de rob\u00f2tica<\/li>\n<li>Dissenyar, construir, provar i programar robots.<a href=\"http:\/\/serveiseducatius.xtec.cat\/eixample\/wp-content\/uploads\/usu1171\/2018\/09\/lego-ev3-IMG_0994.png\"><img loading=\"lazy\" decoding=\"async\" class=\"alignright wp-image-9597\" src=\"http:\/\/serveiseducatius.xtec.cat\/eixample\/wp-content\/uploads\/usu1171\/2018\/09\/lego-ev3-IMG_0994-300x200.png\" alt=\"\" width=\"434\" height=\"289\" srcset=\"https:\/\/serveiseducatius.xtec.cat\/eixample\/wp-content\/uploads\/usu1171\/2018\/09\/lego-ev3-IMG_0994-300x200.png 300w, https:\/\/serveiseducatius.xtec.cat\/eixample\/wp-content\/uploads\/usu1171\/2018\/09\/lego-ev3-IMG_0994-768x512.png 768w, https:\/\/serveiseducatius.xtec.cat\/eixample\/wp-content\/uploads\/usu1171\/2018\/09\/lego-ev3-IMG_0994.png 800w\" sizes=\"auto, (max-width: 434px) 100vw, 434px\" \/><\/a><\/li>\n<\/ul>\n<h5>Calendari\/sessions de treball<\/h5>\n<ul>\n<li>Primer trimestre<\/li>\n<li>Dues sessions de 90 minuts amb mig grup classe, dies diferents<\/li>\n<li>Una sessi\u00f3 sense suport per a la construcci\u00f3 del robot base seguint un model<\/li>\n<\/ul>\n<h5>Nivell<\/h5>\n<p>Cicle superior de prim\u00e0ria<\/p>\n<p><a href=\"https:\/\/docs.google.com\/forms\/d\/e\/1FAIpQLSfonABuX-HOnh2Cx6Z5-5h1ivwBGN-8vzO7lurIC5jT9KFafg\/viewform?usp=sf_link\">Formulari d&#8217;inscripci\u00f3<\/a><\/p>\n","protected":false},"excerpt":{"rendered":"<p>Descripci\u00f3<br \/>\nActivitat per iniciar-nos al disseny i programaci\u00f3 dels LegoMindstorms. Es desenvolupar\u00e0 al centre amb\u00a0 suport directe del formador\/a.<br \/>\nObjectius<\/p>\n<ul>\n<li>Desenvolupar habilitats i compet\u00e8ncies com el treball en equip, la resoluci\u00f3 de problemes i la comunicaci\u00f3.<\/li>\n<li>Donar un nivell de seguretat al docent en la programaci\u00f3 amb aquests dispositius<\/li>\n<li>Assessorar&hellip;  <a href=\"https:\/\/serveiseducatius.xtec.cat\/eixample\/activitats-de-dinamitzacio\/mes-que-robots\/\" title=\"Read M\u00e9s que robots!\">Llegeix m\u00e9s\u00bb<\/a><br \/>\n","protected":false},"author":4,"featured_media":0,"parent":8207,"menu_order":0,"comment_status":"closed","ping_status":"closed","template":"page-templates\/side-menu.php","meta":{"_bbp_topic_count":0,"_bbp_reply_count":0,"_bbp_total_topic_count":0,"_bbp_total_reply_count":0,"_bbp_voice_count":0,"_bbp_anonymous_reply_count":0,"_bbp_topic_count_hidden":0,"_bbp_reply_count_hidden":0,"_bbp_forum_subforum_count":0,"footnotes":""},"class_list":["post-9593","page","type-page","status-publish","hentry"],"post_mailing_queue_ids":[],"_links":{"self":[{"href":"https:\/\/serveiseducatius.xtec.cat\/eixample\/wp-json\/wp\/v2\/pages\/9593","targetHints":{"allow":["GET"]}}],"collection":[{"href":"https:\/\/serveiseducatius.xtec.cat\/eixample\/wp-json\/wp\/v2\/pages"}],"about":[{"href":"https:\/\/serveiseducatius.xtec.cat\/eixample\/wp-json\/wp\/v2\/types\/page"}],"author":[{"embeddable":true,"href":"https:\/\/serveiseducatius.xtec.cat\/eixample\/wp-json\/wp\/v2\/users\/4"}],"replies":[{"embeddable":true,"href":"https:\/\/serveiseducatius.xtec.cat\/eixample\/wp-json\/wp\/v2\/comments?post=9593"}],"version-history":[{"count":3,"href":"https:\/\/serveiseducatius.xtec.cat\/eixample\/wp-json\/wp\/v2\/pages\/9593\/revisions"}],"predecessor-version":[{"id":9961,"href":"https:\/\/serveiseducatius.xtec.cat\/eixample\/wp-json\/wp\/v2\/pages\/9593\/revisions\/9961"}],"up":[{"embeddable":true,"href":"https:\/\/serveiseducatius.xtec.cat\/eixample\/wp-json\/wp\/v2\/pages\/8207"}],"wp:attachment":[{"href":"https:\/\/serveiseducatius.xtec.cat\/eixample\/wp-json\/wp\/v2\/media?parent=9593"}],"curies":[{"name":"wp","href":"https:\/\/api.w.org\/{rel}","templated":true}]}}