{"id":9408,"date":"2018-03-15T13:51:00","date_gmt":"2018-03-15T12:51:00","guid":{"rendered":"http:\/\/serveiseducatius.xtec.cat\/eixample\/?page_id=9408"},"modified":"2019-09-10T12:59:06","modified_gmt":"2019-09-10T10:59:06","slug":"mostra-audiovisual","status":"publish","type":"page","link":"https:\/\/serveiseducatius.xtec.cat\/eixample\/activitats-de-dinamitzacio\/mostra-audiovisual\/","title":{"rendered":"Mostra Audiovisuals"},"content":{"rendered":"<p><strong>Descripci\u00f3<\/strong><br \/>\nActivitat engrescadora per a l\u2019alumnat, que consisteix en l\u2019elaboraci\u00f3 d\u2019una petita composici\u00f3 audiovisual que els endinsi en la producci\u00f3 i l\u2019edici\u00f3 de v\u00eddeos amb aquesta eina tant simple i intu\u00eftiva, com \u00e9s la tauleta digital.<\/p>\n<p><strong>Objectius<\/strong><br \/>\nL\u2019activitat respon a un enfocament competencial, i els objectius generals que volem aconseguir s\u00f3n els seg\u00fcents:<br \/>\n\u2022 Desenvolupar la compet\u00e8ncia comunicativa, ling\u00fc\u00edstica i audiovisual<br \/>\n\u2022 Desenvolupar l\u2019autonomia i la iniciativa personal<br \/>\n\u2022 Desenvolupar l\u2019aprendre a aprendre<br \/>\n\u2022 Desenvolupar la compet\u00e8ncia digital<br \/>\n\u2022 Potenciar el treball cooperatiu<br \/>\nEn resum, aprendre a pensar i comunicar, a descobrir i tenir iniciativa, i a ser i actuar de manera aut\u00f2noma.<\/p>\n<p><strong>Nivell<\/strong><br \/>\n5\u00e8 Educaci\u00f3 prim\u00e0ria<\/p>\n<p><strong>Calendari<\/strong><br \/>\nTercer trimestre celebraci\u00f3 de la jornada per mostrar les diferents produccions.<\/p>\n<p><a href=\"https:\/\/docs.google.com\/forms\/d\/e\/1FAIpQLSfoIowcAnmC3BkQwDLzTn364lYuS6-w1_Dq6NuEmhu2N-IXSw\/viewform?usp=sf_link\">Formulari d&#8217;inscripci\u00f3<\/a><\/p>\n","protected":false},"excerpt":{"rendered":"<p>Descripci\u00f3<br \/>\nActivitat engrescadora per a l\u2019alumnat, que consisteix en l\u2019elaboraci\u00f3 d\u2019una petita composici\u00f3 audiovisual que els endinsi en la producci\u00f3 i l\u2019edici\u00f3 de v\u00eddeos amb aquesta eina tant simple i intu\u00eftiva, com \u00e9s la tauleta digital.<br \/>\nObjectius<br \/>\nL\u2019activitat respon a un enfocament competencial, i els objectius generals que&hellip;  <a href=\"https:\/\/serveiseducatius.xtec.cat\/eixample\/activitats-de-dinamitzacio\/mostra-audiovisual\/\" title=\"Read Mostra Audiovisuals\">Llegeix m\u00e9s\u00bb<\/a><\/p>\n","protected":false},"author":4,"featured_media":0,"parent":8207,"menu_order":0,"comment_status":"closed","ping_status":"closed","template":"page-templates\/side-menu.php","meta":{"_bbp_topic_count":0,"_bbp_reply_count":0,"_bbp_total_topic_count":0,"_bbp_total_reply_count":0,"_bbp_voice_count":0,"_bbp_anonymous_reply_count":0,"_bbp_topic_count_hidden":0,"_bbp_reply_count_hidden":0,"_bbp_forum_subforum_count":0,"footnotes":""},"class_list":["post-9408","page","type-page","status-publish","hentry"],"post_mailing_queue_ids":[],"_links":{"self":[{"href":"https:\/\/serveiseducatius.xtec.cat\/eixample\/wp-json\/wp\/v2\/pages\/9408","targetHints":{"allow":["GET"]}}],"collection":[{"href":"https:\/\/serveiseducatius.xtec.cat\/eixample\/wp-json\/wp\/v2\/pages"}],"about":[{"href":"https:\/\/serveiseducatius.xtec.cat\/eixample\/wp-json\/wp\/v2\/types\/page"}],"author":[{"embeddable":true,"href":"https:\/\/serveiseducatius.xtec.cat\/eixample\/wp-json\/wp\/v2\/users\/4"}],"replies":[{"embeddable":true,"href":"https:\/\/serveiseducatius.xtec.cat\/eixample\/wp-json\/wp\/v2\/comments?post=9408"}],"version-history":[{"count":4,"href":"https:\/\/serveiseducatius.xtec.cat\/eixample\/wp-json\/wp\/v2\/pages\/9408\/revisions"}],"predecessor-version":[{"id":9949,"href":"https:\/\/serveiseducatius.xtec.cat\/eixample\/wp-json\/wp\/v2\/pages\/9408\/revisions\/9949"}],"up":[{"embeddable":true,"href":"https:\/\/serveiseducatius.xtec.cat\/eixample\/wp-json\/wp\/v2\/pages\/8207"}],"wp:attachment":[{"href":"https:\/\/serveiseducatius.xtec.cat\/eixample\/wp-json\/wp\/v2\/media?parent=9408"}],"curies":[{"name":"wp","href":"https:\/\/api.w.org\/{rel}","templated":true}]}}