{"id":9109,"date":"2017-09-27T17:28:04","date_gmt":"2017-09-27T15:28:04","guid":{"rendered":"http:\/\/serveiseducatius.xtec.cat\/eixample\/?page_id=9109"},"modified":"2017-09-27T17:39:41","modified_gmt":"2017-09-27T15:39:41","slug":"altres","status":"publish","type":"page","link":"https:\/\/serveiseducatius.xtec.cat\/eixample\/comunitat\/centres-educatius\/altres\/","title":{"rendered":"Altres"},"content":{"rendered":"<p><strong>\u00c0ula hospital\u00e0ria &#8211; Hospital de dia<\/strong><\/p>\n<table border=\"1\" cellspacing=\"0\">\n<tbody>\n<tr>\n<td>\u00c0ula hospital\u00e0ria Cl\u00ednic<\/td>\n<td>Villarroel, 170 esc. 11 4a planta &#8211; 08036<\/td>\n<td>93 2279972<\/td>\n<\/tr>\n<tr>\n<td>Hospital de dia Cl\u00ednic<\/td>\n<td>Villarroel, 170 esc. 11 3a planta &#8211; 08036<\/td>\n<td>93 2279971<\/td>\n<\/tr>\n<\/tbody>\n<\/table>\n<p><strong>Pla de transici\u00f3 al treball. PTT<\/strong><\/p>\n<p><a href=\"http:\/\/xtec.net\/fp\/spt\/empresa\/index.htm\" target=\"_blank\" rel=\"noopener noreferrer\">PTT Eixample<\/a>\u00a0 \u00a0 \u00a0 \u00a0 \u00a0 \u00a0Comte d&#8217;Urgell, 187 &#8211; 08036 \u00a0 93 3217020<\/p>\n<p><strong>Escoles d&#8217;adults<\/strong><br \/>\n<span style=\"color: #000000;\"><a href=\"http:\/\/www.diba.es\/educacio\" target=\"_blank\" rel=\"nofollow noopener noreferrer\">CFA Can Batll\u00f3<\/a>\u00a0 \u00a0 \u00a0 \u00a0 \u00a0<\/span>Comte d&#8217;Urgell, 187 &#8211; 08036 \u00a0 \u00a0\u00a093 4022715<\/p>\n<p><span style=\"color: #000000;\"><a href=\"http:\/\/www.afaperecalders.net\/\" target=\"_blank\" rel=\"nofollow noopener noreferrer\">AFA Pere Calders<\/a>\u00a0 \u00a0\u00a0<\/span>Cal\u00e0bria, 66 &#8211; 08015 \u00a0 \u00a0 \u00a0 \u00a0 \u00a0 \u00a0 \u00a0 \u00a0 \u00a093 4246917<\/p>\n<p><span style=\"color: #000000;\"><a href=\"http:\/\/blocs.xtec.cat\/cfapalaudemar\/\" target=\"_blank\" rel=\"nofollow noopener noreferrer\">AFA Palau de Mar<\/a>\u00a0 \u00a0\u00a0<\/span>Cal\u00e0bria, 169 baixos &#8211; 08015 \u00a0 \u00a0\u00a093 2292130<\/p>\n","protected":false},"excerpt":{"rendered":"<p>\u00c0ula hospital\u00e0ria &#8211; Hospital de dia<\/p>\n<p>\u00c0ula hospital\u00e0ria Cl\u00ednic<br \/>\nVillarroel, 170 esc. 11 4a planta &#8211; 08036<br \/>\n93 2279972<\/p>\n<p>Hospital de dia Cl\u00ednic<br \/>\nVillarroel, 170 esc. 11 3a planta &#8211; 08036<br \/>\n93 2279971<\/p>\n<p>Pla de transici\u00f3 al treball. PTT<br \/>\n<a href=\"http:\/\/xtec.net\/fp\/spt\/empresa\/index.htm\" target=\"_blank\" rel=\"noopener noreferrer\">PTT Eixample<\/a>\u00a0 \u00a0 \u00a0 \u00a0 \u00a0 \u00a0Comte d&#8217;Urgell, 187 &#8211;&hellip;  <a href=\"https:\/\/serveiseducatius.xtec.cat\/eixample\/comunitat\/centres-educatius\/altres\/\" title=\"Read Altres\">Llegeix m\u00e9s\u00bb<\/a><\/p>\n","protected":false},"author":4,"featured_media":0,"parent":338,"menu_order":5,"comment_status":"closed","ping_status":"closed","template":"page-templates\/side-menu.php","meta":{"_bbp_topic_count":0,"_bbp_reply_count":0,"_bbp_total_topic_count":0,"_bbp_total_reply_count":0,"_bbp_voice_count":0,"_bbp_anonymous_reply_count":0,"_bbp_topic_count_hidden":0,"_bbp_reply_count_hidden":0,"_bbp_forum_subforum_count":0,"footnotes":""},"class_list":["post-9109","page","type-page","status-publish","hentry"],"post_mailing_queue_ids":[],"_links":{"self":[{"href":"https:\/\/serveiseducatius.xtec.cat\/eixample\/wp-json\/wp\/v2\/pages\/9109","targetHints":{"allow":["GET"]}}],"collection":[{"href":"https:\/\/serveiseducatius.xtec.cat\/eixample\/wp-json\/wp\/v2\/pages"}],"about":[{"href":"https:\/\/serveiseducatius.xtec.cat\/eixample\/wp-json\/wp\/v2\/types\/page"}],"author":[{"embeddable":true,"href":"https:\/\/serveiseducatius.xtec.cat\/eixample\/wp-json\/wp\/v2\/users\/4"}],"replies":[{"embeddable":true,"href":"https:\/\/serveiseducatius.xtec.cat\/eixample\/wp-json\/wp\/v2\/comments?post=9109"}],"version-history":[{"count":3,"href":"https:\/\/serveiseducatius.xtec.cat\/eixample\/wp-json\/wp\/v2\/pages\/9109\/revisions"}],"predecessor-version":[{"id":9115,"href":"https:\/\/serveiseducatius.xtec.cat\/eixample\/wp-json\/wp\/v2\/pages\/9109\/revisions\/9115"}],"up":[{"embeddable":true,"href":"https:\/\/serveiseducatius.xtec.cat\/eixample\/wp-json\/wp\/v2\/pages\/338"}],"wp:attachment":[{"href":"https:\/\/serveiseducatius.xtec.cat\/eixample\/wp-json\/wp\/v2\/media?parent=9109"}],"curies":[{"name":"wp","href":"https:\/\/api.w.org\/{rel}","templated":true}]}}