{"id":8237,"date":"2017-09-13T12:09:55","date_gmt":"2017-09-13T10:09:55","guid":{"rendered":"http:\/\/serveiseducatius.xtec.cat\/eixample\/?page_id=8237"},"modified":"2018-02-05T09:47:08","modified_gmt":"2018-02-05T08:47:08","slug":"historic-mostra-de-recerca","status":"publish","type":"page","link":"https:\/\/serveiseducatius.xtec.cat\/eixample\/activitats-de-dinamitzacio\/mostra-de-recerca\/historic-mostra-de-recerca\/","title":{"rendered":"Hist\u00f2ric Mostra de Recerca"},"content":{"rendered":"<p><strong><span style=\"color: maroon;\">VII Mostra de Recerca Eixample &#8211; 31 de mar\u00e7 de 2016:<\/span><\/strong><\/p>\n<p>&#8211; <a href=\"https:\/\/drive.google.com\/open?id=0B9ZKbvy2SWwGR3JQT21CTFpxd0k\" target=\"_blank\" rel=\"noopener noreferrer\">Revista de la Mostra<\/a><br \/>\n&#8211; <a href=\"https:\/\/goo.gl\/photos\/Sma1TTbKXNA2WXJp6\" target=\"_blank\" rel=\"noopener noreferrer\">Reportatge fotogr\u00e0fic<\/a><\/p>\n<p>Treballs finalistes de districte:<\/p>\n<p><strong>Cor de 9 amb folre i manilles: Estudi de la freq\u00fc\u00e8ncia card\u00edaca del m\u00f3n casteller<\/strong> de Carla Soler i Aramburu. Tutor Jordi Barberan Fayos del Col\u00b7legi Salesi\u00e0 Sant Josep<br \/>\n<strong>Arquimedes o el setge de Siracusa<\/strong> de Mireia Conesa i Teixid\u00f3. Tutora Lourdes M\u00e9ndez Saco de l&#8217;Institut Ernest Lluc<br \/>\n<strong>Qu\u00e8 passa quan un iogurt caduca?<\/strong> d&#8217;Alicia Espi\u00f1a Bou. Tutora Carol Fern\u00e1ndez del Col\u00b7legi Salesi\u00e0 Sant Josep<\/p>\n<p><strong><span style=\"color: maroon;\">VI Mostra de Recerca Eixample &#8211; 15 d&#8217;abril de 2015:<\/span><\/strong><\/p>\n<p>&#8211; <a href=\"https:\/\/drive.google.com\/open?id=0B9ZKbvy2SWwGTUJwRUZjNnRheVE&amp;authuser=0\" target=\"_blank\" rel=\"noopener noreferrer\">Revista de la Mostra<\/a><br \/>\nTreballs finalistes de districte:<\/p>\n<p><strong>The creation process of 2D animated movies<\/strong> de Laura Moreno Caparr\u00f3s. Tutora Carme Peralta de l&#8217;Escola d&#8217;Art La Industrial<br \/>\n<strong>Disseny i construcci\u00f3 d&#8217;un drone aut\u00f2nom<\/strong> de Joel Papalini Carro. Tutors Ram\u00f3n Sim\u00f3 i Josefa Mart\u00ednez de l&#8217;INS Escola del Treball<br \/>\n<strong>20.5.20 Alzheimer<\/strong> d&#8217;Alba Guti\u00e9rrez Roqueta. Tutor Salvador Riart Vendrell de Lestonnac<\/p>\n<p><strong><span style=\"color: maroon;\">V Mostra de Recerca Eixample &#8211; 2 d&#8217;abril de 2014:<\/span><\/strong><\/p>\n<p>&#8211; <a href=\"https:\/\/docs.google.com\/a\/xtec.cat\/file\/d\/0B9ZKbvy2SWwGTGdiempXX0cwNzA\/edit\" target=\"_blank\" rel=\"noopener noreferrer\">Programa de la Mostra<\/a><br \/>\n&#8211; <a href=\"https:\/\/docs.google.com\/a\/xtec.cat\/file\/d\/0B9ZKbvy2SWwGNDd5TE9aRzQzdjQ\/edit\" target=\"_blank\" rel=\"noopener noreferrer\">Treballs presentats<\/a><br \/>\n&#8211; <a href=\"https:\/\/docs.google.com\/a\/xtec.cat\/file\/d\/0B9ZKbvy2SWwGQjJOd1FzWkVhNXc\/edit\" target=\"_blank\" rel=\"noopener noreferrer\">Revista de la Mostra<\/a><\/p>\n<p>Treballs finalistes de districte:<\/p>\n<p><strong>Derelictes de la Primera Guerra Mundial vora el golf de Sant Jordi<\/strong> de Guillem Busquets Oliv\u00e9. Tutora Helena Vall\u00e9s de Sagrat Cor-Diputaci\u00f3<br \/>\n<strong>Pla de m\u00e0rqueting per al llan\u00e7ament d&#8217;un iogurt de xocolata<\/strong> de Silvia Quera Blanco. Tutor \u00c0lex Alejos Paricio del Col\u00b7legio Salesi\u00e0 Sant Josep<br \/>\n<strong>L&#8217;obra hist\u00f2rica<\/strong> de Alex Castellana Hermosilla. Tutora \u00c0ngels Tormo Montserrat de l&#8217;INS Fort Pius<\/p>\n<p><strong><span style=\"color: maroon;\">IV Mostra de Recerca de Batxillerat &#8211; Abril 2013<\/span><\/strong><\/p>\n<p>&#8211; <a href=\"https:\/\/docs.google.com\/a\/xtec.cat\/file\/d\/0B9ZKbvy2SWwGUGZkNktVbUVhWTQ\/edit\" target=\"_blank\" rel=\"noopener noreferrer\">Recull fotogr\u00e0fic<\/a><br \/>\n&#8211; <a href=\"http:\/\/www.calameo.com\/read\/002494077461e3fb81f14\" target=\"_blank\" rel=\"noopener noreferrer\">Publicaci\u00f3 dels treballs presentats<\/a><\/p>\n<p>Treballs finalistes de districte:<br \/>\n<strong>L&#8217;efecte placebo<\/strong> d&#8217;Irene Ortega. Tutor Joan Sabid\u00f3 de l&#8217;INS Fort Pius<br \/>\n<strong>Tint\u00edn al laboratori<\/strong> d&#8217;Aina Mart\u00ed. Tutora Pilar P\u00e9rez de l&#8217;INS Ernest Lluch<br \/>\n<strong>La hora muerta<\/strong> de Mar\u00eda Lorente. Tutora M. Jos\u00e9 Tello de l&#8217;INS Fort Pius<\/p>\n<p>L&#8217;institut Fort Pius, amb l&#8217;obra: La hora muerta, ha estat guardonat a la Recerca Jove de Barcelona 2013.<br \/>\nMoltes felicitats!<\/p>\n<p><strong><span style=\"color: maroon;\">III Mostra de Recerca &#8211;\u00a0Abril 2012<\/span><\/strong><\/p>\n<p><a href=\"http:\/\/www.calameo.com\/read\/0024940775be92f0fcfef\" target=\"_blank\" rel=\"noopener noreferrer\">Publicaci\u00f3 treballs presentats<\/a><\/p>\n<p>Treballs finalistes de districte:<br \/>\n<strong>La f\u00edsica aplicada al rem: Estudi de la ciavoga<\/strong>, de Marc Ferrer Betorz de l&#8217;INS J. Balmes<br \/>\n<strong>Estudi sobre la influ\u00e8ncia del proc\u00e9s de panificaci\u00f3 en la conservaci\u00f3 del pa com\u00fa<\/strong> de X\u00e8nia Querol Utg\u00e9s de l&#8217;INS Poeta Maragall<br \/>\n<strong>L\u2019escola els anys seixanta i setanta. Escoles progressistes catalanes: Escola Mireia<\/strong>, de Marc Alabart. de l&#8217;INS Jaume Balmes<\/p>\n<p>L&#8217;institut Jaume Balmes, amb l&#8217;obra: La f\u00edsica aplicada al rem. Estudi de la ciavoga i<br \/>\nL&#8217;institut Poeta Maragall, amb el treball: Estudi sobre la influ\u00e8ncia del proc\u00e9s de panificaci\u00f3 en la conservaci\u00f3 del pa com\u00fa, han estat guardonats a la Recerca Jove de Barcelona, 2012<\/p>\n<p><strong><span style=\"color: maroon;\">II Mostra de Recerca &#8211;\u00a0Abril 2011<\/span><\/strong><\/p>\n<p><a href=\"http:\/\/www.calameo.com\/read\/002494077a09b6fd64b4c\" target=\"_blank\" rel=\"noopener noreferrer\">Publicaci\u00f3 treballs presentats<\/a><\/p>\n<p>Treballs finalistes de districte:<br \/>\n<strong>Els Estomes a Barcelona i al Montseny<\/strong>, de Laia Catas\u00fas de l&#8217;INS Jaume Balmes<br \/>\n<strong>Ensenya&#8217;m com escrius i et dir\u00e9 com ets<\/strong>, de N\u00faria Rabassa de l&#8217;INS Fort Pius<br \/>\n<strong>La geometria amagada darrera la pintura<\/strong>, de Eul\u00e0lia Ribera del Col\u00b7legi Sagrat Cor Diputaci\u00f3<\/p>\n<p>L&#8217;INS Jaume Balmes, amb l&#8217;obra: Els Estomes a Barcelona i al Montseny ha estat guardonat a la Recerca Jove de Barcelona, 2011<\/p>\n<p><strong><span style=\"color: maroon;\">I Mostra de Recerca &#8211;\u00a0Abril 2010<\/span><\/strong><\/p>\n<p><a href=\"http:\/\/www.calameo.com\/read\/002494077db278feba1b4\" target=\"_blank\" rel=\"noopener noreferrer\">Publicaci\u00f3 treballs presentats<\/a><\/p>\n<p>Treballs finalistes de districte:<br \/>\n<strong>Del g\u00e0rum a la picada. La perviv\u00e8ncia de la cuina romana en la cuina catalana tradicional<\/strong> de Sabina Batlle Bar\u00f3 de l&#8217;INS Fort Pius<br \/>\n<strong>Cadenes de Markov aplicades a la producci\u00f3 d\u2019un viver<\/strong> de Gl\u00f2ria Castellv\u00ed de l&#8217;INS Poeta Maragall<br \/>\n<strong>Joseph Cemeli, rector y se\u00f1or de Llert<\/strong> de Carlos Nasarre del Col\u00b7legi Sagrat Diputaci\u00f3<\/p>\n<p>L&#8217;INS Poeta Maragall, amb el treball: Cadenes de Markov&#8230;<br \/>\nl&#8217;INS Fort Pius, amb l&#8217;obra: Del g\u00e0rum a la picada, i el Col\u00b7legi Sagrat Diputaci\u00f3 amb el teball: Josep Cemeli, rector y se\u00f1or de Llert han estat guardonats a la Recerca Jove de BCN 2010.<\/p>\n<p><strong><span style=\"color: maroon;\">Abril 2009<\/span><\/strong><\/p>\n<p>L&#8217;INS Fort Pius, amb els treballs: La realitat:La cosa -en-si i la seva representaci\u00f3 i el Parc agrari periurb\u00e0: passat, present i futur, ha estat guardonat a la Recerca Jove de Barcelona, 2009<\/p>\n","protected":false},"excerpt":{"rendered":"<p>VII Mostra de Recerca Eixample &#8211; 31 de mar\u00e7 de 2016:<br \/>\n&#8211; <a href=\"https:\/\/drive.google.com\/open?id=0B9ZKbvy2SWwGR3JQT21CTFpxd0k\" target=\"_blank\" rel=\"noopener noreferrer\">Revista de la Mostra<\/a><br \/>\n&#8211; <a href=\"https:\/\/goo.gl\/photos\/Sma1TTbKXNA2WXJp6\" target=\"_blank\" rel=\"noopener noreferrer\">Reportatge fotogr\u00e0fic<\/a><br \/>\nTreballs finalistes de districte:<br \/>\nCor de 9 amb folre i manilles: Estudi de la freq\u00fc\u00e8ncia card\u00edaca del m\u00f3n casteller de Carla Soler&hellip;  <a href=\"https:\/\/serveiseducatius.xtec.cat\/eixample\/activitats-de-dinamitzacio\/mostra-de-recerca\/historic-mostra-de-recerca\/\" title=\"Read Hist\u00f2ric Mostra de Recerca\">Llegeix m\u00e9s\u00bb<\/a><\/p>\n","protected":false},"author":4,"featured_media":0,"parent":8230,"menu_order":0,"comment_status":"closed","ping_status":"closed","template":"page-templates\/side-menu.php","meta":{"_bbp_topic_count":0,"_bbp_reply_count":0,"_bbp_total_topic_count":0,"_bbp_total_reply_count":0,"_bbp_voice_count":0,"_bbp_anonymous_reply_count":0,"_bbp_topic_count_hidden":0,"_bbp_reply_count_hidden":0,"_bbp_forum_subforum_count":0,"footnotes":""},"class_list":["post-8237","page","type-page","status-publish","hentry"],"post_mailing_queue_ids":[],"_links":{"self":[{"href":"https:\/\/serveiseducatius.xtec.cat\/eixample\/wp-json\/wp\/v2\/pages\/8237","targetHints":{"allow":["GET"]}}],"collection":[{"href":"https:\/\/serveiseducatius.xtec.cat\/eixample\/wp-json\/wp\/v2\/pages"}],"about":[{"href":"https:\/\/serveiseducatius.xtec.cat\/eixample\/wp-json\/wp\/v2\/types\/page"}],"author":[{"embeddable":true,"href":"https:\/\/serveiseducatius.xtec.cat\/eixample\/wp-json\/wp\/v2\/users\/4"}],"replies":[{"embeddable":true,"href":"https:\/\/serveiseducatius.xtec.cat\/eixample\/wp-json\/wp\/v2\/comments?post=8237"}],"version-history":[{"count":4,"href":"https:\/\/serveiseducatius.xtec.cat\/eixample\/wp-json\/wp\/v2\/pages\/8237\/revisions"}],"predecessor-version":[{"id":9273,"href":"https:\/\/serveiseducatius.xtec.cat\/eixample\/wp-json\/wp\/v2\/pages\/8237\/revisions\/9273"}],"up":[{"embeddable":true,"href":"https:\/\/serveiseducatius.xtec.cat\/eixample\/wp-json\/wp\/v2\/pages\/8230"}],"wp:attachment":[{"href":"https:\/\/serveiseducatius.xtec.cat\/eixample\/wp-json\/wp\/v2\/media?parent=8237"}],"curies":[{"name":"wp","href":"https:\/\/api.w.org\/{rel}","templated":true}]}}