{"id":8234,"date":"2017-09-13T11:44:08","date_gmt":"2017-09-13T09:44:08","guid":{"rendered":"http:\/\/serveiseducatius.xtec.cat\/eixample\/?page_id=8234"},"modified":"2020-09-25T13:26:29","modified_gmt":"2020-09-25T11:26:29","slug":"congres-de-ciencia","status":"publish","type":"page","link":"https:\/\/serveiseducatius.xtec.cat\/eixample\/activitats-de-dinamitzacio\/congres-de-ciencia\/","title":{"rendered":"VIII Congr\u00e9s de ci\u00e8ncia"},"content":{"rendered":"<p><strong><a href=\"https:\/\/serveiseducatius.xtec.cat\/eixample\/wp-content\/uploads\/usu1171\/2017\/09\/Quadricula-ODS_EADOP_web.jpg_732762667.jpg\"><img loading=\"lazy\" decoding=\"async\" class=\"alignleft wp-image-9886\" src=\"https:\/\/serveiseducatius.xtec.cat\/eixample\/wp-content\/uploads\/usu1171\/2017\/09\/Quadricula-ODS_EADOP_web.jpg_732762667.jpg\" alt=\"\" width=\"1000\" height=\"496\" srcset=\"https:\/\/serveiseducatius.xtec.cat\/eixample\/wp-content\/uploads\/usu1171\/2017\/09\/Quadricula-ODS_EADOP_web.jpg_732762667.jpg 754w, https:\/\/serveiseducatius.xtec.cat\/eixample\/wp-content\/uploads\/usu1171\/2017\/09\/Quadricula-ODS_EADOP_web.jpg_732762667-300x149.jpg 300w\" sizes=\"auto, (max-width: 1000px) 100vw, 1000px\" \/><\/a><\/strong><\/p>\n<p><strong>ADRE\u00c7ADA \u00a0A<\/strong>: Professorat i alumnat<\/p>\n<p><strong>NIVELL<\/strong>: Educaci\u00f3 infantil (P5) i Educaci\u00f3 prim\u00e0ria<\/p>\n<p><strong>OBJECTIUS<\/strong>:<\/p>\n<ul>\n<li>Valorar el treball cient\u00edfic que es realitza amb l\u2019alumnat en els centres educatius.<\/li>\n<li>Potenciar, coordinar i difondre activitats de recerca en educaci\u00f3 infantil i prim\u00e0ria.<\/li>\n<li>Potenciar, coordinar i difondre activitats de recerca en l&#8217;educaci\u00f3 infantil i prim\u00e0ria.<\/li>\n<li>Potenciar les compet\u00e8ncies cient\u00edfiques, ling\u00fc\u00edstiques i de comunicaci\u00f3.<\/li>\n<li>Fer de l\u2019alumne el protagonista afavorint un marc on es pugui mostrar els seus treballs d\u2019investigaci\u00f3.<\/li>\n<\/ul>\n<p><strong>DESCRIPCI\u00d3<\/strong>: Congr\u00e9s de ci\u00e8ncia adre\u00e7at a l\u2019alumnat d\u2019educaci\u00f3 infantil i prim\u00e0ria. Es presenta una experi\u00e8ncia de recerca per centre feta per l\u2019alumnat, mitjan\u00e7ant unes pautes que s\u2019aniran concretant al llarg del projecte. El dia del Congr\u00e9s l&#8217;alumnat exposar\u00e0 en petit grup l&#8217;experi\u00e8ncia (m\u00e0xim 8 persones), acompanyada d\u2019un suport visual com fotografies, presentacions digitals,&#8230;<\/p>\n<p><strong>TEM\u00c0TICA<\/strong>: &#8220;<em>Plantem el futur:desenvolupament sostenible. Objectius 2 i 15 del Desenvolupament global de la Unesco &#8220;ODS&#8221;<\/em><\/p>\n<p><strong>CALENDARI<\/strong>:<\/p>\n<ul>\n<li>Formaci\u00f3 del professorat: es preveuen 6 sessions (pendent de concretar).<\/li>\n<li>8\u00e8 Congr\u00e9s de ci\u00e8ncia: Maig (pendent de concretar).<\/li>\n<\/ul>\n<p><strong>DURADA<\/strong>:<\/p>\n<ul>\n<li>Formaci\u00f3 del professorat: de 17.30 a 19.30h<\/li>\n<li><span style=\"font-family: inherit; font-size: 1em;\">8\u00e8 Congr\u00e9s de ci\u00e8ncia: tot el mat\u00ed.<\/span><\/li>\n<\/ul>\n<p><strong>LLOC ON ES REALITZA<\/strong>: Diferents auditoris de la ciutat (pendent de concretar).<\/p>\n<p><strong>OBSERVACIONS<\/strong>: Nom\u00e9s es podr\u00e0 presentar una experi\u00e8ncia per centre i, el dia de l\u2019exposici\u00f3 de la recerca, nom\u00e9s hi podran assistir un m\u00e0xim de 50 alumnes per escola. En el cas que hi hagi algun centre de 3 l\u00ednies hi podran assistir tots, sempre hi quan hi hagi aforament per aquest dia.<\/p>\n<p><strong>Edicions anteriors:<\/strong><br \/>\n<a href=\"https:\/\/sites.google.com\/a\/xtec.cat\/ciencia-nb-sa\/home\" target=\"_blank\" rel=\"noopener noreferrer\">1r congr\u00e9s<\/a><br \/>\n<a href=\"https:\/\/sites.google.com\/a\/xtec.cat\/2on-congres-ciencia\/\" target=\"_blank\" rel=\"noopener noreferrer\">2n congr\u00e9s<\/a><br \/>\n<a href=\"https:\/\/sites.google.com\/a\/xtec.cat\/3r-congres-ciencia\/\" target=\"_blank\" rel=\"noopener noreferrer\">3r congr\u00e9s<\/a><br \/>\n<a href=\"https:\/\/sites.google.com\/a\/xtec.cat\/4t-congres-de-ciencia\/portada\" target=\"_blank\" rel=\"noopener noreferrer\">4t congr\u00e9s<\/a><br \/>\n<a href=\"http:\/\/blocs.xtec.cat\/5congresdeciencia\/\" target=\"_blank\" rel=\"noopener noreferrer\">5\u00e8 congr\u00e9s<\/a><br \/>\n<a href=\"https:\/\/blocs.xtec.cat\/6congresdeciencia\/\">6\u00e8 congr\u00e9s<\/a><\/p>\n<p><strong>ORGANITZACI\u00d3:<\/strong><br \/>\nCRP Eixample, CRP Gr\u00e0cia, CRP Nou Barris, CRP Sant Andreu ,CRP Sant Mart\u00ed ,CRP Sants-Montj\u00fcich,CRP Sarri\u00e0-Sant Gervasi, CRP Les Corts, CRP Horta-Guinard\u00f3<\/p>\n<p><strong>INSCRIPCIONS<\/strong><\/p>\n<p><a href=\"https:\/\/aplicacions.gestioeducativa.gencat.cat\/pls\/soloas\/pk_for_mod_ins.p_for_detall_activitat?p_header=Llista%20d%27activitats%5Epk_for_mod_ins.p_for_cons_activitats?p_crp=106%26p_any=2020-2021%26p_totes=S%26p_inici=1%26p_excloure_crp_rec=T&amp;p_codi=1060091106&amp;p_curs=2020-2021&amp;p_excloure_crp_rec=T\">Formulari d&#8217;inscripci\u00f3<\/a><\/p>\n","protected":false},"excerpt":{"rendered":"<p><a href=\"https:\/\/serveiseducatius.xtec.cat\/eixample\/wp-content\/uploads\/usu1171\/2017\/09\/Quadricula-ODS_EADOP_web.jpg_732762667.jpg\"><\/a><br \/>\nADRE\u00c7ADA \u00a0A: Professorat i alumnat<br \/>\nNIVELL: Educaci\u00f3 infantil (P5) i Educaci\u00f3 prim\u00e0ria<br \/>\nOBJECTIUS:<\/p>\n<ul>\n<li>Valorar el treball cient\u00edfic que es realitza amb l\u2019alumnat en els centres educatius.<\/li>\n<li>Potenciar, coordinar i difondre activitats de recerca en educaci\u00f3 infantil i prim\u00e0ria.<\/li>\n<li>Potenciar, coordinar i difondre activitats de recerca en l&#8217;educaci\u00f3 infantil i&hellip;  <a href=\"https:\/\/serveiseducatius.xtec.cat\/eixample\/activitats-de-dinamitzacio\/congres-de-ciencia\/\" title=\"Read VIII Congr\u00e9s de ci\u00e8ncia\">Llegeix m\u00e9s\u00bb<\/a><br \/>\n","protected":false},"author":4,"featured_media":0,"parent":8207,"menu_order":0,"comment_status":"closed","ping_status":"closed","template":"page-templates\/side-menu.php","meta":{"_bbp_topic_count":0,"_bbp_reply_count":0,"_bbp_total_topic_count":0,"_bbp_total_reply_count":0,"_bbp_voice_count":0,"_bbp_anonymous_reply_count":0,"_bbp_topic_count_hidden":0,"_bbp_reply_count_hidden":0,"_bbp_forum_subforum_count":0,"footnotes":""},"class_list":["post-8234","page","type-page","status-publish","hentry"],"post_mailing_queue_ids":[],"_links":{"self":[{"href":"https:\/\/serveiseducatius.xtec.cat\/eixample\/wp-json\/wp\/v2\/pages\/8234","targetHints":{"allow":["GET"]}}],"collection":[{"href":"https:\/\/serveiseducatius.xtec.cat\/eixample\/wp-json\/wp\/v2\/pages"}],"about":[{"href":"https:\/\/serveiseducatius.xtec.cat\/eixample\/wp-json\/wp\/v2\/types\/page"}],"author":[{"embeddable":true,"href":"https:\/\/serveiseducatius.xtec.cat\/eixample\/wp-json\/wp\/v2\/users\/4"}],"replies":[{"embeddable":true,"href":"https:\/\/serveiseducatius.xtec.cat\/eixample\/wp-json\/wp\/v2\/comments?post=8234"}],"version-history":[{"count":3,"href":"https:\/\/serveiseducatius.xtec.cat\/eixample\/wp-json\/wp\/v2\/pages\/8234\/revisions"}],"predecessor-version":[{"id":11692,"href":"https:\/\/serveiseducatius.xtec.cat\/eixample\/wp-json\/wp\/v2\/pages\/8234\/revisions\/11692"}],"up":[{"embeddable":true,"href":"https:\/\/serveiseducatius.xtec.cat\/eixample\/wp-json\/wp\/v2\/pages\/8207"}],"wp:attachment":[{"href":"https:\/\/serveiseducatius.xtec.cat\/eixample\/wp-json\/wp\/v2\/media?parent=8234"}],"curies":[{"name":"wp","href":"https:\/\/api.w.org\/{rel}","templated":true}]}}