{"id":8221,"date":"2017-09-13T11:03:17","date_gmt":"2017-09-13T09:03:17","guid":{"rendered":"http:\/\/serveiseducatius.xtec.cat\/eixample\/?page_id=8221"},"modified":"2020-09-25T13:31:34","modified_gmt":"2020-09-25T11:31:34","slug":"sota-les-sabates-p5","status":"publish","type":"page","link":"https:\/\/serveiseducatius.xtec.cat\/eixample\/activitats-de-dinamitzacio\/sota-les-sabates-p5\/","title":{"rendered":"Sota les sabates &#8211; P5"},"content":{"rendered":"<p><strong>Descripci\u00f3<\/strong><br \/>\nQuan era petita em mirava el paisatge de la vida des del balc\u00f3 de casa. A la primavera veia les orenetes passar, per\u00f2 mai s&#8217;aturaven a saludar-me; a l&#8217;estiu volia convidar el mar a viure a casa per passar-me el dia dins de l&#8217;aigua ballant amb els peixos; a la tardor, regalava una bufanda a cada flor i a l&#8217;hivern&#8230; la finestra quedava tancada! Ara que ja soc gran m&#8217;agrada tocar les estacions i veure com es transformen. Un conte on passejarem per les diferents estacions de l&#8217;any, Veurem com canvia el paisatge, i com canviem nosaltres!<\/p>\n<p><strong>Objectius<\/strong><\/p>\n<ul>\n<li>Volem donar valor als contes, a la imaginaci\u00f3, a la capacitat d&#8217;estar una estona en silenci ,escoltant, gaudint d&#8217;un moment \u00fanic i irrepetible.<\/li>\n<li>Volem que els nens estiguin a gust, contents, que es prenguin l&#8217;activitat com una sorpresa, una aventura que tenen l&#8217;oportunitat de viure per una estona.<\/li>\n<li>La m\u00e0gia de la narraci\u00f3 ens ho regalar\u00e0.<\/li>\n<\/ul>\n<p><strong>Nivell educatiu<\/strong><br \/>\nEducaci\u00f3 infantil (P5) i cicle inicial de prim\u00e0ria<\/p>\n<p><strong>Calendari<\/strong><br \/>\nPendent de concretar<br \/>\nEntre 45 min i 1 hora per sessi\u00f3.<\/p>\n<p><a href=\"https:\/\/forms.gle\/cUYKCyDvYgom3cEe8\">Formulari d&#8217;inscripci\u00f3<\/a><\/p>\n","protected":false},"excerpt":{"rendered":"<p>Descripci\u00f3<br \/>\nQuan era petita em mirava el paisatge de la vida des del balc\u00f3 de casa. A la primavera veia les orenetes passar, per\u00f2 mai s&#8217;aturaven a saludar-me; a l&#8217;estiu volia convidar el mar a viure a casa per passar-me el dia dins de l&#8217;aigua ballant&hellip;  <a href=\"https:\/\/serveiseducatius.xtec.cat\/eixample\/activitats-de-dinamitzacio\/sota-les-sabates-p5\/\" title=\"Read Sota les sabates &#8211; P5\">Llegeix m\u00e9s\u00bb<\/a><\/p>\n","protected":false},"author":4,"featured_media":0,"parent":8207,"menu_order":0,"comment_status":"closed","ping_status":"closed","template":"page-templates\/side-menu.php","meta":{"_bbp_topic_count":0,"_bbp_reply_count":0,"_bbp_total_topic_count":0,"_bbp_total_reply_count":0,"_bbp_voice_count":0,"_bbp_anonymous_reply_count":0,"_bbp_topic_count_hidden":0,"_bbp_reply_count_hidden":0,"_bbp_forum_subforum_count":0,"footnotes":""},"class_list":["post-8221","page","type-page","status-publish","hentry"],"post_mailing_queue_ids":[],"_links":{"self":[{"href":"https:\/\/serveiseducatius.xtec.cat\/eixample\/wp-json\/wp\/v2\/pages\/8221","targetHints":{"allow":["GET"]}}],"collection":[{"href":"https:\/\/serveiseducatius.xtec.cat\/eixample\/wp-json\/wp\/v2\/pages"}],"about":[{"href":"https:\/\/serveiseducatius.xtec.cat\/eixample\/wp-json\/wp\/v2\/types\/page"}],"author":[{"embeddable":true,"href":"https:\/\/serveiseducatius.xtec.cat\/eixample\/wp-json\/wp\/v2\/users\/4"}],"replies":[{"embeddable":true,"href":"https:\/\/serveiseducatius.xtec.cat\/eixample\/wp-json\/wp\/v2\/comments?post=8221"}],"version-history":[{"count":4,"href":"https:\/\/serveiseducatius.xtec.cat\/eixample\/wp-json\/wp\/v2\/pages\/8221\/revisions"}],"predecessor-version":[{"id":11694,"href":"https:\/\/serveiseducatius.xtec.cat\/eixample\/wp-json\/wp\/v2\/pages\/8221\/revisions\/11694"}],"up":[{"embeddable":true,"href":"https:\/\/serveiseducatius.xtec.cat\/eixample\/wp-json\/wp\/v2\/pages\/8207"}],"wp:attachment":[{"href":"https:\/\/serveiseducatius.xtec.cat\/eixample\/wp-json\/wp\/v2\/media?parent=8221"}],"curies":[{"name":"wp","href":"https:\/\/api.w.org\/{rel}","templated":true}]}}