{"id":8218,"date":"2017-09-13T10:56:32","date_gmt":"2017-09-13T08:56:32","guid":{"rendered":"http:\/\/serveiseducatius.xtec.cat\/eixample\/?page_id=8218"},"modified":"2020-09-25T13:00:04","modified_gmt":"2020-09-25T11:00:04","slug":"els-calaixos-del-cel-p4","status":"publish","type":"page","link":"https:\/\/serveiseducatius.xtec.cat\/eixample\/activitats-de-dinamitzacio\/els-calaixos-del-cel-p4\/","title":{"rendered":"Els calaixos del cel &#8211; P4"},"content":{"rendered":"<p><strong>Descripci\u00f3<\/strong><br \/>\nJo tinc una filla, \u00e9s petita sabeu? Es diu Greta. A vegades a la nit t\u00e9 una mica de por de la foscor, per\u00f2 per sort, la lluna, que \u00e9s amiga seva, li deixa un somni sota el coix\u00ed, perqu\u00e8 el somni\u00ef tota la nit. Avui la lluna ens convida a pujar cel amunt i con\u00e8ixer els seus amics. Voleu venir? No ho expliqueu a ning\u00fa per\u00f2 tinc un secret per pujar fins als n\u00favols!! no feu gaire soroll i prepareu-vos que pujarem fins a les estrelles. Un conte en el qu\u00e8 passejarem per un trosset del cel i ens deixarem endur per la m\u00e0gia dels somnis.<\/p>\n<p><strong>Objectius<\/strong><\/p>\n<ul>\n<li>Evidentment podem parlar de la lluna, com \u00e9s, com la veiem, per qu\u00e8 a vegades no la veiem&#8230;<\/li>\n<li>Podem parlar de la por, de quan ens fiquem al llit, si dormim sols o amb germans, de com ens sentim, si ens agrada, si els pares ens hi acompanyen&#8230;<\/li>\n<li>Els somnis, on ens agrada viatjar en els nostres somnis, quin somnis tenim, quins ens agraden m\u00e9s&#8230; explicar-ne algun, potser&#8230;<\/li>\n<li>Podem parlar de les nostres \u00e0vies, quina relaci\u00f3 hi tenim? Si tenen capses de tresors amagats, quan les veiem, si viuen a prop o lluny&#8230; si ens expliquen hist\u00f2ries&#8230;<\/li>\n<li>Parlar de la m\u00e0gia dels contes, de la gran virtut que tenen de fer-nos passar la por quan anem a dormir. Aprofitar per triar-ne algun, explicar-lo, parlar-ne&#8230;<\/li>\n<\/ul>\n<p><strong>Nivell educatiu<\/strong><br \/>\nEducaci\u00f3 infantil &#8211; P4<\/p>\n<p><strong>Calendari<br \/>\n<\/strong>Pendent de concretar<br \/>\nEntre 45 min i 1 hora per sessi\u00f3.<\/p>\n<p><a href=\"https:\/\/forms.gle\/cUYKCyDvYgom3cEe8\">Formulari d&#8217;inscripci\u00f3<\/a><\/p>\n","protected":false},"excerpt":{"rendered":"<p>Descripci\u00f3<br \/>\nJo tinc una filla, \u00e9s petita sabeu? Es diu Greta. A vegades a la nit t\u00e9 una mica de por de la foscor, per\u00f2 per sort, la lluna, que \u00e9s amiga seva, li deixa un somni sota el coix\u00ed, perqu\u00e8 el somni\u00ef tota la nit.&hellip;  <a href=\"https:\/\/serveiseducatius.xtec.cat\/eixample\/activitats-de-dinamitzacio\/els-calaixos-del-cel-p4\/\" title=\"Read Els calaixos del cel &#8211; P4\">Llegeix m\u00e9s\u00bb<\/a><\/p>\n","protected":false},"author":4,"featured_media":0,"parent":8207,"menu_order":0,"comment_status":"closed","ping_status":"closed","template":"page-templates\/side-menu.php","meta":{"_bbp_topic_count":0,"_bbp_reply_count":0,"_bbp_total_topic_count":0,"_bbp_total_reply_count":0,"_bbp_voice_count":0,"_bbp_anonymous_reply_count":0,"_bbp_topic_count_hidden":0,"_bbp_reply_count_hidden":0,"_bbp_forum_subforum_count":0,"footnotes":""},"class_list":["post-8218","page","type-page","status-publish","hentry"],"post_mailing_queue_ids":[],"_links":{"self":[{"href":"https:\/\/serveiseducatius.xtec.cat\/eixample\/wp-json\/wp\/v2\/pages\/8218","targetHints":{"allow":["GET"]}}],"collection":[{"href":"https:\/\/serveiseducatius.xtec.cat\/eixample\/wp-json\/wp\/v2\/pages"}],"about":[{"href":"https:\/\/serveiseducatius.xtec.cat\/eixample\/wp-json\/wp\/v2\/types\/page"}],"author":[{"embeddable":true,"href":"https:\/\/serveiseducatius.xtec.cat\/eixample\/wp-json\/wp\/v2\/users\/4"}],"replies":[{"embeddable":true,"href":"https:\/\/serveiseducatius.xtec.cat\/eixample\/wp-json\/wp\/v2\/comments?post=8218"}],"version-history":[{"count":3,"href":"https:\/\/serveiseducatius.xtec.cat\/eixample\/wp-json\/wp\/v2\/pages\/8218\/revisions"}],"predecessor-version":[{"id":11686,"href":"https:\/\/serveiseducatius.xtec.cat\/eixample\/wp-json\/wp\/v2\/pages\/8218\/revisions\/11686"}],"up":[{"embeddable":true,"href":"https:\/\/serveiseducatius.xtec.cat\/eixample\/wp-json\/wp\/v2\/pages\/8207"}],"wp:attachment":[{"href":"https:\/\/serveiseducatius.xtec.cat\/eixample\/wp-json\/wp\/v2\/media?parent=8218"}],"curies":[{"name":"wp","href":"https:\/\/api.w.org\/{rel}","templated":true}]}}