{"id":8214,"date":"2017-09-13T09:24:35","date_gmt":"2017-09-13T07:24:35","guid":{"rendered":"http:\/\/serveiseducatius.xtec.cat\/eixample\/?page_id=8214"},"modified":"2020-09-25T12:58:14","modified_gmt":"2020-09-25T10:58:14","slug":"les-butxaques-del-mar-p3","status":"publish","type":"page","link":"https:\/\/serveiseducatius.xtec.cat\/eixample\/activitats-de-dinamitzacio\/les-butxaques-del-mar-p3\/","title":{"rendered":"Les butxaques del mar &#8211; P3"},"content":{"rendered":"<p><strong>Descripci\u00f3<\/strong><br \/>\nLa lluna viu al cel, feli\u00e7. Quan els nens, les nenes i els peixos se\u2019n van a dormir es desperta per sortir a jugar amb els estels que volen entre els n\u00favols. Del cel estant, li agrada mirar el mar: els peixos que mouen la cua contents, mirar les petxines presumides que neden entre les onades, les estrelles de mar, que miren les del cel&#8230; per\u00f2&#8230; mai ha baixat a l\u2019aigua, no sap nedar!!! Un bon dia&#8230; Li cau la seva cullera dins el mar, amb la que esmorza cada dia i voldria recuperar. Haur\u00e0 de baixar a buscar-la i endinsar-se en el misteri\u00f3s m\u00f3n de les onades!!!<\/p>\n<p><strong>Objectius<\/strong><\/p>\n<ul>\n<li>Treballar el mar i els seus elements, observar-los en fotos, pintar-los, poder-ne tocar de veritat (petxines, cavallets de mar, estrelles de mar&#8230;).<\/li>\n<li>Treballar la m\u00e0gia de la lluna, la podem mirar cada nit des de la finestra, per\u00f2 a vegades&#8230; no la veiem!! qu\u00e8 passa quan no hi \u00e9s? Observar com creix i com desapareix.<\/li>\n<li>Respecte, empatia, el con\u00e8ixer l\u2019altre&#8230;<\/li>\n<li>Tamb\u00e9 podem treballar la part pl\u00e0stica del conte, la faldilla amb butxaques, el collaret de peixos, culleres de colors&#8230;.<\/li>\n<\/ul>\n<p><strong>Nivell<\/strong><br \/>\nEducaci\u00f3 infantil &#8211; P3<\/p>\n<p><strong>Calendari<\/strong><\/p>\n<p>Pendent de concretar<br \/>\nEntre 45 min i 1 hora per sessi\u00f3.<\/p>\n<p><a href=\"https:\/\/forms.gle\/cUYKCyDvYgom3cEe8\">Formulari d&#8217;inscripci\u00f3<\/a><\/p>\n","protected":false},"excerpt":{"rendered":"<p>Descripci\u00f3<br \/>\nLa lluna viu al cel, feli\u00e7. Quan els nens, les nenes i els peixos se\u2019n van a dormir es desperta per sortir a jugar amb els estels que volen entre els n\u00favols. Del cel estant, li agrada mirar el mar: els peixos que mouen la&hellip;  <a href=\"https:\/\/serveiseducatius.xtec.cat\/eixample\/activitats-de-dinamitzacio\/les-butxaques-del-mar-p3\/\" title=\"Read Les butxaques del mar &#8211; P3\">Llegeix m\u00e9s\u00bb<\/a><\/p>\n","protected":false},"author":4,"featured_media":0,"parent":8207,"menu_order":0,"comment_status":"closed","ping_status":"closed","template":"page-templates\/side-menu.php","meta":{"_bbp_topic_count":0,"_bbp_reply_count":0,"_bbp_total_topic_count":0,"_bbp_total_reply_count":0,"_bbp_voice_count":0,"_bbp_anonymous_reply_count":0,"_bbp_topic_count_hidden":0,"_bbp_reply_count_hidden":0,"_bbp_forum_subforum_count":0,"footnotes":""},"class_list":["post-8214","page","type-page","status-publish","hentry"],"post_mailing_queue_ids":[],"_links":{"self":[{"href":"https:\/\/serveiseducatius.xtec.cat\/eixample\/wp-json\/wp\/v2\/pages\/8214","targetHints":{"allow":["GET"]}}],"collection":[{"href":"https:\/\/serveiseducatius.xtec.cat\/eixample\/wp-json\/wp\/v2\/pages"}],"about":[{"href":"https:\/\/serveiseducatius.xtec.cat\/eixample\/wp-json\/wp\/v2\/types\/page"}],"author":[{"embeddable":true,"href":"https:\/\/serveiseducatius.xtec.cat\/eixample\/wp-json\/wp\/v2\/users\/4"}],"replies":[{"embeddable":true,"href":"https:\/\/serveiseducatius.xtec.cat\/eixample\/wp-json\/wp\/v2\/comments?post=8214"}],"version-history":[{"count":4,"href":"https:\/\/serveiseducatius.xtec.cat\/eixample\/wp-json\/wp\/v2\/pages\/8214\/revisions"}],"predecessor-version":[{"id":11685,"href":"https:\/\/serveiseducatius.xtec.cat\/eixample\/wp-json\/wp\/v2\/pages\/8214\/revisions\/11685"}],"up":[{"embeddable":true,"href":"https:\/\/serveiseducatius.xtec.cat\/eixample\/wp-json\/wp\/v2\/pages\/8207"}],"wp:attachment":[{"href":"https:\/\/serveiseducatius.xtec.cat\/eixample\/wp-json\/wp\/v2\/media?parent=8214"}],"curies":[{"name":"wp","href":"https:\/\/api.w.org\/{rel}","templated":true}]}}