{"id":1314,"date":"2016-03-15T10:23:40","date_gmt":"2016-03-15T09:23:40","guid":{"rendered":"http:\/\/serveiseducatius.xtec.cat\/eixample\/?page_id=1314"},"modified":"2022-04-28T19:48:37","modified_gmt":"2022-04-28T17:48:37","slug":"calendari-pfz","status":"publish","type":"page","link":"https:\/\/serveiseducatius.xtec.cat\/eixample\/formacio\/calendari-pfz\/","title":{"rendered":"Calendari PFZ curs 2021-2022"},"content":{"rendered":"<h4>Pendent d&#8217;actualitzar amb la nova informaci\u00f3 de dates quan es publiquin.<\/h4>\n<h4>Calendari curs 2021-2022<\/h4>\n<table class=\"table\">\n<tbody>\n<tr>\n<td><b>Proc\u00e9s<\/b><\/td>\n<td><b>Inici<\/b><\/td>\n<td><b>Fi<\/b><\/td>\n<\/tr>\n<tr>\n<td>Detecci\u00f3 de necessitats (abril- maig)<\/td>\n<td>7-05-2021<\/td>\n<td>26-05-2021<\/td>\n<\/tr>\n<tr>\n<td>Detecci\u00f3 de necessitats (activitats a realitzar a partir gener 2022)<\/td>\n<td>1-10-2021<\/td>\n<td>30-10-2021<\/td>\n<\/tr>\n<tr>\n<td>Vist-i-plau de la Inspecci\u00f3\u00a0a les activitats demanades en la modalitat de\u00a0<i>Formaci\u00f3 a centre<\/i><\/td>\n<td><\/td>\n<td>juny 21\/desembre 21<\/td>\n<\/tr>\n<tr>\n<td>Comissi\u00f3 PFZ Eixample: Valoraci\u00f3 i aprovaci\u00f3 de les demandes rebudes.<\/td>\n<td><\/td>\n<td>3 de juny i XX desembre<\/td>\n<\/tr>\n<tr>\n<td>Aprovaci\u00f3\u00a0de la proposta global pel Comit\u00e8 de Formaci\u00f3 del Departament<\/td>\n<td><\/td>\n<td>15-07-21<\/td>\n<\/tr>\n<tr>\n<td>Publicaci\u00f3\u00a0de les activitats aprovades<\/td>\n<td>30-07-21<\/td>\n<td><\/td>\n<\/tr>\n<tr>\n<td><strong>Inscripci\u00f3\u00a0del professorat a les activitats<\/strong><\/td>\n<td><strong>13-09-21<\/strong><\/td>\n<td><strong>26-09-21<\/strong><\/td>\n<\/tr>\n<\/tbody>\n<\/table>\n<p><strong>Inscripcions<\/strong><\/p>\n<table class=\"table\" width=\"790\">\n<tbody>\n<tr>\n<td><strong>Per\u00edodes d\u2019inscripci\u00f3<\/strong><\/td>\n<td><strong>Sol\u00b7licitud de pla\u00e7a<\/strong><\/td>\n<td><strong>Consulta d\u2019adjudicacions<\/strong><\/td>\n<td><strong>Inici de les activitats<\/strong><\/td>\n<\/tr>\n<tr>\n<td>Primer torn<\/td>\n<td>del 13 al 26 de setembre<\/td>\n<td>8 d\u2019octubre de 2021<\/td>\n<td>a partir del 14 d\u2019octubre de 2021<\/td>\n<\/tr>\n<tr>\n<td>Segon torn<\/td>\n<td>del 7 al 18 de gener<\/td>\n<td>31 de gener de 2022<\/td>\n<td>7 de febrer de 2022<\/td>\n<\/tr>\n<tr>\n<td>Formaci\u00f3 d\u2019estiu<\/td>\n<td>del 16 al 31 de maig<\/td>\n<td>16 de juny de 2022<\/td>\n<td>1 de juliol de 2022<\/td>\n<\/tr>\n<\/tbody>\n<\/table>\n","protected":false},"excerpt":{"rendered":"<p>Pendent d&#8217;actualitzar amb la nova informaci\u00f3 de dates quan es publiquin.<br \/>\nCalendari curs 2021-2022<\/p>\n<p>Proc\u00e9s<br \/>\nInici<br \/>\nFi<\/p>\n<p>Detecci\u00f3 de necessitats (abril- maig)<br \/>\n7-05-2021<br \/>\n26-05-2021<\/p>\n<p>Detecci\u00f3 de necessitats (activitats a realitzar a partir gener 2022)<br \/>\n1-10-2021<br \/>\n30-10-2021<\/p>\n<p>Vist-i-plau de la Inspecci\u00f3\u00a0a les activitats demanades en la modalitat de\u00a0Formaci\u00f3 a centre<\/p>\n<p>juny 21\/desembre 21<\/p>\n<p>Comissi\u00f3 PFZ Eixample: Valoraci\u00f3 i aprovaci\u00f3&hellip;  <a href=\"https:\/\/serveiseducatius.xtec.cat\/eixample\/formacio\/calendari-pfz\/\" title=\"Read Calendari PFZ curs 2021-2022\">Llegeix m\u00e9s\u00bb<\/a><\/p>\n","protected":false},"author":1,"featured_media":0,"parent":416,"menu_order":0,"comment_status":"closed","ping_status":"closed","template":"","meta":{"_bbp_topic_count":0,"_bbp_reply_count":0,"_bbp_total_topic_count":0,"_bbp_total_reply_count":0,"_bbp_voice_count":0,"_bbp_anonymous_reply_count":0,"_bbp_topic_count_hidden":0,"_bbp_reply_count_hidden":0,"_bbp_forum_subforum_count":0,"footnotes":""},"class_list":["post-1314","page","type-page","status-publish","hentry"],"post_mailing_queue_ids":[],"_links":{"self":[{"href":"https:\/\/serveiseducatius.xtec.cat\/eixample\/wp-json\/wp\/v2\/pages\/1314","targetHints":{"allow":["GET"]}}],"collection":[{"href":"https:\/\/serveiseducatius.xtec.cat\/eixample\/wp-json\/wp\/v2\/pages"}],"about":[{"href":"https:\/\/serveiseducatius.xtec.cat\/eixample\/wp-json\/wp\/v2\/types\/page"}],"author":[{"embeddable":true,"href":"https:\/\/serveiseducatius.xtec.cat\/eixample\/wp-json\/wp\/v2\/users\/1"}],"replies":[{"embeddable":true,"href":"https:\/\/serveiseducatius.xtec.cat\/eixample\/wp-json\/wp\/v2\/comments?post=1314"}],"version-history":[{"count":4,"href":"https:\/\/serveiseducatius.xtec.cat\/eixample\/wp-json\/wp\/v2\/pages\/1314\/revisions"}],"predecessor-version":[{"id":12657,"href":"https:\/\/serveiseducatius.xtec.cat\/eixample\/wp-json\/wp\/v2\/pages\/1314\/revisions\/12657"}],"up":[{"embeddable":true,"href":"https:\/\/serveiseducatius.xtec.cat\/eixample\/wp-json\/wp\/v2\/pages\/416"}],"wp:attachment":[{"href":"https:\/\/serveiseducatius.xtec.cat\/eixample\/wp-json\/wp\/v2\/media?parent=1314"}],"curies":[{"name":"wp","href":"https:\/\/api.w.org\/{rel}","templated":true}]}}