{"id":11900,"date":"2021-02-17T12:21:14","date_gmt":"2021-02-17T11:21:14","guid":{"rendered":"http:\/\/serveiseducatius.xtec.cat\/eixample\/?page_id=11900"},"modified":"2023-04-11T17:05:27","modified_gmt":"2023-04-11T15:05:27","slug":"competencia-digital-alumant-i-docent","status":"publish","type":"page","link":"https:\/\/serveiseducatius.xtec.cat\/eixample\/competencia-digital-alumant-i-docent\/","title":{"rendered":"Compet\u00e8ncia digital alumnat i docent"},"content":{"rendered":"<p>En els seg\u00fcents enlla\u00e7os podeu consultar les orientacions per avaluar la compet\u00e8ncia digital de l&#8217;alumnat de prim\u00e0ria de secund\u00e0ria i del professorat.<\/p>\n<ul>\n<li><a href=\"http:\/\/educacio.gencat.cat\/ca\/departament\/publicacions\/monografies\/us-tecnologies-digitals-infantil\/\">L&#8217;\u00fas de les tecnologies digitals a l&#8217;educaci\u00f3 infantil<\/a><\/li>\n<li><a href=\"http:\/\/educacio.gencat.cat\/ca\/departament\/publicacions\/monografies\/orientacions-avaluacio-cda-primaria\/\">Orientacions per a l&#8217;avaluaci\u00f3 de la compet\u00e8ncia digital de l&#8217;alumnat a prim\u00e0ria<\/a><\/li>\n<li><a href=\"http:\/\/educacio.gencat.cat\/ca\/departament\/publicacions\/monografies\/orientacions-avaluacio-cda-eso\/\">Orientacions per a l&#8217;avaluaci\u00f3 de la compet\u00e8ncia digital de l&#8217;alumnat a l&#8217;ESO<\/a><\/li>\n<li><a href=\"http:\/\/educacio.gencat.cat\/ca\/departament\/publicacions\/monografies\/competencia-digital-docent\/\">Compet\u00e8ncia digital docent del professorat de Catalunya<\/a><\/li>\n<\/ul>\n","protected":false},"excerpt":{"rendered":"<p>En els seg\u00fcents enlla\u00e7os podeu consultar les orientacions per avaluar la compet\u00e8ncia digital de l&#8217;alumnat de prim\u00e0ria de secund\u00e0ria i del professorat.<\/p>\n<ul>\n<li><a href=\"http:\/\/educacio.gencat.cat\/ca\/departament\/publicacions\/monografies\/us-tecnologies-digitals-infantil\/\">L&#8217;\u00fas de les tecnologies digitals a l&#8217;educaci\u00f3 infantil<\/a><\/li>\n<li><a href=\"http:\/\/educacio.gencat.cat\/ca\/departament\/publicacions\/monografies\/orientacions-avaluacio-cda-primaria\/\">Orientacions per a l&#8217;avaluaci\u00f3 de la compet\u00e8ncia digital de l&#8217;alumnat a prim\u00e0ria<\/a><\/li>\n<li><a href=\"http:\/\/educacio.gencat.cat\/ca\/departament\/publicacions\/monografies\/orientacions-avaluacio-cda-eso\/\">Orientacions per a&hellip;  <a href=\"https:\/\/serveiseducatius.xtec.cat\/eixample\/competencia-digital-alumant-i-docent\/\" title=\"Read Compet\u00e8ncia digital alumnat i docent\">Llegeix m\u00e9s\u00bb<\/a><br \/>\n","protected":false},"author":4,"featured_media":0,"parent":0,"menu_order":0,"comment_status":"closed","ping_status":"closed","template":"","meta":{"_bbp_topic_count":0,"_bbp_reply_count":0,"_bbp_total_topic_count":0,"_bbp_total_reply_count":0,"_bbp_voice_count":0,"_bbp_anonymous_reply_count":0,"_bbp_topic_count_hidden":0,"_bbp_reply_count_hidden":0,"_bbp_forum_subforum_count":0,"footnotes":""},"class_list":["post-11900","page","type-page","status-publish","hentry"],"post_mailing_queue_ids":[],"_links":{"self":[{"href":"https:\/\/serveiseducatius.xtec.cat\/eixample\/wp-json\/wp\/v2\/pages\/11900","targetHints":{"allow":["GET"]}}],"collection":[{"href":"https:\/\/serveiseducatius.xtec.cat\/eixample\/wp-json\/wp\/v2\/pages"}],"about":[{"href":"https:\/\/serveiseducatius.xtec.cat\/eixample\/wp-json\/wp\/v2\/types\/page"}],"author":[{"embeddable":true,"href":"https:\/\/serveiseducatius.xtec.cat\/eixample\/wp-json\/wp\/v2\/users\/4"}],"replies":[{"embeddable":true,"href":"https:\/\/serveiseducatius.xtec.cat\/eixample\/wp-json\/wp\/v2\/comments?post=11900"}],"version-history":[{"count":3,"href":"https:\/\/serveiseducatius.xtec.cat\/eixample\/wp-json\/wp\/v2\/pages\/11900\/revisions"}],"predecessor-version":[{"id":13105,"href":"https:\/\/serveiseducatius.xtec.cat\/eixample\/wp-json\/wp\/v2\/pages\/11900\/revisions\/13105"}],"wp:attachment":[{"href":"https:\/\/serveiseducatius.xtec.cat\/eixample\/wp-json\/wp\/v2\/media?parent=11900"}],"curies":[{"name":"wp","href":"https:\/\/api.w.org\/{rel}","templated":true}]}}