{"id":11277,"date":"2020-03-04T09:48:53","date_gmt":"2020-03-04T08:48:53","guid":{"rendered":"http:\/\/serveiseducatius.xtec.cat\/eixample\/?page_id=11277"},"modified":"2020-11-02T09:34:22","modified_gmt":"2020-11-02T08:34:22","slug":"aprenentatge-i-servei-comunitari-2","status":"publish","type":"page","link":"https:\/\/serveiseducatius.xtec.cat\/eixample\/aprenentatge-i-servei-comunitari-2\/","title":{"rendered":"Aprenentatge i servei comunitari"},"content":{"rendered":"<p>&#8220;L&#8217;aprenentatge servei \u00e9s una proposta educativa que combina <strong>processos d&#8217;aprenentatge i de servei a la comunitat<\/strong> en un \u00fanic projecte ben articulat en el qual els participants aprenen alhora que <strong>treballen en necessitats reals de l&#8217;entorn<\/strong> amb la finalitat de <strong>millorar-lo<\/strong>&#8221;<br \/>\nPuig, J.M.; Batlle,R.; Bosch,C i Palos,J.: Aprenentatge Servei. educar per a la ciutadania. Barcelona Ed. Octoedro, 2006, p.20.<\/p>\n<p>Des del CRP Eixample ens hem proposat al llarg del curs 2020-2021 donar suport especialment als centres de secund\u00e0ria que ho requereixin, per a poder portar a termes les activitats curriculars d&#8217;APS.<\/p>\n<p>La situaci\u00f3 excepcional de COVID en la que estem desenvolupament la doc\u00e8ncia ens impulsa a buscar recursos virtuals dels que peri\u00f2dicament anem informant des del CRP Eixample.Us deixem amb aquest <strong>video editat pel Departament d&#8217;Educaci\u00f3 i dirigit per Roser Batlle<\/strong> on hi trobareu idees i metodologies per portar a terme l&#8217;APS.<\/p>\n<p><a href=\"https:\/\/www.youtube.com\/watch?v=d05JPngXKig&amp;feature=youtu.be\">Servei comunitari a dist\u00e0ncia <\/a><\/p>\n<div><img loading=\"lazy\" decoding=\"async\" class=\" wp-image-11491 aligncenter\" src=\"https:\/\/serveiseducatius.xtec.cat\/eixample\/wp-content\/uploads\/usu1171\/2020\/04\/aps_logo.jpg\" alt=\"\" width=\"394\" height=\"236\" srcset=\"https:\/\/serveiseducatius.xtec.cat\/eixample\/wp-content\/uploads\/usu1171\/2020\/04\/aps_logo.jpg 1000w, https:\/\/serveiseducatius.xtec.cat\/eixample\/wp-content\/uploads\/usu1171\/2020\/04\/aps_logo-300x180.jpg 300w, https:\/\/serveiseducatius.xtec.cat\/eixample\/wp-content\/uploads\/usu1171\/2020\/04\/aps_logo-768x461.jpg 768w\" sizes=\"auto, (max-width: 394px) 100vw, 394px\" \/><\/div>\n","protected":false},"excerpt":{"rendered":"<p>&#8220;L&#8217;aprenentatge servei \u00e9s una proposta educativa que combina processos d&#8217;aprenentatge i de servei a la comunitat en un \u00fanic projecte ben articulat en el qual els participants aprenen alhora que treballen en necessitats reals de l&#8217;entorn amb la finalitat de millorar-lo&#8221;<br \/>\nPuig, J.M.; Batlle,R.; Bosch,C i&hellip;  <a href=\"https:\/\/serveiseducatius.xtec.cat\/eixample\/aprenentatge-i-servei-comunitari-2\/\" title=\"Read Aprenentatge i servei comunitari\">Llegeix m\u00e9s\u00bb<\/a><\/p>\n","protected":false},"author":4,"featured_media":0,"parent":0,"menu_order":0,"comment_status":"closed","ping_status":"closed","template":"","meta":{"_bbp_topic_count":0,"_bbp_reply_count":0,"_bbp_total_topic_count":0,"_bbp_total_reply_count":0,"_bbp_voice_count":0,"_bbp_anonymous_reply_count":0,"_bbp_topic_count_hidden":0,"_bbp_reply_count_hidden":0,"_bbp_forum_subforum_count":0,"footnotes":""},"class_list":["post-11277","page","type-page","status-publish","hentry"],"post_mailing_queue_ids":[],"_links":{"self":[{"href":"https:\/\/serveiseducatius.xtec.cat\/eixample\/wp-json\/wp\/v2\/pages\/11277","targetHints":{"allow":["GET"]}}],"collection":[{"href":"https:\/\/serveiseducatius.xtec.cat\/eixample\/wp-json\/wp\/v2\/pages"}],"about":[{"href":"https:\/\/serveiseducatius.xtec.cat\/eixample\/wp-json\/wp\/v2\/types\/page"}],"author":[{"embeddable":true,"href":"https:\/\/serveiseducatius.xtec.cat\/eixample\/wp-json\/wp\/v2\/users\/4"}],"replies":[{"embeddable":true,"href":"https:\/\/serveiseducatius.xtec.cat\/eixample\/wp-json\/wp\/v2\/comments?post=11277"}],"version-history":[{"count":4,"href":"https:\/\/serveiseducatius.xtec.cat\/eixample\/wp-json\/wp\/v2\/pages\/11277\/revisions"}],"predecessor-version":[{"id":11767,"href":"https:\/\/serveiseducatius.xtec.cat\/eixample\/wp-json\/wp\/v2\/pages\/11277\/revisions\/11767"}],"wp:attachment":[{"href":"https:\/\/serveiseducatius.xtec.cat\/eixample\/wp-json\/wp\/v2\/media?parent=11277"}],"curies":[{"name":"wp","href":"https:\/\/api.w.org\/{rel}","templated":true}]}}