{"id":11049,"date":"2020-02-19T09:05:52","date_gmt":"2020-02-19T08:05:52","guid":{"rendered":"http:\/\/serveiseducatius.xtec.cat\/eixample\/?page_id=11049"},"modified":"2020-03-12T12:25:46","modified_gmt":"2020-03-12T11:25:46","slug":"violencia-zero","status":"publish","type":"page","link":"https:\/\/serveiseducatius.xtec.cat\/eixample\/violencia-zero\/","title":{"rendered":"Viol\u00e8ncia zero!"},"content":{"rendered":"<p>La maleta &#8220;Viol\u00e8ncia zero!&#8221; est\u00e0 formada pel joc cooperatiu &#8220;L&#8217;illa prohibida&#8221; i una selecci\u00f3 de contes i \u00e0lbums infantils protagonitzats per personatges que ens ensenyen a detectar conductes que posen en perill la nostra autoestima. No acceptem comportaments que es regeixen per la for\u00e7a, ja que la viol\u00e8ncia no es mai una soluci\u00f3 als conflictes.<\/p>\n<blockquote>\n<h2>Joc: 4 exemplars del joc &#8220;L&#8217;illa prohibida&#8221;<\/h2>\n<\/blockquote>\n<p><a href=\"http:\/\/serveiseducatius.xtec.cat\/eixample\/trencant-estereotips\/attachment\/04_joc-l-illa-prohibida\/\"><img loading=\"lazy\" decoding=\"async\" class=\"alignleft wp-image-11030 size-full\" src=\"https:\/\/serveiseducatius.xtec.cat\/eixample\/wp-content\/uploads\/usu1171\/2020\/02\/04_JOC-l-illa-prohibida.jpg\" alt=\"\" width=\"431\" height=\"592\" srcset=\"https:\/\/serveiseducatius.xtec.cat\/eixample\/wp-content\/uploads\/usu1171\/2020\/02\/04_JOC-l-illa-prohibida.jpg 431w, https:\/\/serveiseducatius.xtec.cat\/eixample\/wp-content\/uploads\/usu1171\/2020\/02\/04_JOC-l-illa-prohibida-218x300.jpg 218w\" sizes=\"auto, (max-width: 431px) 100vw, 431px\" \/><\/a><a href=\"http:\/\/serveiseducatius.xtec.cat\/eixample\/trencant-estereotips\/attachment\/04_joc_illa_prohibida\/\"><img loading=\"lazy\" decoding=\"async\" class=\"alignnone wp-image-11029\" src=\"https:\/\/serveiseducatius.xtec.cat\/eixample\/wp-content\/uploads\/usu1171\/2020\/02\/04_JOC_Illa_prohibida.jpg\" alt=\"\" width=\"512\" height=\"512\" srcset=\"https:\/\/serveiseducatius.xtec.cat\/eixample\/wp-content\/uploads\/usu1171\/2020\/02\/04_JOC_Illa_prohibida.jpg 512w, https:\/\/serveiseducatius.xtec.cat\/eixample\/wp-content\/uploads\/usu1171\/2020\/02\/04_JOC_Illa_prohibida-150x150.jpg 150w, https:\/\/serveiseducatius.xtec.cat\/eixample\/wp-content\/uploads\/usu1171\/2020\/02\/04_JOC_Illa_prohibida-300x300.jpg 300w\" sizes=\"auto, (max-width: 512px) 100vw, 512px\" \/><\/a><\/p>\n<p>&nbsp;<\/p>\n<blockquote>\n<h2><\/h2>\n<h2><\/h2>\n<h2>Llibres: un exemplar de cadascun del seg\u00fcents contes i \u00e0lbums infantils<\/h2>\n<\/blockquote>\n<p>&nbsp;<\/p>\n\n\t\t<style type=\"text\/css\">\n\t\t\t#gallery-1 {\n\t\t\t\tmargin: auto;\n\t\t\t}\n\t\t\t#gallery-1 .gallery-item {\n\t\t\t\tfloat: left;\n\t\t\t\tmargin-top: 10px;\n\t\t\t\ttext-align: center;\n\t\t\t\twidth: 33%;\n\t\t\t}\n\t\t\t#gallery-1 img {\n\t\t\t\tborder: 2px solid #cfcfcf;\n\t\t\t}\n\t\t\t#gallery-1 .gallery-caption {\n\t\t\t\tmargin-left: 0;\n\t\t\t}\n\t\t\t\/* see gallery_shortcode() in wp-includes\/media.php *\/\n\t\t<\/style>\n\t\t<div id='gallery-1' class='gallery galleryid-11049 gallery-columns-3 gallery-size-full'><dl class='gallery-item'>\n\t\t\t<dt class='gallery-icon portrait'>\n\t\t\t\t<a href='https:\/\/serveiseducatius.xtec.cat\/eixample\/trencant-estereotips\/attachment\/a-baix-els-murs\/'><img loading=\"lazy\" decoding=\"async\" width=\"1200\" height=\"1233\" src=\"https:\/\/serveiseducatius.xtec.cat\/eixample\/wp-content\/uploads\/usu1171\/2020\/02\/04_abaix-els-murs.jpg\" class=\"attachment-full size-full\" alt=\"\" srcset=\"https:\/\/serveiseducatius.xtec.cat\/eixample\/wp-content\/uploads\/usu1171\/2020\/02\/04_abaix-els-murs.jpg 1200w, https:\/\/serveiseducatius.xtec.cat\/eixample\/wp-content\/uploads\/usu1171\/2020\/02\/04_abaix-els-murs-292x300.jpg 292w, https:\/\/serveiseducatius.xtec.cat\/eixample\/wp-content\/uploads\/usu1171\/2020\/02\/04_abaix-els-murs-768x789.jpg 768w, https:\/\/serveiseducatius.xtec.cat\/eixample\/wp-content\/uploads\/usu1171\/2020\/02\/04_abaix-els-murs-997x1024.jpg 997w\" sizes=\"auto, (max-width: 1200px) 100vw, 1200px\" \/><\/a>\n\t\t\t<\/dt><\/dl><dl class='gallery-item'>\n\t\t\t<dt class='gallery-icon landscape'>\n\t\t\t\t<a href='https:\/\/serveiseducatius.xtec.cat\/eixample\/trencant-estereotips\/attachment\/orelles-de-papallona\/'><img loading=\"lazy\" decoding=\"async\" width=\"1348\" height=\"1337\" src=\"https:\/\/serveiseducatius.xtec.cat\/eixample\/wp-content\/uploads\/usu1171\/2020\/02\/04_orelles-de-papallona.jpg\" class=\"attachment-full size-full\" alt=\"\" srcset=\"https:\/\/serveiseducatius.xtec.cat\/eixample\/wp-content\/uploads\/usu1171\/2020\/02\/04_orelles-de-papallona.jpg 1348w, https:\/\/serveiseducatius.xtec.cat\/eixample\/wp-content\/uploads\/usu1171\/2020\/02\/04_orelles-de-papallona-150x150.jpg 150w, https:\/\/serveiseducatius.xtec.cat\/eixample\/wp-content\/uploads\/usu1171\/2020\/02\/04_orelles-de-papallona-300x298.jpg 300w, https:\/\/serveiseducatius.xtec.cat\/eixample\/wp-content\/uploads\/usu1171\/2020\/02\/04_orelles-de-papallona-768x762.jpg 768w, https:\/\/serveiseducatius.xtec.cat\/eixample\/wp-content\/uploads\/usu1171\/2020\/02\/04_orelles-de-papallona-1024x1016.jpg 1024w\" sizes=\"auto, (max-width: 1348px) 100vw, 1348px\" \/><\/a>\n\t\t\t<\/dt><\/dl><dl class='gallery-item'>\n\t\t\t<dt class='gallery-icon portrait'>\n\t\t\t\t<a href='https:\/\/serveiseducatius.xtec.cat\/eixample\/trencant-estereotips\/attachment\/el-llibre-dels-porcs\/'><img loading=\"lazy\" decoding=\"async\" width=\"1319\" height=\"1568\" src=\"https:\/\/serveiseducatius.xtec.cat\/eixample\/wp-content\/uploads\/usu1171\/2020\/02\/04_el-llibre-dels-porcs.jpg\" class=\"attachment-full size-full\" alt=\"\" srcset=\"https:\/\/serveiseducatius.xtec.cat\/eixample\/wp-content\/uploads\/usu1171\/2020\/02\/04_el-llibre-dels-porcs.jpg 1319w, https:\/\/serveiseducatius.xtec.cat\/eixample\/wp-content\/uploads\/usu1171\/2020\/02\/04_el-llibre-dels-porcs-252x300.jpg 252w, https:\/\/serveiseducatius.xtec.cat\/eixample\/wp-content\/uploads\/usu1171\/2020\/02\/04_el-llibre-dels-porcs-768x913.jpg 768w, https:\/\/serveiseducatius.xtec.cat\/eixample\/wp-content\/uploads\/usu1171\/2020\/02\/04_el-llibre-dels-porcs-861x1024.jpg 861w\" sizes=\"auto, (max-width: 1319px) 100vw, 1319px\" \/><\/a>\n\t\t\t<\/dt><\/dl><br style=\"clear: both\" \/><dl class='gallery-item'>\n\t\t\t<dt class='gallery-icon portrait'>\n\t\t\t\t<a href='https:\/\/serveiseducatius.xtec.cat\/eixample\/trencant-estereotips\/attachment\/com_ser_un_lleo\/'><img loading=\"lazy\" decoding=\"async\" width=\"2747\" height=\"3389\" src=\"https:\/\/serveiseducatius.xtec.cat\/eixample\/wp-content\/uploads\/usu1171\/2020\/02\/04_com_ser_un_lleo_300.jpg\" class=\"attachment-full size-full\" alt=\"\" srcset=\"https:\/\/serveiseducatius.xtec.cat\/eixample\/wp-content\/uploads\/usu1171\/2020\/02\/04_com_ser_un_lleo_300.jpg 2747w, https:\/\/serveiseducatius.xtec.cat\/eixample\/wp-content\/uploads\/usu1171\/2020\/02\/04_com_ser_un_lleo_300-243x300.jpg 243w, https:\/\/serveiseducatius.xtec.cat\/eixample\/wp-content\/uploads\/usu1171\/2020\/02\/04_com_ser_un_lleo_300-768x947.jpg 768w, https:\/\/serveiseducatius.xtec.cat\/eixample\/wp-content\/uploads\/usu1171\/2020\/02\/04_com_ser_un_lleo_300-830x1024.jpg 830w\" sizes=\"auto, (max-width: 2747px) 100vw, 2747px\" \/><\/a>\n\t\t\t<\/dt><\/dl><dl class='gallery-item'>\n\t\t\t<dt class='gallery-icon portrait'>\n\t\t\t\t<a href='https:\/\/serveiseducatius.xtec.cat\/eixample\/trencant-estereotips\/attachment\/vermell-o-per-que-el-bullying-no-es-cap-broma\/'><img loading=\"lazy\" decoding=\"async\" width=\"460\" height=\"640\" src=\"https:\/\/serveiseducatius.xtec.cat\/eixample\/wp-content\/uploads\/usu1171\/2020\/02\/04_vermell-o-per-que-el-bulluing-no-es-cap-broma.jpg\" class=\"attachment-full size-full\" alt=\"\" srcset=\"https:\/\/serveiseducatius.xtec.cat\/eixample\/wp-content\/uploads\/usu1171\/2020\/02\/04_vermell-o-per-que-el-bulluing-no-es-cap-broma.jpg 460w, https:\/\/serveiseducatius.xtec.cat\/eixample\/wp-content\/uploads\/usu1171\/2020\/02\/04_vermell-o-per-que-el-bulluing-no-es-cap-broma-216x300.jpg 216w\" sizes=\"auto, (max-width: 460px) 100vw, 460px\" \/><\/a>\n\t\t\t<\/dt><\/dl><dl class='gallery-item'>\n\t\t\t<dt class='gallery-icon portrait'>\n\t\t\t\t<a href='https:\/\/serveiseducatius.xtec.cat\/eixample\/trencant-estereotips\/attachment\/azul\/'><img loading=\"lazy\" decoding=\"async\" width=\"337\" height=\"429\" src=\"https:\/\/serveiseducatius.xtec.cat\/eixample\/wp-content\/uploads\/usu1171\/2020\/02\/04_Azul.jpg\" class=\"attachment-full size-full\" alt=\"\" srcset=\"https:\/\/serveiseducatius.xtec.cat\/eixample\/wp-content\/uploads\/usu1171\/2020\/02\/04_Azul.jpg 337w, https:\/\/serveiseducatius.xtec.cat\/eixample\/wp-content\/uploads\/usu1171\/2020\/02\/04_Azul-236x300.jpg 236w\" sizes=\"auto, (max-width: 337px) 100vw, 337px\" \/><\/a>\n\t\t\t<\/dt><\/dl><br style=\"clear: both\" \/><dl class='gallery-item'>\n\t\t\t<dt class='gallery-icon portrait'>\n\t\t\t\t<a href='https:\/\/serveiseducatius.xtec.cat\/eixample\/trencant-estereotips\/attachment\/el-meu-cos-es-meu\/'><img loading=\"lazy\" decoding=\"async\" width=\"360\" height=\"450\" src=\"https:\/\/serveiseducatius.xtec.cat\/eixample\/wp-content\/uploads\/usu1171\/2020\/02\/04_El-meu-cos-es-meu.jpg\" class=\"attachment-full size-full\" alt=\"\" srcset=\"https:\/\/serveiseducatius.xtec.cat\/eixample\/wp-content\/uploads\/usu1171\/2020\/02\/04_El-meu-cos-es-meu.jpg 360w, https:\/\/serveiseducatius.xtec.cat\/eixample\/wp-content\/uploads\/usu1171\/2020\/02\/04_El-meu-cos-es-meu-240x300.jpg 240w\" sizes=\"auto, (max-width: 360px) 100vw, 360px\" \/><\/a>\n\t\t\t<\/dt><\/dl><dl class='gallery-item'>\n\t\t\t<dt class='gallery-icon portrait'>\n\t\t\t\t<a href='https:\/\/serveiseducatius.xtec.cat\/eixample\/trencant-estereotips\/attachment\/he-vencut-el-bullying\/'><img loading=\"lazy\" decoding=\"async\" width=\"700\" height=\"1040\" src=\"https:\/\/serveiseducatius.xtec.cat\/eixample\/wp-content\/uploads\/usu1171\/2020\/02\/04_he_vencut_el_bullying_bis.jpg\" class=\"attachment-full size-full\" alt=\"\" srcset=\"https:\/\/serveiseducatius.xtec.cat\/eixample\/wp-content\/uploads\/usu1171\/2020\/02\/04_he_vencut_el_bullying_bis.jpg 700w, https:\/\/serveiseducatius.xtec.cat\/eixample\/wp-content\/uploads\/usu1171\/2020\/02\/04_he_vencut_el_bullying_bis-202x300.jpg 202w, https:\/\/serveiseducatius.xtec.cat\/eixample\/wp-content\/uploads\/usu1171\/2020\/02\/04_he_vencut_el_bullying_bis-689x1024.jpg 689w\" sizes=\"auto, (max-width: 700px) 100vw, 700px\" \/><\/a>\n\t\t\t<\/dt><\/dl><dl class='gallery-item'>\n\t\t\t<dt class='gallery-icon portrait'>\n\t\t\t\t<a href='https:\/\/serveiseducatius.xtec.cat\/eixample\/trencant-estereotips\/attachment\/em-defenso-del-sexisme\/'><img loading=\"lazy\" decoding=\"async\" width=\"1050\" height=\"1570\" src=\"https:\/\/serveiseducatius.xtec.cat\/eixample\/wp-content\/uploads\/usu1171\/2020\/02\/04_Em-defenso-del-sexisme.jpg\" class=\"attachment-full size-full\" alt=\"\" srcset=\"https:\/\/serveiseducatius.xtec.cat\/eixample\/wp-content\/uploads\/usu1171\/2020\/02\/04_Em-defenso-del-sexisme.jpg 1050w, https:\/\/serveiseducatius.xtec.cat\/eixample\/wp-content\/uploads\/usu1171\/2020\/02\/04_Em-defenso-del-sexisme-201x300.jpg 201w, https:\/\/serveiseducatius.xtec.cat\/eixample\/wp-content\/uploads\/usu1171\/2020\/02\/04_Em-defenso-del-sexisme-768x1148.jpg 768w, https:\/\/serveiseducatius.xtec.cat\/eixample\/wp-content\/uploads\/usu1171\/2020\/02\/04_Em-defenso-del-sexisme-685x1024.jpg 685w\" sizes=\"auto, (max-width: 1050px) 100vw, 1050px\" \/><\/a>\n\t\t\t<\/dt><\/dl><br style=\"clear: both\" \/><dl class='gallery-item'>\n\t\t\t<dt class='gallery-icon portrait'>\n\t\t\t\t<a href='https:\/\/serveiseducatius.xtec.cat\/eixample\/trencant-estereotips\/attachment\/l_artur-i-la-clementina\/'><img loading=\"lazy\" decoding=\"async\" width=\"385\" height=\"512\" src=\"https:\/\/serveiseducatius.xtec.cat\/eixample\/wp-content\/uploads\/usu1171\/2020\/02\/04_Artur-i-Clementina.jpg\" class=\"attachment-full size-full\" alt=\"\" srcset=\"https:\/\/serveiseducatius.xtec.cat\/eixample\/wp-content\/uploads\/usu1171\/2020\/02\/04_Artur-i-Clementina.jpg 385w, https:\/\/serveiseducatius.xtec.cat\/eixample\/wp-content\/uploads\/usu1171\/2020\/02\/04_Artur-i-Clementina-226x300.jpg 226w\" sizes=\"auto, (max-width: 385px) 100vw, 385px\" \/><\/a>\n\t\t\t<\/dt><\/dl><dl class='gallery-item'>\n\t\t\t<dt class='gallery-icon portrait'>\n\t\t\t\t<a href='https:\/\/serveiseducatius.xtec.cat\/eixample\/trencant-estereotips\/attachment\/cada-uno-es-especial\/'><img loading=\"lazy\" decoding=\"async\" width=\"502\" height=\"713\" src=\"https:\/\/serveiseducatius.xtec.cat\/eixample\/wp-content\/uploads\/usu1171\/2020\/02\/04_cada-uno-es-especial.jpg\" class=\"attachment-full size-full\" alt=\"\" srcset=\"https:\/\/serveiseducatius.xtec.cat\/eixample\/wp-content\/uploads\/usu1171\/2020\/02\/04_cada-uno-es-especial.jpg 502w, https:\/\/serveiseducatius.xtec.cat\/eixample\/wp-content\/uploads\/usu1171\/2020\/02\/04_cada-uno-es-especial-211x300.jpg 211w\" sizes=\"auto, (max-width: 502px) 100vw, 502px\" \/><\/a>\n\t\t\t<\/dt><\/dl><dl class='gallery-item'>\n\t\t\t<dt class='gallery-icon portrait'>\n\t\t\t\t<a href='https:\/\/serveiseducatius.xtec.cat\/eixample\/trencant-estereotips\/attachment\/el-segrest-de-la-bibliotecaria\/'><img loading=\"lazy\" decoding=\"async\" width=\"624\" height=\"900\" src=\"https:\/\/serveiseducatius.xtec.cat\/eixample\/wp-content\/uploads\/usu1171\/2020\/02\/04_El-segrest-de-la-bibliotecaria.jpg\" class=\"attachment-full size-full\" alt=\"\" srcset=\"https:\/\/serveiseducatius.xtec.cat\/eixample\/wp-content\/uploads\/usu1171\/2020\/02\/04_El-segrest-de-la-bibliotecaria.jpg 624w, https:\/\/serveiseducatius.xtec.cat\/eixample\/wp-content\/uploads\/usu1171\/2020\/02\/04_El-segrest-de-la-bibliotecaria-208x300.jpg 208w\" sizes=\"auto, (max-width: 624px) 100vw, 624px\" \/><\/a>\n\t\t\t<\/dt><\/dl><br style=\"clear: both\" \/><dl class='gallery-item'>\n\t\t\t<dt class='gallery-icon portrait'>\n\t\t\t\t<a href='https:\/\/serveiseducatius.xtec.cat\/eixample\/trencant-estereotips\/attachment\/el-mur\/'><img loading=\"lazy\" decoding=\"async\" width=\"526\" height=\"800\" src=\"https:\/\/serveiseducatius.xtec.cat\/eixample\/wp-content\/uploads\/usu1171\/2020\/02\/04_El-Mur.jpg\" class=\"attachment-full size-full\" alt=\"\" srcset=\"https:\/\/serveiseducatius.xtec.cat\/eixample\/wp-content\/uploads\/usu1171\/2020\/02\/04_El-Mur.jpg 526w, https:\/\/serveiseducatius.xtec.cat\/eixample\/wp-content\/uploads\/usu1171\/2020\/02\/04_El-Mur-197x300.jpg 197w\" sizes=\"auto, (max-width: 526px) 100vw, 526px\" \/><\/a>\n\t\t\t<\/dt><\/dl><dl class='gallery-item'>\n\t\t\t<dt class='gallery-icon portrait'>\n\t\t\t\t<a href='https:\/\/serveiseducatius.xtec.cat\/eixample\/trencant-estereotips\/attachment\/04_estimat-paul-estimada-susi\/'><img loading=\"lazy\" decoding=\"async\" width=\"1423\" height=\"2247\" src=\"https:\/\/serveiseducatius.xtec.cat\/eixample\/wp-content\/uploads\/usu1171\/2020\/02\/04_Estimat-Paul-estimada-Susi.jpg\" class=\"attachment-full size-full\" alt=\"\" srcset=\"https:\/\/serveiseducatius.xtec.cat\/eixample\/wp-content\/uploads\/usu1171\/2020\/02\/04_Estimat-Paul-estimada-Susi.jpg 1423w, https:\/\/serveiseducatius.xtec.cat\/eixample\/wp-content\/uploads\/usu1171\/2020\/02\/04_Estimat-Paul-estimada-Susi-190x300.jpg 190w, https:\/\/serveiseducatius.xtec.cat\/eixample\/wp-content\/uploads\/usu1171\/2020\/02\/04_Estimat-Paul-estimada-Susi-768x1213.jpg 768w, https:\/\/serveiseducatius.xtec.cat\/eixample\/wp-content\/uploads\/usu1171\/2020\/02\/04_Estimat-Paul-estimada-Susi-648x1024.jpg 648w\" sizes=\"auto, (max-width: 1423px) 100vw, 1423px\" \/><\/a>\n\t\t\t<\/dt><\/dl><dl class='gallery-item'>\n\t\t\t<dt class='gallery-icon portrait'>\n\t\t\t\t<a href='https:\/\/serveiseducatius.xtec.cat\/eixample\/violencia-zero\/attachment\/dealing_with_rascism\/'><img loading=\"lazy\" decoding=\"async\" width=\"432\" height=\"579\" src=\"https:\/\/serveiseducatius.xtec.cat\/eixample\/wp-content\/uploads\/usu1171\/2020\/03\/17_dealing_with_rascism.jpg\" class=\"attachment-full size-full\" alt=\"\" srcset=\"https:\/\/serveiseducatius.xtec.cat\/eixample\/wp-content\/uploads\/usu1171\/2020\/03\/17_dealing_with_rascism.jpg 432w, https:\/\/serveiseducatius.xtec.cat\/eixample\/wp-content\/uploads\/usu1171\/2020\/03\/17_dealing_with_rascism-224x300.jpg 224w\" sizes=\"auto, (max-width: 432px) 100vw, 432px\" \/><\/a>\n\t\t\t<\/dt><\/dl><br style=\"clear: both\" \/><dl class='gallery-item'>\n\t\t\t<dt class='gallery-icon portrait'>\n\t\t\t\t<a href='https:\/\/serveiseducatius.xtec.cat\/eixample\/violencia-zero\/attachment\/18_dealing_with_bullying\/'><img loading=\"lazy\" decoding=\"async\" width=\"451\" height=\"585\" src=\"https:\/\/serveiseducatius.xtec.cat\/eixample\/wp-content\/uploads\/usu1171\/2020\/03\/18_dealing_with_bullying.jpg\" class=\"attachment-full size-full\" alt=\"\" srcset=\"https:\/\/serveiseducatius.xtec.cat\/eixample\/wp-content\/uploads\/usu1171\/2020\/03\/18_dealing_with_bullying.jpg 451w, https:\/\/serveiseducatius.xtec.cat\/eixample\/wp-content\/uploads\/usu1171\/2020\/03\/18_dealing_with_bullying-231x300.jpg 231w\" sizes=\"auto, (max-width: 451px) 100vw, 451px\" \/><\/a>\n\t\t\t<\/dt><\/dl><dl class='gallery-item'>\n\t\t\t<dt class='gallery-icon portrait'>\n\t\t\t\t<a href='https:\/\/serveiseducatius.xtec.cat\/eixample\/violencia-zero\/attachment\/persepolis-2\/'><img loading=\"lazy\" decoding=\"async\" width=\"398\" height=\"584\" src=\"https:\/\/serveiseducatius.xtec.cat\/eixample\/wp-content\/uploads\/usu1171\/2020\/03\/persepolis.jpg\" class=\"attachment-full size-full\" alt=\"\" srcset=\"https:\/\/serveiseducatius.xtec.cat\/eixample\/wp-content\/uploads\/usu1171\/2020\/03\/persepolis.jpg 398w, https:\/\/serveiseducatius.xtec.cat\/eixample\/wp-content\/uploads\/usu1171\/2020\/03\/persepolis-204x300.jpg 204w\" sizes=\"auto, (max-width: 398px) 100vw, 398px\" \/><\/a>\n\t\t\t<\/dt><\/dl><dl class='gallery-item'>\n\t\t\t<dt class='gallery-icon portrait'>\n\t\t\t\t<a href='https:\/\/serveiseducatius.xtec.cat\/eixample\/violencia-zero\/attachment\/malala_s_magic_pencil\/'><img loading=\"lazy\" decoding=\"async\" width=\"664\" height=\"745\" src=\"https:\/\/serveiseducatius.xtec.cat\/eixample\/wp-content\/uploads\/usu1171\/2020\/03\/19_Malala_magic_pencil.jpg\" class=\"attachment-full size-full\" alt=\"\" srcset=\"https:\/\/serveiseducatius.xtec.cat\/eixample\/wp-content\/uploads\/usu1171\/2020\/03\/19_Malala_magic_pencil.jpg 664w, https:\/\/serveiseducatius.xtec.cat\/eixample\/wp-content\/uploads\/usu1171\/2020\/03\/19_Malala_magic_pencil-267x300.jpg 267w\" sizes=\"auto, (max-width: 664px) 100vw, 664px\" \/><\/a>\n\t\t\t<\/dt><\/dl><br style=\"clear: both\" \/><dl class='gallery-item'>\n\t\t\t<dt class='gallery-icon portrait'>\n\t\t\t\t<a href='https:\/\/serveiseducatius.xtec.cat\/eixample\/trencant-estereotips\/attachment\/quatre-petites-cantonedes-de-no-res\/'><img loading=\"lazy\" decoding=\"async\" width=\"449\" height=\"450\" src=\"https:\/\/serveiseducatius.xtec.cat\/eixample\/wp-content\/uploads\/usu1171\/2020\/02\/04_per-quatre-cantonedes-de-no-res.jpg\" class=\"attachment-full size-full\" alt=\"\" srcset=\"https:\/\/serveiseducatius.xtec.cat\/eixample\/wp-content\/uploads\/usu1171\/2020\/02\/04_per-quatre-cantonedes-de-no-res.jpg 449w, https:\/\/serveiseducatius.xtec.cat\/eixample\/wp-content\/uploads\/usu1171\/2020\/02\/04_per-quatre-cantonedes-de-no-res-150x150.jpg 150w, https:\/\/serveiseducatius.xtec.cat\/eixample\/wp-content\/uploads\/usu1171\/2020\/02\/04_per-quatre-cantonedes-de-no-res-300x300.jpg 300w\" sizes=\"auto, (max-width: 449px) 100vw, 449px\" \/><\/a>\n\t\t\t<\/dt><\/dl><dl class='gallery-item'>\n\t\t\t<dt class='gallery-icon portrait'>\n\t\t\t\t<a href='https:\/\/serveiseducatius.xtec.cat\/eixample\/trencant-estereotips\/attachment\/04_la_caputxeta_vermella\/'><img loading=\"lazy\" decoding=\"async\" width=\"500\" height=\"555\" src=\"https:\/\/serveiseducatius.xtec.cat\/eixample\/wp-content\/uploads\/usu1171\/2020\/02\/04_la_caputxeta_vermella.jpg\" class=\"attachment-full size-full\" alt=\"\" srcset=\"https:\/\/serveiseducatius.xtec.cat\/eixample\/wp-content\/uploads\/usu1171\/2020\/02\/04_la_caputxeta_vermella.jpg 500w, https:\/\/serveiseducatius.xtec.cat\/eixample\/wp-content\/uploads\/usu1171\/2020\/02\/04_la_caputxeta_vermella-270x300.jpg 270w\" sizes=\"auto, (max-width: 500px) 100vw, 500px\" \/><\/a>\n\t\t\t<\/dt><\/dl>\n\t\t\t<br style='clear: both' \/>\n\t\t<\/div>\n\n","protected":false},"excerpt":{"rendered":"<p>La maleta &#8220;Viol\u00e8ncia zero!&#8221; est\u00e0 formada pel joc cooperatiu &#8220;L&#8217;illa prohibida&#8221; i una selecci\u00f3 de contes i \u00e0lbums infantils protagonitzats per personatges que ens ensenyen a detectar conductes que posen en perill la nostra autoestima. No acceptem comportaments que es regeixen per la for\u00e7a, ja&hellip;  <a href=\"https:\/\/serveiseducatius.xtec.cat\/eixample\/violencia-zero\/\" title=\"Read Viol\u00e8ncia zero!\">Llegeix m\u00e9s\u00bb<\/a><\/p>\n","protected":false},"author":4,"featured_media":0,"parent":0,"menu_order":0,"comment_status":"closed","ping_status":"closed","template":"","meta":{"_bbp_topic_count":0,"_bbp_reply_count":0,"_bbp_total_topic_count":0,"_bbp_total_reply_count":0,"_bbp_voice_count":0,"_bbp_anonymous_reply_count":0,"_bbp_topic_count_hidden":0,"_bbp_reply_count_hidden":0,"_bbp_forum_subforum_count":0,"footnotes":""},"class_list":["post-11049","page","type-page","status-publish","hentry"],"post_mailing_queue_ids":[],"_links":{"self":[{"href":"https:\/\/serveiseducatius.xtec.cat\/eixample\/wp-json\/wp\/v2\/pages\/11049","targetHints":{"allow":["GET"]}}],"collection":[{"href":"https:\/\/serveiseducatius.xtec.cat\/eixample\/wp-json\/wp\/v2\/pages"}],"about":[{"href":"https:\/\/serveiseducatius.xtec.cat\/eixample\/wp-json\/wp\/v2\/types\/page"}],"author":[{"embeddable":true,"href":"https:\/\/serveiseducatius.xtec.cat\/eixample\/wp-json\/wp\/v2\/users\/4"}],"replies":[{"embeddable":true,"href":"https:\/\/serveiseducatius.xtec.cat\/eixample\/wp-json\/wp\/v2\/comments?post=11049"}],"version-history":[{"count":3,"href":"https:\/\/serveiseducatius.xtec.cat\/eixample\/wp-json\/wp\/v2\/pages\/11049\/revisions"}],"predecessor-version":[{"id":11335,"href":"https:\/\/serveiseducatius.xtec.cat\/eixample\/wp-json\/wp\/v2\/pages\/11049\/revisions\/11335"}],"wp:attachment":[{"href":"https:\/\/serveiseducatius.xtec.cat\/eixample\/wp-json\/wp\/v2\/media?parent=11049"}],"curies":[{"name":"wp","href":"https:\/\/api.w.org\/{rel}","templated":true}]}}