{"id":10994,"date":"2020-02-18T14:27:48","date_gmt":"2020-02-18T13:27:48","guid":{"rendered":"http:\/\/serveiseducatius.xtec.cat\/eixample\/?page_id=10994"},"modified":"2020-03-12T12:23:51","modified_gmt":"2020-03-12T11:23:51","slug":"trencant-estereotips","status":"publish","type":"page","link":"https:\/\/serveiseducatius.xtec.cat\/eixample\/trencant-estereotips\/","title":{"rendered":"Trencant estereotips"},"content":{"rendered":"<p>La maleta \u201cTrencant estereotips\u201d inclou el joc &#8220;\u00bfQui\u00e9n vive aqu\u00ed? i tot un seguit de contes i \u00e0lbums infantils protagonitzats per uns personatges que volen superar els estereotips, prejudicis i sexisme amb una conviv\u00e8ncia amb respecte i coresponsabilitat.<\/p>\n<h2>Jocs: 4 unitats del Joc &#8220;\u00bfQui\u00e9n vive aqu\u00ed?&#8221;<\/h2>\n<figure class=\"figure wp-caption aligncenter\"><a href=\"http:\/\/serveiseducatius.xtec.cat\/eixample\/trencant-estereotips\/attachment\/03_joc_quien-vive-aqui_2\/\" target=\"_blank\" rel=\"noopener noreferrer\"><img loading=\"lazy\" decoding=\"async\" class=\"wp-image-11094 size-full\" src=\"https:\/\/serveiseducatius.xtec.cat\/eixample\/wp-content\/uploads\/usu1171\/2020\/02\/03_JOC_Quien-vive-aqui_2.jpg\" alt=\"\" width=\"961\" height=\"713\" srcset=\"https:\/\/serveiseducatius.xtec.cat\/eixample\/wp-content\/uploads\/usu1171\/2020\/02\/03_JOC_Quien-vive-aqui_2.jpg 961w, https:\/\/serveiseducatius.xtec.cat\/eixample\/wp-content\/uploads\/usu1171\/2020\/02\/03_JOC_Quien-vive-aqui_2-300x223.jpg 300w, https:\/\/serveiseducatius.xtec.cat\/eixample\/wp-content\/uploads\/usu1171\/2020\/02\/03_JOC_Quien-vive-aqui_2-768x570.jpg 768w\" sizes=\"auto, (max-width: 961px) 100vw, 961px\" \/><\/a><figcaption class=\"wp-caption-text\">\u00bfQui\u00e9n vive aqu\u00ed?<\/figcaption><\/figure>\n<blockquote>\n<h2>Llibres: un exemplar de cadascun dels seg\u00fcents contes i \u00e0lbums infantils<\/h2>\n<\/blockquote>\n\n\t\t<style type=\"text\/css\">\n\t\t\t#gallery-1 {\n\t\t\t\tmargin: auto;\n\t\t\t}\n\t\t\t#gallery-1 .gallery-item {\n\t\t\t\tfloat: left;\n\t\t\t\tmargin-top: 10px;\n\t\t\t\ttext-align: center;\n\t\t\t\twidth: 33%;\n\t\t\t}\n\t\t\t#gallery-1 img {\n\t\t\t\tborder: 2px solid #cfcfcf;\n\t\t\t}\n\t\t\t#gallery-1 .gallery-caption {\n\t\t\t\tmargin-left: 0;\n\t\t\t}\n\t\t\t\/* see gallery_shortcode() in wp-includes\/media.php *\/\n\t\t<\/style>\n\t\t<div id='gallery-1' class='gallery galleryid-10994 gallery-columns-3 gallery-size-full'><dl class='gallery-item'>\n\t\t\t<dt class='gallery-icon portrait'>\n\t\t\t\t<a href='https:\/\/serveiseducatius.xtec.cat\/eixample\/trencant-estereotips\/attachment\/03_rosa_caramel\/'><img loading=\"lazy\" decoding=\"async\" width=\"1400\" height=\"1920\" src=\"https:\/\/serveiseducatius.xtec.cat\/eixample\/wp-content\/uploads\/usu1171\/2020\/02\/03_Rosa_Caramel.jpg\" class=\"attachment-full size-full\" alt=\"\" srcset=\"https:\/\/serveiseducatius.xtec.cat\/eixample\/wp-content\/uploads\/usu1171\/2020\/02\/03_Rosa_Caramel.jpg 1400w, https:\/\/serveiseducatius.xtec.cat\/eixample\/wp-content\/uploads\/usu1171\/2020\/02\/03_Rosa_Caramel-219x300.jpg 219w, https:\/\/serveiseducatius.xtec.cat\/eixample\/wp-content\/uploads\/usu1171\/2020\/02\/03_Rosa_Caramel-768x1053.jpg 768w, https:\/\/serveiseducatius.xtec.cat\/eixample\/wp-content\/uploads\/usu1171\/2020\/02\/03_Rosa_Caramel-747x1024.jpg 747w\" sizes=\"auto, (max-width: 1400px) 100vw, 1400px\" \/><\/a>\n\t\t\t<\/dt><\/dl><dl class='gallery-item'>\n\t\t\t<dt class='gallery-icon portrait'>\n\t\t\t\t<a href='https:\/\/serveiseducatius.xtec.cat\/eixample\/trencant-estereotips\/attachment\/03_billy-eliot\/'><img loading=\"lazy\" decoding=\"async\" width=\"1417\" height=\"2249\" src=\"https:\/\/serveiseducatius.xtec.cat\/eixample\/wp-content\/uploads\/usu1171\/2020\/02\/03_Billy-Eliot.jpg\" class=\"attachment-full size-full\" alt=\"\" srcset=\"https:\/\/serveiseducatius.xtec.cat\/eixample\/wp-content\/uploads\/usu1171\/2020\/02\/03_Billy-Eliot.jpg 1417w, https:\/\/serveiseducatius.xtec.cat\/eixample\/wp-content\/uploads\/usu1171\/2020\/02\/03_Billy-Eliot-189x300.jpg 189w, https:\/\/serveiseducatius.xtec.cat\/eixample\/wp-content\/uploads\/usu1171\/2020\/02\/03_Billy-Eliot-768x1219.jpg 768w, https:\/\/serveiseducatius.xtec.cat\/eixample\/wp-content\/uploads\/usu1171\/2020\/02\/03_Billy-Eliot-645x1024.jpg 645w\" sizes=\"auto, (max-width: 1417px) 100vw, 1417px\" \/><\/a>\n\t\t\t<\/dt><\/dl><dl class='gallery-item'>\n\t\t\t<dt class='gallery-icon portrait'>\n\t\t\t\t<a href='https:\/\/serveiseducatius.xtec.cat\/eixample\/trencant-estereotips\/attachment\/03_l-noi-del-vestit\/'><img loading=\"lazy\" decoding=\"async\" width=\"1046\" height=\"1600\" src=\"https:\/\/serveiseducatius.xtec.cat\/eixample\/wp-content\/uploads\/usu1171\/2020\/02\/03_l-noi-del-vestit.jpg\" class=\"attachment-full size-full\" alt=\"\" srcset=\"https:\/\/serveiseducatius.xtec.cat\/eixample\/wp-content\/uploads\/usu1171\/2020\/02\/03_l-noi-del-vestit.jpg 1046w, https:\/\/serveiseducatius.xtec.cat\/eixample\/wp-content\/uploads\/usu1171\/2020\/02\/03_l-noi-del-vestit-196x300.jpg 196w, https:\/\/serveiseducatius.xtec.cat\/eixample\/wp-content\/uploads\/usu1171\/2020\/02\/03_l-noi-del-vestit-768x1175.jpg 768w, https:\/\/serveiseducatius.xtec.cat\/eixample\/wp-content\/uploads\/usu1171\/2020\/02\/03_l-noi-del-vestit-669x1024.jpg 669w\" sizes=\"auto, (max-width: 1046px) 100vw, 1046px\" \/><\/a>\n\t\t\t<\/dt><\/dl><br style=\"clear: both\" \/><dl class='gallery-item'>\n\t\t\t<dt class='gallery-icon portrait'>\n\t\t\t\t<a href='https:\/\/serveiseducatius.xtec.cat\/eixample\/trencant-estereotips\/attachment\/03_irene-la-valenta\/'><img loading=\"lazy\" decoding=\"async\" width=\"1000\" height=\"1366\" src=\"https:\/\/serveiseducatius.xtec.cat\/eixample\/wp-content\/uploads\/usu1171\/2020\/02\/03_Irene-la-valenta.jpg\" class=\"attachment-full size-full\" alt=\"\" srcset=\"https:\/\/serveiseducatius.xtec.cat\/eixample\/wp-content\/uploads\/usu1171\/2020\/02\/03_Irene-la-valenta.jpg 1000w, https:\/\/serveiseducatius.xtec.cat\/eixample\/wp-content\/uploads\/usu1171\/2020\/02\/03_Irene-la-valenta-220x300.jpg 220w, https:\/\/serveiseducatius.xtec.cat\/eixample\/wp-content\/uploads\/usu1171\/2020\/02\/03_Irene-la-valenta-768x1049.jpg 768w, https:\/\/serveiseducatius.xtec.cat\/eixample\/wp-content\/uploads\/usu1171\/2020\/02\/03_Irene-la-valenta-750x1024.jpg 750w\" sizes=\"auto, (max-width: 1000px) 100vw, 1000px\" \/><\/a>\n\t\t\t<\/dt><\/dl><dl class='gallery-item'>\n\t\t\t<dt class='gallery-icon portrait'>\n\t\t\t\t<a href='https:\/\/serveiseducatius.xtec.cat\/eixample\/trencant-estereotips\/attachment\/armando\/'><img loading=\"lazy\" decoding=\"async\" width=\"1181\" height=\"1477\" src=\"https:\/\/serveiseducatius.xtec.cat\/eixample\/wp-content\/uploads\/usu1171\/2020\/02\/03_armando.jpg\" class=\"attachment-full size-full\" alt=\"\" srcset=\"https:\/\/serveiseducatius.xtec.cat\/eixample\/wp-content\/uploads\/usu1171\/2020\/02\/03_armando.jpg 1181w, https:\/\/serveiseducatius.xtec.cat\/eixample\/wp-content\/uploads\/usu1171\/2020\/02\/03_armando-240x300.jpg 240w, https:\/\/serveiseducatius.xtec.cat\/eixample\/wp-content\/uploads\/usu1171\/2020\/02\/03_armando-768x960.jpg 768w, https:\/\/serveiseducatius.xtec.cat\/eixample\/wp-content\/uploads\/usu1171\/2020\/02\/03_armando-819x1024.jpg 819w\" sizes=\"auto, (max-width: 1181px) 100vw, 1181px\" \/><\/a>\n\t\t\t<\/dt><\/dl><dl class='gallery-item'>\n\t\t\t<dt class='gallery-icon portrait'>\n\t\t\t\t<a href='https:\/\/serveiseducatius.xtec.cat\/eixample\/trencant-estereotips\/attachment\/elmer\/'><img loading=\"lazy\" decoding=\"async\" width=\"1440\" height=\"1655\" src=\"https:\/\/serveiseducatius.xtec.cat\/eixample\/wp-content\/uploads\/usu1171\/2020\/02\/03_Elmer.jpg\" class=\"attachment-full size-full\" alt=\"\" srcset=\"https:\/\/serveiseducatius.xtec.cat\/eixample\/wp-content\/uploads\/usu1171\/2020\/02\/03_Elmer.jpg 1440w, https:\/\/serveiseducatius.xtec.cat\/eixample\/wp-content\/uploads\/usu1171\/2020\/02\/03_Elmer-261x300.jpg 261w, https:\/\/serveiseducatius.xtec.cat\/eixample\/wp-content\/uploads\/usu1171\/2020\/02\/03_Elmer-768x883.jpg 768w, https:\/\/serveiseducatius.xtec.cat\/eixample\/wp-content\/uploads\/usu1171\/2020\/02\/03_Elmer-891x1024.jpg 891w\" sizes=\"auto, (max-width: 1440px) 100vw, 1440px\" \/><\/a>\n\t\t\t<\/dt><\/dl><br style=\"clear: both\" \/><dl class='gallery-item'>\n\t\t\t<dt class='gallery-icon portrait'>\n\t\t\t\t<a href='https:\/\/serveiseducatius.xtec.cat\/eixample\/trencant-estereotips\/attachment\/leila\/'><img loading=\"lazy\" decoding=\"async\" width=\"550\" height=\"618\" src=\"https:\/\/serveiseducatius.xtec.cat\/eixample\/wp-content\/uploads\/usu1171\/2020\/02\/03_Leila.jpg\" class=\"attachment-full size-full\" alt=\"\" srcset=\"https:\/\/serveiseducatius.xtec.cat\/eixample\/wp-content\/uploads\/usu1171\/2020\/02\/03_Leila.jpg 550w, https:\/\/serveiseducatius.xtec.cat\/eixample\/wp-content\/uploads\/usu1171\/2020\/02\/03_Leila-267x300.jpg 267w\" sizes=\"auto, (max-width: 550px) 100vw, 550px\" \/><\/a>\n\t\t\t<\/dt><\/dl><dl class='gallery-item'>\n\t\t\t<dt class='gallery-icon portrait'>\n\t\t\t\t<a href='https:\/\/serveiseducatius.xtec.cat\/eixample\/trencant-estereotips\/attachment\/les-nines-son-per-a-les-nenes-2\/'><img loading=\"lazy\" decoding=\"async\" width=\"467\" height=\"640\" src=\"https:\/\/serveiseducatius.xtec.cat\/eixample\/wp-content\/uploads\/usu1171\/2020\/02\/03_Les-nines-son-per-a-les-nenes-1.jpg\" class=\"attachment-full size-full\" alt=\"\" srcset=\"https:\/\/serveiseducatius.xtec.cat\/eixample\/wp-content\/uploads\/usu1171\/2020\/02\/03_Les-nines-son-per-a-les-nenes-1.jpg 467w, https:\/\/serveiseducatius.xtec.cat\/eixample\/wp-content\/uploads\/usu1171\/2020\/02\/03_Les-nines-son-per-a-les-nenes-1-219x300.jpg 219w\" sizes=\"auto, (max-width: 467px) 100vw, 467px\" \/><\/a>\n\t\t\t<\/dt><\/dl><dl class='gallery-item'>\n\t\t\t<dt class='gallery-icon portrait'>\n\t\t\t\t<a href='https:\/\/serveiseducatius.xtec.cat\/eixample\/trencant-estereotips\/attachment\/les-sirenes-de-belpeixao\/'><img loading=\"lazy\" decoding=\"async\" width=\"466\" height=\"560\" src=\"https:\/\/serveiseducatius.xtec.cat\/eixample\/wp-content\/uploads\/usu1171\/2020\/02\/03_Les-sirenes-de-belpeixao.jpg\" class=\"attachment-full size-full\" alt=\"\" srcset=\"https:\/\/serveiseducatius.xtec.cat\/eixample\/wp-content\/uploads\/usu1171\/2020\/02\/03_Les-sirenes-de-belpeixao.jpg 466w, https:\/\/serveiseducatius.xtec.cat\/eixample\/wp-content\/uploads\/usu1171\/2020\/02\/03_Les-sirenes-de-belpeixao-250x300.jpg 250w\" sizes=\"auto, (max-width: 466px) 100vw, 466px\" \/><\/a>\n\t\t\t<\/dt><\/dl><br style=\"clear: both\" \/><dl class='gallery-item'>\n\t\t\t<dt class='gallery-icon portrait'>\n\t\t\t\t<a href='https:\/\/serveiseducatius.xtec.cat\/eixample\/trencant-estereotips\/attachment\/olivia-i-les-princeses\/'><img loading=\"lazy\" decoding=\"async\" width=\"1993\" height=\"2533\" src=\"https:\/\/serveiseducatius.xtec.cat\/eixample\/wp-content\/uploads\/usu1171\/2020\/02\/03_Olivia-i-les-priceses.jpg\" class=\"attachment-full size-full\" alt=\"\" srcset=\"https:\/\/serveiseducatius.xtec.cat\/eixample\/wp-content\/uploads\/usu1171\/2020\/02\/03_Olivia-i-les-priceses.jpg 1993w, https:\/\/serveiseducatius.xtec.cat\/eixample\/wp-content\/uploads\/usu1171\/2020\/02\/03_Olivia-i-les-priceses-236x300.jpg 236w, https:\/\/serveiseducatius.xtec.cat\/eixample\/wp-content\/uploads\/usu1171\/2020\/02\/03_Olivia-i-les-priceses-768x976.jpg 768w, https:\/\/serveiseducatius.xtec.cat\/eixample\/wp-content\/uploads\/usu1171\/2020\/02\/03_Olivia-i-les-priceses-806x1024.jpg 806w\" sizes=\"auto, (max-width: 1993px) 100vw, 1993px\" \/><\/a>\n\t\t\t<\/dt><\/dl><dl class='gallery-item'>\n\t\t\t<dt class='gallery-icon portrait'>\n\t\t\t\t<a href='https:\/\/serveiseducatius.xtec.cat\/eixample\/trencant-estereotips\/attachment\/les-noies-tambe-poden\/'><img loading=\"lazy\" decoding=\"async\" width=\"600\" height=\"705\" src=\"https:\/\/serveiseducatius.xtec.cat\/eixample\/wp-content\/uploads\/usu1171\/2020\/02\/03_Les-noies-tambe-poden.jpg\" class=\"attachment-full size-full\" alt=\"\" srcset=\"https:\/\/serveiseducatius.xtec.cat\/eixample\/wp-content\/uploads\/usu1171\/2020\/02\/03_Les-noies-tambe-poden.jpg 600w, https:\/\/serveiseducatius.xtec.cat\/eixample\/wp-content\/uploads\/usu1171\/2020\/02\/03_Les-noies-tambe-poden-255x300.jpg 255w\" sizes=\"auto, (max-width: 600px) 100vw, 600px\" \/><\/a>\n\t\t\t<\/dt><\/dl><dl class='gallery-item'>\n\t\t\t<dt class='gallery-icon portrait'>\n\t\t\t\t<a href='https:\/\/serveiseducatius.xtec.cat\/eixample\/trencant-estereotips\/attachment\/el-nino-que-no-queria-ser-azul-la-nina-que-no-queria-ser-rosa\/'><img loading=\"lazy\" decoding=\"async\" width=\"697\" height=\"720\" src=\"https:\/\/serveiseducatius.xtec.cat\/eixample\/wp-content\/uploads\/usu1171\/2020\/02\/03_El-ni\u00f1o-que-no-queria-ser-azul-la-ni\u00f1a-que-no-queria-ser-rosa-1.jpg\" class=\"attachment-full size-full\" alt=\"\" srcset=\"https:\/\/serveiseducatius.xtec.cat\/eixample\/wp-content\/uploads\/usu1171\/2020\/02\/03_El-ni\u00f1o-que-no-queria-ser-azul-la-ni\u00f1a-que-no-queria-ser-rosa-1.jpg 697w, https:\/\/serveiseducatius.xtec.cat\/eixample\/wp-content\/uploads\/usu1171\/2020\/02\/03_El-ni\u00f1o-que-no-queria-ser-azul-la-ni\u00f1a-que-no-queria-ser-rosa-1-290x300.jpg 290w\" sizes=\"auto, (max-width: 697px) 100vw, 697px\" \/><\/a>\n\t\t\t<\/dt><\/dl><br style=\"clear: both\" \/><dl class='gallery-item'>\n\t\t\t<dt class='gallery-icon landscape'>\n\t\t\t\t<a href='https:\/\/serveiseducatius.xtec.cat\/eixample\/trencant-estereotips\/attachment\/03_once-damas-atrevidas\/'><img loading=\"lazy\" decoding=\"async\" width=\"800\" height=\"800\" src=\"https:\/\/serveiseducatius.xtec.cat\/eixample\/wp-content\/uploads\/usu1171\/2020\/02\/03_once-damas-atrevidas.jpg\" class=\"attachment-full size-full\" alt=\"\" srcset=\"https:\/\/serveiseducatius.xtec.cat\/eixample\/wp-content\/uploads\/usu1171\/2020\/02\/03_once-damas-atrevidas.jpg 800w, https:\/\/serveiseducatius.xtec.cat\/eixample\/wp-content\/uploads\/usu1171\/2020\/02\/03_once-damas-atrevidas-150x150.jpg 150w, https:\/\/serveiseducatius.xtec.cat\/eixample\/wp-content\/uploads\/usu1171\/2020\/02\/03_once-damas-atrevidas-300x300.jpg 300w, https:\/\/serveiseducatius.xtec.cat\/eixample\/wp-content\/uploads\/usu1171\/2020\/02\/03_once-damas-atrevidas-768x768.jpg 768w\" sizes=\"auto, (max-width: 800px) 100vw, 800px\" \/><\/a>\n\t\t\t<\/dt><\/dl><dl class='gallery-item'>\n\t\t\t<dt class='gallery-icon landscape'>\n\t\t\t\t<a href='https:\/\/serveiseducatius.xtec.cat\/eixample\/trencant-estereotips\/attachment\/la-princesa-rebel-2\/'><img loading=\"lazy\" decoding=\"async\" width=\"2244\" height=\"2235\" src=\"https:\/\/serveiseducatius.xtec.cat\/eixample\/wp-content\/uploads\/usu1171\/2020\/02\/03_La-princesa-rebel.jpg\" class=\"attachment-full size-full\" alt=\"\" srcset=\"https:\/\/serveiseducatius.xtec.cat\/eixample\/wp-content\/uploads\/usu1171\/2020\/02\/03_La-princesa-rebel.jpg 2244w, https:\/\/serveiseducatius.xtec.cat\/eixample\/wp-content\/uploads\/usu1171\/2020\/02\/03_La-princesa-rebel-150x150.jpg 150w, https:\/\/serveiseducatius.xtec.cat\/eixample\/wp-content\/uploads\/usu1171\/2020\/02\/03_La-princesa-rebel-300x300.jpg 300w, https:\/\/serveiseducatius.xtec.cat\/eixample\/wp-content\/uploads\/usu1171\/2020\/02\/03_La-princesa-rebel-768x765.jpg 768w, https:\/\/serveiseducatius.xtec.cat\/eixample\/wp-content\/uploads\/usu1171\/2020\/02\/03_La-princesa-rebel-1024x1020.jpg 1024w\" sizes=\"auto, (max-width: 2244px) 100vw, 2244px\" \/><\/a>\n\t\t\t<\/dt><\/dl><dl class='gallery-item'>\n\t\t\t<dt class='gallery-icon portrait'>\n\t\t\t\t<a href='https:\/\/serveiseducatius.xtec.cat\/eixample\/trencant-estereotips\/attachment\/rinxols-d-os\/'><img loading=\"lazy\" decoding=\"async\" width=\"2228\" height=\"2384\" src=\"https:\/\/serveiseducatius.xtec.cat\/eixample\/wp-content\/uploads\/usu1171\/2020\/02\/03_rinxols-dos.jpg\" class=\"attachment-full size-full\" alt=\"\" srcset=\"https:\/\/serveiseducatius.xtec.cat\/eixample\/wp-content\/uploads\/usu1171\/2020\/02\/03_rinxols-dos.jpg 2228w, https:\/\/serveiseducatius.xtec.cat\/eixample\/wp-content\/uploads\/usu1171\/2020\/02\/03_rinxols-dos-280x300.jpg 280w, https:\/\/serveiseducatius.xtec.cat\/eixample\/wp-content\/uploads\/usu1171\/2020\/02\/03_rinxols-dos-768x822.jpg 768w, https:\/\/serveiseducatius.xtec.cat\/eixample\/wp-content\/uploads\/usu1171\/2020\/02\/03_rinxols-dos-957x1024.jpg 957w\" sizes=\"auto, (max-width: 2228px) 100vw, 2228px\" \/><\/a>\n\t\t\t<\/dt><\/dl><br style=\"clear: both\" \/><dl class='gallery-item'>\n\t\t\t<dt class='gallery-icon portrait'>\n\t\t\t\t<a href='https:\/\/serveiseducatius.xtec.cat\/eixample\/trencant-estereotips\/attachment\/soc-una-nena\/'><img loading=\"lazy\" decoding=\"async\" width=\"729\" height=\"731\" src=\"https:\/\/serveiseducatius.xtec.cat\/eixample\/wp-content\/uploads\/usu1171\/2020\/02\/03_Soc-una-nena.jpg\" class=\"attachment-full size-full\" alt=\"\" srcset=\"https:\/\/serveiseducatius.xtec.cat\/eixample\/wp-content\/uploads\/usu1171\/2020\/02\/03_Soc-una-nena.jpg 729w, https:\/\/serveiseducatius.xtec.cat\/eixample\/wp-content\/uploads\/usu1171\/2020\/02\/03_Soc-una-nena-150x150.jpg 150w, https:\/\/serveiseducatius.xtec.cat\/eixample\/wp-content\/uploads\/usu1171\/2020\/02\/03_Soc-una-nena-300x300.jpg 300w\" sizes=\"auto, (max-width: 729px) 100vw, 729px\" \/><\/a>\n\t\t\t<\/dt><\/dl><dl class='gallery-item'>\n\t\t\t<dt class='gallery-icon portrait'>\n\t\t\t\t<a href='https:\/\/serveiseducatius.xtec.cat\/eixample\/trencant-estereotips\/attachment\/03_visca-les-ungles-de-color\/'><img loading=\"lazy\" decoding=\"async\" width=\"800\" height=\"803\" src=\"https:\/\/serveiseducatius.xtec.cat\/eixample\/wp-content\/uploads\/usu1171\/2020\/02\/03_Visca-les-ungles-de-color.jpg\" class=\"attachment-full size-full\" alt=\"\" srcset=\"https:\/\/serveiseducatius.xtec.cat\/eixample\/wp-content\/uploads\/usu1171\/2020\/02\/03_Visca-les-ungles-de-color.jpg 800w, https:\/\/serveiseducatius.xtec.cat\/eixample\/wp-content\/uploads\/usu1171\/2020\/02\/03_Visca-les-ungles-de-color-150x150.jpg 150w, https:\/\/serveiseducatius.xtec.cat\/eixample\/wp-content\/uploads\/usu1171\/2020\/02\/03_Visca-les-ungles-de-color-300x300.jpg 300w, https:\/\/serveiseducatius.xtec.cat\/eixample\/wp-content\/uploads\/usu1171\/2020\/02\/03_Visca-les-ungles-de-color-768x771.jpg 768w\" sizes=\"auto, (max-width: 800px) 100vw, 800px\" \/><\/a>\n\t\t\t<\/dt><\/dl><dl class='gallery-item'>\n\t\t\t<dt class='gallery-icon landscape'>\n\t\t\t\t<a href='https:\/\/serveiseducatius.xtec.cat\/eixample\/trencant-estereotips\/attachment\/cua-de-sirena\/'><img loading=\"lazy\" decoding=\"async\" width=\"1671\" height=\"1278\" src=\"https:\/\/serveiseducatius.xtec.cat\/eixample\/wp-content\/uploads\/usu1171\/2020\/02\/03_cua_de_sirena.jpg\" class=\"attachment-full size-full\" alt=\"\" srcset=\"https:\/\/serveiseducatius.xtec.cat\/eixample\/wp-content\/uploads\/usu1171\/2020\/02\/03_cua_de_sirena.jpg 1671w, https:\/\/serveiseducatius.xtec.cat\/eixample\/wp-content\/uploads\/usu1171\/2020\/02\/03_cua_de_sirena-300x229.jpg 300w, https:\/\/serveiseducatius.xtec.cat\/eixample\/wp-content\/uploads\/usu1171\/2020\/02\/03_cua_de_sirena-768x587.jpg 768w, https:\/\/serveiseducatius.xtec.cat\/eixample\/wp-content\/uploads\/usu1171\/2020\/02\/03_cua_de_sirena-1024x783.jpg 1024w\" sizes=\"auto, (max-width: 1671px) 100vw, 1671px\" \/><\/a>\n\t\t\t<\/dt><\/dl><br style=\"clear: both\" \/><dl class='gallery-item'>\n\t\t\t<dt class='gallery-icon landscape'>\n\t\t\t\t<a href='https:\/\/serveiseducatius.xtec.cat\/eixample\/trencant-estereotips\/attachment\/03_les-noies-seran-el-que-vulguin-ser-2\/'><img loading=\"lazy\" decoding=\"async\" width=\"640\" height=\"460\" src=\"https:\/\/serveiseducatius.xtec.cat\/eixample\/wp-content\/uploads\/usu1171\/2020\/02\/03_Les-noies-seran-el-que-vulguin-ser-1.jpg\" class=\"attachment-full size-full\" alt=\"\" srcset=\"https:\/\/serveiseducatius.xtec.cat\/eixample\/wp-content\/uploads\/usu1171\/2020\/02\/03_Les-noies-seran-el-que-vulguin-ser-1.jpg 640w, https:\/\/serveiseducatius.xtec.cat\/eixample\/wp-content\/uploads\/usu1171\/2020\/02\/03_Les-noies-seran-el-que-vulguin-ser-1-300x216.jpg 300w\" sizes=\"auto, (max-width: 640px) 100vw, 640px\" \/><\/a>\n\t\t\t<\/dt><\/dl><dl class='gallery-item'>\n\t\t\t<dt class='gallery-icon portrait'>\n\t\t\t\t<a href='https:\/\/serveiseducatius.xtec.cat\/eixample\/trencant-estereotips\/attachment\/great_women_who_changed_the_word\/'><img loading=\"lazy\" decoding=\"async\" width=\"703\" height=\"733\" src=\"https:\/\/serveiseducatius.xtec.cat\/eixample\/wp-content\/uploads\/usu1171\/2020\/03\/21_great_women_who_changed_the_word.jpg\" class=\"attachment-full size-full\" alt=\"\" srcset=\"https:\/\/serveiseducatius.xtec.cat\/eixample\/wp-content\/uploads\/usu1171\/2020\/03\/21_great_women_who_changed_the_word.jpg 703w, https:\/\/serveiseducatius.xtec.cat\/eixample\/wp-content\/uploads\/usu1171\/2020\/03\/21_great_women_who_changed_the_word-288x300.jpg 288w\" sizes=\"auto, (max-width: 703px) 100vw, 703px\" \/><\/a>\n\t\t\t<\/dt><\/dl><dl class='gallery-item'>\n\t\t\t<dt class='gallery-icon portrait'>\n\t\t\t\t<a href='https:\/\/serveiseducatius.xtec.cat\/eixample\/trencant-estereotips\/attachment\/great_women_who_made_history\/'><img loading=\"lazy\" decoding=\"async\" width=\"593\" height=\"597\" src=\"https:\/\/serveiseducatius.xtec.cat\/eixample\/wp-content\/uploads\/usu1171\/2020\/03\/22_great_women_who_made_history.jpg\" class=\"attachment-full size-full\" alt=\"\" srcset=\"https:\/\/serveiseducatius.xtec.cat\/eixample\/wp-content\/uploads\/usu1171\/2020\/03\/22_great_women_who_made_history.jpg 593w, https:\/\/serveiseducatius.xtec.cat\/eixample\/wp-content\/uploads\/usu1171\/2020\/03\/22_great_women_who_made_history-150x150.jpg 150w, https:\/\/serveiseducatius.xtec.cat\/eixample\/wp-content\/uploads\/usu1171\/2020\/03\/22_great_women_who_made_history-298x300.jpg 298w\" sizes=\"auto, (max-width: 593px) 100vw, 593px\" \/><\/a>\n\t\t\t<\/dt><\/dl><br style=\"clear: both\" \/><dl class='gallery-item'>\n\t\t\t<dt class='gallery-icon portrait'>\n\t\t\t\t<a href='https:\/\/serveiseducatius.xtec.cat\/eixample\/trencant-estereotips\/attachment\/great_women_who_worked_wonders\/'><img loading=\"lazy\" decoding=\"async\" width=\"594\" height=\"600\" src=\"https:\/\/serveiseducatius.xtec.cat\/eixample\/wp-content\/uploads\/usu1171\/2020\/03\/23_great_women_who_worked_wonders.jpg\" class=\"attachment-full size-full\" alt=\"\" srcset=\"https:\/\/serveiseducatius.xtec.cat\/eixample\/wp-content\/uploads\/usu1171\/2020\/03\/23_great_women_who_worked_wonders.jpg 594w, https:\/\/serveiseducatius.xtec.cat\/eixample\/wp-content\/uploads\/usu1171\/2020\/03\/23_great_women_who_worked_wonders-297x300.jpg 297w\" sizes=\"auto, (max-width: 594px) 100vw, 594px\" \/><\/a>\n\t\t\t<\/dt><\/dl><dl class='gallery-item'>\n\t\t\t<dt class='gallery-icon portrait'>\n\t\t\t\t<a href='https:\/\/serveiseducatius.xtec.cat\/eixample\/trencant-estereotips\/attachment\/great_women_who_saved_planet\/'><img loading=\"lazy\" decoding=\"async\" width=\"496\" height=\"497\" src=\"https:\/\/serveiseducatius.xtec.cat\/eixample\/wp-content\/uploads\/usu1171\/2020\/03\/24_great_women_who_saved_planet.jpg\" class=\"attachment-full size-full\" alt=\"\" srcset=\"https:\/\/serveiseducatius.xtec.cat\/eixample\/wp-content\/uploads\/usu1171\/2020\/03\/24_great_women_who_saved_planet.jpg 496w, https:\/\/serveiseducatius.xtec.cat\/eixample\/wp-content\/uploads\/usu1171\/2020\/03\/24_great_women_who_saved_planet-150x150.jpg 150w, https:\/\/serveiseducatius.xtec.cat\/eixample\/wp-content\/uploads\/usu1171\/2020\/03\/24_great_women_who_saved_planet-300x300.jpg 300w\" sizes=\"auto, (max-width: 496px) 100vw, 496px\" \/><\/a>\n\t\t\t<\/dt><\/dl>\n\t\t\t<br style='clear: both' \/>\n\t\t<\/div>\n\n","protected":false},"excerpt":{"rendered":"<p>La maleta \u201cTrencant estereotips\u201d inclou el joc &#8220;\u00bfQui\u00e9n vive aqu\u00ed? i tot un seguit de contes i \u00e0lbums infantils protagonitzats per uns personatges que volen superar els estereotips, prejudicis i sexisme amb una conviv\u00e8ncia amb respecte i coresponsabilitat.<br \/>\nJocs: 4 unitats del Joc &#8220;\u00bfQui\u00e9n vive aqu\u00ed?&#8221;<br \/>\n<a&hellip;  <a href=\"https:\/\/serveiseducatius.xtec.cat\/eixample\/trencant-estereotips\/\" title=\"Read Trencant estereotips\">Llegeix m\u00e9s\u00bb<\/a><\/p>\n","protected":false},"author":4,"featured_media":0,"parent":0,"menu_order":0,"comment_status":"closed","ping_status":"closed","template":"","meta":{"_bbp_topic_count":0,"_bbp_reply_count":0,"_bbp_total_topic_count":0,"_bbp_total_reply_count":0,"_bbp_voice_count":0,"_bbp_anonymous_reply_count":0,"_bbp_topic_count_hidden":0,"_bbp_reply_count_hidden":0,"_bbp_forum_subforum_count":0,"footnotes":""},"class_list":["post-10994","page","type-page","status-publish","hentry"],"post_mailing_queue_ids":[],"_links":{"self":[{"href":"https:\/\/serveiseducatius.xtec.cat\/eixample\/wp-json\/wp\/v2\/pages\/10994","targetHints":{"allow":["GET"]}}],"collection":[{"href":"https:\/\/serveiseducatius.xtec.cat\/eixample\/wp-json\/wp\/v2\/pages"}],"about":[{"href":"https:\/\/serveiseducatius.xtec.cat\/eixample\/wp-json\/wp\/v2\/types\/page"}],"author":[{"embeddable":true,"href":"https:\/\/serveiseducatius.xtec.cat\/eixample\/wp-json\/wp\/v2\/users\/4"}],"replies":[{"embeddable":true,"href":"https:\/\/serveiseducatius.xtec.cat\/eixample\/wp-json\/wp\/v2\/comments?post=10994"}],"version-history":[{"count":4,"href":"https:\/\/serveiseducatius.xtec.cat\/eixample\/wp-json\/wp\/v2\/pages\/10994\/revisions"}],"predecessor-version":[{"id":11332,"href":"https:\/\/serveiseducatius.xtec.cat\/eixample\/wp-json\/wp\/v2\/pages\/10994\/revisions\/11332"}],"wp:attachment":[{"href":"https:\/\/serveiseducatius.xtec.cat\/eixample\/wp-json\/wp\/v2\/media?parent=10994"}],"curies":[{"name":"wp","href":"https:\/\/api.w.org\/{rel}","templated":true}]}}