{"id":10970,"date":"2020-02-18T14:04:36","date_gmt":"2020-02-18T13:04:36","guid":{"rendered":"http:\/\/serveiseducatius.xtec.cat\/eixample\/?page_id=10970"},"modified":"2020-03-10T13:49:39","modified_gmt":"2020-03-10T12:49:39","slug":"sexualitats-i-genere","status":"publish","type":"page","link":"https:\/\/serveiseducatius.xtec.cat\/eixample\/sexualitats-i-genere\/","title":{"rendered":"Sexualitats i g\u00e8nere"},"content":{"rendered":"<p>La maleta &#8220;Sexualitats i g\u00e8nere&#8221; est\u00e0 formada pel joc de cartes &#8220;Little Office&#8221; i una acurada selecci\u00f3 de contes i \u00e0lbums infantils protagonitzats per personatges en disposici\u00f3 de viure les relacions humanes sense etiquetar, veure\u2019ns i estimar-nos tal com som. Protagonistes que valoren la dimensi\u00f3 humana de la sexualitat en tota la seva diversitat.<\/p>\n<p><a href=\"https:\/\/serveiseducatius.xtec.cat\/eixample\/wp-content\/uploads\/usu1171\/2020\/02\/02_03_JOC_Little-office_professions.jpg\"><img loading=\"lazy\" decoding=\"async\" class=\"alignleft wp-image-10971\" src=\"https:\/\/serveiseducatius.xtec.cat\/eixample\/wp-content\/uploads\/usu1171\/2020\/02\/02_03_JOC_Little-office_professions.jpg\" alt=\"\" width=\"1030\" height=\"717\" srcset=\"https:\/\/serveiseducatius.xtec.cat\/eixample\/wp-content\/uploads\/usu1171\/2020\/02\/02_03_JOC_Little-office_professions.jpg 959w, https:\/\/serveiseducatius.xtec.cat\/eixample\/wp-content\/uploads\/usu1171\/2020\/02\/02_03_JOC_Little-office_professions-300x209.jpg 300w, https:\/\/serveiseducatius.xtec.cat\/eixample\/wp-content\/uploads\/usu1171\/2020\/02\/02_03_JOC_Little-office_professions-768x535.jpg 768w\" sizes=\"auto, (max-width: 1030px) 100vw, 1030px\" \/><\/a><\/p>\n\n\t\t<style type=\"text\/css\">\n\t\t\t#gallery-1 {\n\t\t\t\tmargin: auto;\n\t\t\t}\n\t\t\t#gallery-1 .gallery-item {\n\t\t\t\tfloat: left;\n\t\t\t\tmargin-top: 10px;\n\t\t\t\ttext-align: center;\n\t\t\t\twidth: 33%;\n\t\t\t}\n\t\t\t#gallery-1 img {\n\t\t\t\tborder: 2px solid #cfcfcf;\n\t\t\t}\n\t\t\t#gallery-1 .gallery-caption {\n\t\t\t\tmargin-left: 0;\n\t\t\t}\n\t\t\t\/* see gallery_shortcode() in wp-includes\/media.php *\/\n\t\t<\/style>\n\t\t<div id='gallery-1' class='gallery galleryid-10970 gallery-columns-3 gallery-size-full'><dl class='gallery-item'>\n\t\t\t<dt class='gallery-icon portrait'>\n\t\t\t\t<a href='https:\/\/serveiseducatius.xtec.cat\/eixample\/sexualitats-i-genere\/attachment\/02_el-bru-es-fa-gran\/'><img loading=\"lazy\" decoding=\"async\" width=\"790\" height=\"1200\" src=\"https:\/\/serveiseducatius.xtec.cat\/eixample\/wp-content\/uploads\/usu1171\/2020\/02\/02_El-Bru-es-fa-gran.jpg\" class=\"attachment-full size-full\" alt=\"\" srcset=\"https:\/\/serveiseducatius.xtec.cat\/eixample\/wp-content\/uploads\/usu1171\/2020\/02\/02_El-Bru-es-fa-gran.jpg 790w, https:\/\/serveiseducatius.xtec.cat\/eixample\/wp-content\/uploads\/usu1171\/2020\/02\/02_El-Bru-es-fa-gran-198x300.jpg 198w, https:\/\/serveiseducatius.xtec.cat\/eixample\/wp-content\/uploads\/usu1171\/2020\/02\/02_El-Bru-es-fa-gran-768x1167.jpg 768w, https:\/\/serveiseducatius.xtec.cat\/eixample\/wp-content\/uploads\/usu1171\/2020\/02\/02_El-Bru-es-fa-gran-674x1024.jpg 674w\" sizes=\"auto, (max-width: 790px) 100vw, 790px\" \/><\/a>\n\t\t\t<\/dt><\/dl><dl class='gallery-item'>\n\t\t\t<dt class='gallery-icon portrait'>\n\t\t\t\t<a href='https:\/\/serveiseducatius.xtec.cat\/eixample\/diversitat-familiar\/attachment\/01_la-mia-es-fa-gran\/'><img loading=\"lazy\" decoding=\"async\" width=\"1555\" height=\"2362\" src=\"https:\/\/serveiseducatius.xtec.cat\/eixample\/wp-content\/uploads\/usu1171\/2020\/02\/01_La-Mia-es-fa-gran.jpg\" class=\"attachment-full size-full\" alt=\"\" srcset=\"https:\/\/serveiseducatius.xtec.cat\/eixample\/wp-content\/uploads\/usu1171\/2020\/02\/01_La-Mia-es-fa-gran.jpg 1555w, https:\/\/serveiseducatius.xtec.cat\/eixample\/wp-content\/uploads\/usu1171\/2020\/02\/01_La-Mia-es-fa-gran-198x300.jpg 198w, https:\/\/serveiseducatius.xtec.cat\/eixample\/wp-content\/uploads\/usu1171\/2020\/02\/01_La-Mia-es-fa-gran-768x1167.jpg 768w, https:\/\/serveiseducatius.xtec.cat\/eixample\/wp-content\/uploads\/usu1171\/2020\/02\/01_La-Mia-es-fa-gran-674x1024.jpg 674w\" sizes=\"auto, (max-width: 1555px) 100vw, 1555px\" \/><\/a>\n\t\t\t<\/dt><\/dl><dl class='gallery-item'>\n\t\t\t<dt class='gallery-icon portrait'>\n\t\t\t\t<a href='https:\/\/serveiseducatius.xtec.cat\/eixample\/sexualitats-i-genere\/attachment\/02_explica-mho\/'><img loading=\"lazy\" decoding=\"async\" width=\"920\" height=\"1204\" src=\"https:\/\/serveiseducatius.xtec.cat\/eixample\/wp-content\/uploads\/usu1171\/2020\/02\/02_Explica-mho.jpg\" class=\"attachment-full size-full\" alt=\"\" srcset=\"https:\/\/serveiseducatius.xtec.cat\/eixample\/wp-content\/uploads\/usu1171\/2020\/02\/02_Explica-mho.jpg 920w, https:\/\/serveiseducatius.xtec.cat\/eixample\/wp-content\/uploads\/usu1171\/2020\/02\/02_Explica-mho-229x300.jpg 229w, https:\/\/serveiseducatius.xtec.cat\/eixample\/wp-content\/uploads\/usu1171\/2020\/02\/02_Explica-mho-768x1005.jpg 768w, https:\/\/serveiseducatius.xtec.cat\/eixample\/wp-content\/uploads\/usu1171\/2020\/02\/02_Explica-mho-782x1024.jpg 782w\" sizes=\"auto, (max-width: 920px) 100vw, 920px\" \/><\/a>\n\t\t\t<\/dt><\/dl><br style=\"clear: both\" \/><dl class='gallery-item'>\n\t\t\t<dt class='gallery-icon portrait'>\n\t\t\t\t<a href='https:\/\/serveiseducatius.xtec.cat\/eixample\/sexualitats-i-genere\/attachment\/02_el-vermell-mola\/'><img loading=\"lazy\" decoding=\"async\" width=\"370\" height=\"512\" src=\"https:\/\/serveiseducatius.xtec.cat\/eixample\/wp-content\/uploads\/usu1171\/2020\/02\/02_El-vermell-mola.jpg\" class=\"attachment-full size-full\" alt=\"\" srcset=\"https:\/\/serveiseducatius.xtec.cat\/eixample\/wp-content\/uploads\/usu1171\/2020\/02\/02_El-vermell-mola.jpg 370w, https:\/\/serveiseducatius.xtec.cat\/eixample\/wp-content\/uploads\/usu1171\/2020\/02\/02_El-vermell-mola-217x300.jpg 217w\" sizes=\"auto, (max-width: 370px) 100vw, 370px\" \/><\/a>\n\t\t\t<\/dt><\/dl><dl class='gallery-item'>\n\t\t\t<dt class='gallery-icon portrait'>\n\t\t\t\t<a href='https:\/\/serveiseducatius.xtec.cat\/eixample\/sexualitats-i-genere\/attachment\/02_duna_diari-estiu\/'><img loading=\"lazy\" decoding=\"async\" width=\"584\" height=\"800\" src=\"https:\/\/serveiseducatius.xtec.cat\/eixample\/wp-content\/uploads\/usu1171\/2020\/02\/02_Duna_diari-estiu.jpg\" class=\"attachment-full size-full\" alt=\"\" srcset=\"https:\/\/serveiseducatius.xtec.cat\/eixample\/wp-content\/uploads\/usu1171\/2020\/02\/02_Duna_diari-estiu.jpg 584w, https:\/\/serveiseducatius.xtec.cat\/eixample\/wp-content\/uploads\/usu1171\/2020\/02\/02_Duna_diari-estiu-219x300.jpg 219w\" sizes=\"auto, (max-width: 584px) 100vw, 584px\" \/><\/a>\n\t\t\t<\/dt><\/dl><dl class='gallery-item'>\n\t\t\t<dt class='gallery-icon portrait'>\n\t\t\t\t<a href='https:\/\/serveiseducatius.xtec.cat\/eixample\/sexualitats-i-genere\/attachment\/vermell\/'><img loading=\"lazy\" decoding=\"async\" width=\"727\" height=\"1024\" src=\"https:\/\/serveiseducatius.xtec.cat\/eixample\/wp-content\/uploads\/usu1171\/2020\/02\/02_Vermell.jpg\" class=\"attachment-full size-full\" alt=\"\" srcset=\"https:\/\/serveiseducatius.xtec.cat\/eixample\/wp-content\/uploads\/usu1171\/2020\/02\/02_Vermell.jpg 727w, https:\/\/serveiseducatius.xtec.cat\/eixample\/wp-content\/uploads\/usu1171\/2020\/02\/02_Vermell-213x300.jpg 213w\" sizes=\"auto, (max-width: 727px) 100vw, 727px\" \/><\/a>\n\t\t\t<\/dt><\/dl><br style=\"clear: both\" \/><dl class='gallery-item'>\n\t\t\t<dt class='gallery-icon portrait'>\n\t\t\t\t<a href='https:\/\/serveiseducatius.xtec.cat\/eixample\/sexualitats-i-genere\/attachment\/02_un-dia-a-la-vida-de-marlon-bundo\/'><img loading=\"lazy\" decoding=\"async\" width=\"3295\" height=\"3494\" src=\"https:\/\/serveiseducatius.xtec.cat\/eixample\/wp-content\/uploads\/usu1171\/2020\/02\/02_Un-dia-a-la-vida-de-Marlon-Bundo.jpg\" class=\"attachment-full size-full\" alt=\"\" srcset=\"https:\/\/serveiseducatius.xtec.cat\/eixample\/wp-content\/uploads\/usu1171\/2020\/02\/02_Un-dia-a-la-vida-de-Marlon-Bundo.jpg 3295w, https:\/\/serveiseducatius.xtec.cat\/eixample\/wp-content\/uploads\/usu1171\/2020\/02\/02_Un-dia-a-la-vida-de-Marlon-Bundo-283x300.jpg 283w, https:\/\/serveiseducatius.xtec.cat\/eixample\/wp-content\/uploads\/usu1171\/2020\/02\/02_Un-dia-a-la-vida-de-Marlon-Bundo-768x814.jpg 768w, https:\/\/serveiseducatius.xtec.cat\/eixample\/wp-content\/uploads\/usu1171\/2020\/02\/02_Un-dia-a-la-vida-de-Marlon-Bundo-966x1024.jpg 966w\" sizes=\"auto, (max-width: 3295px) 100vw, 3295px\" \/><\/a>\n\t\t\t<\/dt><\/dl><dl class='gallery-item'>\n\t\t\t<dt class='gallery-icon portrait'>\n\t\t\t\t<a href='https:\/\/serveiseducatius.xtec.cat\/eixample\/sexualitats-i-genere\/attachment\/02_ara-em-dic-joana\/'><img loading=\"lazy\" decoding=\"async\" width=\"799\" height=\"800\" src=\"https:\/\/serveiseducatius.xtec.cat\/eixample\/wp-content\/uploads\/usu1171\/2020\/02\/02_Ara-em-dic-Joana.jpg\" class=\"attachment-full size-full\" alt=\"\" srcset=\"https:\/\/serveiseducatius.xtec.cat\/eixample\/wp-content\/uploads\/usu1171\/2020\/02\/02_Ara-em-dic-Joana.jpg 799w, https:\/\/serveiseducatius.xtec.cat\/eixample\/wp-content\/uploads\/usu1171\/2020\/02\/02_Ara-em-dic-Joana-150x150.jpg 150w, https:\/\/serveiseducatius.xtec.cat\/eixample\/wp-content\/uploads\/usu1171\/2020\/02\/02_Ara-em-dic-Joana-300x300.jpg 300w, https:\/\/serveiseducatius.xtec.cat\/eixample\/wp-content\/uploads\/usu1171\/2020\/02\/02_Ara-em-dic-Joana-768x769.jpg 768w\" sizes=\"auto, (max-width: 799px) 100vw, 799px\" \/><\/a>\n\t\t\t<\/dt><\/dl><dl class='gallery-item'>\n\t\t\t<dt class='gallery-icon landscape'>\n\t\t\t\t<a href='https:\/\/serveiseducatius.xtec.cat\/eixample\/sexualitats-i-genere\/attachment\/els-dies-felicos-2\/'><img loading=\"lazy\" decoding=\"async\" width=\"800\" height=\"800\" src=\"https:\/\/serveiseducatius.xtec.cat\/eixample\/wp-content\/uploads\/usu1171\/2020\/02\/02_Els-dies-felicos-1.jpg\" class=\"attachment-full size-full\" alt=\"\" srcset=\"https:\/\/serveiseducatius.xtec.cat\/eixample\/wp-content\/uploads\/usu1171\/2020\/02\/02_Els-dies-felicos-1.jpg 800w, https:\/\/serveiseducatius.xtec.cat\/eixample\/wp-content\/uploads\/usu1171\/2020\/02\/02_Els-dies-felicos-1-150x150.jpg 150w, https:\/\/serveiseducatius.xtec.cat\/eixample\/wp-content\/uploads\/usu1171\/2020\/02\/02_Els-dies-felicos-1-300x300.jpg 300w, https:\/\/serveiseducatius.xtec.cat\/eixample\/wp-content\/uploads\/usu1171\/2020\/02\/02_Els-dies-felicos-1-768x768.jpg 768w\" sizes=\"auto, (max-width: 800px) 100vw, 800px\" \/><\/a>\n\t\t\t<\/dt><\/dl><br style=\"clear: both\" \/><dl class='gallery-item'>\n\t\t\t<dt class='gallery-icon landscape'>\n\t\t\t\t<a href='https:\/\/serveiseducatius.xtec.cat\/eixample\/sexualitats-i-genere\/attachment\/02_sirenas\/'><img loading=\"lazy\" decoding=\"async\" width=\"900\" height=\"833\" src=\"https:\/\/serveiseducatius.xtec.cat\/eixample\/wp-content\/uploads\/usu1171\/2020\/02\/02_Sirenas.jpg\" class=\"attachment-full size-full\" alt=\"\" srcset=\"https:\/\/serveiseducatius.xtec.cat\/eixample\/wp-content\/uploads\/usu1171\/2020\/02\/02_Sirenas.jpg 900w, https:\/\/serveiseducatius.xtec.cat\/eixample\/wp-content\/uploads\/usu1171\/2020\/02\/02_Sirenas-300x278.jpg 300w, https:\/\/serveiseducatius.xtec.cat\/eixample\/wp-content\/uploads\/usu1171\/2020\/02\/02_Sirenas-768x711.jpg 768w\" sizes=\"auto, (max-width: 900px) 100vw, 900px\" \/><\/a>\n\t\t\t<\/dt><\/dl><dl class='gallery-item'>\n\t\t\t<dt class='gallery-icon portrait'>\n\t\t\t\t<a href='https:\/\/serveiseducatius.xtec.cat\/eixample\/sexualitats-i-genere\/attachment\/02_princesakevin\/'><img loading=\"lazy\" decoding=\"async\" width=\"1161\" height=\"1400\" src=\"https:\/\/serveiseducatius.xtec.cat\/eixample\/wp-content\/uploads\/usu1171\/2020\/02\/02_PrincesaKevin.jpg\" class=\"attachment-full size-full\" alt=\"\" srcset=\"https:\/\/serveiseducatius.xtec.cat\/eixample\/wp-content\/uploads\/usu1171\/2020\/02\/02_PrincesaKevin.jpg 1161w, https:\/\/serveiseducatius.xtec.cat\/eixample\/wp-content\/uploads\/usu1171\/2020\/02\/02_PrincesaKevin-249x300.jpg 249w, https:\/\/serveiseducatius.xtec.cat\/eixample\/wp-content\/uploads\/usu1171\/2020\/02\/02_PrincesaKevin-768x926.jpg 768w, https:\/\/serveiseducatius.xtec.cat\/eixample\/wp-content\/uploads\/usu1171\/2020\/02\/02_PrincesaKevin-849x1024.jpg 849w\" sizes=\"auto, (max-width: 1161px) 100vw, 1161px\" \/><\/a>\n\t\t\t<\/dt><\/dl><dl class='gallery-item'>\n\t\t\t<dt class='gallery-icon landscape'>\n\t\t\t\t<a href='https:\/\/serveiseducatius.xtec.cat\/eixample\/sexualitats-i-genere\/attachment\/02_el-nen-perfecte\/'><img loading=\"lazy\" decoding=\"async\" width=\"1800\" height=\"1326\" src=\"https:\/\/serveiseducatius.xtec.cat\/eixample\/wp-content\/uploads\/usu1171\/2020\/02\/02_El-nen-perfecte.jpg\" class=\"attachment-full size-full\" alt=\"\" srcset=\"https:\/\/serveiseducatius.xtec.cat\/eixample\/wp-content\/uploads\/usu1171\/2020\/02\/02_El-nen-perfecte.jpg 1800w, https:\/\/serveiseducatius.xtec.cat\/eixample\/wp-content\/uploads\/usu1171\/2020\/02\/02_El-nen-perfecte-300x221.jpg 300w, https:\/\/serveiseducatius.xtec.cat\/eixample\/wp-content\/uploads\/usu1171\/2020\/02\/02_El-nen-perfecte-768x566.jpg 768w, https:\/\/serveiseducatius.xtec.cat\/eixample\/wp-content\/uploads\/usu1171\/2020\/02\/02_El-nen-perfecte-1024x754.jpg 1024w\" sizes=\"auto, (max-width: 1800px) 100vw, 1800px\" \/><\/a>\n\t\t\t<\/dt><\/dl><br style=\"clear: both\" \/><dl class='gallery-item'>\n\t\t\t<dt class='gallery-icon landscape'>\n\t\t\t\t<a href='https:\/\/serveiseducatius.xtec.cat\/eixample\/sexualitats-i-genere\/attachment\/el-meu-fill-princesa\/'><img loading=\"lazy\" decoding=\"async\" width=\"531\" height=\"531\" src=\"https:\/\/serveiseducatius.xtec.cat\/eixample\/wp-content\/uploads\/usu1171\/2020\/03\/EL-MEU-FILL-PRINCESA.jpg\" class=\"attachment-full size-full\" alt=\"\" srcset=\"https:\/\/serveiseducatius.xtec.cat\/eixample\/wp-content\/uploads\/usu1171\/2020\/03\/EL-MEU-FILL-PRINCESA.jpg 531w, https:\/\/serveiseducatius.xtec.cat\/eixample\/wp-content\/uploads\/usu1171\/2020\/03\/EL-MEU-FILL-PRINCESA-150x150.jpg 150w, https:\/\/serveiseducatius.xtec.cat\/eixample\/wp-content\/uploads\/usu1171\/2020\/03\/EL-MEU-FILL-PRINCESA-300x300.jpg 300w\" sizes=\"auto, (max-width: 531px) 100vw, 531px\" \/><\/a>\n\t\t\t<\/dt><\/dl><dl class='gallery-item'>\n\t\t\t<dt class='gallery-icon landscape'>\n\t\t\t\t<a href='https:\/\/serveiseducatius.xtec.cat\/eixample\/sexualitats-i-genere\/attachment\/13_julian_is_a_mermaid\/'><img loading=\"lazy\" decoding=\"async\" width=\"795\" height=\"730\" src=\"https:\/\/serveiseducatius.xtec.cat\/eixample\/wp-content\/uploads\/usu1171\/2020\/03\/13_julian_is_a_mermaid.jpg\" class=\"attachment-full size-full\" alt=\"\" srcset=\"https:\/\/serveiseducatius.xtec.cat\/eixample\/wp-content\/uploads\/usu1171\/2020\/03\/13_julian_is_a_mermaid.jpg 795w, https:\/\/serveiseducatius.xtec.cat\/eixample\/wp-content\/uploads\/usu1171\/2020\/03\/13_julian_is_a_mermaid-300x275.jpg 300w, https:\/\/serveiseducatius.xtec.cat\/eixample\/wp-content\/uploads\/usu1171\/2020\/03\/13_julian_is_a_mermaid-768x705.jpg 768w\" sizes=\"auto, (max-width: 795px) 100vw, 795px\" \/><\/a>\n\t\t\t<\/dt><\/dl><dl class='gallery-item'>\n\t\t\t<dt class='gallery-icon portrait'>\n\t\t\t\t<a href='https:\/\/serveiseducatius.xtec.cat\/eixample\/sexualitats-i-genere\/attachment\/pink_lion\/'><img loading=\"lazy\" decoding=\"async\" width=\"2073\" height=\"2292\" src=\"https:\/\/serveiseducatius.xtec.cat\/eixample\/wp-content\/uploads\/usu1171\/2020\/03\/14_pink_lion.jpg\" class=\"attachment-full size-full\" alt=\"\" srcset=\"https:\/\/serveiseducatius.xtec.cat\/eixample\/wp-content\/uploads\/usu1171\/2020\/03\/14_pink_lion.jpg 2073w, https:\/\/serveiseducatius.xtec.cat\/eixample\/wp-content\/uploads\/usu1171\/2020\/03\/14_pink_lion-271x300.jpg 271w, https:\/\/serveiseducatius.xtec.cat\/eixample\/wp-content\/uploads\/usu1171\/2020\/03\/14_pink_lion-768x849.jpg 768w, https:\/\/serveiseducatius.xtec.cat\/eixample\/wp-content\/uploads\/usu1171\/2020\/03\/14_pink_lion-926x1024.jpg 926w\" sizes=\"auto, (max-width: 2073px) 100vw, 2073px\" \/><\/a>\n\t\t\t<\/dt><\/dl><br style=\"clear: both\" \/>\n\t\t<\/div>\n\n","protected":false},"excerpt":{"rendered":"<p>La maleta &#8220;Sexualitats i g\u00e8nere&#8221; est\u00e0 formada pel joc de cartes &#8220;Little Office&#8221; i una acurada selecci\u00f3 de contes i \u00e0lbums infantils protagonitzats per personatges en disposici\u00f3 de viure les relacions humanes sense etiquetar, veure\u2019ns i estimar-nos tal com som. Protagonistes que valoren la dimensi\u00f3&hellip;  <a href=\"https:\/\/serveiseducatius.xtec.cat\/eixample\/sexualitats-i-genere\/\" title=\"Read Sexualitats i g\u00e8nere\">Llegeix m\u00e9s\u00bb<\/a><\/p>\n","protected":false},"author":4,"featured_media":0,"parent":0,"menu_order":0,"comment_status":"closed","ping_status":"closed","template":"","meta":{"_bbp_topic_count":0,"_bbp_reply_count":0,"_bbp_total_topic_count":0,"_bbp_total_reply_count":0,"_bbp_voice_count":0,"_bbp_anonymous_reply_count":0,"_bbp_topic_count_hidden":0,"_bbp_reply_count_hidden":0,"_bbp_forum_subforum_count":0,"footnotes":""},"class_list":["post-10970","page","type-page","status-publish","hentry"],"post_mailing_queue_ids":[],"_links":{"self":[{"href":"https:\/\/serveiseducatius.xtec.cat\/eixample\/wp-json\/wp\/v2\/pages\/10970","targetHints":{"allow":["GET"]}}],"collection":[{"href":"https:\/\/serveiseducatius.xtec.cat\/eixample\/wp-json\/wp\/v2\/pages"}],"about":[{"href":"https:\/\/serveiseducatius.xtec.cat\/eixample\/wp-json\/wp\/v2\/types\/page"}],"author":[{"embeddable":true,"href":"https:\/\/serveiseducatius.xtec.cat\/eixample\/wp-json\/wp\/v2\/users\/4"}],"replies":[{"embeddable":true,"href":"https:\/\/serveiseducatius.xtec.cat\/eixample\/wp-json\/wp\/v2\/comments?post=10970"}],"version-history":[{"count":3,"href":"https:\/\/serveiseducatius.xtec.cat\/eixample\/wp-json\/wp\/v2\/pages\/10970\/revisions"}],"predecessor-version":[{"id":11316,"href":"https:\/\/serveiseducatius.xtec.cat\/eixample\/wp-json\/wp\/v2\/pages\/10970\/revisions\/11316"}],"wp:attachment":[{"href":"https:\/\/serveiseducatius.xtec.cat\/eixample\/wp-json\/wp\/v2\/media?parent=10970"}],"curies":[{"name":"wp","href":"https:\/\/api.w.org\/{rel}","templated":true}]}}