{"id":10968,"date":"2020-02-18T13:46:56","date_gmt":"2020-02-18T12:46:56","guid":{"rendered":"http:\/\/serveiseducatius.xtec.cat\/eixample\/?page_id=10968"},"modified":"2020-03-01T12:30:46","modified_gmt":"2020-03-01T11:30:46","slug":"coeducacio-i-audiovisuals","status":"publish","type":"page","link":"https:\/\/serveiseducatius.xtec.cat\/eixample\/coeducacio-i-audiovisuals\/","title":{"rendered":"Coeducaci\u00f3 i audiovisuals"},"content":{"rendered":"<p>La maleta &#8220;Coeducaci\u00f3 i audiovisuals&#8221; est\u00e0 formada per recursos tecnol\u00f2gics com tauletes, tr\u00edpodes i un croma que afavoriran que l&#8217;alumnat pugui convertir-se en un <strong>creador actiu i cr\u00edtic d&#8217;audiovisuals<\/strong> en qualsevol dels seus formats i formes.<\/p>\n<p>A continuaci\u00f3, us presentem tot un seguit de materials que us poden ser d&#8217;utilitat:<\/p>\n<p><strong>Per treballar el llenguatge audiovisual a l&#8217;aula:<\/strong><\/p>\n<ul>\n<li><strong><strong>Audiovisual &#8220;D\u00f3na&#8217;m la teva mirada&#8221;. <\/strong><\/strong>Un projecte divulgatiu d&#8217;AulaM\u00e8dia produ\u00eft per Kineina [audiovisuals]. \u00c9s un material multim\u00e8dia, flexible i innovador que explica de manera senzilla i entretinguda els fonaments i secrets b\u00e0sics del llenguatge audiovisual, amb explicacions te\u00f2riques, demostracions pr\u00e0ctiques en escenaris reals i exemples de grans obres de la hist\u00f2ria del cinema per\u00f2 tamb\u00e9 de la televisi\u00f3 actual. Pensat per a docents, estudiants i qualsevol persona interessada a entendre millor el que veu al cinema i la televisi\u00f3, est\u00e0 estructurat a partir dels conceptes essencials: enquadrament, tipus de pla, moviments de c\u00e0mera, punt de vista, muntatge, il\u00b7luminaci\u00f3 i so.<\/li>\n<\/ul>\n<p>&nbsp;<br \/>\n<iframe loading=\"lazy\" src=\"https:\/\/player.vimeo.com\/video\/60656895?color=00aac1\" width=\"640\" height=\"360\" frameborder=\"0\" allow=\"autoplay; fullscreen\" allowfullscreen><\/iframe><\/p>\n<p><a href=\"https:\/\/vimeo.com\/60656895\">D&oacute;na&#039;m la teva mirada (tr&agrave;iler)<\/a> from <a href=\"https:\/\/vimeo.com\/kineina\">Kineina<\/a> on <a href=\"https:\/\/vimeo.com\">Vimeo<\/a>.<\/p>\n<ul>\n<li><strong><a href=\"http:\/\/conceptes essencials del llenguatge audiovisual o cinematogr\u00e0fic explicats amb exemples\">Web &#8220;El llenguatge audiovisual&#8221;<\/a><\/strong> d&#8217;Aulam\u00e8dia, el Xavier Breil i el Ramon Breu que ofereix <strong>conceptes essencials del llenguatge audiovisual o cinematogr\u00e0fic <\/strong>explicats amb exemples<\/li>\n<\/ul>\n<p><strong>Per introduir el tema de la coeducaci\u00f3 a l&#8217;aula:<\/strong><\/p>\n<ul>\n<li style=\"list-style-type: none;\">\n<ul>\n<li><strong><a href=\"https:\/\/www.youtube.com\/watch?v=pL23EftRTDk\">La revolta de les joguines 1a part<\/a>, \u00a0<a href=\"https:\/\/youtu.be\/G_HHSrX5TQw\">La revolta de les joguines 2a part<\/a> i <a href=\"https:\/\/youtu.be\/PxdWfXisCIU\">La revolta de les joguines 3a part<\/a><\/strong>: Audiovisuals de la <a href=\"https:\/\/agora.xtec.cat\/ceipfg\/categoria\/ampa\/genere\/\">comissi\u00f3 de g\u00e8nere de l\u2019Escola Fructu\u00f3s Gelabert<\/a>\u00a0 de la campanya &#8221; Amb les joguiens no s&#8217;hi juga, Nadal 2018&#8243;, que t\u00e9 com a objectiu lluitar contra els estereotips de g\u00e8nere a l\u2019hora de triar les joguines dels infants aquest Nadal, per trencar amb els hist\u00f2rics rols socials i de g\u00e8nere i la limitaci\u00f3 que els estereotips suposen per als nens i nenes a l\u2019hora de jugar.<\/li>\n<li><strong><a href=\"https:\/\/www.youtube.com\/watch?v=NwbZ8ZW9lkM&amp;list=PLeCOUA6dHSQa_W3Fw2dzdsig4Dy0mKATT\">Llista de Youtube:<\/a> \u00a0(<a href=\"https:\/\/www.youtube.com\/watch?v=NwbZ8ZW9lkM\">Campa\u00f1a Eduquemos Con Igualdad<\/a>, <a href=\"https:\/\/www.youtube.com\/results?search_query=%23ComoNi%C3%B1a\">\u00bfQu\u00e9 significa hacer algo #ComoNi\u00f1a<\/a>? i \u00a0<a href=\"https:\/\/www.youtube.com\/results?search_query=%23ComoNi%C3%B1a\">#ComoNi\u00f1a: Imparable, que nada te detenga<\/a>)<\/strong>: &#8220;El Ministerio de Educaci\u00f3n del gobierno de Chile en conjunto con Comunidad Mujer, lanzan la campa\u00f1a Eduquemos Con Igualdad, que busca visibilizar estas brechas, cuestionar los roles tradicionales de g\u00e9nero y construir nuevas narrativas que contribuyan a proyectos de vida igualitarios entre ni\u00f1as y ni\u00f1os, que anulen las diferencias en el desempe\u00f1o escolar, les permitan tomar decisiones vocacionales en libertad y desarrollar sus talentos sin limitarse por los estereotipos de g\u00e9nero.&#8221;<\/li>\n<li><a href=\"https:\/\/yolandadominguez.com\/portfolio\/ninos-vs-moda\/\"><strong>Ni\u00f1os vs moda<\/strong>,<\/a> de Yolanda Dom\u00ednguez, on un grup d&#8217;infants de 8 anys descriuen el que veuen en algunes imatges publicit\u00e0ries de moda i on veuem que el resultat \u00e9s revelador: elles estan malaltes, borratxes i mortes. Ells s\u00f3n superherois, caps i empresaris. Els nens i les nenes decodifican les imatges i deixen al descobert la viol\u00e8ncia impl\u00edcita i la desigualtat en el tractament d&#8217;homes i dones, oferint-se a ajudar-les a elles: \u201ctenen gana\u201d, \u201cse senten soles\u201d i \u201ces podrien morir\u201d, o projectant els seus desitjos en els rols d&#8217;ells: \u201cestan feli\u00e7os\u201d, \u201cjo tamb\u00e9 vull anar a la universitat\u201d, \u201cjo s\u00f3c el cap\u201d. Un format popular utilitzat en forma de cr\u00edtica que planteja moltes q\u00fcestions sobre els missatges encoberts que genera el m\u00f3n de la moda: per qu\u00e8 relacionem aquest tipus d&#8217;imatges amb el glamur i el luxe?, per qu\u00e8 ning\u00fa ho denuncia?, quina influ\u00e8ncia tenen en l&#8217;educaci\u00f3 visual?, per qu\u00e8 les marques donen suport a aquest tipus de missatges?, qu\u00e8 podem fer per a canviar-ho?\n<div class=\"traductor-checkbox form-group\"><\/div>\n<\/li>\n<\/ul>\n<\/li>\n<\/ul>\n<p>&nbsp;<br \/>\n<iframe loading=\"lazy\" width=\"560\" height=\"315\" src=\"https:\/\/www.youtube.com\/embed\/LlShHeU2qU4\" frameborder=\"0\" allow=\"accelerometer; autoplay; encrypted-media; gyroscope; picture-in-picture\" allowfullscreen><\/iframe><\/p>\n","protected":false},"excerpt":{"rendered":"<p>La maleta &#8220;Coeducaci\u00f3 i audiovisuals&#8221; est\u00e0 formada per recursos tecnol\u00f2gics com tauletes, tr\u00edpodes i un croma que afavoriran que l&#8217;alumnat pugui convertir-se en un creador actiu i cr\u00edtic d&#8217;audiovisuals en qualsevol dels seus formats i formes.<br \/>\nA continuaci\u00f3, us presentem tot un seguit de materials que&hellip;  <a href=\"https:\/\/serveiseducatius.xtec.cat\/eixample\/coeducacio-i-audiovisuals\/\" title=\"Read Coeducaci\u00f3 i audiovisuals\">Llegeix m\u00e9s\u00bb<\/a><\/p>\n","protected":false},"author":4,"featured_media":0,"parent":0,"menu_order":0,"comment_status":"closed","ping_status":"closed","template":"","meta":{"_bbp_topic_count":0,"_bbp_reply_count":0,"_bbp_total_topic_count":0,"_bbp_total_reply_count":0,"_bbp_voice_count":0,"_bbp_anonymous_reply_count":0,"_bbp_topic_count_hidden":0,"_bbp_reply_count_hidden":0,"_bbp_forum_subforum_count":0,"footnotes":""},"class_list":["post-10968","page","type-page","status-publish","hentry"],"post_mailing_queue_ids":[],"_links":{"self":[{"href":"https:\/\/serveiseducatius.xtec.cat\/eixample\/wp-json\/wp\/v2\/pages\/10968","targetHints":{"allow":["GET"]}}],"collection":[{"href":"https:\/\/serveiseducatius.xtec.cat\/eixample\/wp-json\/wp\/v2\/pages"}],"about":[{"href":"https:\/\/serveiseducatius.xtec.cat\/eixample\/wp-json\/wp\/v2\/types\/page"}],"author":[{"embeddable":true,"href":"https:\/\/serveiseducatius.xtec.cat\/eixample\/wp-json\/wp\/v2\/users\/4"}],"replies":[{"embeddable":true,"href":"https:\/\/serveiseducatius.xtec.cat\/eixample\/wp-json\/wp\/v2\/comments?post=10968"}],"version-history":[{"count":4,"href":"https:\/\/serveiseducatius.xtec.cat\/eixample\/wp-json\/wp\/v2\/pages\/10968\/revisions"}],"predecessor-version":[{"id":11226,"href":"https:\/\/serveiseducatius.xtec.cat\/eixample\/wp-json\/wp\/v2\/pages\/10968\/revisions\/11226"}],"wp:attachment":[{"href":"https:\/\/serveiseducatius.xtec.cat\/eixample\/wp-json\/wp\/v2\/media?parent=10968"}],"curies":[{"name":"wp","href":"https:\/\/api.w.org\/{rel}","templated":true}]}}