{"id":10936,"date":"2020-02-18T13:24:09","date_gmt":"2020-02-18T12:24:09","guid":{"rendered":"http:\/\/serveiseducatius.xtec.cat\/eixample\/?page_id=10936"},"modified":"2020-03-12T16:45:08","modified_gmt":"2020-03-12T15:45:08","slug":"diversitat-familiar","status":"publish","type":"page","link":"https:\/\/serveiseducatius.xtec.cat\/eixample\/diversitat-familiar\/","title":{"rendered":"Diversitat familiar"},"content":{"rendered":"<p>La maleta &#8220;Diversitat familiar&#8221; est\u00e0 formada pel joc de cartes &#8220;Tutty. Un joc de fam\u00edlies diverses&#8221; i una selecci\u00f3 acurada de contes i \u00e0lbums infantils que abordem la diversitat familiar en sentit ampli, tal i com es viu i s\u2019ent\u00e9n el concepte de fam\u00edlia als nostres dies.<\/p>\n<p><a href=\"https:\/\/serveiseducatius.xtec.cat\/eixample\/wp-content\/uploads\/usu1171\/2020\/02\/01_JOC_Tutty.png\"><img loading=\"lazy\" decoding=\"async\" class=\"size-large wp-image-10942 alignleft\" src=\"https:\/\/serveiseducatius.xtec.cat\/eixample\/wp-content\/uploads\/usu1171\/2020\/02\/01_JOC_Tutty-1024x576.png\" alt=\"\" width=\"1024\" height=\"576\" srcset=\"https:\/\/serveiseducatius.xtec.cat\/eixample\/wp-content\/uploads\/usu1171\/2020\/02\/01_JOC_Tutty-1024x576.png 1024w, https:\/\/serveiseducatius.xtec.cat\/eixample\/wp-content\/uploads\/usu1171\/2020\/02\/01_JOC_Tutty-300x169.png 300w, https:\/\/serveiseducatius.xtec.cat\/eixample\/wp-content\/uploads\/usu1171\/2020\/02\/01_JOC_Tutty-768x432.png 768w, https:\/\/serveiseducatius.xtec.cat\/eixample\/wp-content\/uploads\/usu1171\/2020\/02\/01_JOC_Tutty.png 1600w\" sizes=\"auto, (max-width: 1024px) 100vw, 1024px\" \/><\/a><\/p>\n\n\t\t<style type=\"text\/css\">\n\t\t\t#gallery-1 {\n\t\t\t\tmargin: auto;\n\t\t\t}\n\t\t\t#gallery-1 .gallery-item {\n\t\t\t\tfloat: left;\n\t\t\t\tmargin-top: 10px;\n\t\t\t\ttext-align: center;\n\t\t\t\twidth: 33%;\n\t\t\t}\n\t\t\t#gallery-1 img {\n\t\t\t\tborder: 2px solid #cfcfcf;\n\t\t\t}\n\t\t\t#gallery-1 .gallery-caption {\n\t\t\t\tmargin-left: 0;\n\t\t\t}\n\t\t\t\/* see gallery_shortcode() in wp-includes\/media.php *\/\n\t\t<\/style>\n\t\t<div id='gallery-1' class='gallery galleryid-10936 gallery-columns-3 gallery-size-full'><dl class='gallery-item'>\n\t\t\t<dt class='gallery-icon landscape'>\n\t\t\t\t<a href='https:\/\/serveiseducatius.xtec.cat\/eixample\/diversitat-familiar\/attachment\/01_familiarium\/'><img loading=\"lazy\" decoding=\"async\" width=\"1608\" height=\"984\" src=\"https:\/\/serveiseducatius.xtec.cat\/eixample\/wp-content\/uploads\/usu1171\/2020\/02\/01_Familiarium.jpg\" class=\"attachment-full size-full\" alt=\"\" srcset=\"https:\/\/serveiseducatius.xtec.cat\/eixample\/wp-content\/uploads\/usu1171\/2020\/02\/01_Familiarium.jpg 1608w, https:\/\/serveiseducatius.xtec.cat\/eixample\/wp-content\/uploads\/usu1171\/2020\/02\/01_Familiarium-300x184.jpg 300w, https:\/\/serveiseducatius.xtec.cat\/eixample\/wp-content\/uploads\/usu1171\/2020\/02\/01_Familiarium-768x470.jpg 768w, https:\/\/serveiseducatius.xtec.cat\/eixample\/wp-content\/uploads\/usu1171\/2020\/02\/01_Familiarium-1024x627.jpg 1024w\" sizes=\"auto, (max-width: 1608px) 100vw, 1608px\" \/><\/a>\n\t\t\t<\/dt><\/dl><dl class='gallery-item'>\n\t\t\t<dt class='gallery-icon landscape'>\n\t\t\t\t<a href='https:\/\/serveiseducatius.xtec.cat\/eixample\/diversitat-familiar\/attachment\/01_amb-la-tango-som-tres\/'><img loading=\"lazy\" decoding=\"async\" width=\"1740\" height=\"1350\" src=\"https:\/\/serveiseducatius.xtec.cat\/eixample\/wp-content\/uploads\/usu1171\/2020\/02\/01_Amb-la-Tango-som-tres.jpg\" class=\"attachment-full size-full\" alt=\"\" srcset=\"https:\/\/serveiseducatius.xtec.cat\/eixample\/wp-content\/uploads\/usu1171\/2020\/02\/01_Amb-la-Tango-som-tres.jpg 1740w, https:\/\/serveiseducatius.xtec.cat\/eixample\/wp-content\/uploads\/usu1171\/2020\/02\/01_Amb-la-Tango-som-tres-300x233.jpg 300w, https:\/\/serveiseducatius.xtec.cat\/eixample\/wp-content\/uploads\/usu1171\/2020\/02\/01_Amb-la-Tango-som-tres-768x596.jpg 768w, https:\/\/serveiseducatius.xtec.cat\/eixample\/wp-content\/uploads\/usu1171\/2020\/02\/01_Amb-la-Tango-som-tres-1024x794.jpg 1024w\" sizes=\"auto, (max-width: 1740px) 100vw, 1740px\" \/><\/a>\n\t\t\t<\/dt><\/dl><dl class='gallery-item'>\n\t\t\t<dt class='gallery-icon landscape'>\n\t\t\t\t<a href='https:\/\/serveiseducatius.xtec.cat\/eixample\/diversitat-familiar\/attachment\/la-balena\/'><img loading=\"lazy\" decoding=\"async\" width=\"1749\" height=\"1541\" src=\"https:\/\/serveiseducatius.xtec.cat\/eixample\/wp-content\/uploads\/usu1171\/2020\/02\/01_La-balena.jpg\" class=\"attachment-full size-full\" alt=\"\" srcset=\"https:\/\/serveiseducatius.xtec.cat\/eixample\/wp-content\/uploads\/usu1171\/2020\/02\/01_La-balena.jpg 1749w, https:\/\/serveiseducatius.xtec.cat\/eixample\/wp-content\/uploads\/usu1171\/2020\/02\/01_La-balena-300x264.jpg 300w, https:\/\/serveiseducatius.xtec.cat\/eixample\/wp-content\/uploads\/usu1171\/2020\/02\/01_La-balena-768x677.jpg 768w, https:\/\/serveiseducatius.xtec.cat\/eixample\/wp-content\/uploads\/usu1171\/2020\/02\/01_La-balena-1024x902.jpg 1024w\" sizes=\"auto, (max-width: 1749px) 100vw, 1749px\" \/><\/a>\n\t\t\t<\/dt><\/dl><br style=\"clear: both\" \/><dl class='gallery-item'>\n\t\t\t<dt class='gallery-icon landscape'>\n\t\t\t\t<a href='https:\/\/serveiseducatius.xtec.cat\/eixample\/diversitat-familiar\/attachment\/01_en-frederic-i-les-seves-families\/'><img loading=\"lazy\" decoding=\"async\" width=\"1800\" height=\"1774\" src=\"https:\/\/serveiseducatius.xtec.cat\/eixample\/wp-content\/uploads\/usu1171\/2020\/02\/01_En-Frederic-i-les-seves-fam\u00edlies.jpg\" class=\"attachment-full size-full\" alt=\"\" srcset=\"https:\/\/serveiseducatius.xtec.cat\/eixample\/wp-content\/uploads\/usu1171\/2020\/02\/01_En-Frederic-i-les-seves-fam\u00edlies.jpg 1800w, https:\/\/serveiseducatius.xtec.cat\/eixample\/wp-content\/uploads\/usu1171\/2020\/02\/01_En-Frederic-i-les-seves-fam\u00edlies-300x296.jpg 300w, https:\/\/serveiseducatius.xtec.cat\/eixample\/wp-content\/uploads\/usu1171\/2020\/02\/01_En-Frederic-i-les-seves-fam\u00edlies-768x757.jpg 768w, https:\/\/serveiseducatius.xtec.cat\/eixample\/wp-content\/uploads\/usu1171\/2020\/02\/01_En-Frederic-i-les-seves-fam\u00edlies-1024x1009.jpg 1024w\" sizes=\"auto, (max-width: 1800px) 100vw, 1800px\" \/><\/a>\n\t\t\t<\/dt><\/dl><dl class='gallery-item'>\n\t\t\t<dt class='gallery-icon landscape'>\n\t\t\t\t<a href='https:\/\/serveiseducatius.xtec.cat\/eixample\/diversitat-familiar\/attachment\/p-de-papa\/'><img loading=\"lazy\" decoding=\"async\" width=\"400\" height=\"400\" src=\"https:\/\/serveiseducatius.xtec.cat\/eixample\/wp-content\/uploads\/usu1171\/2020\/02\/01_p-de-papa.jpg\" class=\"attachment-full size-full\" alt=\"\" srcset=\"https:\/\/serveiseducatius.xtec.cat\/eixample\/wp-content\/uploads\/usu1171\/2020\/02\/01_p-de-papa.jpg 400w, https:\/\/serveiseducatius.xtec.cat\/eixample\/wp-content\/uploads\/usu1171\/2020\/02\/01_p-de-papa-150x150.jpg 150w, https:\/\/serveiseducatius.xtec.cat\/eixample\/wp-content\/uploads\/usu1171\/2020\/02\/01_p-de-papa-300x300.jpg 300w\" sizes=\"auto, (max-width: 400px) 100vw, 400px\" \/><\/a>\n\t\t\t<\/dt><\/dl><dl class='gallery-item'>\n\t\t\t<dt class='gallery-icon portrait'>\n\t\t\t\t<a href='https:\/\/serveiseducatius.xtec.cat\/eixample\/diversitat-familiar\/attachment\/01_cor-de-mare-2\/'><img loading=\"lazy\" decoding=\"async\" width=\"500\" height=\"560\" src=\"https:\/\/serveiseducatius.xtec.cat\/eixample\/wp-content\/uploads\/usu1171\/2020\/02\/01_Cor-de-mare-1.jpg\" class=\"attachment-full size-full\" alt=\"\" srcset=\"https:\/\/serveiseducatius.xtec.cat\/eixample\/wp-content\/uploads\/usu1171\/2020\/02\/01_Cor-de-mare-1.jpg 500w, https:\/\/serveiseducatius.xtec.cat\/eixample\/wp-content\/uploads\/usu1171\/2020\/02\/01_Cor-de-mare-1-268x300.jpg 268w\" sizes=\"auto, (max-width: 500px) 100vw, 500px\" \/><\/a>\n\t\t\t<\/dt><\/dl><br style=\"clear: both\" \/><dl class='gallery-item'>\n\t\t\t<dt class='gallery-icon portrait'>\n\t\t\t\t<a href='https:\/\/serveiseducatius.xtec.cat\/eixample\/diversitat-familiar\/attachment\/la-nena-amb-dos-pares\/'><img loading=\"lazy\" decoding=\"async\" width=\"2162\" height=\"2560\" src=\"https:\/\/serveiseducatius.xtec.cat\/eixample\/wp-content\/uploads\/usu1171\/2020\/02\/01_la-nena-amb-dos-pares.jpg\" class=\"attachment-full size-full\" alt=\"\" srcset=\"https:\/\/serveiseducatius.xtec.cat\/eixample\/wp-content\/uploads\/usu1171\/2020\/02\/01_la-nena-amb-dos-pares.jpg 2162w, https:\/\/serveiseducatius.xtec.cat\/eixample\/wp-content\/uploads\/usu1171\/2020\/02\/01_la-nena-amb-dos-pares-253x300.jpg 253w, https:\/\/serveiseducatius.xtec.cat\/eixample\/wp-content\/uploads\/usu1171\/2020\/02\/01_la-nena-amb-dos-pares-768x909.jpg 768w, https:\/\/serveiseducatius.xtec.cat\/eixample\/wp-content\/uploads\/usu1171\/2020\/02\/01_la-nena-amb-dos-pares-865x1024.jpg 865w\" sizes=\"auto, (max-width: 2162px) 100vw, 2162px\" \/><\/a>\n\t\t\t<\/dt><\/dl><dl class='gallery-item'>\n\t\t\t<dt class='gallery-icon portrait'>\n\t\t\t\t<a href='https:\/\/serveiseducatius.xtec.cat\/eixample\/diversitat-familiar\/attachment\/mishiyu\/'><img loading=\"lazy\" decoding=\"async\" width=\"1190\" height=\"1500\" src=\"https:\/\/serveiseducatius.xtec.cat\/eixample\/wp-content\/uploads\/usu1171\/2020\/02\/01_Mishiyu_i.jpg\" class=\"attachment-full size-full\" alt=\"\" srcset=\"https:\/\/serveiseducatius.xtec.cat\/eixample\/wp-content\/uploads\/usu1171\/2020\/02\/01_Mishiyu_i.jpg 1190w, https:\/\/serveiseducatius.xtec.cat\/eixample\/wp-content\/uploads\/usu1171\/2020\/02\/01_Mishiyu_i-238x300.jpg 238w, https:\/\/serveiseducatius.xtec.cat\/eixample\/wp-content\/uploads\/usu1171\/2020\/02\/01_Mishiyu_i-768x968.jpg 768w, https:\/\/serveiseducatius.xtec.cat\/eixample\/wp-content\/uploads\/usu1171\/2020\/02\/01_Mishiyu_i-812x1024.jpg 812w\" sizes=\"auto, (max-width: 1190px) 100vw, 1190px\" \/><\/a>\n\t\t\t<\/dt><\/dl><dl class='gallery-item'>\n\t\t\t<dt class='gallery-icon portrait'>\n\t\t\t\t<a href='https:\/\/serveiseducatius.xtec.cat\/eixample\/diversitat-familiar\/attachment\/01_les-coses-que-sen-van\/'><img loading=\"lazy\" decoding=\"async\" width=\"1021\" height=\"1500\" src=\"https:\/\/serveiseducatius.xtec.cat\/eixample\/wp-content\/uploads\/usu1171\/2020\/02\/01_Les-coses-que-sen-van.jpg\" class=\"attachment-full size-full\" alt=\"\" srcset=\"https:\/\/serveiseducatius.xtec.cat\/eixample\/wp-content\/uploads\/usu1171\/2020\/02\/01_Les-coses-que-sen-van.jpg 1021w, https:\/\/serveiseducatius.xtec.cat\/eixample\/wp-content\/uploads\/usu1171\/2020\/02\/01_Les-coses-que-sen-van-204x300.jpg 204w, https:\/\/serveiseducatius.xtec.cat\/eixample\/wp-content\/uploads\/usu1171\/2020\/02\/01_Les-coses-que-sen-van-768x1128.jpg 768w, https:\/\/serveiseducatius.xtec.cat\/eixample\/wp-content\/uploads\/usu1171\/2020\/02\/01_Les-coses-que-sen-van-697x1024.jpg 697w\" sizes=\"auto, (max-width: 1021px) 100vw, 1021px\" \/><\/a>\n\t\t\t<\/dt><\/dl><br style=\"clear: both\" \/><dl class='gallery-item'>\n\t\t\t<dt class='gallery-icon portrait'>\n\t\t\t\t<a href='https:\/\/serveiseducatius.xtec.cat\/eixample\/diversitat-familiar\/attachment\/una-gran-familia\/'><img loading=\"lazy\" decoding=\"async\" width=\"650\" height=\"867\" src=\"https:\/\/serveiseducatius.xtec.cat\/eixample\/wp-content\/uploads\/usu1171\/2020\/02\/01_Una-gran-familia.jpg\" class=\"attachment-full size-full\" alt=\"\" srcset=\"https:\/\/serveiseducatius.xtec.cat\/eixample\/wp-content\/uploads\/usu1171\/2020\/02\/01_Una-gran-familia.jpg 650w, https:\/\/serveiseducatius.xtec.cat\/eixample\/wp-content\/uploads\/usu1171\/2020\/02\/01_Una-gran-familia-225x300.jpg 225w\" sizes=\"auto, (max-width: 650px) 100vw, 650px\" \/><\/a>\n\t\t\t<\/dt><\/dl><dl class='gallery-item'>\n\t\t\t<dt class='gallery-icon portrait'>\n\t\t\t\t<a href='https:\/\/serveiseducatius.xtec.cat\/eixample\/diversitat-familiar\/attachment\/la-meva-superfamilia\/'><img loading=\"lazy\" decoding=\"async\" width=\"700\" height=\"962\" src=\"https:\/\/serveiseducatius.xtec.cat\/eixample\/wp-content\/uploads\/usu1171\/2020\/02\/01_La-meva-super-familia.jpg\" class=\"attachment-full size-full\" alt=\"\" srcset=\"https:\/\/serveiseducatius.xtec.cat\/eixample\/wp-content\/uploads\/usu1171\/2020\/02\/01_La-meva-super-familia.jpg 700w, https:\/\/serveiseducatius.xtec.cat\/eixample\/wp-content\/uploads\/usu1171\/2020\/02\/01_La-meva-super-familia-218x300.jpg 218w\" sizes=\"auto, (max-width: 700px) 100vw, 700px\" \/><\/a>\n\t\t\t<\/dt><\/dl><dl class='gallery-item'>\n\t\t\t<dt class='gallery-icon portrait'>\n\t\t\t\t<a href='https:\/\/serveiseducatius.xtec.cat\/eixample\/diversitat-familiar\/attachment\/15_the_great_big_book_of_families\/'><img loading=\"lazy\" decoding=\"async\" width=\"445\" height=\"609\" src=\"https:\/\/serveiseducatius.xtec.cat\/eixample\/wp-content\/uploads\/usu1171\/2020\/03\/15_the_great_big_book_of_families.jpg\" class=\"attachment-full size-full\" alt=\"\" srcset=\"https:\/\/serveiseducatius.xtec.cat\/eixample\/wp-content\/uploads\/usu1171\/2020\/03\/15_the_great_big_book_of_families.jpg 445w, https:\/\/serveiseducatius.xtec.cat\/eixample\/wp-content\/uploads\/usu1171\/2020\/03\/15_the_great_big_book_of_families-219x300.jpg 219w\" sizes=\"auto, (max-width: 445px) 100vw, 445px\" \/><\/a>\n\t\t\t<\/dt><\/dl><br style=\"clear: both\" \/><dl class='gallery-item'>\n\t\t\t<dt class='gallery-icon landscape'>\n\t\t\t\t<a href='https:\/\/serveiseducatius.xtec.cat\/eixample\/diversitat-familiar\/attachment\/13_families-families-families\/'><img loading=\"lazy\" decoding=\"async\" width=\"582\" height=\"579\" src=\"https:\/\/serveiseducatius.xtec.cat\/eixample\/wp-content\/uploads\/usu1171\/2020\/03\/13_families-families-families.jpg\" class=\"attachment-full size-full\" alt=\"\" srcset=\"https:\/\/serveiseducatius.xtec.cat\/eixample\/wp-content\/uploads\/usu1171\/2020\/03\/13_families-families-families.jpg 582w, https:\/\/serveiseducatius.xtec.cat\/eixample\/wp-content\/uploads\/usu1171\/2020\/03\/13_families-families-families-150x150.jpg 150w, https:\/\/serveiseducatius.xtec.cat\/eixample\/wp-content\/uploads\/usu1171\/2020\/03\/13_families-families-families-300x298.jpg 300w\" sizes=\"auto, (max-width: 582px) 100vw, 582px\" \/><\/a>\n\t\t\t<\/dt><\/dl><dl class='gallery-item'>\n\t\t\t<dt class='gallery-icon portrait'>\n\t\t\t\t<a href='https:\/\/serveiseducatius.xtec.cat\/eixample\/diversitat-familiar\/attachment\/14_heather_has_two_mummies\/'><img loading=\"lazy\" decoding=\"async\" width=\"708\" height=\"733\" src=\"https:\/\/serveiseducatius.xtec.cat\/eixample\/wp-content\/uploads\/usu1171\/2020\/03\/14_heather_has_two_mummies.jpg\" class=\"attachment-full size-full\" alt=\"\" srcset=\"https:\/\/serveiseducatius.xtec.cat\/eixample\/wp-content\/uploads\/usu1171\/2020\/03\/14_heather_has_two_mummies.jpg 708w, https:\/\/serveiseducatius.xtec.cat\/eixample\/wp-content\/uploads\/usu1171\/2020\/03\/14_heather_has_two_mummies-290x300.jpg 290w\" sizes=\"auto, (max-width: 708px) 100vw, 708px\" \/><\/a>\n\t\t\t<\/dt><\/dl><dl class='gallery-item'>\n\t\t\t<dt class='gallery-icon landscape'>\n\t\t\t\t<a href='https:\/\/serveiseducatius.xtec.cat\/eixample\/diversitat-familiar\/attachment\/12_all_are_welcome\/'><img loading=\"lazy\" decoding=\"async\" width=\"846\" height=\"753\" src=\"https:\/\/serveiseducatius.xtec.cat\/eixample\/wp-content\/uploads\/usu1171\/2020\/03\/12_all_are_welcome.jpg\" class=\"attachment-full size-full\" alt=\"\" srcset=\"https:\/\/serveiseducatius.xtec.cat\/eixample\/wp-content\/uploads\/usu1171\/2020\/03\/12_all_are_welcome.jpg 846w, https:\/\/serveiseducatius.xtec.cat\/eixample\/wp-content\/uploads\/usu1171\/2020\/03\/12_all_are_welcome-300x267.jpg 300w, https:\/\/serveiseducatius.xtec.cat\/eixample\/wp-content\/uploads\/usu1171\/2020\/03\/12_all_are_welcome-768x684.jpg 768w\" sizes=\"auto, (max-width: 846px) 100vw, 846px\" \/><\/a>\n\t\t\t<\/dt><\/dl><br style=\"clear: both\" \/>\n\t\t<\/div>\n\n","protected":false},"excerpt":{"rendered":"<p>La maleta &#8220;Diversitat familiar&#8221; est\u00e0 formada pel joc de cartes &#8220;Tutty. Un joc de fam\u00edlies diverses&#8221; i una selecci\u00f3 acurada de contes i \u00e0lbums infantils que abordem la diversitat familiar en sentit ampli, tal i com es viu i s\u2019ent\u00e9n el concepte de fam\u00edlia als&hellip;  <a href=\"https:\/\/serveiseducatius.xtec.cat\/eixample\/diversitat-familiar\/\" title=\"Read Diversitat familiar\">Llegeix m\u00e9s\u00bb<\/a><\/p>\n","protected":false},"author":4,"featured_media":0,"parent":0,"menu_order":0,"comment_status":"closed","ping_status":"closed","template":"","meta":{"_bbp_topic_count":0,"_bbp_reply_count":0,"_bbp_total_topic_count":0,"_bbp_total_reply_count":0,"_bbp_voice_count":0,"_bbp_anonymous_reply_count":0,"_bbp_topic_count_hidden":0,"_bbp_reply_count_hidden":0,"_bbp_forum_subforum_count":0,"footnotes":""},"class_list":["post-10936","page","type-page","status-publish","hentry"],"post_mailing_queue_ids":[],"_links":{"self":[{"href":"https:\/\/serveiseducatius.xtec.cat\/eixample\/wp-json\/wp\/v2\/pages\/10936","targetHints":{"allow":["GET"]}}],"collection":[{"href":"https:\/\/serveiseducatius.xtec.cat\/eixample\/wp-json\/wp\/v2\/pages"}],"about":[{"href":"https:\/\/serveiseducatius.xtec.cat\/eixample\/wp-json\/wp\/v2\/types\/page"}],"author":[{"embeddable":true,"href":"https:\/\/serveiseducatius.xtec.cat\/eixample\/wp-json\/wp\/v2\/users\/4"}],"replies":[{"embeddable":true,"href":"https:\/\/serveiseducatius.xtec.cat\/eixample\/wp-json\/wp\/v2\/comments?post=10936"}],"version-history":[{"count":3,"href":"https:\/\/serveiseducatius.xtec.cat\/eixample\/wp-json\/wp\/v2\/pages\/10936\/revisions"}],"predecessor-version":[{"id":11350,"href":"https:\/\/serveiseducatius.xtec.cat\/eixample\/wp-json\/wp\/v2\/pages\/10936\/revisions\/11350"}],"wp:attachment":[{"href":"https:\/\/serveiseducatius.xtec.cat\/eixample\/wp-json\/wp\/v2\/media?parent=10936"}],"curies":[{"name":"wp","href":"https:\/\/api.w.org\/{rel}","templated":true}]}}