{"id":10276,"date":"2019-11-06T09:56:13","date_gmt":"2019-11-06T08:56:13","guid":{"rendered":"http:\/\/serveiseducatius.xtec.cat\/eixample\/?page_id=10276"},"modified":"2019-11-11T11:16:42","modified_gmt":"2019-11-11T10:16:42","slug":"008tac-robot-mind-designer","status":"publish","type":"page","link":"https:\/\/serveiseducatius.xtec.cat\/eixample\/008tac-robot-mind-designer\/","title":{"rendered":"008TAC &#8211; Robot Mind Designer"},"content":{"rendered":"<blockquote><p>Material disponible al CRP de l\u2019Eixample: <strong>5 robots Mind Designer<\/strong><\/p>\n<p><a href=\"https:\/\/serveiseducatius.xtec.cat\/eixample\/general\/calendari-tac\/\">Consultar disponibilitat de pr\u00e8stec<\/a><\/p><\/blockquote>\n<p><iframe loading=\"lazy\" src=\"https:\/\/www.youtube.com\/embed\/Y-8buMuMcBE\" width=\"1000\" height=\"562,5\" frameborder=\"0\" allowfullscreen=\"allowfullscreen\"><\/iframe><\/p>\n<p>Mind\u00a0Designer\u00a0\u00e9s el nou robot intel\u00b7ligent amb el qual els nens podran endinsar-se en el m\u00f3n de la programaci\u00f3 i el disseny.\u00c9s l&#8217;ajuda perfecta per a aprendre aritm\u00e8tica i geometria d&#8217;una forma f\u00e0cil i divertida.<\/p>\n<p>Gr\u00e0cies a la seva innovadora funci\u00f3 de reconeixement de veu, Mind \u00e9s capa\u00e7 d&#8217;executar qualsevol ordre que se li doni.Amb l&#8217;exclusiva aplicaci\u00f3 gratu\u00efta de MindDesigner els nens poden experimentar amb blocs de codi en l&#8217;\u00e0rea de codificaci\u00f3, creant figures de diferent complexitat fent que les dibuixi. Mitjan\u00e7ant la taula aritm\u00e8tica que incorpora Mind, el robot pot programar-se perqu\u00e8 executi diverses tasques.<\/p>\n<p>Amb el Laberint del robot, els nens poden divertir-se completant missions mentre desenvolupen la seva capacitat de pensament l\u00f2gic.El kit inclou 5 robots, retoladors, taulers i fulles A3.<\/p>\n<p>Pots descarregar-te l&#8217;aplicaci\u00f3 per a IOS o Android als seg\u00fcents botons:<\/p>\n<p><a href=\"https:\/\/apps.apple.com\/it\/app\/mind-designer\/id1290714691?l=en#?platform=ipad\"><img loading=\"lazy\" decoding=\"async\" class=\"wp-image-10370 aligncenter\" src=\"https:\/\/serveiseducatius.xtec.cat\/eixample\/wp-content\/uploads\/usu1171\/2019\/11\/1280px-Download_on_the_App_Store_Badge.svg_.png\" alt=\"\" width=\"540\" height=\"160\" srcset=\"https:\/\/serveiseducatius.xtec.cat\/eixample\/wp-content\/uploads\/usu1171\/2019\/11\/1280px-Download_on_the_App_Store_Badge.svg_.png 1280w, https:\/\/serveiseducatius.xtec.cat\/eixample\/wp-content\/uploads\/usu1171\/2019\/11\/1280px-Download_on_the_App_Store_Badge.svg_-300x89.png 300w, https:\/\/serveiseducatius.xtec.cat\/eixample\/wp-content\/uploads\/usu1171\/2019\/11\/1280px-Download_on_the_App_Store_Badge.svg_-768x227.png 768w, https:\/\/serveiseducatius.xtec.cat\/eixample\/wp-content\/uploads\/usu1171\/2019\/11\/1280px-Download_on_the_App_Store_Badge.svg_-1024x303.png 1024w\" sizes=\"auto, (max-width: 540px) 100vw, 540px\" \/><\/a><\/p>\n<p><a href=\"https:\/\/play.google.com\/store\/apps\/details?id=it.clementoni.mind&amp;hl=ca\"><img loading=\"lazy\" decoding=\"async\" class=\"size-full wp-image-10371 aligncenter\" src=\"https:\/\/serveiseducatius.xtec.cat\/eixample\/wp-content\/uploads\/usu1171\/2019\/11\/en_badge_web_generic.png\" alt=\"\" width=\"646\" height=\"250\" srcset=\"https:\/\/serveiseducatius.xtec.cat\/eixample\/wp-content\/uploads\/usu1171\/2019\/11\/en_badge_web_generic.png 646w, https:\/\/serveiseducatius.xtec.cat\/eixample\/wp-content\/uploads\/usu1171\/2019\/11\/en_badge_web_generic-300x116.png 300w\" sizes=\"auto, (max-width: 646px) 100vw, 646px\" \/><\/a><\/p>\n","protected":false},"excerpt":{"rendered":"<p>Material disponible al CRP de l\u2019Eixample: 5 robots Mind Designer<br \/>\n<a href=\"https:\/\/serveiseducatius.xtec.cat\/eixample\/general\/calendari-tac\/\">Consultar disponibilitat de pr\u00e8stec<\/a><\/p>\n<p>Mind\u00a0Designer\u00a0\u00e9s el nou robot intel\u00b7ligent amb el qual els nens podran endinsar-se en el m\u00f3n de la programaci\u00f3 i el disseny.\u00c9s l&#8217;ajuda perfecta per a aprendre aritm\u00e8tica i geometria d&#8217;una forma f\u00e0cil&hellip;  <a href=\"https:\/\/serveiseducatius.xtec.cat\/eixample\/008tac-robot-mind-designer\/\" title=\"Read 008TAC &#8211; Robot Mind Designer\">Llegeix m\u00e9s\u00bb<\/a><\/p>\n","protected":false},"author":4,"featured_media":0,"parent":0,"menu_order":0,"comment_status":"closed","ping_status":"closed","template":"","meta":{"_bbp_topic_count":0,"_bbp_reply_count":0,"_bbp_total_topic_count":0,"_bbp_total_reply_count":0,"_bbp_voice_count":0,"_bbp_anonymous_reply_count":0,"_bbp_topic_count_hidden":0,"_bbp_reply_count_hidden":0,"_bbp_forum_subforum_count":0,"footnotes":""},"class_list":["post-10276","page","type-page","status-publish","hentry"],"post_mailing_queue_ids":[],"_links":{"self":[{"href":"https:\/\/serveiseducatius.xtec.cat\/eixample\/wp-json\/wp\/v2\/pages\/10276","targetHints":{"allow":["GET"]}}],"collection":[{"href":"https:\/\/serveiseducatius.xtec.cat\/eixample\/wp-json\/wp\/v2\/pages"}],"about":[{"href":"https:\/\/serveiseducatius.xtec.cat\/eixample\/wp-json\/wp\/v2\/types\/page"}],"author":[{"embeddable":true,"href":"https:\/\/serveiseducatius.xtec.cat\/eixample\/wp-json\/wp\/v2\/users\/4"}],"replies":[{"embeddable":true,"href":"https:\/\/serveiseducatius.xtec.cat\/eixample\/wp-json\/wp\/v2\/comments?post=10276"}],"version-history":[{"count":3,"href":"https:\/\/serveiseducatius.xtec.cat\/eixample\/wp-json\/wp\/v2\/pages\/10276\/revisions"}],"predecessor-version":[{"id":10377,"href":"https:\/\/serveiseducatius.xtec.cat\/eixample\/wp-json\/wp\/v2\/pages\/10276\/revisions\/10377"}],"wp:attachment":[{"href":"https:\/\/serveiseducatius.xtec.cat\/eixample\/wp-json\/wp\/v2\/media?parent=10276"}],"curies":[{"name":"wp","href":"https:\/\/api.w.org\/{rel}","templated":true}]}}