{"id":10180,"date":"2019-10-23T10:23:27","date_gmt":"2019-10-23T08:23:27","guid":{"rendered":"http:\/\/serveiseducatius.xtec.cat\/eixample\/?page_id=10180"},"modified":"2019-11-06T11:50:07","modified_gmt":"2019-11-06T10:50:07","slug":"003tac-ollo-es-requereixem-tauletes-tactils","status":"publish","type":"page","link":"https:\/\/serveiseducatius.xtec.cat\/eixample\/003tac-ollo-es-requereixem-tauletes-tactils\/","title":{"rendered":"003TAC \u2013 Ollo- Action (es requereixem tauletes t\u00e0ctils)"},"content":{"rendered":"<blockquote><p>Material disponible al CRP de l\u2019Eixample: <strong>4 robots Ollo Action<\/strong><\/p>\n<p><a href=\"https:\/\/serveiseducatius.xtec.cat\/eixample\/general\/calendari-tac\/\">Consultar disponibilitat de pr\u00e8stec<\/a><\/p><\/blockquote>\n<p><iframe loading=\"lazy\" src=\"https:\/\/www.youtube.com\/embed\/tB6QNmI0J5I\" width=\"1000\" height=\"562,5\" frameborder=\"0\" allowfullscreen=\"allowfullscreen\"><\/iframe><\/p>\n<p>Les peces de cada capsa permeten construir 7 models de robots diferents. Cada robot funciona amb una pila i no \u00e9s necessari cap programaci\u00f3. Aquest material va adre\u00e7at a l\u2019alumnat de cicle mitj\u00e0 i superior de l\u2019escola.<\/p>\n","protected":false},"excerpt":{"rendered":"<p>Material disponible al CRP de l\u2019Eixample: 4 robots Ollo Action<br \/>\n<a href=\"https:\/\/serveiseducatius.xtec.cat\/eixample\/general\/calendari-tac\/\">Consultar disponibilitat de pr\u00e8stec<\/a><\/p>\n<p>Les peces de cada capsa permeten construir 7 models de robots diferents. Cada robot funciona amb una pila i no \u00e9s necessari cap programaci\u00f3. Aquest material va adre\u00e7at a l\u2019alumnat de cicle&hellip;  <a href=\"https:\/\/serveiseducatius.xtec.cat\/eixample\/003tac-ollo-es-requereixem-tauletes-tactils\/\" title=\"Read 003TAC \u2013 Ollo- Action (es requereixem tauletes t\u00e0ctils)\">Llegeix m\u00e9s\u00bb<\/a><\/p>\n","protected":false},"author":4,"featured_media":0,"parent":0,"menu_order":0,"comment_status":"closed","ping_status":"closed","template":"","meta":{"_bbp_topic_count":0,"_bbp_reply_count":0,"_bbp_total_topic_count":0,"_bbp_total_reply_count":0,"_bbp_voice_count":0,"_bbp_anonymous_reply_count":0,"_bbp_topic_count_hidden":0,"_bbp_reply_count_hidden":0,"_bbp_forum_subforum_count":0,"footnotes":""},"class_list":["post-10180","page","type-page","status-publish","hentry"],"post_mailing_queue_ids":[],"_links":{"self":[{"href":"https:\/\/serveiseducatius.xtec.cat\/eixample\/wp-json\/wp\/v2\/pages\/10180","targetHints":{"allow":["GET"]}}],"collection":[{"href":"https:\/\/serveiseducatius.xtec.cat\/eixample\/wp-json\/wp\/v2\/pages"}],"about":[{"href":"https:\/\/serveiseducatius.xtec.cat\/eixample\/wp-json\/wp\/v2\/types\/page"}],"author":[{"embeddable":true,"href":"https:\/\/serveiseducatius.xtec.cat\/eixample\/wp-json\/wp\/v2\/users\/4"}],"replies":[{"embeddable":true,"href":"https:\/\/serveiseducatius.xtec.cat\/eixample\/wp-json\/wp\/v2\/comments?post=10180"}],"version-history":[{"count":3,"href":"https:\/\/serveiseducatius.xtec.cat\/eixample\/wp-json\/wp\/v2\/pages\/10180\/revisions"}],"predecessor-version":[{"id":10309,"href":"https:\/\/serveiseducatius.xtec.cat\/eixample\/wp-json\/wp\/v2\/pages\/10180\/revisions\/10309"}],"wp:attachment":[{"href":"https:\/\/serveiseducatius.xtec.cat\/eixample\/wp-json\/wp\/v2\/media?parent=10180"}],"curies":[{"name":"wp","href":"https:\/\/api.w.org\/{rel}","templated":true}]}}