{"id":10176,"date":"2019-10-23T10:22:48","date_gmt":"2019-10-23T08:22:48","guid":{"rendered":"http:\/\/serveiseducatius.xtec.cat\/eixample\/?page_id=10176"},"modified":"2020-03-24T20:07:48","modified_gmt":"2020-03-24T19:07:48","slug":"001tac-bee-bots","status":"publish","type":"page","link":"https:\/\/serveiseducatius.xtec.cat\/eixample\/001tac-bee-bots\/","title":{"rendered":"001TAC \u2013 Bee-Bot"},"content":{"rendered":"<blockquote><p>Material disponible al CRP de l&#8217;Eixample: <strong>4 robots Bee-bot<\/strong><\/p>\n<p><a href=\"https:\/\/serveiseducatius.xtec.cat\/eixample\/general\/calendari-tac\/\">Consultar disponibilitat de pr\u00e8stec<\/a><\/p><\/blockquote>\n<p><iframe loading=\"lazy\" src=\"https:\/\/www.youtube.com\/embed\/08a3zlR9PcY\" width=\"1000\" height=\"562,5\" frameborder=\"0\"><span data-mce-type=\"bookmark\" style=\"display: inline-block; width: 0px; overflow: hidden; line-height: 0;\" class=\"mce_SELRES_start\">\ufeff<\/span><\/iframe><\/p>\n<p>La\u00a0<strong>Bee-Bot<\/strong>\u00a0\u00e9s\u00a0un robot educatiu de construcci\u00f3 robusta\u00a0acolorida, f\u00e0cil d\u2019usar, simp\u00e0tica i divertita, dissenyada per al seu \u00fas educatiu amb\u00a0infants. Aquests robots s\u00f3n una eina perfecta per iniciar-se en la programaci\u00f3 i la rob\u00f2tica a l\u2019aula fent activitats de seq\u00fcenciaci\u00f3, estimaci\u00f3\u00a0i resoluci\u00f3 de problemes d\u2019una forma engrescadora.<\/p>\n<p>La\u00a0<strong>Bee-Bot<\/strong>\u00a0es mou en passos de 15 cm i girs de 90\u00b0, per fer-ho, disposa d\u2019unes\u00a0tecles direccionals al llom que s\u2019utilitzen per introduir fins a 40 ordres que envien Bee-Bot cap endavant, enrere, esquerra i dreta. Al pr\u00e9mer el bot\u00f3 de\u00a0<strong>GO<\/strong>\u00a0verd, la Bee-Bot comen\u00e7a el seu cam\u00ed, els ulls parpellegen i emet sons a la conclusi\u00f3 de cada comandament per permetre que els nens segueixin Bee-Bot a trav\u00e9s del programa que hagin ingressat i despr\u00e9s confirmi la seva finalitzaci\u00f3 amb llums i so.<\/p>\n<p>La\u00a0<strong>Bee-Bot<\/strong>\u00a0est\u00e0 equipada amb una bateria recarregable integrada\u00a0que es carrega amb un cable USB est\u00e0ndard.<\/p>\n<p>A la\u00a0<a href=\"https:\/\/www.terrapinlogo.com\/support.html\">web oficial<\/a>\u00a0teniu a la vostra disposici\u00f3 tot un seguit de materials que inclouen curr\u00edculum, accessoris i catifes.<\/p>\n<p><a href=\"http:\/\/blocs.xtec.cat\/roboticaalescola\/files\/2015\/03\/plantilla_ex.pdf\" target=\"_blank\" rel=\"noopener noreferrer\">Plantilles exemple bee-bot<\/a><br \/>\n<a href=\"http:\/\/codigo21.educacion.navarra.es\/wp-content\/uploads\/2015\/10\/plantilla_beebot_A4.pdf\" target=\"_blank\" rel=\"noopener noreferrer\">Plantilla imprimible 15\u00d715 cm<\/a><\/p>\n<p>&nbsp;<\/p>\n","protected":false},"excerpt":{"rendered":"<p>Material disponible al CRP de l&#8217;Eixample: 4 robots Bee-bot<br \/>\n<a href=\"https:\/\/serveiseducatius.xtec.cat\/eixample\/general\/calendari-tac\/\">Consultar disponibilitat de pr\u00e8stec<\/a><br \/>\n\ufeff<br \/>\nLa\u00a0Bee-Bot\u00a0\u00e9s\u00a0un robot educatiu de construcci\u00f3 robusta\u00a0acolorida, f\u00e0cil d\u2019usar, simp\u00e0tica i divertita, dissenyada per al seu \u00fas educatiu amb\u00a0infants. Aquests robots s\u00f3n una eina perfecta per iniciar-se en la programaci\u00f3 i la rob\u00f2tica a&hellip;  <a href=\"https:\/\/serveiseducatius.xtec.cat\/eixample\/001tac-bee-bots\/\" title=\"Read 001TAC \u2013 Bee-Bot\">Llegeix m\u00e9s\u00bb<\/a><\/p>\n","protected":false},"author":4,"featured_media":0,"parent":0,"menu_order":0,"comment_status":"closed","ping_status":"closed","template":"","meta":{"_bbp_topic_count":0,"_bbp_reply_count":0,"_bbp_total_topic_count":0,"_bbp_total_reply_count":0,"_bbp_voice_count":0,"_bbp_anonymous_reply_count":0,"_bbp_topic_count_hidden":0,"_bbp_reply_count_hidden":0,"_bbp_forum_subforum_count":0,"footnotes":""},"class_list":["post-10176","page","type-page","status-publish","hentry"],"post_mailing_queue_ids":[],"_links":{"self":[{"href":"https:\/\/serveiseducatius.xtec.cat\/eixample\/wp-json\/wp\/v2\/pages\/10176","targetHints":{"allow":["GET"]}}],"collection":[{"href":"https:\/\/serveiseducatius.xtec.cat\/eixample\/wp-json\/wp\/v2\/pages"}],"about":[{"href":"https:\/\/serveiseducatius.xtec.cat\/eixample\/wp-json\/wp\/v2\/types\/page"}],"author":[{"embeddable":true,"href":"https:\/\/serveiseducatius.xtec.cat\/eixample\/wp-json\/wp\/v2\/users\/4"}],"replies":[{"embeddable":true,"href":"https:\/\/serveiseducatius.xtec.cat\/eixample\/wp-json\/wp\/v2\/comments?post=10176"}],"version-history":[{"count":3,"href":"https:\/\/serveiseducatius.xtec.cat\/eixample\/wp-json\/wp\/v2\/pages\/10176\/revisions"}],"predecessor-version":[{"id":11385,"href":"https:\/\/serveiseducatius.xtec.cat\/eixample\/wp-json\/wp\/v2\/pages\/10176\/revisions\/11385"}],"wp:attachment":[{"href":"https:\/\/serveiseducatius.xtec.cat\/eixample\/wp-json\/wp\/v2\/media?parent=10176"}],"curies":[{"name":"wp","href":"https:\/\/api.w.org\/{rel}","templated":true}]}}