{"id":10147,"date":"2019-10-23T09:16:48","date_gmt":"2019-10-23T07:16:48","guid":{"rendered":"http:\/\/serveiseducatius.xtec.cat\/eixample\/?page_id=10147"},"modified":"2021-10-29T09:43:58","modified_gmt":"2021-10-29T07:43:58","slug":"008map-jocs-matematics","status":"publish","type":"page","link":"https:\/\/serveiseducatius.xtec.cat\/eixample\/008map-jocs-matematics\/","title":{"rendered":"Jocs matem\u00e0tics"},"content":{"rendered":"<p>Aquesta maleta pedag\u00f2gica consta de dues maletes f\u00edsiques. <\/p>\n<p>A continuaci\u00f3 podeu veure els jocs que hi ha a cada maleta:<\/p>\n<div style=\"position: relative; width: 100%; height: 0; padding-top: 141.4286%;\n padding-bottom: 48px; box-shadow: 0 2px 8px 0 rgba(63,69,81,0.16); margin-top: 1.6em; margin-bottom: 0.9em; overflow: hidden;\n border-radius: 8px; will-change: transform;\"><br \/>\n  <iframe loading=\"lazy\" style=\"position: absolute; width: 100%; height: 100%; top: 0; left: 0; border: none; padding: 0;margin: 0;\"\n    src=\"https:&#x2F;&#x2F;www.canva.com&#x2F;design&#x2F;DAEuLy1VUKg&#x2F;view?embed\"><br \/>\n  <\/iframe>\n<\/div>\n<p><a href=\"https:&#x2F;&#x2F;www.canva.com&#x2F;design&#x2F;DAEuLy1VUKg&#x2F;view?utm_content=DAEuLy1VUKg&amp;utm_campaign=designshare&amp;utm_medium=embeds&amp;utm_source=link\" target=\"_blank\" rel=\"noopener\">Maleta &#8220;Jocs matem\u00e0tics 1&#8221; &#8211; Llista material<\/a> de SE CRP Eixample<\/p>\n<div style=\"position: relative; width: 100%; height: 0; padding-top: 141.4286%;\n padding-bottom: 48px; box-shadow: 0 2px 8px 0 rgba(63,69,81,0.16); margin-top: 1.6em; margin-bottom: 0.9em; overflow: hidden;\n border-radius: 8px; will-change: transform;\"><br \/>\n  <iframe loading=\"lazy\" style=\"position: absolute; width: 100%; height: 100%; top: 0; left: 0; border: none; padding: 0;margin: 0;\"\n    src=\"https:&#x2F;&#x2F;www.canva.com&#x2F;design&#x2F;DAEuL9RuZAY&#x2F;view?embed\"><br \/>\n  <\/iframe>\n<\/div>\n<p><a href=\"https:&#x2F;&#x2F;www.canva.com&#x2F;design&#x2F;DAEuL9RuZAY&#x2F;view?utm_content=DAEuL9RuZAY&amp;utm_campaign=designshare&amp;utm_medium=embeds&amp;utm_source=link\" target=\"_blank\" rel=\"noopener\">Maleta &#8220;Jocs matem\u00e0tics 2&#8221; &#8211; Llista material<\/a> de SE CRP Eixample<\/p>\n","protected":false},"excerpt":{"rendered":"<p>Aquesta maleta pedag\u00f2gica consta de dues maletes f\u00edsiques.<br \/>\nA continuaci\u00f3 podeu veure els jocs que hi ha a cada maleta:<\/p>\n<p><a href=\"https:&#x2F;&#x2F;www.canva.com&#x2F;design&#x2F;DAEuLy1VUKg&#x2F;view?utm_content=DAEuLy1VUKg&amp;utm_campaign=designshare&amp;utm_medium=embeds&amp;utm_source=link\" target=\"_blank\" rel=\"noopener\">Maleta &#8220;Jocs matem\u00e0tics 1&#8221; &#8211; Llista material<\/a> de SE CRP Eixample<\/p>\n<p><a href=\"https:&#x2F;&#x2F;www.canva.com&#x2F;design&#x2F;DAEuL9RuZAY&#x2F;view?utm_content=DAEuL9RuZAY&amp;utm_campaign=designshare&amp;utm_medium=embeds&amp;utm_source=link\" target=\"_blank\" rel=\"noopener\">Maleta &#8220;Jocs&hellip;  <a href=\"https:\/\/serveiseducatius.xtec.cat\/eixample\/008map-jocs-matematics\/\" title=\"Read Jocs matem\u00e0tics\">Llegeix m\u00e9s\u00bb<\/a><\/p>\n","protected":false},"author":4,"featured_media":0,"parent":0,"menu_order":0,"comment_status":"closed","ping_status":"closed","template":"","meta":{"_bbp_topic_count":0,"_bbp_reply_count":0,"_bbp_total_topic_count":0,"_bbp_total_reply_count":0,"_bbp_voice_count":0,"_bbp_anonymous_reply_count":0,"_bbp_topic_count_hidden":0,"_bbp_reply_count_hidden":0,"_bbp_forum_subforum_count":0,"footnotes":""},"class_list":["post-10147","page","type-page","status-publish","hentry"],"post_mailing_queue_ids":[],"_links":{"self":[{"href":"https:\/\/serveiseducatius.xtec.cat\/eixample\/wp-json\/wp\/v2\/pages\/10147","targetHints":{"allow":["GET"]}}],"collection":[{"href":"https:\/\/serveiseducatius.xtec.cat\/eixample\/wp-json\/wp\/v2\/pages"}],"about":[{"href":"https:\/\/serveiseducatius.xtec.cat\/eixample\/wp-json\/wp\/v2\/types\/page"}],"author":[{"embeddable":true,"href":"https:\/\/serveiseducatius.xtec.cat\/eixample\/wp-json\/wp\/v2\/users\/4"}],"replies":[{"embeddable":true,"href":"https:\/\/serveiseducatius.xtec.cat\/eixample\/wp-json\/wp\/v2\/comments?post=10147"}],"version-history":[{"count":3,"href":"https:\/\/serveiseducatius.xtec.cat\/eixample\/wp-json\/wp\/v2\/pages\/10147\/revisions"}],"predecessor-version":[{"id":12227,"href":"https:\/\/serveiseducatius.xtec.cat\/eixample\/wp-json\/wp\/v2\/pages\/10147\/revisions\/12227"}],"wp:attachment":[{"href":"https:\/\/serveiseducatius.xtec.cat\/eixample\/wp-json\/wp\/v2\/media?parent=10147"}],"curies":[{"name":"wp","href":"https:\/\/api.w.org\/{rel}","templated":true}]}}