{"id":9129,"date":"2019-01-21T11:47:28","date_gmt":"2019-01-21T10:47:28","guid":{"rendered":"http:\/\/serveiseducatius.xtec.cat\/edadelcanigo\/?page_id=9129"},"modified":"2019-01-21T11:47:28","modified_gmt":"2019-01-21T10:47:28","slug":"decouverte-cotlliure","status":"publish","type":"page","link":"https:\/\/serveiseducatius.xtec.cat\/edadelcanigo\/el-camp\/ambits\/frontera\/decouverte-cotlliure\/","title":{"rendered":"Decouverte Cotlliure"},"content":{"rendered":"<p><strong>Nom activitat<\/strong>: \u00a0 Decouverte Cotlliure<\/p>\n<p><strong>\u00c0mbit Curricular:\u00a0<\/strong>Llengua francesa, Ci\u00e8ncies Socials.<\/p>\n<p><strong>Nivell:<\/strong><b> <\/b>ESO- BATX.\u00a0\u00a0<strong>\u00a0 Durada:<\/strong> mat\u00ed \/ tarda<\/p>\n<p><strong>Estacionalitat:<\/strong> \u00a0Tot l\u2019any.<\/p>\n<p><strong>Objectius:\u00a0 <\/strong>1.Aplicar coneixements de llengua francesa en la cerca d\u2019informaci\u00f3. 2.Desenvolupar-se en un entorn comunicatiu diferent a l\u2019habitual. 3. Con\u00e8ixer a grans trets el passat i present de la vila de Perpiny\u00e0. 4. Fomentar una mirada diferent sobre els elements patrimonials de la vila.<\/p>\n<p><strong>Descripci\u00f3: <\/strong>Activitat on els alumnes de forma aut\u00f2noma han de rec\u00f3rrer pel centre de la vila cercant i demanat als vilatans diferents q\u00fcestions per tal de respondre un q\u00fcestionari. Al mateix temps, han de realitzar diferents fotografies dels llocs m\u00e9s caracter\u00edstics de Cotlliure.<\/p>\n<table id=\"report_R31046229246265901\" border=\"0\" width=\"100%\" cellspacing=\"0\" cellpadding=\"3\">\n<tbody>\n<tr>\n<th id=\"ID\" class=\"apartat-th\" align=\"left\"><\/th>\n<th id=\"AMBIT\" class=\"apartat-th\" align=\"left\"><span class=\"apartat\">\u00c0mbit<\/span><\/th>\n<th id=\"DIMENSIO\" class=\"apartat-th\" align=\"left\"><span class=\"apartat\">Dimensi\u00f3<\/span><\/th>\n<th id=\"COD_COMPETENCIA\" class=\"apartat-th\" align=\"left\"><span class=\"apartat\">Codi compet\u00e8ncia<\/span><\/th>\n<th id=\"DESC_COMPETENCIA\" class=\"apartat-th\" align=\"left\"><span class=\"apartat\">Descripci\u00f3 compet\u00e8ncia<\/span><\/th>\n<\/tr>\n<tr class=\"highlight-row\">\n<td class=\"text\" bgcolor=\"#e9e9e9\"><a href=\"https:\/\/aplicacions.gestioeducativa.gencat.cat\/pls\/apex\/f?p=151:307:315014031218256::NO::P307_ID_ACTIVITAT,P307_ID_REL_ACT_COMP:7981,7984\"><img decoding=\"async\" src=\"https:\/\/aplicacions.gestioeducativa.gencat.cat\/i\/e2.gif\" alt=\"\" \/><\/a><\/td>\n<td class=\"text\" bgcolor=\"#e9e9e9\">AMBS-LIN-EST<\/td>\n<td class=\"text\" bgcolor=\"#e9e9e9\">DIM7S-LLE-EST<\/td>\n<td class=\"text\" bgcolor=\"#e9e9e9\">CO4S-EST<\/td>\n<td class=\"text\" bgcolor=\"#e9e9e9\">Aplicar estrat\u00e8gies de comprensi\u00f3 per obtenir informaci\u00f3 interpretar el contingut de textos escrits d&#8217;estructura clara de la vida quotidiana,dels mitjans de comunicaci\u00f3 i de l&#8217;\u00e0mbit acad\u00e8mic<\/td>\n<\/tr>\n<tr class=\"highlight-row\">\n<td class=\"text\" bgcolor=\"#F3F3F3\"><a href=\"https:\/\/aplicacions.gestioeducativa.gencat.cat\/pls\/apex\/f?p=151:307:315014031218256::NO::P307_ID_ACTIVITAT,P307_ID_REL_ACT_COMP:7981,7983\"><img decoding=\"async\" src=\"https:\/\/aplicacions.gestioeducativa.gencat.cat\/i\/e2.gif\" alt=\"\" \/><\/a><\/td>\n<td class=\"text\" bgcolor=\"#F3F3F3\">AMBS-LIN-EST<\/td>\n<td class=\"text\" bgcolor=\"#F3F3F3\">DIM6S-LLE-EST<\/td>\n<td class=\"text\" bgcolor=\"#F3F3F3\">CO3S-EST<\/td>\n<td class=\"text\" bgcolor=\"#F3F3F3\">Emprar estrat\u00e8gies d&#8217;interacci\u00f3 oral d&#8217;acord amb la situaci\u00f3 comunicativa per iniciar, mantenir i acabar el discurs<\/td>\n<\/tr>\n<tr class=\"highlight-row\">\n<td class=\"text\" bgcolor=\"#e9e9e9\"><a href=\"https:\/\/aplicacions.gestioeducativa.gencat.cat\/pls\/apex\/f?p=151:307:315014031218256::NO::P307_ID_ACTIVITAT,P307_ID_REL_ACT_COMP:7981,7982\"><img decoding=\"async\" src=\"https:\/\/aplicacions.gestioeducativa.gencat.cat\/i\/e2.gif\" alt=\"\" \/><\/a><\/td>\n<td class=\"text\" bgcolor=\"#e9e9e9\">AMBS-LIN-EST<\/td>\n<td class=\"text\" bgcolor=\"#e9e9e9\">DIM6S-LLE-EST<\/td>\n<td class=\"text\" bgcolor=\"#e9e9e9\">CO1S-EST<\/td>\n<td class=\"text\" bgcolor=\"#e9e9e9\">Obtenir informaci\u00f3 i interpretar textos orals de la vida quotidiana,dels mitjans de comunicaci\u00f3 i de l&#8217;\u00e0mbit acad\u00e8mic<\/td>\n<\/tr>\n<\/tbody>\n<\/table>\n<p><a href=\"https:\/\/serveiseducatius.xtec.cat\/edadelcanigo\/wp-content\/uploads\/usu1374\/2019\/01\/DSC09019.redimensionada.jpg\"><img loading=\"lazy\" decoding=\"async\" class=\"alignnone size-full wp-image-9130\" src=\"https:\/\/serveiseducatius.xtec.cat\/edadelcanigo\/wp-content\/uploads\/usu1374\/2019\/01\/DSC09019.redimensionada.jpg\" alt=\"\" width=\"800\" height=\"181\" srcset=\"https:\/\/serveiseducatius.xtec.cat\/edadelcanigo\/wp-content\/uploads\/usu1374\/2019\/01\/DSC09019.redimensionada.jpg 800w, https:\/\/serveiseducatius.xtec.cat\/edadelcanigo\/wp-content\/uploads\/usu1374\/2019\/01\/DSC09019.redimensionada-300x68.jpg 300w, https:\/\/serveiseducatius.xtec.cat\/edadelcanigo\/wp-content\/uploads\/usu1374\/2019\/01\/DSC09019.redimensionada-768x174.jpg 768w\" sizes=\"auto, (max-width: 800px) 100vw, 800px\" \/><\/a><\/p>\n","protected":false},"excerpt":{"rendered":"<p>Nom activitat: \u00a0 Decouverte Cotlliure<br \/>\n\u00c0mbit Curricular:\u00a0Llengua francesa, Ci\u00e8ncies Socials.<br \/>\nNivell: ESO- BATX.\u00a0\u00a0\u00a0 Durada: mat\u00ed \/ tarda<br \/>\nEstacionalitat: \u00a0Tot l\u2019any.<br \/>\nObjectius:\u00a0 1.Aplicar coneixements de llengua francesa en la cerca d\u2019informaci\u00f3. 2.Desenvolupar-se en un entorn comunicatiu diferent a l\u2019habitual. 3. Con\u00e8ixer a grans trets el passat i present de la&hellip;  <a href=\"https:\/\/serveiseducatius.xtec.cat\/edadelcanigo\/el-camp\/ambits\/frontera\/decouverte-cotlliure\/\" title=\"Read Decouverte Cotlliure\">Llegeix m\u00e9s\u00bb<\/a><\/p>\n","protected":false},"author":4,"featured_media":0,"parent":900,"menu_order":0,"comment_status":"closed","ping_status":"closed","template":"page-templates\/side-menu.php","meta":{"_bbp_topic_count":0,"_bbp_reply_count":0,"_bbp_total_topic_count":0,"_bbp_total_reply_count":0,"_bbp_voice_count":0,"_bbp_anonymous_reply_count":0,"_bbp_topic_count_hidden":0,"_bbp_reply_count_hidden":0,"_bbp_forum_subforum_count":0,"footnotes":""},"class_list":["post-9129","page","type-page","status-publish","hentry"],"post_mailing_queue_ids":[],"_links":{"self":[{"href":"https:\/\/serveiseducatius.xtec.cat\/edadelcanigo\/wp-json\/wp\/v2\/pages\/9129","targetHints":{"allow":["GET"]}}],"collection":[{"href":"https:\/\/serveiseducatius.xtec.cat\/edadelcanigo\/wp-json\/wp\/v2\/pages"}],"about":[{"href":"https:\/\/serveiseducatius.xtec.cat\/edadelcanigo\/wp-json\/wp\/v2\/types\/page"}],"author":[{"embeddable":true,"href":"https:\/\/serveiseducatius.xtec.cat\/edadelcanigo\/wp-json\/wp\/v2\/users\/4"}],"replies":[{"embeddable":true,"href":"https:\/\/serveiseducatius.xtec.cat\/edadelcanigo\/wp-json\/wp\/v2\/comments?post=9129"}],"version-history":[{"count":1,"href":"https:\/\/serveiseducatius.xtec.cat\/edadelcanigo\/wp-json\/wp\/v2\/pages\/9129\/revisions"}],"predecessor-version":[{"id":9131,"href":"https:\/\/serveiseducatius.xtec.cat\/edadelcanigo\/wp-json\/wp\/v2\/pages\/9129\/revisions\/9131"}],"up":[{"embeddable":true,"href":"https:\/\/serveiseducatius.xtec.cat\/edadelcanigo\/wp-json\/wp\/v2\/pages\/900"}],"wp:attachment":[{"href":"https:\/\/serveiseducatius.xtec.cat\/edadelcanigo\/wp-json\/wp\/v2\/media?parent=9129"}],"curies":[{"name":"wp","href":"https:\/\/api.w.org\/{rel}","templated":true}]}}