{"id":9020,"date":"2018-09-04T14:32:50","date_gmt":"2018-09-04T12:32:50","guid":{"rendered":"http:\/\/serveiseducatius.xtec.cat\/edadelcanigo\/?page_id=9020"},"modified":"2018-09-04T15:06:32","modified_gmt":"2018-09-04T13:06:32","slug":"fort-liberia-i-vilafranca-de-conflent","status":"publish","type":"page","link":"https:\/\/serveiseducatius.xtec.cat\/edadelcanigo\/el-camp\/ambits\/frontera\/fort-liberia-i-vilafranca-de-conflent\/","title":{"rendered":"Fort Liberia i Vilafranca de Conflent"},"content":{"rendered":"<p><strong>Nom activitat:<\/strong> \u00a0Fort Liberia i Vilafranca de Conflent<\/p>\n<p><strong>\u00c0mbit Curricular:<\/strong> Ci\u00e8ncies Socials.<\/p>\n<p><strong>Nivell:<\/strong><b> <\/b>Cicle Superior de prim\u00e0ria, ESO, Batxillerat \u00a0\u00a0\u00a0\u00a0 <strong>Durada:<\/strong> mat\u00ed \/ tarda<\/p>\n<p><strong>Estacionalitat:<\/strong> \u00a0tot l\u2019any<\/p>\n<p><strong>Objectius:<\/strong> Descobrir les traces de la llengua i cultura catalana en el municipi. Con\u00e8ixer a trav\u00e9s de l\u2019 arquitectura militar els fets hist\u00f2rics d\u2019una vila de frontera i la seva situaci\u00f3 estrat\u00e8gica. Aprendre a analitzar els elements constructius d\u2019enginyeria militar. Reflexionar sobre les relacions entre turisme i economia en el territori. Destacar els valors universals de la cultura de la pau.<\/p>\n<p><strong>Descripci\u00f3:<\/strong> A partir de l\u2019ascensi\u00f3 al Fort Liberia i la seva descoberta, ens q\u00fcestionarem la construcci\u00f3 del relat hist\u00f2ric del municipi. Aprendrem les t\u00e8cniques i estrat\u00e8gies constructives de l\u2019enginyeria militar i com aquestes han jugat un paper clau en la tecnologia moderna. A Vilafranca de Conflent, els alumnes descobriran lliurament una vil\u00b7la dedicada al turisme.<\/p>\n<p><strong>Compet\u00e8ncies: <\/strong><\/p>\n<table id=\"report_R31046229246265901\" border=\"0\" width=\"100%\" cellspacing=\"0\" cellpadding=\"3\">\n<tbody>\n<tr class=\"highlight-row\">\n<td class=\"text\" bgcolor=\"#e9e9e9\"><a href=\"https:\/\/aplicacions.gestioeducativa.gencat.cat\/pls\/apex\/f?p=151:307:333012472201326::NO::P307_ID_ACTIVITAT,P307_ID_REL_ACT_COMP:4088,7654\"><img decoding=\"async\" src=\"https:\/\/aplicacions.gestioeducativa.gencat.cat\/i\/e2.gif\" alt=\"\" \/><\/a><\/td>\n<td class=\"text\" bgcolor=\"#e9e9e9\">AMBP-MED<\/td>\n<td class=\"text\" bgcolor=\"#e9e9e9\">DIM15P-MED<\/td>\n<td class=\"text\" bgcolor=\"#e9e9e9\">CO02P-MED<\/td>\n<td class=\"text\" bgcolor=\"#e9e9e9\">Interpretar el present a partir de l&#8217;an\u00e0lisi dels canvis i continu\u00eftats al llarg del temps, per comprendre la societat en qu\u00e8 vivim<\/td>\n<\/tr>\n<tr class=\"highlight-row\">\n<td class=\"text\" bgcolor=\"#F3F3F3\"><a href=\"https:\/\/aplicacions.gestioeducativa.gencat.cat\/pls\/apex\/f?p=151:307:333012472201326::NO::P307_ID_ACTIVITAT,P307_ID_REL_ACT_COMP:4088,7656\"><img decoding=\"async\" src=\"https:\/\/aplicacions.gestioeducativa.gencat.cat\/i\/e2.gif\" alt=\"\" \/><\/a><\/td>\n<td class=\"text\" bgcolor=\"#F3F3F3\">AMBS-SOC<\/td>\n<td class=\"text\" bgcolor=\"#F3F3F3\">DIM19S-SOC<\/td>\n<td class=\"text\" bgcolor=\"#F3F3F3\">CO3S-SOC<\/td>\n<td class=\"text\" bgcolor=\"#F3F3F3\">Interpretar que el present \u00e9s producte del passat, per comprendre que el futur \u00e9s fruit de les decisions i accions actuals<\/td>\n<\/tr>\n<tr class=\"highlight-row\">\n<td class=\"text\" bgcolor=\"#e9e9e9\"><a href=\"https:\/\/aplicacions.gestioeducativa.gencat.cat\/pls\/apex\/f?p=151:307:333012472201326::NO::P307_ID_ACTIVITAT,P307_ID_REL_ACT_COMP:4088,7657\"><img decoding=\"async\" src=\"https:\/\/aplicacions.gestioeducativa.gencat.cat\/i\/e2.gif\" alt=\"\" \/><\/a><\/td>\n<td class=\"text\" bgcolor=\"#e9e9e9\">AMBS-SOC<\/td>\n<td class=\"text\" bgcolor=\"#e9e9e9\">DIM19S-SOC<\/td>\n<td class=\"text\" bgcolor=\"#e9e9e9\">CO4S-SOC<\/td>\n<td class=\"text\" bgcolor=\"#e9e9e9\">Identificar i valorar la identitat individual i col\u00b7lectiva per comprendre la seva intervenci\u00f3 en la construcci\u00f3 de subjectes hist\u00f2rics<\/td>\n<\/tr>\n<tr class=\"highlight-row\">\n<td class=\"text\" bgcolor=\"#F3F3F3\"><a href=\"https:\/\/aplicacions.gestioeducativa.gencat.cat\/pls\/apex\/f?p=151:307:333012472201326::NO::P307_ID_ACTIVITAT,P307_ID_REL_ACT_COMP:4088,7655\"><img decoding=\"async\" src=\"https:\/\/aplicacions.gestioeducativa.gencat.cat\/i\/e2.gif\" alt=\"\" \/><\/a><\/td>\n<td class=\"text\" bgcolor=\"#F3F3F3\">AMBS-SOC<\/td>\n<td class=\"text\" bgcolor=\"#F3F3F3\">DIM19S-SOC<\/td>\n<td class=\"text\" bgcolor=\"#F3F3F3\">CO1S-SOC<\/td>\n<td class=\"text\" bgcolor=\"#F3F3F3\">Analitzar els canvis i les continu\u00eftats dels fets o fen\u00f2mens hist\u00f2rics per comprendre&#8217;n la causalitat hist\u00f2rica<\/td>\n<\/tr>\n<\/tbody>\n<\/table>\n<p><strong>Observacions: <\/strong>la visita al \u201cFort Liberia\u201d t\u00e9 un cost addicional de 4,00 \u20ac \/ alumne.<\/p>\n<p><a href=\"http:\/\/serveiseducatius.xtec.cat\/edadelcanigo\/wp-content\/uploads\/usu1374\/2018\/09\/800px-Villafranca_Conflent.jpg\"><img loading=\"lazy\" decoding=\"async\" class=\"alignnone size-full wp-image-9021\" src=\"http:\/\/serveiseducatius.xtec.cat\/edadelcanigo\/wp-content\/uploads\/usu1374\/2018\/09\/800px-Villafranca_Conflent.jpg\" alt=\"\" width=\"800\" height=\"261\" srcset=\"https:\/\/serveiseducatius.xtec.cat\/edadelcanigo\/wp-content\/uploads\/usu1374\/2018\/09\/800px-Villafranca_Conflent.jpg 800w, https:\/\/serveiseducatius.xtec.cat\/edadelcanigo\/wp-content\/uploads\/usu1374\/2018\/09\/800px-Villafranca_Conflent-300x98.jpg 300w, https:\/\/serveiseducatius.xtec.cat\/edadelcanigo\/wp-content\/uploads\/usu1374\/2018\/09\/800px-Villafranca_Conflent-768x251.jpg 768w\" sizes=\"auto, (max-width: 800px) 100vw, 800px\" \/><\/a><\/p>\n<p>&nbsp;<\/p>\n<p>&nbsp;<\/p>\n","protected":false},"excerpt":{"rendered":"<p>Nom activitat: \u00a0Fort Liberia i Vilafranca de Conflent<br \/>\n\u00c0mbit Curricular: Ci\u00e8ncies Socials.<br \/>\nNivell: Cicle Superior de prim\u00e0ria, ESO, Batxillerat \u00a0\u00a0\u00a0\u00a0 Durada: mat\u00ed \/ tarda<br \/>\nEstacionalitat: \u00a0tot l\u2019any<br \/>\nObjectius: Descobrir les traces de la llengua i cultura catalana en el municipi. Con\u00e8ixer a trav\u00e9s de l\u2019 arquitectura militar els fets&hellip;  <a href=\"https:\/\/serveiseducatius.xtec.cat\/edadelcanigo\/el-camp\/ambits\/frontera\/fort-liberia-i-vilafranca-de-conflent\/\" title=\"Read Fort Liberia i Vilafranca de Conflent\">Llegeix m\u00e9s\u00bb<\/a><\/p>\n","protected":false},"author":4,"featured_media":0,"parent":900,"menu_order":0,"comment_status":"closed","ping_status":"closed","template":"page-templates\/side-menu.php","meta":{"_bbp_topic_count":0,"_bbp_reply_count":0,"_bbp_total_topic_count":0,"_bbp_total_reply_count":0,"_bbp_voice_count":0,"_bbp_anonymous_reply_count":0,"_bbp_topic_count_hidden":0,"_bbp_reply_count_hidden":0,"_bbp_forum_subforum_count":0,"footnotes":""},"class_list":["post-9020","page","type-page","status-publish","hentry"],"post_mailing_queue_ids":[],"_links":{"self":[{"href":"https:\/\/serveiseducatius.xtec.cat\/edadelcanigo\/wp-json\/wp\/v2\/pages\/9020","targetHints":{"allow":["GET"]}}],"collection":[{"href":"https:\/\/serveiseducatius.xtec.cat\/edadelcanigo\/wp-json\/wp\/v2\/pages"}],"about":[{"href":"https:\/\/serveiseducatius.xtec.cat\/edadelcanigo\/wp-json\/wp\/v2\/types\/page"}],"author":[{"embeddable":true,"href":"https:\/\/serveiseducatius.xtec.cat\/edadelcanigo\/wp-json\/wp\/v2\/users\/4"}],"replies":[{"embeddable":true,"href":"https:\/\/serveiseducatius.xtec.cat\/edadelcanigo\/wp-json\/wp\/v2\/comments?post=9020"}],"version-history":[{"count":1,"href":"https:\/\/serveiseducatius.xtec.cat\/edadelcanigo\/wp-json\/wp\/v2\/pages\/9020\/revisions"}],"predecessor-version":[{"id":9022,"href":"https:\/\/serveiseducatius.xtec.cat\/edadelcanigo\/wp-json\/wp\/v2\/pages\/9020\/revisions\/9022"}],"up":[{"embeddable":true,"href":"https:\/\/serveiseducatius.xtec.cat\/edadelcanigo\/wp-json\/wp\/v2\/pages\/900"}],"wp:attachment":[{"href":"https:\/\/serveiseducatius.xtec.cat\/edadelcanigo\/wp-json\/wp\/v2\/media?parent=9020"}],"curies":[{"name":"wp","href":"https:\/\/api.w.org\/{rel}","templated":true}]}}