{"id":8988,"date":"2018-07-18T12:49:37","date_gmt":"2018-07-18T10:49:37","guid":{"rendered":"http:\/\/serveiseducatius.xtec.cat\/edadelcanigo\/?page_id=8988"},"modified":"2021-02-01T16:53:26","modified_gmt":"2021-02-01T15:53:26","slug":"descoberta-de-prada","status":"publish","type":"page","link":"https:\/\/serveiseducatius.xtec.cat\/edadelcanigo\/el-camp\/ambits\/exili\/descoberta-de-prada\/","title":{"rendered":"Descoberta de Prada"},"content":{"rendered":"<p><strong><a href=\"http:\/\/serveiseducatius.xtec.cat\/edadelcanigo\/wp-content\/uploads\/usu1374\/2018\/07\/DSC00354.redimensionada.jpg\"><img loading=\"lazy\" decoding=\"async\" class=\"wp-image-8989 size-medium alignleft\" src=\"http:\/\/serveiseducatius.xtec.cat\/edadelcanigo\/wp-content\/uploads\/usu1374\/2018\/07\/DSC00354.redimensionada-300x200.jpg\" alt=\"\" width=\"300\" height=\"200\" srcset=\"https:\/\/serveiseducatius.xtec.cat\/edadelcanigo\/wp-content\/uploads\/usu1374\/2018\/07\/DSC00354.redimensionada-300x200.jpg 300w, https:\/\/serveiseducatius.xtec.cat\/edadelcanigo\/wp-content\/uploads\/usu1374\/2018\/07\/DSC00354.redimensionada-768x512.jpg 768w, https:\/\/serveiseducatius.xtec.cat\/edadelcanigo\/wp-content\/uploads\/usu1374\/2018\/07\/DSC00354.redimensionada.jpg 1024w\" sizes=\"auto, (max-width: 300px) 100vw, 300px\" \/><\/a>Nom activitat:<\/strong> Descoberta de Prada<\/p>\n<p><strong>\u00c0mbit Curricular:<\/strong> Ci\u00e8ncies Socials, Hist\u00f2ria, Hist\u00f2ria de la llengua.<\/p>\n<p><strong>Nivell:<\/strong> Cicle Superior de prim\u00e0ria, ESO, Batxillerat\u00a0\u00a0\u00a0\u00a0\u00a0\u00a0\u00a0\u00a0\u00a0\u00a0<strong> Durada:<\/strong> mat\u00ed \/ tarda<\/p>\n<p><strong>Estacionalitat:<\/strong> Tot l\u2019any<\/p>\n<p><strong>Objectius:<\/strong> Descobrir les traces de la llengua i cultura catalana en el municipi. Empatitzar amb els fets de l\u2019exili republic\u00e0 a trav\u00e9s de les figures de Pau Casals i Pompeu Fabra. Recon\u00e8ixer les difer\u00e8ncies administratives, ling\u00fc\u00edstiques i culturals d\u2019un estat ali\u00e8 per tal de reflexionar sobre la construcci\u00f3 d\u2019una nova Europa m\u00e9s enll\u00e0 de les fronteres.<\/p>\n<p><strong>Descripci\u00f3:<\/strong> Activitat de descoberta de la vila de Prada on els alumnes a partir de la recerca de forma aut\u00f2noma de diferents espais descobreixen les petjades de Pau Casals i Pompeu Fabra.<\/p>\n<p><strong>Compet\u00e8ncies:\u00a0<\/strong><\/p>\n<table id=\"report_R31046229246265901\" border=\"0\" width=\"100%\" cellspacing=\"0\" cellpadding=\"3\">\n<tbody>\n<tr class=\"highlight-row\">\n<td class=\"text\" bgcolor=\"#e9e9e9\">AMBS-LIN-CAT-CAS<\/td>\n<td class=\"text\" bgcolor=\"#e9e9e9\">DIM5S-LLE-CAS-CAT<\/td>\n<td class=\"text\" bgcolor=\"#e9e9e9\">ACT1-LLE<\/td>\n<td class=\"text\" bgcolor=\"#e9e9e9\">Adquirir l&#8217;h\u00e0bit de la lectura com un mitj\u00e0 per accedir a la informaci\u00f3 i al coneixement, i per al gaudi personal; i valorar l&#8217;escriptura com un mitj\u00e0 per estructurar el pensament i comunicar-se amb els altres<\/td>\n<\/tr>\n<tr class=\"highlight-row\">\n<td class=\"text\" bgcolor=\"#F3F3F3\">AMBS-SOC<\/td>\n<td class=\"text\" bgcolor=\"#F3F3F3\">DIM19S-SOC<\/td>\n<td class=\"text\" bgcolor=\"#F3F3F3\">CO2S-SOC<\/td>\n<td class=\"text\" bgcolor=\"#F3F3F3\">Aplicar els procediments de la recerca hist\u00f2rica a partir de la formulaci\u00f3 de preguntes i l&#8217;an\u00e0lisi de fonts, per interpretar el passat<\/td>\n<\/tr>\n<tr class=\"highlight-row\">\n<td class=\"text\" bgcolor=\"#e9e9e9\">AMBS-SOC<\/td>\n<td class=\"text\" bgcolor=\"#e9e9e9\">DIM19S-SOC<\/td>\n<td class=\"text\" bgcolor=\"#e9e9e9\">CO1S-SOC<\/td>\n<td class=\"text\" bgcolor=\"#e9e9e9\">Analitzar els canvis i les continu\u00eftats dels fets o fen\u00f2mens hist\u00f2rics per comprendre&#8217;n la causalitat hist\u00f2rica<\/td>\n<\/tr>\n<tr class=\"highlight-row\">\n<td class=\"text\" bgcolor=\"#F3F3F3\">AMBS-SOC<\/td>\n<td class=\"text\" bgcolor=\"#F3F3F3\">DIM21S-SOC<\/td>\n<td class=\"text\" bgcolor=\"#F3F3F3\">CO8S-SOC<\/td>\n<td class=\"text\" bgcolor=\"#F3F3F3\">Analitzar les manifestacions culturals i relacionar-les amb els seus creadors i la seva \u00e8poca, per interpretar les diverses cosmovisions i la seva finalitat<\/td>\n<\/tr>\n<tr class=\"highlight-row\">\n<td class=\"text\" bgcolor=\"#e9e9e9\">AMBS-SOC<\/td>\n<td class=\"text\" bgcolor=\"#e9e9e9\">DIM21S-SOC<\/td>\n<td class=\"text\" bgcolor=\"#e9e9e9\">CO9S-SOC<\/td>\n<td class=\"text\" bgcolor=\"#e9e9e9\">Valorar el patrimoni cultural com a her\u00e8ncia rebuda del passat, per defensar-ne la conservaci\u00f3 i afavorir que les generacions futures se l&#8217;apropi\u00efn<\/td>\n<\/tr>\n<\/tbody>\n<\/table>\n<p>&nbsp;<\/p>\n<p><code><div class=\"h5p-iframe-wrapper\"><iframe id=\"h5p-iframe-5\" class=\"h5p-iframe\" data-content-id=\"5\" style=\"height:1px\" src=\"about:blank\" frameBorder=\"0\" scrolling=\"no\" title=\"Descoberta de Prada\"><\/iframe><\/div><\/code><\/p>\n","protected":false},"excerpt":{"rendered":"<p><a href=\"http:\/\/serveiseducatius.xtec.cat\/edadelcanigo\/wp-content\/uploads\/usu1374\/2018\/07\/DSC00354.redimensionada.jpg\"><\/a>Nom activitat: Descoberta de Prada<br \/>\n\u00c0mbit Curricular: Ci\u00e8ncies Socials, Hist\u00f2ria, Hist\u00f2ria de la llengua.<br \/>\nNivell: Cicle Superior de prim\u00e0ria, ESO, Batxillerat\u00a0\u00a0\u00a0\u00a0\u00a0\u00a0\u00a0\u00a0\u00a0\u00a0 Durada: mat\u00ed \/ tarda<br \/>\nEstacionalitat: Tot l\u2019any<br \/>\nObjectius: Descobrir les traces de la llengua i cultura catalana en el municipi. Empatitzar amb els fets de l\u2019exili republic\u00e0&hellip;  <a href=\"https:\/\/serveiseducatius.xtec.cat\/edadelcanigo\/el-camp\/ambits\/exili\/descoberta-de-prada\/\" title=\"Read Descoberta de Prada\">Llegeix m\u00e9s\u00bb<\/a><\/p>\n","protected":false},"author":4,"featured_media":0,"parent":8680,"menu_order":0,"comment_status":"closed","ping_status":"closed","template":"page-templates\/side-menu.php","meta":{"_bbp_topic_count":0,"_bbp_reply_count":0,"_bbp_total_topic_count":0,"_bbp_total_reply_count":0,"_bbp_voice_count":0,"_bbp_anonymous_reply_count":0,"_bbp_topic_count_hidden":0,"_bbp_reply_count_hidden":0,"_bbp_forum_subforum_count":0,"footnotes":""},"class_list":["post-8988","page","type-page","status-publish","hentry"],"post_mailing_queue_ids":[],"_links":{"self":[{"href":"https:\/\/serveiseducatius.xtec.cat\/edadelcanigo\/wp-json\/wp\/v2\/pages\/8988","targetHints":{"allow":["GET"]}}],"collection":[{"href":"https:\/\/serveiseducatius.xtec.cat\/edadelcanigo\/wp-json\/wp\/v2\/pages"}],"about":[{"href":"https:\/\/serveiseducatius.xtec.cat\/edadelcanigo\/wp-json\/wp\/v2\/types\/page"}],"author":[{"embeddable":true,"href":"https:\/\/serveiseducatius.xtec.cat\/edadelcanigo\/wp-json\/wp\/v2\/users\/4"}],"replies":[{"embeddable":true,"href":"https:\/\/serveiseducatius.xtec.cat\/edadelcanigo\/wp-json\/wp\/v2\/comments?post=8988"}],"version-history":[{"count":2,"href":"https:\/\/serveiseducatius.xtec.cat\/edadelcanigo\/wp-json\/wp\/v2\/pages\/8988\/revisions"}],"predecessor-version":[{"id":9354,"href":"https:\/\/serveiseducatius.xtec.cat\/edadelcanigo\/wp-json\/wp\/v2\/pages\/8988\/revisions\/9354"}],"up":[{"embeddable":true,"href":"https:\/\/serveiseducatius.xtec.cat\/edadelcanigo\/wp-json\/wp\/v2\/pages\/8680"}],"wp:attachment":[{"href":"https:\/\/serveiseducatius.xtec.cat\/edadelcanigo\/wp-json\/wp\/v2\/media?parent=8988"}],"curies":[{"name":"wp","href":"https:\/\/api.w.org\/{rel}","templated":true}]}}