{"id":898,"date":"2015-05-05T16:37:50","date_gmt":"2015-05-05T14:37:50","guid":{"rendered":"http:\/\/blocs.xtec.cat\/edacanigo\/?page_id=898"},"modified":"2019-01-21T13:56:42","modified_gmt":"2019-01-21T12:56:42","slug":"territori-geologia-i-medi-ambient","status":"publish","type":"page","link":"https:\/\/serveiseducatius.xtec.cat\/edadelcanigo\/el-camp\/ambits\/territori-geologia-i-medi-ambient\/","title":{"rendered":"Territori, Geologia i Medi Ambient"},"content":{"rendered":"<p>&nbsp;<\/p>\n<p style=\"text-align: justify;\"><strong>Territori, Geologia i Medi Ambient conforma un conjunt d&#8217;activitats centrades en el ric patrimoni natural de la regi\u00f3 pirinenca oriental. La import\u00e0ncia geol\u00f2gica de la zona, la diversitat d&#8217;ecosistemes en dist\u00e0ncies relativament curtes, la combinaci\u00f3 d&#8217;aig\u00fces termals, aig\u00fces subterr\u00e0nies i torrents fluvials, configuren un territori amb un paisatge en intr\u00ednseca relaci\u00f3 amb l&#8217;activat humana que des de temps passats ha sabut obtenir els recursos necessaris per la seva subsist\u00e8ncia.<\/strong><\/p>\n<p><strong>\u00a0Activitats:<\/strong><\/p>\n<p><a href=\"http:\/\/serveiseducatius.xtec.cat\/edadelcanigo\/territori-geologia-i-medi-ambient\/el-bosc-del-bastard\/\" target=\"_blank\" rel=\"noopener\">\u00a0El Bosc del Bastard<\/a><\/p>\n<p><a href=\"http:\/\/serveiseducatius.xtec.cat\/edadelcanigo\/territori-geologia-i-medi-ambient\/cova-de-les-grans-canaletes\/\" target=\"_blank\" rel=\"noopener\">Cova de les Grans Canaletes<\/a><\/p>\n<p><a href=\"http:\/\/serveiseducatius.xtec.cat\/edadelcanigo\/territori-geologia-i-medi-ambient\/els-orgues-dilla\/\" target=\"_blank\" rel=\"noopener\">Orgues d\u2019Illa de Tet<\/a><\/p>\n<p><a href=\"http:\/\/serveiseducatius.xtec.cat\/edadelcanigo\/el-camp\/ambits\/territori-geologia-i-medi-ambient\/taller-de-pedra-seca-2-2\/\" target=\"_blank\" rel=\"noopener\">Taller de pedra seca<\/a><\/p>\n<p><a href=\"http:\/\/serveiseducatius.xtec.cat\/edadelcanigo\/wp-content\/uploads\/usu1374\/2018\/09\/DSC09062.jpg\"><img loading=\"lazy\" decoding=\"async\" class=\"size-full wp-image-9047 aligncenter\" src=\"http:\/\/serveiseducatius.xtec.cat\/edadelcanigo\/wp-content\/uploads\/usu1374\/2018\/09\/DSC09062.jpg\" alt=\"\" width=\"640\" height=\"426\" srcset=\"https:\/\/serveiseducatius.xtec.cat\/edadelcanigo\/wp-content\/uploads\/usu1374\/2018\/09\/DSC09062.jpg 640w, https:\/\/serveiseducatius.xtec.cat\/edadelcanigo\/wp-content\/uploads\/usu1374\/2018\/09\/DSC09062-300x200.jpg 300w\" sizes=\"auto, (max-width: 640px) 100vw, 640px\" \/><\/a><\/p>\n<p>&nbsp;<\/p>\n","protected":false},"excerpt":{"rendered":"<p>&nbsp;<br \/>\nTerritori, Geologia i Medi Ambient conforma un conjunt d&#8217;activitats centrades en el ric patrimoni natural de la regi\u00f3 pirinenca oriental. La import\u00e0ncia geol\u00f2gica de la zona, la diversitat d&#8217;ecosistemes en dist\u00e0ncies relativament curtes, la combinaci\u00f3 d&#8217;aig\u00fces termals, aig\u00fces subterr\u00e0nies i torrents fluvials, configuren un territori&hellip;  <a href=\"https:\/\/serveiseducatius.xtec.cat\/edadelcanigo\/el-camp\/ambits\/territori-geologia-i-medi-ambient\/\" title=\"Read Territori, Geologia i Medi Ambient\">Llegeix m\u00e9s\u00bb<\/a><\/p>\n","protected":false},"author":4,"featured_media":0,"parent":8235,"menu_order":0,"comment_status":"closed","ping_status":"closed","template":"page-templates\/side-menu.php","meta":{"_bbp_topic_count":0,"_bbp_reply_count":0,"_bbp_total_topic_count":0,"_bbp_total_reply_count":0,"_bbp_voice_count":0,"_bbp_anonymous_reply_count":0,"_bbp_topic_count_hidden":0,"_bbp_reply_count_hidden":0,"_bbp_forum_subforum_count":0,"footnotes":""},"class_list":["post-898","page","type-page","status-publish","hentry"],"post_mailing_queue_ids":[],"_links":{"self":[{"href":"https:\/\/serveiseducatius.xtec.cat\/edadelcanigo\/wp-json\/wp\/v2\/pages\/898","targetHints":{"allow":["GET"]}}],"collection":[{"href":"https:\/\/serveiseducatius.xtec.cat\/edadelcanigo\/wp-json\/wp\/v2\/pages"}],"about":[{"href":"https:\/\/serveiseducatius.xtec.cat\/edadelcanigo\/wp-json\/wp\/v2\/types\/page"}],"author":[{"embeddable":true,"href":"https:\/\/serveiseducatius.xtec.cat\/edadelcanigo\/wp-json\/wp\/v2\/users\/4"}],"replies":[{"embeddable":true,"href":"https:\/\/serveiseducatius.xtec.cat\/edadelcanigo\/wp-json\/wp\/v2\/comments?post=898"}],"version-history":[{"count":4,"href":"https:\/\/serveiseducatius.xtec.cat\/edadelcanigo\/wp-json\/wp\/v2\/pages\/898\/revisions"}],"predecessor-version":[{"id":9139,"href":"https:\/\/serveiseducatius.xtec.cat\/edadelcanigo\/wp-json\/wp\/v2\/pages\/898\/revisions\/9139"}],"up":[{"embeddable":true,"href":"https:\/\/serveiseducatius.xtec.cat\/edadelcanigo\/wp-json\/wp\/v2\/pages\/8235"}],"wp:attachment":[{"href":"https:\/\/serveiseducatius.xtec.cat\/edadelcanigo\/wp-json\/wp\/v2\/media?parent=898"}],"curies":[{"name":"wp","href":"https:\/\/api.w.org\/{rel}","templated":true}]}}