{"id":893,"date":"2015-05-05T16:35:35","date_gmt":"2015-05-05T14:35:35","guid":{"rendered":"http:\/\/blocs.xtec.cat\/edacanigo\/?page_id=893"},"modified":"2018-07-18T11:53:53","modified_gmt":"2018-07-18T09:53:53","slug":"antic-regne-de-mallorca","status":"publish","type":"page","link":"https:\/\/serveiseducatius.xtec.cat\/edadelcanigo\/antic-regne-de-mallorca\/","title":{"rendered":"Antic Regne de Mallorca"},"content":{"rendered":"<p><strong><a href=\"http:\/\/serveiseducatius.xtec.cat\/edadelcanigo\/wp-content\/uploads\/usu1374\/2015\/05\/DSC00138.jpg\"><img loading=\"lazy\" decoding=\"async\" class=\"alignnone size-large wp-image-8953\" src=\"http:\/\/serveiseducatius.xtec.cat\/edadelcanigo\/wp-content\/uploads\/usu1374\/2015\/05\/DSC00138-1024x232.jpg\" alt=\"\" width=\"1024\" height=\"232\" srcset=\"https:\/\/serveiseducatius.xtec.cat\/edadelcanigo\/wp-content\/uploads\/usu1374\/2015\/05\/DSC00138-1024x232.jpg 1024w, https:\/\/serveiseducatius.xtec.cat\/edadelcanigo\/wp-content\/uploads\/usu1374\/2015\/05\/DSC00138-300x68.jpg 300w, https:\/\/serveiseducatius.xtec.cat\/edadelcanigo\/wp-content\/uploads\/usu1374\/2015\/05\/DSC00138-768x174.jpg 768w\" sizes=\"auto, (max-width: 1024px) 100vw, 1024px\" \/><\/a>Va haver-hi un temps que la Catalunya Nord va formar part del Regne de Mallorca (1276 &#8211; 1349).\u00a0 D&#8217;aquest passat lligat a les Illes, resten vestigis en el territori. Els coneixerem i veurem quines foren les relacions de la Catalunya Nord amb l&#8217;illa de Mallorca.<\/strong><\/p>\n<p><strong>T\u00edtol de l\u2019activitat:<\/strong> Antic Regne de Mallorca<\/p>\n<p><strong>\u00c0mbit Curricular:<\/strong> Llengua i Cultura catalanes, M\u00fasica, Literatura, Ci\u00e8ncies Socials.<\/p>\n<p><strong>Nivell:<\/strong> ESO i Batxillerat.<\/p>\n<p><strong>Durada:<\/strong> Tres\/ Quatre dies<\/p>\n<p><strong>Estacionalitat:<\/strong> tot l&#8217;any.<\/p>\n<p><strong>Descripci\u00f3:<\/strong> L\u2019activitat \u00e9s un recorregut per diferents enclaus hist\u00f2rics ( Cotlliure, Prada,<br \/>\nCodalet, Perpiny\u00e0) que ens permetran treballar des de la interdisciplinarietat diferents<br \/>\naspectes curriculars.\u00a0 Al llarg dels diferents recorreguts es posar\u00e0 \u00e8mfasi en la descoberta i identificaci\u00f3 d\u2019elements culturals, hist\u00f2rics, naturals i paisatg\u00edstics al voltant del passat hist\u00f2ric del Regne de Mallorca.<\/p>\n<p><strong>Objectius:<\/strong><\/p>\n<p>1.Fomentar els valors hist\u00f2rico-culturals com a mitj\u00e0 per desenvolupar les compet\u00e8ncies<br \/>\ncurriculars.<br \/>\n2. Identificar els elements hist\u00f2rics que conformen els lligams que han teixit l\u2019espai<br \/>\ncultural com\u00fa de tot el territori de llengua i cultura catalanes.<br \/>\n3. Descobrir i con\u00e8ixer la part del territori i els punts claus hist\u00f2rics de l\u2019antic Regne de<br \/>\nMallorca.<br \/>\n4.Figures insignes de la hist\u00f2ria de la cultura catalana i els seus lligams amb els punts<br \/>\nvisitats en aquest itinerari. ( Visita Casa Pau Casals i tomba Pompeu Fabra)<br \/>\n5. Valorar el patrimoni cultural com a her\u00e8ncia i llegat dels grups humans.6.Valorar la import\u00e0ncia del patrimoni arquitect\u00f2nic del rom\u00e0nic i el paper cabdal dels<br \/>\nMonestirs<br \/>\n7.Presentar i analitzar els trets b\u00e0sics de la societat, economia i poders pol\u00edtics de<br \/>\nl\u2019\u00e8poca.<br \/>\n8. Descobrir elements paisatg\u00edstics i culturals que conformen la simbologia de la nostra<br \/>\nidentitat.<\/p>\n<p><strong>Activitats:<\/strong><br \/>\n<span style=\"text-decoration: underline;\"><strong>Castell Reial de Cotlliure<\/strong><\/span><\/p>\n<p style=\"text-align: left;\">Edificaci\u00f3 doc<a href=\"http:\/\/serveiseducatius.xtec.cat\/edadelcanigo\/wp-content\/uploads\/usu1374\/2015\/05\/cotlliure.jpeg\"><img loading=\"lazy\" decoding=\"async\" class=\" wp-image-1477 alignleft\" src=\"http:\/\/serveiseducatius.xtec.cat\/edadelcanigo\/wp-content\/uploads\/usu1374\/2015\/05\/cotlliure.jpeg\" alt=\"cotlliure\" width=\"234\" height=\"175\" srcset=\"https:\/\/serveiseducatius.xtec.cat\/edadelcanigo\/wp-content\/uploads\/usu1374\/2015\/05\/cotlliure.jpeg 259w, https:\/\/serveiseducatius.xtec.cat\/edadelcanigo\/wp-content\/uploads\/usu1374\/2015\/05\/cotlliure-200x150.jpeg 200w\" sizes=\"auto, (max-width: 234px) 100vw, 234px\" \/><\/a>umentada de l\u2019any 673. Esdevingu\u00e9 resid\u00e8ncia<br \/>\nreial, situat a l\u2019enclau estrat\u00e8gic del que seria primer port del<br \/>\nRossell\u00f3 de l\u2019\u00e8poca. Visita al castell, al Port i esgl\u00e9sia deNostra senyora dels<br \/>\n\u00c0ngels<\/p>\n<p>&nbsp;<\/p>\n<p>&nbsp;<\/p>\n<p><a href=\"https:\/\/serveiseducatius.xtec.cat\/edadelcanigo\/?page_id=8955&amp;preview=true\" target=\"_blank\" rel=\"noopener noreferrer\"><span style=\"text-decoration: underline;\"><strong>Palau dels Reis de Mallorca<\/strong><\/span><\/a><br \/>\nFortalesa d\u2019estil g\u00f2tic constru\u00efda a finals del segle XIII.<br \/>\nResid\u00e8ncia dels reis de Mallorca en esdevenir Perpiny\u00e0<br \/>\ncapital continental del Regne de Mallorca. Actualment \u00e9s un<br \/>\n<a href=\"http:\/\/serveiseducatius.xtec.cat\/edadelcanigo\/wp-content\/uploads\/usu1374\/2015\/05\/palau-mallorca.jpeg\"><img loading=\"lazy\" decoding=\"async\" class=\"size-full wp-image-1478 alignleft\" src=\"http:\/\/serveiseducatius.xtec.cat\/edadelcanigo\/wp-content\/uploads\/usu1374\/2015\/05\/palau-mallorca.jpeg\" alt=\"palau mallorca\" width=\"275\" height=\"183\" \/><\/a>dels monuments m\u00e9s importants de la Catalunya Nord i de<br \/>\nPerpiny\u00e0. Visita al Palau dels Reis de Mallorca.<\/p>\n<p>&nbsp;<\/p>\n<p>&nbsp;<\/p>\n<p>&nbsp;<\/p>\n<p><span style=\"text-decoration: underline;\"><strong>Catedral de Perpiny\u00e0<\/strong><\/span><br \/>\nLa catedral de San Joan Baptista de Perpiny\u00e0 \u00e9s una<br \/>\nconstrucci\u00f3 iniciada l\u2019any 1324 pel rei San\u00e7 de Mallorca , amb<br \/>\nla intenci\u00f3 de convertir-la en la futura seu de la Di\u00f2cesi, i<br \/>\nfinalitzada l\u2019any 1509. Visita a la catedral de Perpiny\u00e0 i al centre hist\u00f2ric.<\/p>\n<p><a href=\"http:\/\/serveiseducatius.xtec.cat\/edadelcanigo\/wp-content\/uploads\/usu1374\/2015\/05\/catedral-perpiny\u00e0.jpeg\"><img loading=\"lazy\" decoding=\"async\" class=\"size-full wp-image-1476 alignleft\" src=\"http:\/\/serveiseducatius.xtec.cat\/edadelcanigo\/wp-content\/uploads\/usu1374\/2015\/05\/catedral-perpiny\u00e0.jpeg\" alt=\"catedral perpiny\u00e0\" width=\"312\" height=\"161\" srcset=\"https:\/\/serveiseducatius.xtec.cat\/edadelcanigo\/wp-content\/uploads\/usu1374\/2015\/05\/catedral-perpiny\u00e0.jpeg 312w, https:\/\/serveiseducatius.xtec.cat\/edadelcanigo\/wp-content\/uploads\/usu1374\/2015\/05\/catedral-perpiny\u00e0-300x155.jpeg 300w\" sizes=\"auto, (max-width: 312px) 100vw, 312px\" \/><\/a><\/p>\n<p>&nbsp;<\/p>\n<p>&nbsp;<\/p>\n<p>&nbsp;<\/p>\n<p>&nbsp;<\/p>\n<p>&nbsp;<\/p>\n<p><strong>PROPOSTA D\u2019ESTADA<\/strong><br \/>\ntres dies<\/p>\n<table style=\"width: 591px;\">\n<tbody>\n<tr>\n<td style=\"width: 115px;\"><\/td>\n<td style=\"width: 200px; text-align: center;\"><strong>Dia 1<\/strong><\/td>\n<td style=\"width: 183px; text-align: center;\"><strong>Dia 2<\/strong><\/td>\n<td style=\"width: 151px; text-align: center;\"><strong>Dia 3 <\/strong><\/td>\n<\/tr>\n<tr>\n<td style=\"width: 115px;\"><strong>Mat\u00ed<\/strong><\/td>\n<td style=\"width: 200px; text-align: center;\">Arribada a Prada<\/td>\n<td style=\"width: 183px; text-align: center;\">Sant Mart\u00ed del Canig\u00f3<\/td>\n<td style=\"width: 151px; text-align: center;\">Perpiny\u00e0<\/td>\n<\/tr>\n<tr>\n<td style=\"width: 115px;\"><strong>Tarda<\/strong><\/td>\n<td style=\"width: 200px; text-align: center;\">Descoberta de Prada<\/td>\n<td style=\"width: 183px; text-align: center;\">Sant Miquel de Cuix\u00e0<\/td>\n<td style=\"width: 151px; text-align: center;\">Cotlliure<\/td>\n<\/tr>\n<\/tbody>\n<\/table>\n","protected":false},"excerpt":{"rendered":"<p><a href=\"http:\/\/serveiseducatius.xtec.cat\/edadelcanigo\/wp-content\/uploads\/usu1374\/2015\/05\/DSC00138.jpg\"><\/a>Va haver-hi un temps que la Catalunya Nord va formar part del Regne de Mallorca (1276 &#8211; 1349).\u00a0 D&#8217;aquest passat lligat a les Illes, resten vestigis en el territori. Els coneixerem i veurem quines foren les relacions de la Catalunya Nord amb l&#8217;illa de&hellip;  <a href=\"https:\/\/serveiseducatius.xtec.cat\/edadelcanigo\/antic-regne-de-mallorca\/\" title=\"Read Antic Regne de Mallorca\">Llegeix m\u00e9s\u00bb<\/a><\/p>\n","protected":false},"author":4,"featured_media":0,"parent":0,"menu_order":0,"comment_status":"closed","ping_status":"closed","template":"page-templates\/side-menu.php","meta":{"_bbp_topic_count":0,"_bbp_reply_count":0,"_bbp_total_topic_count":0,"_bbp_total_reply_count":0,"_bbp_voice_count":0,"_bbp_anonymous_reply_count":0,"_bbp_topic_count_hidden":0,"_bbp_reply_count_hidden":0,"_bbp_forum_subforum_count":0,"footnotes":""},"class_list":["post-893","page","type-page","status-publish","hentry"],"post_mailing_queue_ids":[],"_links":{"self":[{"href":"https:\/\/serveiseducatius.xtec.cat\/edadelcanigo\/wp-json\/wp\/v2\/pages\/893","targetHints":{"allow":["GET"]}}],"collection":[{"href":"https:\/\/serveiseducatius.xtec.cat\/edadelcanigo\/wp-json\/wp\/v2\/pages"}],"about":[{"href":"https:\/\/serveiseducatius.xtec.cat\/edadelcanigo\/wp-json\/wp\/v2\/types\/page"}],"author":[{"embeddable":true,"href":"https:\/\/serveiseducatius.xtec.cat\/edadelcanigo\/wp-json\/wp\/v2\/users\/4"}],"replies":[{"embeddable":true,"href":"https:\/\/serveiseducatius.xtec.cat\/edadelcanigo\/wp-json\/wp\/v2\/comments?post=893"}],"version-history":[{"count":4,"href":"https:\/\/serveiseducatius.xtec.cat\/edadelcanigo\/wp-json\/wp\/v2\/pages\/893\/revisions"}],"predecessor-version":[{"id":8972,"href":"https:\/\/serveiseducatius.xtec.cat\/edadelcanigo\/wp-json\/wp\/v2\/pages\/893\/revisions\/8972"}],"wp:attachment":[{"href":"https:\/\/serveiseducatius.xtec.cat\/edadelcanigo\/wp-json\/wp\/v2\/media?parent=893"}],"curies":[{"name":"wp","href":"https:\/\/api.w.org\/{rel}","templated":true}]}}