{"id":8912,"date":"2018-07-16T12:48:47","date_gmt":"2018-07-16T10:48:47","guid":{"rendered":"http:\/\/serveiseducatius.xtec.cat\/edadelcanigo\/?page_id=8912"},"modified":"2018-07-16T13:14:16","modified_gmt":"2018-07-16T11:14:16","slug":"competencies-basiques-educacio-secundaria","status":"publish","type":"page","link":"https:\/\/serveiseducatius.xtec.cat\/edadelcanigo\/modalitats\/amb-els-centres\/competencies-basiques-educacio-secundaria\/","title":{"rendered":"Compet\u00e8ncies B\u00e0siques Educaci\u00f3 Secund\u00e0ria"},"content":{"rendered":"<p>En aquest espai trobareu les compet\u00e8ncies b\u00e0siques d&#8217;educaci\u00f3 secund\u00e0ria, aix\u00ed com enlla\u00e7os per treballar-les.<\/p>\n<p>&nbsp;<\/p>\n<p><a href=\"https:\/\/drive.google.com\/file\/d\/1Fp1HDojBL0iYKTzZU2yBVsVm_FeLaz30\/view?usp=sharing\" target=\"_blank\" rel=\"noopener noreferrer\">Document Compet\u00e8ncies B\u00e0siques Educaci\u00f3 Secund\u00e0ria<\/a><\/p>\n<p><a href=\"http:\/\/xtec.gencat.cat\/ca\/curriculum\/xarxacb\" target=\"_blank\" rel=\"noopener noreferrer\">Xarxa Compet\u00e8ncies B\u00e0siques. Departament d&#8217;Ensenyament<\/a><\/p>\n<p><a href=\"http:\/\/apliense.xtec.cat\/arc\/competencies-basiques\" target=\"_blank\" rel=\"noopener noreferrer\">ARC ( aplicacions de recursos al curr\u00edculum) CCBB<\/a><\/p>\n<p>&nbsp;<\/p>\n","protected":false},"excerpt":{"rendered":"<p>En aquest espai trobareu les compet\u00e8ncies b\u00e0siques d&#8217;educaci\u00f3 secund\u00e0ria, aix\u00ed com enlla\u00e7os per treballar-les.<br \/>\n&nbsp;<br \/>\n<a href=\"https:\/\/drive.google.com\/file\/d\/1Fp1HDojBL0iYKTzZU2yBVsVm_FeLaz30\/view?usp=sharing\" target=\"_blank\" rel=\"noopener noreferrer\">Document Compet\u00e8ncies B\u00e0siques Educaci\u00f3 Secund\u00e0ria<\/a><br \/>\n<a href=\"http:\/\/xtec.gencat.cat\/ca\/curriculum\/xarxacb\" target=\"_blank\" rel=\"noopener noreferrer\">Xarxa Compet\u00e8ncies B\u00e0siques. Departament d&#8217;Ensenyament<\/a><br \/>\n<a href=\"http:\/\/apliense.xtec.cat\/arc\/competencies-basiques\" target=\"_blank\" rel=\"noopener noreferrer\">ARC ( aplicacions de recursos al curr\u00edculum) CCBB<\/a><br \/>\n&nbsp;<\/p>\n","protected":false},"author":4,"featured_media":0,"parent":8272,"menu_order":0,"comment_status":"closed","ping_status":"closed","template":"page-templates\/side-menu.php","meta":{"_bbp_topic_count":0,"_bbp_reply_count":0,"_bbp_total_topic_count":0,"_bbp_total_reply_count":0,"_bbp_voice_count":0,"_bbp_anonymous_reply_count":0,"_bbp_topic_count_hidden":0,"_bbp_reply_count_hidden":0,"_bbp_forum_subforum_count":0,"footnotes":""},"class_list":["post-8912","page","type-page","status-publish","hentry"],"post_mailing_queue_ids":[],"_links":{"self":[{"href":"https:\/\/serveiseducatius.xtec.cat\/edadelcanigo\/wp-json\/wp\/v2\/pages\/8912","targetHints":{"allow":["GET"]}}],"collection":[{"href":"https:\/\/serveiseducatius.xtec.cat\/edadelcanigo\/wp-json\/wp\/v2\/pages"}],"about":[{"href":"https:\/\/serveiseducatius.xtec.cat\/edadelcanigo\/wp-json\/wp\/v2\/types\/page"}],"author":[{"embeddable":true,"href":"https:\/\/serveiseducatius.xtec.cat\/edadelcanigo\/wp-json\/wp\/v2\/users\/4"}],"replies":[{"embeddable":true,"href":"https:\/\/serveiseducatius.xtec.cat\/edadelcanigo\/wp-json\/wp\/v2\/comments?post=8912"}],"version-history":[{"count":3,"href":"https:\/\/serveiseducatius.xtec.cat\/edadelcanigo\/wp-json\/wp\/v2\/pages\/8912\/revisions"}],"predecessor-version":[{"id":8918,"href":"https:\/\/serveiseducatius.xtec.cat\/edadelcanigo\/wp-json\/wp\/v2\/pages\/8912\/revisions\/8918"}],"up":[{"embeddable":true,"href":"https:\/\/serveiseducatius.xtec.cat\/edadelcanigo\/wp-json\/wp\/v2\/pages\/8272"}],"wp:attachment":[{"href":"https:\/\/serveiseducatius.xtec.cat\/edadelcanigo\/wp-json\/wp\/v2\/media?parent=8912"}],"curies":[{"name":"wp","href":"https:\/\/api.w.org\/{rel}","templated":true}]}}