{"id":8902,"date":"2018-05-14T01:06:40","date_gmt":"2018-05-13T23:06:40","guid":{"rendered":"http:\/\/serveiseducatius.xtec.cat\/edadelcanigo\/?page_id=8902"},"modified":"2018-09-04T14:17:25","modified_gmt":"2018-09-04T12:17:25","slug":"itinerari-a-sant-miquel-de-cuixa","status":"publish","type":"page","link":"https:\/\/serveiseducatius.xtec.cat\/edadelcanigo\/el-camp\/ambits\/itinerari-a-sant-miquel-de-cuixa\/","title":{"rendered":"Itinerari a Sant Miquel de Cuix\u00e0"},"content":{"rendered":"<p style=\"text-align: left;\"><strong><a href=\"http:\/\/serveiseducatius.xtec.cat\/edadelcanigo\/wp-content\/uploads\/usu1374\/2018\/05\/DSC09541.jpg\"><img loading=\"lazy\" decoding=\"async\" class=\"wp-image-8903 size-medium alignleft\" src=\"http:\/\/serveiseducatius.xtec.cat\/edadelcanigo\/wp-content\/uploads\/usu1374\/2018\/05\/DSC09541-300x200.jpg\" alt=\"\" width=\"300\" height=\"200\" srcset=\"https:\/\/serveiseducatius.xtec.cat\/edadelcanigo\/wp-content\/uploads\/usu1374\/2018\/05\/DSC09541-300x200.jpg 300w, https:\/\/serveiseducatius.xtec.cat\/edadelcanigo\/wp-content\/uploads\/usu1374\/2018\/05\/DSC09541-768x512.jpg 768w, https:\/\/serveiseducatius.xtec.cat\/edadelcanigo\/wp-content\/uploads\/usu1374\/2018\/05\/DSC09541.jpg 1024w\" sizes=\"auto, (max-width: 300px) 100vw, 300px\" \/><\/a>Nom activitat<\/strong>: Itinerari a Sant Miquel de Cuix\u00e0<\/p>\n<p style=\"text-align: left;\"><strong>\u00c0mbit Curricular:<\/strong> Ci\u00e8ncies Socials, Ci\u00e8ncies de la Naturalesa<\/p>\n<p style=\"text-align: left;\"><strong>Nivell:<\/strong><b> <b><\/b><\/b>Cicle Superior de prim\u00e0ria, ESO (Activitat adaptable). <strong> Durada: <\/strong>Tot el dia.<\/p>\n<p style=\"text-align: left;\"><strong>Estacionalitat:<\/strong> Tot l\u2019any.<\/p>\n<p style=\"text-align: justify;\"><strong>Descripci\u00f3:\u00a0<\/strong>l&#8217;itinerari a Sant Miquel de Cuix\u00e0 \u00e9s una ruta circular\u00a0 (8 km aprox., nivell baix) a trav\u00e9s del qual estudiarem el paisatge i els seus elements naturals i antr\u00f2pics. Analitzarem la ubicaci\u00f3 del monestir, situant-lo en el context medieval i els trets caracter\u00edstics de l&#8217;\u00e8poca. Es pot complementar visitant el monestir, on es realitzen diferents activitats depenen el tema d&#8217;estudi de l&#8217;estada o del nivell dels alumnes.<\/p>\n<p style=\"text-align: justify;\"><strong>Compet\u00e8ncies:<\/strong><\/p>\n<table width=\"100%\" cellspacing=\"0\" cellpadding=\"3\">\n<colgroup>\n<col width=\"48*\" \/>\n<col width=\"42*\" \/>\n<col width=\"166*\" \/> <\/colgroup>\n<tbody>\n<tr>\n<td bgcolor=\"#f3f3f3\" width=\"19%\">DIM15P-MED<\/td>\n<td bgcolor=\"#f3f3f3\" width=\"16%\">CO01P-MED<\/td>\n<td bgcolor=\"#f3f3f3\" width=\"65%\">Plantejar-se preguntes sobre el medi, utilitzar estrat\u00e8gies de cerca de dades i analitzar resultats per trobar respostes<\/td>\n<\/tr>\n<tr>\n<td bgcolor=\"#f3f3f3\" width=\"19%\">DIM15P-MED<\/td>\n<td bgcolor=\"#f3f3f3\" width=\"16%\">CO02P-MED<\/td>\n<td bgcolor=\"#f3f3f3\" width=\"65%\">Interpretar el present a partir de l&#8217;an\u00e0lisi dels canvis i continu\u00eftats al llarg del temps, per comprendre la societat en qu\u00e8 vivim<\/td>\n<\/tr>\n<tr>\n<td bgcolor=\"#e9e9e9\" width=\"19%\">DIM27P-VAL<\/td>\n<td bgcolor=\"#e9e9e9\" width=\"16%\">CO04P-VAL<\/td>\n<td bgcolor=\"#e9e9e9\" width=\"65%\">Mostrar actituds de respecte actiu envers les persones, les seves idees, opcions, creences i les cultures que les conformen<\/td>\n<\/tr>\n<tr>\n<td bgcolor=\"#f3f3f3\" width=\"19%\">DIM15S-CIE-TEC<\/td>\n<td bgcolor=\"#f3f3f3\" width=\"16%\">CO1S-CIE-TEC<\/td>\n<td bgcolor=\"#f3f3f3\" width=\"65%\">Identificar i caracteritzar els sistemes f\u00edsics i qu\u00edmics des de la perspectiva dels models, per comunicar i predir el comportament dels fen\u00f2mens naturals<\/td>\n<\/tr>\n<tr>\n<td bgcolor=\"#e9e9e9\" width=\"19%\">DIM15S-CIE-TEC<\/td>\n<td bgcolor=\"#e9e9e9\" width=\"16%\">CO2S-CIE-TEC<\/td>\n<td bgcolor=\"#e9e9e9\" width=\"65%\">Identificar i caracteritzar els sistemes biol\u00f2gics i geol\u00f2gics des de la perspectiva dels models, per comunicar i predir el comportament dels fen\u00f2mens naturals<\/td>\n<\/tr>\n<tr>\n<td bgcolor=\"#f3f3f3\" width=\"19%\">DIM30S-CUL-VAL<\/td>\n<td bgcolor=\"#f3f3f3\" width=\"16%\">CO3S-CUL-VAL<\/td>\n<td bgcolor=\"#f3f3f3\" width=\"65%\">Q\u00fcestionar-se i usar l&#8217;argumentaci\u00f3 per superar prejudicis i consolidar el pensament propi<\/td>\n<\/tr>\n<tr>\n<td bgcolor=\"#e9e9e9\" width=\"19%\">DIM20S-SOC<\/td>\n<td bgcolor=\"#e9e9e9\" width=\"16%\">CO7S-SOC<\/td>\n<td bgcolor=\"#e9e9e9\" width=\"65%\">Analitzar diferents models d&#8217;organitzaci\u00f3 pol\u00edtica, econ\u00f2mica i territorial, i les desigualtats que generen, per valorar com afecten la vida de les persones i fer propostes d&#8217;actuaci\u00f3<\/td>\n<\/tr>\n<tr>\n<td bgcolor=\"#f3f3f3\" width=\"19%\">DIM19S-SOC<\/td>\n<td bgcolor=\"#f3f3f3\" width=\"16%\">CO2S-SOC<\/td>\n<td bgcolor=\"#f3f3f3\" width=\"65%\">Aplicar els procediments de la recerca hist\u00f2rica a partir de la formulaci\u00f3 de preguntes i l&#8217;an\u00e0lisi de fonts, per interpretar el passat<\/td>\n<\/tr>\n<tr>\n<td bgcolor=\"#e9e9e9\" width=\"19%\">DIM19S-SOC<\/td>\n<td bgcolor=\"#e9e9e9\" width=\"16%\">CO3S-SOC<\/td>\n<td bgcolor=\"#e9e9e9\" width=\"65%\">Interpretar que el present \u00e9s producte del passat, per comprendre que el futur \u00e9s fruit de les decisions i accions actuals<\/td>\n<\/tr>\n<tr>\n<td bgcolor=\"#f3f3f3\" width=\"19%\">DIM19S-SOC<\/td>\n<td bgcolor=\"#f3f3f3\" width=\"16%\">CO4S-SOC<\/td>\n<td bgcolor=\"#f3f3f3\" width=\"65%\">Identificar i valorar la identitat individual i col\u00b7lectiva per comprendre la seva intervenci\u00f3 en la construcci\u00f3 de subjectes hist\u00f2rics<\/td>\n<\/tr>\n<tr>\n<td bgcolor=\"#e9e9e9\" width=\"19%\">DIM19S-SOC<\/td>\n<td bgcolor=\"#e9e9e9\" width=\"16%\">CO1S-SOC<\/td>\n<td bgcolor=\"#e9e9e9\" width=\"65%\">Analitzar els canvis i les continu\u00eftats dels fets o fen\u00f2mens hist\u00f2rics per comprendre&#8217;n la causalitat hist\u00f2rica<\/td>\n<\/tr>\n<\/tbody>\n<\/table>\n<p style=\"text-align: justify;\"><strong>Observacions:<\/strong> L&#8217;entrada al monestir t\u00e9 un cost addicional de 3.5\u20ac (a partir de 12 anys). \u00c9s possible realitzar l\u2019activitat sense la visita al monestir.<\/p>\n<p style=\"text-align: left;\">Mapa del recorregut (amb algunes possibles variacions)<\/p>\n<p style=\"text-align: left;\"><a href=\"https:\/\/ca.wikiloc.com\/wikiloc\/spatialArtifacts.do?event=setCurrentSpatialArtifact&amp;id=22396885\" target=\"_blank\" rel=\"noopener noreferrer\">Itinerari com<\/a><a href=\"https:\/\/ca.wikiloc.com\/wikiloc\/spatialArtifacts.do?event=setCurrentSpatialArtifact&amp;id=22396885\" target=\"_blank\" rel=\"noopener noreferrer\">plet Sant Miquel de Cuix\u00e0<\/a><\/p>\n<p style=\"text-align: left;\"><a href=\"http:\/\/serveiseducatius.xtec.cat\/edadelcanigo\/wp-content\/uploads\/usu1374\/2018\/09\/mapa-it-st-miquel.png\"><img loading=\"lazy\" decoding=\"async\" class=\"alignnone size-full wp-image-9016\" src=\"http:\/\/serveiseducatius.xtec.cat\/edadelcanigo\/wp-content\/uploads\/usu1374\/2018\/09\/mapa-it-st-miquel.png\" alt=\"\" width=\"269\" height=\"334\" srcset=\"https:\/\/serveiseducatius.xtec.cat\/edadelcanigo\/wp-content\/uploads\/usu1374\/2018\/09\/mapa-it-st-miquel.png 269w, https:\/\/serveiseducatius.xtec.cat\/edadelcanigo\/wp-content\/uploads\/usu1374\/2018\/09\/mapa-it-st-miquel-242x300.png 242w\" sizes=\"auto, (max-width: 269px) 100vw, 269px\" \/><\/a><\/p>\n<p style=\"text-align: left;\">\n","protected":false},"excerpt":{"rendered":"<p><a href=\"http:\/\/serveiseducatius.xtec.cat\/edadelcanigo\/wp-content\/uploads\/usu1374\/2018\/05\/DSC09541.jpg\"><\/a>Nom activitat: Itinerari a Sant Miquel de Cuix\u00e0<br \/>\n\u00c0mbit Curricular: Ci\u00e8ncies Socials, Ci\u00e8ncies de la Naturalesa<br \/>\nNivell: Cicle Superior de prim\u00e0ria, ESO (Activitat adaptable).  Durada: Tot el dia.<br \/>\nEstacionalitat: Tot l\u2019any.<br \/>\nDescripci\u00f3:\u00a0l&#8217;itinerari a Sant Miquel de Cuix\u00e0 \u00e9s una ruta circular\u00a0 (8 km aprox., nivell baix) a&hellip;  <a href=\"https:\/\/serveiseducatius.xtec.cat\/edadelcanigo\/el-camp\/ambits\/itinerari-a-sant-miquel-de-cuixa\/\" title=\"Read Itinerari a Sant Miquel de Cuix\u00e0\">Llegeix m\u00e9s\u00bb<\/a><\/p>\n","protected":false},"author":4,"featured_media":0,"parent":8235,"menu_order":0,"comment_status":"closed","ping_status":"closed","template":"page-templates\/side-menu.php","meta":{"_bbp_topic_count":0,"_bbp_reply_count":0,"_bbp_total_topic_count":0,"_bbp_total_reply_count":0,"_bbp_voice_count":0,"_bbp_anonymous_reply_count":0,"_bbp_topic_count_hidden":0,"_bbp_reply_count_hidden":0,"_bbp_forum_subforum_count":0,"footnotes":""},"class_list":["post-8902","page","type-page","status-publish","hentry"],"post_mailing_queue_ids":[],"_links":{"self":[{"href":"https:\/\/serveiseducatius.xtec.cat\/edadelcanigo\/wp-json\/wp\/v2\/pages\/8902","targetHints":{"allow":["GET"]}}],"collection":[{"href":"https:\/\/serveiseducatius.xtec.cat\/edadelcanigo\/wp-json\/wp\/v2\/pages"}],"about":[{"href":"https:\/\/serveiseducatius.xtec.cat\/edadelcanigo\/wp-json\/wp\/v2\/types\/page"}],"author":[{"embeddable":true,"href":"https:\/\/serveiseducatius.xtec.cat\/edadelcanigo\/wp-json\/wp\/v2\/users\/4"}],"replies":[{"embeddable":true,"href":"https:\/\/serveiseducatius.xtec.cat\/edadelcanigo\/wp-json\/wp\/v2\/comments?post=8902"}],"version-history":[{"count":3,"href":"https:\/\/serveiseducatius.xtec.cat\/edadelcanigo\/wp-json\/wp\/v2\/pages\/8902\/revisions"}],"predecessor-version":[{"id":9017,"href":"https:\/\/serveiseducatius.xtec.cat\/edadelcanigo\/wp-json\/wp\/v2\/pages\/8902\/revisions\/9017"}],"up":[{"embeddable":true,"href":"https:\/\/serveiseducatius.xtec.cat\/edadelcanigo\/wp-json\/wp\/v2\/pages\/8235"}],"wp:attachment":[{"href":"https:\/\/serveiseducatius.xtec.cat\/edadelcanigo\/wp-json\/wp\/v2\/media?parent=8902"}],"curies":[{"name":"wp","href":"https:\/\/api.w.org\/{rel}","templated":true}]}}