{"id":8870,"date":"2018-04-28T23:38:20","date_gmt":"2018-04-28T21:38:20","guid":{"rendered":"http:\/\/serveiseducatius.xtec.cat\/edadelcanigo\/?page_id=8870"},"modified":"2025-09-01T10:43:58","modified_gmt":"2025-09-01T08:43:58","slug":"quotes","status":"publish","type":"page","link":"https:\/\/serveiseducatius.xtec.cat\/edadelcanigo\/modalitats\/amb-els-centres\/quotes\/","title":{"rendered":"Quotes"},"content":{"rendered":"<p><b>-Quotes EdA del Canig\u00f3:<\/b><\/p>\n<p>Quota d\u2019ensenyament &#8211; aprenentatge: <strong>3 \u20ac<\/strong> \/ dia \/ alumne (<a href=\"http:\/\/dogc.gencat.cat\/ca\/pdogc_canals_interns\/pdogc_resultats_fitxa\/?action=fitxa&amp;documentId=743883&amp;language=ca_ES\">ORDRE ENS\/163\/2016<\/a>).<\/p>\n<p>Al ser Entorn d\u2019aprenentatge respectem les quotes marcades pel Departament d&#8217;Educaci\u00f3, per\u00f2 per ara no podem aplicar reduccions.<\/p>\n<p><b>-Quotes extres entrades (2025-2026) <\/b><\/p>\n<ul>\n<li>Monestir de Sant Mart\u00ed del Canig\u00f3: <strong>3<\/strong><strong>,50 \u20ac<\/strong><\/li>\n<li>Monestir de Sant Miquel de Cuix\u00e0: <strong>3, 50 \u20ac<\/strong> \u00a0(menys de 11 anys, entrada gratu\u00efta pels alumnes, 6\u20ac pels professors)<\/li>\n<li>Fort Liberia: <strong>4,50 \u20ac<\/strong><\/li>\n<li>Cova de les grans Canaletes:<strong> 5,00 \u20ac<\/strong><\/li>\n<li>Les Orgues d\u2019Illa: <strong>3.50 \u20ac<\/strong> (menys de 14 anys),<strong> 4,00\u20ac<\/strong> (m\u00e9s de 14 anys)<\/li>\n<li>Maternitat d\u2019Elna: <strong>3,00\u20ac<\/strong><\/li>\n<li>Memorial de Ribesaltes: <strong>4<\/strong><strong>\u20ac<\/strong> \/ alumne (L&#8217;EdA gestiona el cost de les entrades del memorial. Aquestes s&#8217;abonaran a la factura global de l&#8217;estada)<\/li>\n<li>Memorial Argelers: <strong>1\u20ac<\/strong><\/li>\n<\/ul>\n<p><b>El cost de les entrades s\u2019efectuar\u00e0 quan es visiti l\u2019espai en q\u00fcesti\u00f3 (pagament en efectiu i\/o targeta de cr\u00e8dit)<\/b><\/p>\n<p><b>-Quotes 2025-2026 Alberg Pau Casals Canig\u00f3: <\/b><\/p>\n<table>\n<tbody>\n<tr>\n<td>Alumnes pensi\u00f3 completa (sopar, dormir, esmorzar, dinar)<\/td>\n<td><strong>37,60 \u20ac<\/strong><\/td>\n<\/tr>\n<tr>\n<td>Alumnes mitja pensi\u00f3 (sopar, dormir, esmorzar)<\/td>\n<td><strong>28,60 \u20ac<\/strong><\/td>\n<\/tr>\n<tr>\n<td>\u00c0pat suplementari alumnes<\/td>\n<td><strong>12,50 \u20ac<\/strong><\/td>\n<\/tr>\n<tr>\n<td>Mestres, professors i universitaris pensi\u00f3 completa (sopar, dormir, esmorzar, dinar)<\/td>\n<td><strong>44,50 \u20ac<\/strong><\/td>\n<\/tr>\n<tr>\n<td>Mestres, professors i universitaris mitja pensi\u00f3 (sopar, dormir, esmorzar)<\/td>\n<td><strong>35,30 \u20ac<\/strong><\/td>\n<\/tr>\n<tr>\n<td>\u00c0pat suplementari mestres, professors, universitaris<\/td>\n<td><strong>13,50 \u20ac<\/strong><\/td>\n<\/tr>\n<tr>\n<td>Berenar<\/td>\n<td><strong>2\u20ac<\/strong><\/td>\n<\/tr>\n<\/tbody>\n<\/table>\n<p><b>Activitats complement\u00e0ries (activitats que proposa l\u2019alberg fora horari lectiu de l\u2019EdA): <\/b><\/p>\n<table style=\"width: 96.4747%; height: 207px;\">\n<tbody>\n<tr style=\"height: 96px;\">\n<td style=\"width: 65.4887%; height: 96px;\">Taller de can\u00e7ons i danses populars amb l\u2019animador Ramon Gual i Batlle (nit)<\/td>\n<td style=\"width: 33.985%; height: 96px;\"><strong>5\u20ac \/ alumne<\/strong><\/p>\n<p>(Per sota de 30 alumnes a consultar)<\/td>\n<\/tr>\n<tr style=\"height: 32px;\">\n<td style=\"width: 65.4887%; height: 32px;\">Taller de rugbi (tarda)<\/td>\n<td style=\"width: 33.985%; height: 32px;\"><strong>4\u20ac\/ alumne <\/strong><\/td>\n<\/tr>\n<tr style=\"height: 32px;\">\n<td style=\"width: 65.4887%; height: 32px;\">Discoteca (nit)<\/td>\n<td style=\"width: 33.985%; height: 32px;\"><strong>3,5\u20ac \/ alumne<\/strong><\/td>\n<\/tr>\n<tr style=\"height: 47px;\">\n<td style=\"width: 65.4887%; height: 47px;\">\u00a0Cinema. <em>Josep\u00a0<\/em>de l&#8217;Aurel Klimt (pel\u00b7l\u00edcula sobre la vida de l&#8217;artista catal\u00e0 Josep Bartol\u00ed, que visqu\u00e9 l&#8217;exili)<\/td>\n<td style=\"width: 33.985%; height: 47px;\">Gratu\u00eft<\/td>\n<\/tr>\n<\/tbody>\n<\/table>\n<p>&nbsp;<\/p>\n","protected":false},"excerpt":{"rendered":"<p>-Quotes EdA del Canig\u00f3:<br \/>\nQuota d\u2019ensenyament &#8211; aprenentatge: 3 \u20ac \/ dia \/ alumne (<a href=\"http:\/\/dogc.gencat.cat\/ca\/pdogc_canals_interns\/pdogc_resultats_fitxa\/?action=fitxa&amp;documentId=743883&amp;language=ca_ES\">ORDRE ENS\/163\/2016<\/a>).<br \/>\nAl ser Entorn d\u2019aprenentatge respectem les quotes marcades pel Departament d&#8217;Educaci\u00f3, per\u00f2 per ara no podem aplicar reduccions.<br \/>\n-Quotes extres entrades (2025-2026) <\/p>\n<ul>\n<li>Monestir de Sant Mart\u00ed del Canig\u00f3: 3,50 \u20ac<\/li>\n<li>Monestir de&hellip;  <a href=\"https:\/\/serveiseducatius.xtec.cat\/edadelcanigo\/modalitats\/amb-els-centres\/quotes\/\" title=\"Read Quotes\">Llegeix m\u00e9s\u00bb<\/a><br \/>\n","protected":false},"author":4,"featured_media":0,"parent":8272,"menu_order":0,"comment_status":"closed","ping_status":"closed","template":"page-templates\/side-menu.php","meta":{"_bbp_topic_count":0,"_bbp_reply_count":0,"_bbp_total_topic_count":0,"_bbp_total_reply_count":0,"_bbp_voice_count":0,"_bbp_anonymous_reply_count":0,"_bbp_topic_count_hidden":0,"_bbp_reply_count_hidden":0,"_bbp_forum_subforum_count":0,"footnotes":""},"class_list":["post-8870","page","type-page","status-publish","hentry"],"post_mailing_queue_ids":[],"_links":{"self":[{"href":"https:\/\/serveiseducatius.xtec.cat\/edadelcanigo\/wp-json\/wp\/v2\/pages\/8870","targetHints":{"allow":["GET"]}}],"collection":[{"href":"https:\/\/serveiseducatius.xtec.cat\/edadelcanigo\/wp-json\/wp\/v2\/pages"}],"about":[{"href":"https:\/\/serveiseducatius.xtec.cat\/edadelcanigo\/wp-json\/wp\/v2\/types\/page"}],"author":[{"embeddable":true,"href":"https:\/\/serveiseducatius.xtec.cat\/edadelcanigo\/wp-json\/wp\/v2\/users\/4"}],"replies":[{"embeddable":true,"href":"https:\/\/serveiseducatius.xtec.cat\/edadelcanigo\/wp-json\/wp\/v2\/comments?post=8870"}],"version-history":[{"count":7,"href":"https:\/\/serveiseducatius.xtec.cat\/edadelcanigo\/wp-json\/wp\/v2\/pages\/8870\/revisions"}],"predecessor-version":[{"id":9598,"href":"https:\/\/serveiseducatius.xtec.cat\/edadelcanigo\/wp-json\/wp\/v2\/pages\/8870\/revisions\/9598"}],"up":[{"embeddable":true,"href":"https:\/\/serveiseducatius.xtec.cat\/edadelcanigo\/wp-json\/wp\/v2\/pages\/8272"}],"wp:attachment":[{"href":"https:\/\/serveiseducatius.xtec.cat\/edadelcanigo\/wp-json\/wp\/v2\/media?parent=8870"}],"curies":[{"name":"wp","href":"https:\/\/api.w.org\/{rel}","templated":true}]}}