{"id":8831,"date":"2018-04-28T19:12:10","date_gmt":"2018-04-28T17:12:10","guid":{"rendered":"http:\/\/serveiseducatius.xtec.cat\/edadelcanigo\/?page_id=8831"},"modified":"2024-04-18T11:18:50","modified_gmt":"2024-04-18T09:18:50","slug":"el-bressol-de-catalunya","status":"publish","type":"page","link":"https:\/\/serveiseducatius.xtec.cat\/edadelcanigo\/el-camp\/presentacio\/el-bressol-de-catalunya\/","title":{"rendered":"El bressol de Catalunya"},"content":{"rendered":"<h1><\/h1>\n<h5><span style=\"color: #000000;\">\u00c9s ben sabut que Ripoll \u00e9s coneguda com el bressol de Catalunya. Aquesta denominaci\u00f3 la disputa amistosament amb la comarca del Conflent. Sigui l\u2019una o l\u2019altra, el que \u00e9s indiscutible\u00a0 \u00e9s que en aquestes valls de cada vessant del Pirineu hi sorgiren uns comtats que, junts, amb els seus castells i monestirs dirigits per homes coratjosos, van comen\u00e7ar a escriure una hist\u00f2ria mil\u00b7len\u00e0ria. Una hist\u00f2ria que encara perdura.<\/span><\/h5>\n<h5><\/h5>\n<h1>Activitats:<\/h1>\n<p>Com a tot origen, la hist\u00f2ria s\u2019alimenta de llegendes i aquestes s\u2019inspiren amb la hist\u00f2ria. Treballar sobre aquest binomi i con\u00e8ixer els espais on es forjaren els comtats catalans, fa al voltant de 1000 anys, \u00e9s l\u2019objectiu d\u2019aquest eix tem\u00e0tic, centrat en el per\u00edode hist\u00f2ric de l\u2019Edat Mitjana.<\/p>\n<p><a href=\"http:\/\/serveiseducatius.xtec.cat\/edadelcanigo\/el-camp\/presentacio\/el-bressol-de-catalunya\/itinerari-al-castell-de-ria\/\" target=\"_blank\" rel=\"noopener noreferrer\">Itinerari al Castell de Ri\u00e0<\/a><\/p>\n<p><a title=\"Itinerari a Sant Mart\u00ed del Canig\u00f3\" href=\"http:\/\/serveiseducatius.xtec.cat\/edadelcanigo\/el-camp\/presentacio\/el-bressol-de-catalunya\/itinerari-a-sant-marti-del-canigo\/\" target=\"_blank\" rel=\"noopener noreferrer\">Itinerari a Sant Mart\u00ed del Canig\u00f3<\/a><\/p>\n<p><a title=\"Itinerari a Sant Miquel de Cuix\u00e0\" href=\"http:\/\/serveiseducatius.xtec.cat\/edadelcanigo\/ambits\/itinerari-a-sant-miquel-de-cuixa\/\" target=\"_blank\" rel=\"noopener noreferrer\">Itinerari a Sant Miquel de Cuix\u00e0<\/a><\/p>\n<p><strong>Altres activitats amb qu\u00e8 es poden complementar:<\/strong><\/p>\n<p><a href=\"https:\/\/serveiseducatius.xtec.cat\/edadelcanigo\/el-camp\/presentacio\/el-bressol-de-catalunya\/situacio-daprenentatge-saps-com-mesuraven-a-ledat-mitjana\/\" target=\"_blank\" rel=\"noopener\">Situaci\u00f3 d&#8217;Aprenentatge: Saps com mesuraven a l&#8217;Edat Mitjana?<\/a><\/p>\n<p><a href=\"http:\/\/serveiseducatius.xtec.cat\/edadelcanigo\/el-camp\/presentacio\/el-bressol-de-catalunya\/taller-de-societat-medieval-2\/\" target=\"_blank\" rel=\"noopener\">Taller de societat medieval<\/a><\/p>\n<p><a href=\"https:\/\/serveiseducatius.xtec.cat\/edadelcanigo\/?page_id=8955&amp;preview=true\" target=\"_blank\" rel=\"noopener noreferrer\">Palau dels Reis de Mallorca<\/a><\/p>\n<p><a href=\"http:\/\/blocs.xtec.cat\/edacanigo\/vilafranca-del-conflent-vila-fortificada\/\" target=\"_blank\" rel=\"noopener noreferrer\">Vilafranca de Conflent\u00a0 \u2013 Fort Liberia<\/a><\/p>\n<p>&nbsp;<\/p>\n<figure class=\"figure wp-caption aligncenter\"><a href=\"http:\/\/serveiseducatius.xtec.cat\/edadelcanigo\/wp-content\/uploads\/usu1374\/2018\/04\/DSC05550.redimensionada.jpg\"><img loading=\"lazy\" decoding=\"async\" class=\"wp-image-8832\" src=\"http:\/\/serveiseducatius.xtec.cat\/edadelcanigo\/wp-content\/uploads\/usu1374\/2018\/04\/DSC05550.redimensionada.jpg\" alt=\"\" width=\"600\" height=\"400\" srcset=\"https:\/\/serveiseducatius.xtec.cat\/edadelcanigo\/wp-content\/uploads\/usu1374\/2018\/04\/DSC05550.redimensionada.jpg 800w, https:\/\/serveiseducatius.xtec.cat\/edadelcanigo\/wp-content\/uploads\/usu1374\/2018\/04\/DSC05550.redimensionada-300x200.jpg 300w, https:\/\/serveiseducatius.xtec.cat\/edadelcanigo\/wp-content\/uploads\/usu1374\/2018\/04\/DSC05550.redimensionada-768x512.jpg 768w\" sizes=\"auto, (max-width: 600px) 100vw, 600px\" \/><\/a><figcaption class=\"wp-caption-text\">Canig\u00f3. Castell de Ri\u00e0. Catalunya Nord.<\/figcaption><\/figure>\n","protected":false},"excerpt":{"rendered":"<p>\u00c9s ben sabut que Ripoll \u00e9s coneguda com el bressol de Catalunya. Aquesta denominaci\u00f3 la disputa amistosament amb la comarca del Conflent. Sigui l\u2019una o l\u2019altra, el que \u00e9s indiscutible\u00a0 \u00e9s que en aquestes valls de cada vessant del Pirineu hi sorgiren uns comtats que,&hellip;  <a href=\"https:\/\/serveiseducatius.xtec.cat\/edadelcanigo\/el-camp\/presentacio\/el-bressol-de-catalunya\/\" title=\"Read El bressol de Catalunya\">Llegeix m\u00e9s\u00bb<\/a><\/p>\n","protected":false},"author":4,"featured_media":0,"parent":54,"menu_order":0,"comment_status":"closed","ping_status":"closed","template":"page-templates\/side-menu.php","meta":{"_bbp_topic_count":0,"_bbp_reply_count":0,"_bbp_total_topic_count":0,"_bbp_total_reply_count":0,"_bbp_voice_count":0,"_bbp_anonymous_reply_count":0,"_bbp_topic_count_hidden":0,"_bbp_reply_count_hidden":0,"_bbp_forum_subforum_count":0,"footnotes":""},"class_list":["post-8831","page","type-page","status-publish","hentry"],"post_mailing_queue_ids":[],"_links":{"self":[{"href":"https:\/\/serveiseducatius.xtec.cat\/edadelcanigo\/wp-json\/wp\/v2\/pages\/8831","targetHints":{"allow":["GET"]}}],"collection":[{"href":"https:\/\/serveiseducatius.xtec.cat\/edadelcanigo\/wp-json\/wp\/v2\/pages"}],"about":[{"href":"https:\/\/serveiseducatius.xtec.cat\/edadelcanigo\/wp-json\/wp\/v2\/types\/page"}],"author":[{"embeddable":true,"href":"https:\/\/serveiseducatius.xtec.cat\/edadelcanigo\/wp-json\/wp\/v2\/users\/4"}],"replies":[{"embeddable":true,"href":"https:\/\/serveiseducatius.xtec.cat\/edadelcanigo\/wp-json\/wp\/v2\/comments?post=8831"}],"version-history":[{"count":5,"href":"https:\/\/serveiseducatius.xtec.cat\/edadelcanigo\/wp-json\/wp\/v2\/pages\/8831\/revisions"}],"predecessor-version":[{"id":9526,"href":"https:\/\/serveiseducatius.xtec.cat\/edadelcanigo\/wp-json\/wp\/v2\/pages\/8831\/revisions\/9526"}],"up":[{"embeddable":true,"href":"https:\/\/serveiseducatius.xtec.cat\/edadelcanigo\/wp-json\/wp\/v2\/pages\/54"}],"wp:attachment":[{"href":"https:\/\/serveiseducatius.xtec.cat\/edadelcanigo\/wp-json\/wp\/v2\/media?parent=8831"}],"curies":[{"name":"wp","href":"https:\/\/api.w.org\/{rel}","templated":true}]}}