{"id":8680,"date":"2013-11-15T13:32:09","date_gmt":"2013-11-15T12:32:09","guid":{"rendered":"http:\/\/blocs.xtec.cat\/plantillacda\/?page_id=165"},"modified":"2021-03-09T11:33:37","modified_gmt":"2021-03-09T10:33:37","slug":"exili","status":"publish","type":"page","link":"https:\/\/serveiseducatius.xtec.cat\/edadelcanigo\/el-camp\/ambits\/exili\/","title":{"rendered":"Exili i resist\u00e8ncia"},"content":{"rendered":"<header class=\"entry-header\">\n<h1 class=\"entry-title\"><a href=\"http:\/\/serveiseducatius.xtec.cat\/edadelcanigo\/wp-content\/uploads\/usu1374\/2013\/11\/DSC07288.redimensionada.jpg\"><img loading=\"lazy\" decoding=\"async\" class=\"wp-image-8973 alignleft\" src=\"http:\/\/serveiseducatius.xtec.cat\/edadelcanigo\/wp-content\/uploads\/usu1374\/2013\/11\/DSC07288.redimensionada.jpg\" alt=\"\" width=\"453\" height=\"232\" srcset=\"https:\/\/serveiseducatius.xtec.cat\/edadelcanigo\/wp-content\/uploads\/usu1374\/2013\/11\/DSC07288.redimensionada.jpg 453w, https:\/\/serveiseducatius.xtec.cat\/edadelcanigo\/wp-content\/uploads\/usu1374\/2013\/11\/DSC07288.redimensionada-300x154.jpg 300w\" sizes=\"auto, (max-width: 453px) 100vw, 453px\" \/><\/a><\/h1>\n<\/header>\n<div class=\"entry-content\">\n<p><strong>Els passos fronterers s\u00f3n espais de contrastos. Per uns, pot ser la l\u00ednia que separa l\u2019esperan\u00e7a de l\u2019horror, per d\u2019altres, l\u00ednies que marquen la llibertat o l\u2019inici d\u2019un nou captiveri.\u00a0 L\u00ednies creades artificialment en qu\u00e8 l\u2019absurditat de la ra\u00e7a humana arriba a cotes d\u2019all\u00f2 m\u00e9s miserables.<\/strong><\/p>\n<p><strong> La Catalunya Nord, territori fronterer al llarg de la hist\u00f2ria, fou un territori d\u2019arribada de milers de catalans i espanyols republicans fugint del feixisme. Tots ells iniciaven,\u00a0en arribar a aquestes contrades, l\u2019exili, un exili que per si mateix, per definici\u00f3, comportava resist\u00e8ncia.<br \/>\n<\/strong><\/p>\n<p><strong>Exili i resist\u00e8ncia conforma un conjunt d\u2019activitats per tal de treballar els grans conflictes del segle XX i les seves conseq\u00fc\u00e8ncies, trepitjant espais de mem\u00f2ria que ens han d\u2019ajudar a no oblidar i a analitzar situacions actuals on es reflecteixen encara aquests fets passats. <\/strong><\/p>\n<p><strong>Activitats:<\/strong><\/p>\n<p><a href=\"http:\/\/serveiseducatius.xtec.cat\/edadelcanigo\/ambits\/exili\/itinerari-de-lexili\/\" target=\"_blank\" rel=\"noopener noreferrer\">Itinerari de l\u2019exili<\/a><\/p>\n<p><a href=\"http:\/\/serveiseducatius.xtec.cat\/edadelcanigo\/ambits\/exili\/camps-de-refugiats-platja-dargelers\/\" target=\"_blank\" rel=\"noopener noreferrer\">Platja d\u2019Argelers<\/a><\/p>\n<p><a href=\"http:\/\/serveiseducatius.xtec.cat\/edadelcanigo\/exili\/castell-reial-de-cotlliure\/\" target=\"_blank\" rel=\"noopener noreferrer\">Cotlliure<\/a><\/p>\n<p><a href=\"http:\/\/serveiseducatius.xtec.cat\/edadelcanigo\/ambits\/exili\/descoberta-de-prada\/\" target=\"_blank\" rel=\"noopener noreferrer\">Descoberta de Prada<\/a><\/p>\n<p><a href=\"http:\/\/serveiseducatius.xtec.cat\/edadelcanigo\/ambits\/exili\/museu-memorial-ribesaltes\/\" target=\"_blank\" rel=\"noopener noreferrer\">Memorial Ribesaltes<\/a><\/p>\n<p><a href=\"http:\/\/serveiseducatius.xtec.cat\/edadelcanigo\/ambits\/exili\/visita-a-la-maternitat-delna\/\" target=\"_blank\" rel=\"noopener noreferrer\">Maternitat d\u2019Elna<\/a><\/p>\n<p><a href=\"http:\/\/serveiseducatius.xtec.cat\/edadelcanigo\/ambits\/exili\/cartes-des-de-prada\/\" target=\"_blank\" rel=\"noopener noreferrer\">Cartes des de Prada<\/a><\/p>\n<p>Memorial d&#8217;Argelers<\/p>\n<p>MUME<\/p>\n<\/div>\n<p><code><div class=\"h5p-iframe-wrapper\"><iframe id=\"h5p-iframe-9\" class=\"h5p-iframe\" data-content-id=\"9\" style=\"height:1px\" src=\"about:blank\" frameBorder=\"0\" scrolling=\"no\" title=\"Refugiats\"><\/iframe><\/div><\/code><\/p>\n","protected":false},"excerpt":{"rendered":"<p><a href=\"http:\/\/serveiseducatius.xtec.cat\/edadelcanigo\/wp-content\/uploads\/usu1374\/2013\/11\/DSC07288.redimensionada.jpg\"><\/a><\/p>\n<p>Els passos fronterers s\u00f3n espais de contrastos. Per uns, pot ser la l\u00ednia que separa l\u2019esperan\u00e7a de l\u2019horror, per d\u2019altres, l\u00ednies que marquen la llibertat o l\u2019inici d\u2019un nou captiveri.\u00a0 L\u00ednies creades artificialment en qu\u00e8 l\u2019absurditat de la ra\u00e7a humana arriba a cotes d\u2019all\u00f2&hellip;  <a href=\"https:\/\/serveiseducatius.xtec.cat\/edadelcanigo\/el-camp\/ambits\/exili\/\" title=\"Read Exili i resist\u00e8ncia\">Llegeix m\u00e9s\u00bb<\/a><\/p>\n","protected":false},"author":4,"featured_media":0,"parent":8235,"menu_order":0,"comment_status":"closed","ping_status":"closed","template":"page-templates\/side-menu.php","meta":{"_bbp_topic_count":0,"_bbp_reply_count":0,"_bbp_total_topic_count":0,"_bbp_total_reply_count":0,"_bbp_voice_count":0,"_bbp_anonymous_reply_count":0,"_bbp_topic_count_hidden":0,"_bbp_reply_count_hidden":0,"_bbp_forum_subforum_count":0,"footnotes":""},"class_list":["post-8680","page","type-page","status-publish","hentry"],"post_mailing_queue_ids":[],"_links":{"self":[{"href":"https:\/\/serveiseducatius.xtec.cat\/edadelcanigo\/wp-json\/wp\/v2\/pages\/8680","targetHints":{"allow":["GET"]}}],"collection":[{"href":"https:\/\/serveiseducatius.xtec.cat\/edadelcanigo\/wp-json\/wp\/v2\/pages"}],"about":[{"href":"https:\/\/serveiseducatius.xtec.cat\/edadelcanigo\/wp-json\/wp\/v2\/types\/page"}],"author":[{"embeddable":true,"href":"https:\/\/serveiseducatius.xtec.cat\/edadelcanigo\/wp-json\/wp\/v2\/users\/4"}],"replies":[{"embeddable":true,"href":"https:\/\/serveiseducatius.xtec.cat\/edadelcanigo\/wp-json\/wp\/v2\/comments?post=8680"}],"version-history":[{"count":3,"href":"https:\/\/serveiseducatius.xtec.cat\/edadelcanigo\/wp-json\/wp\/v2\/pages\/8680\/revisions"}],"predecessor-version":[{"id":9420,"href":"https:\/\/serveiseducatius.xtec.cat\/edadelcanigo\/wp-json\/wp\/v2\/pages\/8680\/revisions\/9420"}],"up":[{"embeddable":true,"href":"https:\/\/serveiseducatius.xtec.cat\/edadelcanigo\/wp-json\/wp\/v2\/pages\/8235"}],"wp:attachment":[{"href":"https:\/\/serveiseducatius.xtec.cat\/edadelcanigo\/wp-json\/wp\/v2\/media?parent=8680"}],"curies":[{"name":"wp","href":"https:\/\/api.w.org\/{rel}","templated":true}]}}