{"id":864,"date":"2015-05-04T12:42:47","date_gmt":"2015-05-04T10:42:47","guid":{"rendered":"http:\/\/blocs.xtec.cat\/edacanigo\/?page_id=864"},"modified":"2021-02-01T16:51:04","modified_gmt":"2021-02-01T15:51:04","slug":"itinerari-a-sant-marti-del-canigo","status":"publish","type":"page","link":"https:\/\/serveiseducatius.xtec.cat\/edadelcanigo\/el-camp\/ambits\/itinerari-a-sant-marti-del-canigo\/","title":{"rendered":"Itinerari a Sant Mart\u00ed del Canig\u00f3"},"content":{"rendered":"<p><a href=\"http:\/\/serveiseducatius.xtec.cat\/edadelcanigo\/wp-content\/uploads\/usu1374\/2015\/05\/DSC08783.jpg\"><img loading=\"lazy\" decoding=\"async\" class=\"wp-image-8891 alignleft\" src=\"http:\/\/serveiseducatius.xtec.cat\/edadelcanigo\/wp-content\/uploads\/usu1374\/2015\/05\/DSC08783.jpg\" alt=\"\" width=\"375\" height=\"417\" srcset=\"https:\/\/serveiseducatius.xtec.cat\/edadelcanigo\/wp-content\/uploads\/usu1374\/2015\/05\/DSC08783.jpg 682w, https:\/\/serveiseducatius.xtec.cat\/edadelcanigo\/wp-content\/uploads\/usu1374\/2015\/05\/DSC08783-270x300.jpg 270w\" sizes=\"auto, (max-width: 375px) 100vw, 375px\" \/><\/a><strong>\u00c0mbit Curricular:<\/strong> Ci\u00e8ncies Socials, Ci\u00e8ncies de la Naturalesa, Biologia i Geologia, Ci\u00e8ncies de la Terra i del Medi Ambient.<\/p>\n<p style=\"text-align: justify;\"><strong>Nivell:<\/strong> Cicle Superior de prim\u00e0ria, ESO i Batxillerat.<\/p>\n<p style=\"text-align: justify;\"><strong>Durada:<\/strong> Tot el dia.<\/p>\n<p>(Activitat adaptable)<\/p>\n<p><strong>Estacionalitat:<\/strong> \u00a0Tot l\u2019any.<\/p>\n<p style=\"text-align: justify;\"><strong>Descripci\u00f3:<\/strong> Itinerari de pujada i baixada al Monestir de Sant Mart\u00ed del Canig\u00f3 que permet treballar interdisciplinarietat.\u00a0 Al llarg del recorregut es posar\u00e0 \u00e8mfasi\u00a0 en la descoberta i identificaci\u00f3 d&#8217;elements naturals, geol\u00f2gics i paisatg\u00edstics. A Sant Mart\u00ed del Canig\u00f3 ens centrarem en aspectes hist\u00f2rics i culturals, visitant el monestir i el seu entorn tot impregnant-nos de la seva pau i tranquil\u00b7litat. La sortida i arribada \u00e9s des del petit poble de Castell. Tot el recorregut \u00e9s per una pista.<\/p>\n<p style=\"text-align: justify;\"><strong>Compet\u00e8ncies:<\/strong><\/p>\n<table width=\"100%\" cellspacing=\"0\" cellpadding=\"3\">\n<colgroup>\n<col width=\"48*\" \/>\n<col width=\"51*\" \/>\n<col width=\"157*\" \/> <\/colgroup>\n<tbody>\n<tr>\n<td bgcolor=\"#f3f3f3\" width=\"19%\">DIM15P-MED<\/td>\n<td bgcolor=\"#f3f3f3\" width=\"20%\">CO02P-MED<\/td>\n<td bgcolor=\"#f3f3f3\" width=\"61%\">Interpretar el present a partir de l&#8217;an\u00e0lisi dels canvis i continu\u00eftats al llarg del temps, per comprendre la societat en qu\u00e8 vivim<\/td>\n<\/tr>\n<tr>\n<td bgcolor=\"#e9e9e9\" width=\"19%\">DIM27P-VAL<\/td>\n<td bgcolor=\"#e9e9e9\" width=\"20%\">CO04P-VAL<\/td>\n<td bgcolor=\"#e9e9e9\" width=\"61%\">Mostrar actituds de respecte actiu envers les persones, les seves idees, opcions, creences i les cultures que les conformen<\/td>\n<\/tr>\n<tr>\n<td bgcolor=\"#f3f3f3\" width=\"19%\">DIM15S-CIE-TEC<\/td>\n<td bgcolor=\"#f3f3f3\" width=\"20%\">CO1S-CIE-TEC<\/td>\n<td bgcolor=\"#f3f3f3\" width=\"61%\">Identificar i caracteritzar els sistemes f\u00edsics i qu\u00edmics des de la perspectiva dels models, per comunicar i predir el comportament dels fen\u00f2mens naturals<\/td>\n<\/tr>\n<tr>\n<td bgcolor=\"#e9e9e9\" width=\"19%\">DIM15S-CIE-TEC<\/td>\n<td bgcolor=\"#e9e9e9\" width=\"20%\">CO2S-CIE-TEC<\/td>\n<td bgcolor=\"#e9e9e9\" width=\"61%\">Identificar i caracteritzar els sistemes biol\u00f2gics i geol\u00f2gics des de la perspectiva dels models, per comunicar i predir el comportament dels fen\u00f2mens naturals<\/td>\n<\/tr>\n<tr>\n<td bgcolor=\"#f3f3f3\" width=\"19%\">DIM30S-CUL-VAL<\/td>\n<td bgcolor=\"#f3f3f3\" width=\"20%\">CO3S-CUL-VAL<\/td>\n<td bgcolor=\"#f3f3f3\" width=\"61%\">Q\u00fcestionar-se i usar l&#8217;argumentaci\u00f3 per superar prejudicis i consolidar el pensament propi<\/td>\n<\/tr>\n<tr>\n<td bgcolor=\"#e9e9e9\" width=\"19%\">DIM20S-SOC<\/td>\n<td bgcolor=\"#e9e9e9\" width=\"20%\">CO7S-SOC<\/td>\n<td bgcolor=\"#e9e9e9\" width=\"61%\">Analitzar diferents models d&#8217;organitzaci\u00f3 pol\u00edtica, econ\u00f2mica i territorial, i les desigualtats que generen, per valorar com afecten la vida de les persones i fer propostes d&#8217;actuaci\u00f3<\/td>\n<\/tr>\n<tr>\n<td bgcolor=\"#f3f3f3\" width=\"19%\">DIM19S-SOC<\/td>\n<td bgcolor=\"#f3f3f3\" width=\"20%\">CO2S-SOC<\/td>\n<td bgcolor=\"#f3f3f3\" width=\"61%\">Aplicar els procediments de la recerca hist\u00f2rica a partir de la formulaci\u00f3 de preguntes i l&#8217;an\u00e0lisi de fonts, per interpretar el passat<\/td>\n<\/tr>\n<tr>\n<td bgcolor=\"#e9e9e9\" width=\"19%\">DIM19S-SOC<\/td>\n<td bgcolor=\"#e9e9e9\" width=\"20%\">CO3S-SOC<\/td>\n<td bgcolor=\"#e9e9e9\" width=\"61%\">Interpretar que el present \u00e9s producte del passat, per comprendre que el futur \u00e9s fruit de les decisions i accions actuals<\/td>\n<\/tr>\n<tr>\n<td bgcolor=\"#f3f3f3\" width=\"19%\">DIM19S-SOC<\/td>\n<td bgcolor=\"#f3f3f3\" width=\"20%\">CO4S-SOC<\/td>\n<td bgcolor=\"#f3f3f3\" width=\"61%\">Identificar i valorar la identitat individual i col\u00b7lectiva per comprendre la seva intervenci\u00f3 en la construcci\u00f3 de subjectes hist\u00f2rics<\/td>\n<\/tr>\n<\/tbody>\n<\/table>\n<p style=\"text-align: justify;\"><strong>Observacions: <\/strong>La visita al Monestir t\u00e9 un cost addicional de 3\u20ac \/ alumne.\u00a0 \u00c9s possible realitzar l&#8217;activitat sense la visita\u00a0 al monestir.<\/p>\n<p>&nbsp;<\/p>\n<p style=\"text-align: left;\">Mapa del recorregut (nom\u00e9s anada).<\/p>\n<p style=\"text-align: left;\"><a title=\"Mapa del recorregut\" href=\"https:\/\/goo.gl\/maps\/jjrLe\" target=\"_blank\" rel=\"noopener noreferrer\">https:\/\/goo.gl\/maps\/jjrLe<\/a><\/p>\n<p>&nbsp;<\/p>\n<p><code><div class=\"h5p-iframe-wrapper\"><iframe id=\"h5p-iframe-2\" class=\"h5p-iframe\" data-content-id=\"2\" style=\"height:1px\" src=\"about:blank\" frameBorder=\"0\" scrolling=\"no\" title=\"Sant Mart\u00ed del Canig\u00f3\"><\/iframe><\/div><\/code><\/p>\n","protected":false},"excerpt":{"rendered":"<p><a href=\"http:\/\/serveiseducatius.xtec.cat\/edadelcanigo\/wp-content\/uploads\/usu1374\/2015\/05\/DSC08783.jpg\"><\/a>\u00c0mbit Curricular: Ci\u00e8ncies Socials, Ci\u00e8ncies de la Naturalesa, Biologia i Geologia, Ci\u00e8ncies de la Terra i del Medi Ambient.<br \/>\nNivell: Cicle Superior de prim\u00e0ria, ESO i Batxillerat.<br \/>\nDurada: Tot el dia.<br \/>\n(Activitat adaptable)<br \/>\nEstacionalitat: \u00a0Tot l\u2019any.<br \/>\nDescripci\u00f3: Itinerari de pujada i baixada al Monestir de Sant Mart\u00ed del Canig\u00f3&hellip;  <a href=\"https:\/\/serveiseducatius.xtec.cat\/edadelcanigo\/el-camp\/ambits\/itinerari-a-sant-marti-del-canigo\/\" title=\"Read Itinerari a Sant Mart\u00ed del Canig\u00f3\">Llegeix m\u00e9s\u00bb<\/a><\/p>\n","protected":false},"author":4,"featured_media":0,"parent":8235,"menu_order":0,"comment_status":"closed","ping_status":"closed","template":"page-templates\/side-menu.php","meta":{"_bbp_topic_count":0,"_bbp_reply_count":0,"_bbp_total_topic_count":0,"_bbp_total_reply_count":0,"_bbp_voice_count":0,"_bbp_anonymous_reply_count":0,"_bbp_topic_count_hidden":0,"_bbp_reply_count_hidden":0,"_bbp_forum_subforum_count":0,"footnotes":""},"class_list":["post-864","page","type-page","status-publish","hentry"],"post_mailing_queue_ids":[],"_links":{"self":[{"href":"https:\/\/serveiseducatius.xtec.cat\/edadelcanigo\/wp-json\/wp\/v2\/pages\/864","targetHints":{"allow":["GET"]}}],"collection":[{"href":"https:\/\/serveiseducatius.xtec.cat\/edadelcanigo\/wp-json\/wp\/v2\/pages"}],"about":[{"href":"https:\/\/serveiseducatius.xtec.cat\/edadelcanigo\/wp-json\/wp\/v2\/types\/page"}],"author":[{"embeddable":true,"href":"https:\/\/serveiseducatius.xtec.cat\/edadelcanigo\/wp-json\/wp\/v2\/users\/4"}],"replies":[{"embeddable":true,"href":"https:\/\/serveiseducatius.xtec.cat\/edadelcanigo\/wp-json\/wp\/v2\/comments?post=864"}],"version-history":[{"count":4,"href":"https:\/\/serveiseducatius.xtec.cat\/edadelcanigo\/wp-json\/wp\/v2\/pages\/864\/revisions"}],"predecessor-version":[{"id":9353,"href":"https:\/\/serveiseducatius.xtec.cat\/edadelcanigo\/wp-json\/wp\/v2\/pages\/864\/revisions\/9353"}],"up":[{"embeddable":true,"href":"https:\/\/serveiseducatius.xtec.cat\/edadelcanigo\/wp-json\/wp\/v2\/pages\/8235"}],"wp:attachment":[{"href":"https:\/\/serveiseducatius.xtec.cat\/edadelcanigo\/wp-json\/wp\/v2\/media?parent=864"}],"curies":[{"name":"wp","href":"https:\/\/api.w.org\/{rel}","templated":true}]}}