{"id":833,"date":"2015-04-30T10:28:03","date_gmt":"2015-04-30T08:28:03","guid":{"rendered":"http:\/\/blocs.xtec.cat\/edacanigo\/?page_id=833"},"modified":"2018-07-18T14:04:25","modified_gmt":"2018-07-18T12:04:25","slug":"fem-el-verdaguer-excursionisme-i-poesia","status":"publish","type":"page","link":"https:\/\/serveiseducatius.xtec.cat\/edadelcanigo\/el-camp\/ambits\/fem-el-verdaguer-excursionisme-i-poesia\/","title":{"rendered":"Fem el Verdaguer! Excursionisme i poesia."},"content":{"rendered":"<figure class=\"figure wp-caption alignleft\"><a href=\"http:\/\/serveiseducatius.xtec.cat\/edadelcanigo\/wp-content\/uploads\/usu1374\/2015\/04\/Captura-de-2018-05-03-00-31-19.png\"><img loading=\"lazy\" decoding=\"async\" class=\"wp-image-8939 size-medium\" src=\"http:\/\/serveiseducatius.xtec.cat\/edadelcanigo\/wp-content\/uploads\/usu1374\/2015\/04\/Captura-de-2018-05-03-00-31-19-300x172.png\" alt=\"\" width=\"300\" height=\"172\" srcset=\"https:\/\/serveiseducatius.xtec.cat\/edadelcanigo\/wp-content\/uploads\/usu1374\/2015\/04\/Captura-de-2018-05-03-00-31-19-300x172.png 300w, https:\/\/serveiseducatius.xtec.cat\/edadelcanigo\/wp-content\/uploads\/usu1374\/2015\/04\/Captura-de-2018-05-03-00-31-19.png 654w\" sizes=\"auto, (max-width: 300px) 100vw, 300px\" \/><\/a><figcaption class=\"wp-caption-text\">Treballant Canig\u00f3. Literatura vivencial<\/figcaption><\/figure>\n<p style=\"text-align: justify;\"><strong>Entre els estius de 1882 i 1883, el poeta Jacint Verdaguer, Mn. Cinto, va rec\u00f3rrer el Pirineu per coronar els seus cims m\u00e9s populars mentre componia la seva obra m\u00e9s emblem\u00e0tica: <em>Canig\u00f3<\/em>. Aquesta activitat vol ser un homenatge a un dels iniciadors de l&#8217;excursionisme, Mn. Cinto, que de forma agosarada va caminar pas a pas per descobrir les llegendes, la topon\u00edmia, la hist\u00f2ria i la llengua d&#8217;un territori separat per cimals que semblaven infranquejables.<br \/>\n<\/strong><\/p>\n<p style=\"text-align: justify;\"><strong>Nom de l&#8217;activitat: \u00a0<\/strong>Fem el Verdaguer! Excursionisme i poesia.<\/p>\n<p style=\"text-align: justify;\"><strong>\u00c0mbit curricular: <\/strong>Ci\u00e8ncies Socials, Ci\u00e8ncies de la Naturalesa, Llengua Catalana, Hist\u00f2ria de la Llengua.<\/p>\n<p style=\"text-align: justify;\"><strong>Nivell:\u00a0 <\/strong>Cicle Superior de Prim\u00e0ria, ESO i Batxillerat<\/p>\n<p style=\"text-align: justify;\"><strong>Estacionalitat: <\/strong>Tot l&#8217;any<\/p>\n<p style=\"text-align: justify;\"><strong>Objectius: <\/strong>Descobrir la figura de Jacint Verdaguer com a poeta del poble.\u00a0 Fomentar els valors de l\u2019excursionisme com a mitj\u00e0 per desenvolupar les compet\u00e8ncies curriculars. Aprendre a contemplar la natura, respectar-la i estimar-la. Adquirir la capacitat de sensibilitzar-se amb la poesia i fomentar la creativitat po\u00e8tica en els nous temps. Ser capa\u00e7 de visualitzar a la realitat els fragments literaris que llegirem.<\/p>\n<p style=\"text-align: justify;\"><strong>Descripci\u00f3: <\/strong>L&#8217;activitat Fem el Verdaguer! \u00e9s una activitat que proposa una mirada diferent als itineraris de Sant Mart\u00ed del Canig\u00f3, Sant Miquel de Cuix\u00e0 i el Castell de Ri\u00e0 que a trav\u00e9s de la poesia de Jacint Verdaguer, descobrim la natura, el paisatge i les emocions que albirem a cada pas.<\/p>\n<p style=\"text-align: justify;\"><strong>Compet\u00e8ncies: <\/strong><\/p>\n<table id=\"report_R31046229246265901\" border=\"0\" width=\"100%\" cellspacing=\"0\" cellpadding=\"3\">\n<tbody>\n<tr class=\"highlight-row\">\n<td class=\"text\" bgcolor=\"#e9e9e9\">AMBS-LIN-CAT-CAS<\/td>\n<td class=\"text\" bgcolor=\"#e9e9e9\">DIM5S-LLE-CAS-CAT<\/td>\n<td class=\"text\" bgcolor=\"#e9e9e9\">ACT3S-LLE<\/td>\n<td class=\"text\" bgcolor=\"#e9e9e9\">Manifestar una actitud de respecte i valoraci\u00f3 positiva de la diversitat ling\u00fc\u00edstica de l&#8217;entorn pr\u00f2xim i d&#8217;arreu<\/td>\n<\/tr>\n<tr class=\"highlight-row\">\n<td class=\"text\" bgcolor=\"#F3F3F3\">AMBS-LIN-CAT-CAS<\/td>\n<td class=\"text\" bgcolor=\"#F3F3F3\">DIM5S-LLE-CAS-CAT<\/td>\n<td class=\"text\" bgcolor=\"#F3F3F3\">ACT2-LLE<\/td>\n<td class=\"text\" bgcolor=\"#F3F3F3\">Implicar-se activament i reflexiva en interaccions orals amb una actitud dialogant i d&#8217;escolta<\/td>\n<\/tr>\n<tr class=\"highlight-row\">\n<td class=\"text\" bgcolor=\"#e9e9e9\">AMBS-LIN-CAT-CAS<\/td>\n<td class=\"text\" bgcolor=\"#e9e9e9\">DIM4S-LLE-CAS-CAT<\/td>\n<td class=\"text\" bgcolor=\"#e9e9e9\">CO10S-LLE<\/td>\n<td class=\"text\" bgcolor=\"#e9e9e9\">Llegir obres i con\u00e8ixer els autors i les autores i els per\u00edodes m\u00e9s significatius de la literatura catalana, la castellana i la universal.<\/td>\n<\/tr>\n<tr class=\"highlight-row\">\n<td class=\"text\" bgcolor=\"#F3F3F3\">AMBS-LIN-CAT-CAS<\/td>\n<td class=\"text\" bgcolor=\"#F3F3F3\">DIM4S-LLE-CAS-CAT<\/td>\n<td class=\"text\" bgcolor=\"#F3F3F3\">CO12S-LLE<\/td>\n<td class=\"text\" bgcolor=\"#F3F3F3\">Escriure textos literaris per expressar realitats, ficcions i sentiments<\/td>\n<\/tr>\n<tr class=\"highlight-row\">\n<td class=\"text\" bgcolor=\"#e9e9e9\">AMBS-CIE<\/td>\n<td class=\"text\" bgcolor=\"#e9e9e9\">DIM15S-CIE-TEC<\/td>\n<td class=\"text\" bgcolor=\"#e9e9e9\">CO2S-CIE-TEC<\/td>\n<td class=\"text\" bgcolor=\"#e9e9e9\">Identificar i caracteritzar els sistemes biol\u00f2gics i geol\u00f2gics des de la perspectiva dels models, per comunicar i predir el comportament dels fen\u00f2mens naturals<\/td>\n<\/tr>\n<tr class=\"highlight-row\">\n<td class=\"text\" bgcolor=\"#F3F3F3\">AMBP-LLE-CAT-CAS<\/td>\n<td class=\"text\" bgcolor=\"#F3F3F3\">DIM04P-LLE<\/td>\n<td class=\"text\" bgcolor=\"#F3F3F3\">CO11P-LLE<\/td>\n<td class=\"text\" bgcolor=\"#F3F3F3\">Llegir fragments i obres i con\u00e8ixer alguns autors i autores significatius de la literatura catalana, castellana i universal<\/td>\n<\/tr>\n<tr class=\"highlight-row\">\n<td class=\"text\" bgcolor=\"#e9e9e9\">AMBP-LLE-CAT-CAS<\/td>\n<td class=\"text\" bgcolor=\"#e9e9e9\">DIM04P-LLE<\/td>\n<td class=\"text\" bgcolor=\"#e9e9e9\">CO12P-LLE<\/td>\n<td class=\"text\" bgcolor=\"#e9e9e9\">Crear textos amb recursos literaris per expressar sentiments, realitats i ficcions<\/td>\n<\/tr>\n<tr class=\"highlight-row\">\n<td class=\"text\" bgcolor=\"#F3F3F3\">AMBP-LLE-CAT-CAS<\/td>\n<td class=\"text\" bgcolor=\"#F3F3F3\">DIM01P-LLE<\/td>\n<td class=\"text\" bgcolor=\"#F3F3F3\">CO01P-LLE<\/td>\n<td class=\"text\" bgcolor=\"#F3F3F3\">Comprendre textos orals de la vida quotidiana, dels mitjans de comunicaci\u00f3 i escolars<\/td>\n<\/tr>\n<tr class=\"highlight-row\">\n<td class=\"text\" bgcolor=\"#e9e9e9\">AMBS-SOC<\/td>\n<td class=\"text\" bgcolor=\"#e9e9e9\">DIM21S-SOC<\/td>\n<td class=\"text\" bgcolor=\"#e9e9e9\">CO8S-SOC<\/td>\n<td class=\"text\" bgcolor=\"#e9e9e9\">Analitzar les manifestacions culturals i relacionar-les amb els seus creadors i la seva \u00e8poca, per interpretar les diverses cosmovisions i la seva finalitat<\/td>\n<\/tr>\n<tr class=\"highlight-row\">\n<td class=\"text\" bgcolor=\"#F3F3F3\">AMBS-SOC<\/td>\n<td class=\"text\" bgcolor=\"#F3F3F3\">DIM21S-SOC<\/td>\n<td class=\"text\" bgcolor=\"#F3F3F3\">CO10S-SOC<\/td>\n<td class=\"text\" bgcolor=\"#F3F3F3\">Valorar les expressions culturals pr\u00f2pies, per afavorir la construcci\u00f3 de la identitat personal dins d&#8217;un m\u00f3n global i divers<\/td>\n<\/tr>\n<tr class=\"highlight-row\">\n<td class=\"text\" bgcolor=\"#e9e9e9\">AMBS-SOC<\/td>\n<td class=\"text\" bgcolor=\"#e9e9e9\">DIM21S-SOC<\/td>\n<td class=\"text\" bgcolor=\"#e9e9e9\">CO9S-SOC<\/td>\n<td class=\"text\" bgcolor=\"#e9e9e9\">Valorar el patrimoni cultural com a her\u00e8ncia rebuda del passat, per defensar-ne la conservaci\u00f3 i afavorir que les generacions futures se l&#8217;apropi\u00efn<\/td>\n<\/tr>\n<\/tbody>\n<\/table>\n<p style=\"text-align: justify;\"><a href=\"http:\/\/serveiseducatius.xtec.cat\/edadelcanigo\/wp-content\/uploads\/usu1374\/2015\/04\/mossencintoverdaguer.jpg\"><img loading=\"lazy\" decoding=\"async\" class=\"alignnone size-full wp-image-8941\" src=\"http:\/\/serveiseducatius.xtec.cat\/edadelcanigo\/wp-content\/uploads\/usu1374\/2015\/04\/mossencintoverdaguer.jpg\" alt=\"\" width=\"345\" height=\"240\" srcset=\"https:\/\/serveiseducatius.xtec.cat\/edadelcanigo\/wp-content\/uploads\/usu1374\/2015\/04\/mossencintoverdaguer.jpg 345w, https:\/\/serveiseducatius.xtec.cat\/edadelcanigo\/wp-content\/uploads\/usu1374\/2015\/04\/mossencintoverdaguer-300x209.jpg 300w\" sizes=\"auto, (max-width: 345px) 100vw, 345px\" \/><\/a><\/p>\n<p style=\"text-align: right;\">\n","protected":false},"excerpt":{"rendered":"<p><a href=\"http:\/\/serveiseducatius.xtec.cat\/edadelcanigo\/wp-content\/uploads\/usu1374\/2015\/04\/Captura-de-2018-05-03-00-31-19.png\"><\/a>Treballant Canig\u00f3. Literatura vivencial<br \/>\nEntre els estius de 1882 i 1883, el poeta Jacint Verdaguer, Mn. Cinto, va rec\u00f3rrer el Pirineu per coronar els seus cims m\u00e9s populars mentre componia la seva obra m\u00e9s emblem\u00e0tica: Canig\u00f3. Aquesta activitat vol ser un homenatge a un dels&hellip;  <a href=\"https:\/\/serveiseducatius.xtec.cat\/edadelcanigo\/el-camp\/ambits\/fem-el-verdaguer-excursionisme-i-poesia\/\" title=\"Read Fem el Verdaguer! Excursionisme i poesia.\">Llegeix m\u00e9s\u00bb<\/a><\/p>\n","protected":false},"author":4,"featured_media":0,"parent":8235,"menu_order":0,"comment_status":"closed","ping_status":"closed","template":"page-templates\/side-menu.php","meta":{"_bbp_topic_count":0,"_bbp_reply_count":0,"_bbp_total_topic_count":0,"_bbp_total_reply_count":0,"_bbp_voice_count":0,"_bbp_anonymous_reply_count":0,"_bbp_topic_count_hidden":0,"_bbp_reply_count_hidden":0,"_bbp_forum_subforum_count":0,"footnotes":""},"class_list":["post-833","page","type-page","status-publish","hentry"],"post_mailing_queue_ids":[],"_links":{"self":[{"href":"https:\/\/serveiseducatius.xtec.cat\/edadelcanigo\/wp-json\/wp\/v2\/pages\/833","targetHints":{"allow":["GET"]}}],"collection":[{"href":"https:\/\/serveiseducatius.xtec.cat\/edadelcanigo\/wp-json\/wp\/v2\/pages"}],"about":[{"href":"https:\/\/serveiseducatius.xtec.cat\/edadelcanigo\/wp-json\/wp\/v2\/types\/page"}],"author":[{"embeddable":true,"href":"https:\/\/serveiseducatius.xtec.cat\/edadelcanigo\/wp-json\/wp\/v2\/users\/4"}],"replies":[{"embeddable":true,"href":"https:\/\/serveiseducatius.xtec.cat\/edadelcanigo\/wp-json\/wp\/v2\/comments?post=833"}],"version-history":[{"count":4,"href":"https:\/\/serveiseducatius.xtec.cat\/edadelcanigo\/wp-json\/wp\/v2\/pages\/833\/revisions"}],"predecessor-version":[{"id":9010,"href":"https:\/\/serveiseducatius.xtec.cat\/edadelcanigo\/wp-json\/wp\/v2\/pages\/833\/revisions\/9010"}],"up":[{"embeddable":true,"href":"https:\/\/serveiseducatius.xtec.cat\/edadelcanigo\/wp-json\/wp\/v2\/pages\/8235"}],"wp:attachment":[{"href":"https:\/\/serveiseducatius.xtec.cat\/edadelcanigo\/wp-json\/wp\/v2\/media?parent=833"}],"curies":[{"name":"wp","href":"https:\/\/api.w.org\/{rel}","templated":true}]}}