{"id":8272,"date":"2016-06-20T17:56:05","date_gmt":"2016-06-20T16:56:05","guid":{"rendered":"http:\/\/serveiseducatius.xtec.cat\/edadelcanigo\/?page_id=8272"},"modified":"2020-04-18T11:06:22","modified_gmt":"2020-04-18T09:06:22","slug":"amb-els-centres","status":"publish","type":"page","link":"https:\/\/serveiseducatius.xtec.cat\/edadelcanigo\/modalitats\/amb-els-centres\/","title":{"rendered":"Amb els centres"},"content":{"rendered":"<ul class=\"sub-menu menu-odd menu-depth-1\">\n<li id=\"nav-menu-item-8916\" class=\"sub-menu-item menu-item-odd menu-item-depth-1 menu-item menu-item-type-post_type menu-item-object-page\"><a class=\"menu-link sub-menu-link\" href=\"http:\/\/serveiseducatius.xtec.cat\/edadelcanigo\/amb-els-centres\/competencies-basiques-educacio-secundaria\/\">Compet\u00e8ncies B\u00e0siques Educaci\u00f3 Secund\u00e0ria<\/a><\/li>\n<li id=\"nav-menu-item-8665\" class=\"sub-menu-item menu-item-odd menu-item-depth-1 menu-item menu-item-type-post_type menu-item-object-page\"><a class=\"menu-link sub-menu-link\" href=\"http:\/\/serveiseducatius.xtec.cat\/edadelcanigo\/amb-els-centres\/preparacio\/\">Preparaci\u00f3<\/a><\/li>\n<li id=\"nav-menu-item-8266\" class=\"sub-menu-item menu-item-odd menu-item-depth-1 menu-item menu-item-type-post_type menu-item-object-page menu-item-has-children\"><a class=\"menu-link sub-menu-link\" href=\"http:\/\/serveiseducatius.xtec.cat\/edadelcanigo\/modalitats\/\">Modalitats<\/a>\n<ul class=\"sub-menu menu-even sub-sub-menu menu-depth-2\">\n<li id=\"nav-menu-item-8268\" class=\"sub-menu-item sub-sub-menu-item menu-item-even menu-item-depth-2 menu-item menu-item-type-post_type menu-item-object-page\"><a class=\"menu-link sub-menu-link\" href=\"http:\/\/serveiseducatius.xtec.cat\/edadelcanigo\/modalitats\/estades\/\">Estades<\/a><\/li>\n<li id=\"nav-menu-item-8267\" class=\"sub-menu-item sub-sub-menu-item menu-item-even menu-item-depth-2 menu-item menu-item-type-post_type menu-item-object-page\"><a class=\"menu-link sub-menu-link\" href=\"http:\/\/serveiseducatius.xtec.cat\/edadelcanigo\/modalitats\/sortides\/\">Sortides<\/a><\/li>\n<li id=\"nav-menu-item-8269\" class=\"sub-menu-item sub-sub-menu-item menu-item-even menu-item-depth-2 menu-item menu-item-type-post_type menu-item-object-page\"><a class=\"menu-link sub-menu-link\" href=\"http:\/\/serveiseducatius.xtec.cat\/edadelcanigo\/modalitats\/projectes\/\">Projectes<\/a><\/li>\n<\/ul>\n<\/li>\n<li id=\"nav-menu-item-8873\" class=\"sub-menu-item menu-item-odd menu-item-depth-1 menu-item menu-item-type-post_type menu-item-object-page\"><a class=\"menu-link sub-menu-link\" href=\"http:\/\/serveiseducatius.xtec.cat\/edadelcanigo\/amb-els-centres\/quotes\/\">Quotes<\/a><\/li>\n<li id=\"nav-menu-item-8666\" class=\"sub-menu-item menu-item-odd menu-item-depth-1 menu-item menu-item-type-post_type menu-item-object-page\"><a class=\"menu-link sub-menu-link\" href=\"http:\/\/serveiseducatius.xtec.cat\/edadelcanigo\/amb-els-centres\/fotos-videos\/\">Fotos i v\u00eddeos<\/a><\/li>\n<li id=\"nav-menu-item-8667\" class=\"sub-menu-item menu-item-odd menu-item-depth-1 menu-item menu-item-type-post_type menu-item-object-page\"><a class=\"menu-link sub-menu-link\" href=\"http:\/\/serveiseducatius.xtec.cat\/edadelcanigo\/amb-els-centres\/formulari-de-valoracio\/\">Valoracions<\/a><\/li>\n<\/ul>\n","protected":false},"excerpt":{"rendered":"<ul class=\"sub-menu menu-odd menu-depth-1\">\n<li id=\"nav-menu-item-8916\" class=\"sub-menu-item menu-item-odd menu-item-depth-1 menu-item menu-item-type-post_type menu-item-object-page\"><a class=\"menu-link sub-menu-link\" href=\"http:\/\/serveiseducatius.xtec.cat\/edadelcanigo\/amb-els-centres\/competencies-basiques-educacio-secundaria\/\">Compet\u00e8ncies B\u00e0siques Educaci\u00f3 Secund\u00e0ria<\/a><\/li>\n<li id=\"nav-menu-item-8665\" class=\"sub-menu-item menu-item-odd menu-item-depth-1 menu-item menu-item-type-post_type menu-item-object-page\"><a class=\"menu-link sub-menu-link\" href=\"http:\/\/serveiseducatius.xtec.cat\/edadelcanigo\/amb-els-centres\/preparacio\/\">Preparaci\u00f3<\/a><\/li>\n<li id=\"nav-menu-item-8266\" class=\"sub-menu-item menu-item-odd menu-item-depth-1 menu-item menu-item-type-post_type menu-item-object-page menu-item-has-children\"><a class=\"menu-link sub-menu-link\" href=\"http:\/\/serveiseducatius.xtec.cat\/edadelcanigo\/modalitats\/\">Modalitats<\/a>\n<ul class=\"sub-menu menu-even sub-sub-menu menu-depth-2\">\n<li id=\"nav-menu-item-8268\" class=\"sub-menu-item sub-sub-menu-item&hellip;  <a href=\"https:\/\/serveiseducatius.xtec.cat\/edadelcanigo\/modalitats\/amb-els-centres\/\" title=\"Read Amb els centres\">Llegeix m\u00e9s\u00bb<\/a><br \/>\n","protected":false},"author":1,"featured_media":0,"parent":8260,"menu_order":0,"comment_status":"closed","ping_status":"closed","template":"page-templates\/side-menu.php","meta":{"_bbp_topic_count":0,"_bbp_reply_count":0,"_bbp_total_topic_count":0,"_bbp_total_reply_count":0,"_bbp_voice_count":0,"_bbp_anonymous_reply_count":0,"_bbp_topic_count_hidden":0,"_bbp_reply_count_hidden":0,"_bbp_forum_subforum_count":0,"footnotes":""},"class_list":["post-8272","page","type-page","status-publish","hentry"],"post_mailing_queue_ids":[],"_links":{"self":[{"href":"https:\/\/serveiseducatius.xtec.cat\/edadelcanigo\/wp-json\/wp\/v2\/pages\/8272","targetHints":{"allow":["GET"]}}],"collection":[{"href":"https:\/\/serveiseducatius.xtec.cat\/edadelcanigo\/wp-json\/wp\/v2\/pages"}],"about":[{"href":"https:\/\/serveiseducatius.xtec.cat\/edadelcanigo\/wp-json\/wp\/v2\/types\/page"}],"author":[{"embeddable":true,"href":"https:\/\/serveiseducatius.xtec.cat\/edadelcanigo\/wp-json\/wp\/v2\/users\/1"}],"replies":[{"embeddable":true,"href":"https:\/\/serveiseducatius.xtec.cat\/edadelcanigo\/wp-json\/wp\/v2\/comments?post=8272"}],"version-history":[{"count":3,"href":"https:\/\/serveiseducatius.xtec.cat\/edadelcanigo\/wp-json\/wp\/v2\/pages\/8272\/revisions"}],"predecessor-version":[{"id":9086,"href":"https:\/\/serveiseducatius.xtec.cat\/edadelcanigo\/wp-json\/wp\/v2\/pages\/8272\/revisions\/9086"}],"up":[{"embeddable":true,"href":"https:\/\/serveiseducatius.xtec.cat\/edadelcanigo\/wp-json\/wp\/v2\/pages\/8260"}],"wp:attachment":[{"href":"https:\/\/serveiseducatius.xtec.cat\/edadelcanigo\/wp-json\/wp\/v2\/media?parent=8272"}],"curies":[{"name":"wp","href":"https:\/\/api.w.org\/{rel}","templated":true}]}}