{"id":549,"date":"2013-12-12T09:25:27","date_gmt":"2013-12-12T09:25:27","guid":{"rendered":"http:\/\/blocs.xtec.cat\/plantillacda\/?page_id=549"},"modified":"2018-09-10T09:17:06","modified_gmt":"2018-09-10T07:17:06","slug":"preparacio","status":"publish","type":"page","link":"https:\/\/serveiseducatius.xtec.cat\/edadelcanigo\/modalitats\/amb-els-centres\/preparacio\/","title":{"rendered":"Preparaci\u00f3"},"content":{"rendered":"<h1><strong>Organitzaci\u00f3 i funcionament <\/strong><\/h1>\n<p>En aquest <a href=\"https:\/\/docs.google.com\/document\/d\/1C1RVPvv8UB9spFWJKtVCCdMf2_2gBIynk4nWYSzPZzM\/edit?usp=sharing\" target=\"_blank\" rel=\"noopener noreferrer\">document <\/a> podeu trobar indicacions de com s&#8217;organitza una estada, les normes de conviv\u00e8ncia i consells a tenir en compte (qu\u00e8 cal portar, com funciona el menjador, els esbarjos&#8230;).<\/p>\n<p><strong>Document compartit de programaci\u00f3 i preparaci\u00f3 d&#8217;una estada<\/strong><\/p>\n<p>El document compartit ens serveix per programar la vostra estada a l&#8217;EdA del Canig\u00f3. Despr\u00e9s de la trobada de coordinaci\u00f3, compartirem amb cada docent aquest document per tal de poder programar i preparar conjuntament la vostra estada ( des d&#8217;aspectes pedag\u00f2gics a aspectes organitzatius). Animem a tots els docents que vindran a l&#8217;EdA a fer-se seu el document i incloure&#8217;l a la seva programaci\u00f3 anual. L&#8217;\u00e8xit d&#8217;una bona estada s&#8217;inicia amb una bona programaci\u00f3.<\/p>\n<p>Cliqueu <a href=\"https:\/\/docs.google.com\/document\/d\/1AhZNeRvxAEf1y4Uq4j0hwc8lJAUmsoDU8XLjAHdfRks\/edit?usp=sharing\" target=\"_blank\" rel=\"noopener\">aqu\u00ed<\/a> o sobre la imatge i hi trobareu el document compartit.<\/p>\n<p><a href=\"https:\/\/docs.google.com\/document\/d\/1AhZNeRvxAEf1y4Uq4j0hwc8lJAUmsoDU8XLjAHdfRks\/edit?usp=sharing\" target=\"_blank\" rel=\"noopener\"><img loading=\"lazy\" decoding=\"async\" class=\"alignnone wp-image-9076 size-full\" src=\"http:\/\/serveiseducatius.xtec.cat\/edadelcanigo\/wp-content\/uploads\/usu1374\/2018\/09\/canvas.png\" alt=\"\" width=\"982\" height=\"499\" srcset=\"https:\/\/serveiseducatius.xtec.cat\/edadelcanigo\/wp-content\/uploads\/usu1374\/2018\/09\/canvas.png 982w, https:\/\/serveiseducatius.xtec.cat\/edadelcanigo\/wp-content\/uploads\/usu1374\/2018\/09\/canvas-300x152.png 300w, https:\/\/serveiseducatius.xtec.cat\/edadelcanigo\/wp-content\/uploads\/usu1374\/2018\/09\/canvas-768x390.png 768w\" sizes=\"auto, (max-width: 982px) 100vw, 982px\" \/><\/a><\/p>\n","protected":false},"excerpt":{"rendered":"<p>Organitzaci\u00f3 i funcionament<br \/>\nEn aquest <a href=\"https:\/\/docs.google.com\/document\/d\/1C1RVPvv8UB9spFWJKtVCCdMf2_2gBIynk4nWYSzPZzM\/edit?usp=sharing\" target=\"_blank\" rel=\"noopener noreferrer\">document <\/a> podeu trobar indicacions de com s&#8217;organitza una estada, les normes de conviv\u00e8ncia i consells a tenir en compte (qu\u00e8 cal portar, com funciona el menjador, els esbarjos&#8230;).<br \/>\nDocument compartit de programaci\u00f3 i preparaci\u00f3 d&#8217;una estada<br \/>\nEl&hellip;  <a href=\"https:\/\/serveiseducatius.xtec.cat\/edadelcanigo\/modalitats\/amb-els-centres\/preparacio\/\" title=\"Read Preparaci\u00f3\">Llegeix m\u00e9s\u00bb<\/a><\/p>\n","protected":false},"author":1,"featured_media":0,"parent":8272,"menu_order":10,"comment_status":"closed","ping_status":"closed","template":"page-templates\/side-menu.php","meta":{"_bbp_topic_count":0,"_bbp_reply_count":0,"_bbp_total_topic_count":0,"_bbp_total_reply_count":0,"_bbp_voice_count":0,"_bbp_anonymous_reply_count":0,"_bbp_topic_count_hidden":0,"_bbp_reply_count_hidden":0,"_bbp_forum_subforum_count":0,"footnotes":""},"class_list":["post-549","page","type-page","status-publish","hentry"],"post_mailing_queue_ids":[],"_links":{"self":[{"href":"https:\/\/serveiseducatius.xtec.cat\/edadelcanigo\/wp-json\/wp\/v2\/pages\/549","targetHints":{"allow":["GET"]}}],"collection":[{"href":"https:\/\/serveiseducatius.xtec.cat\/edadelcanigo\/wp-json\/wp\/v2\/pages"}],"about":[{"href":"https:\/\/serveiseducatius.xtec.cat\/edadelcanigo\/wp-json\/wp\/v2\/types\/page"}],"author":[{"embeddable":true,"href":"https:\/\/serveiseducatius.xtec.cat\/edadelcanigo\/wp-json\/wp\/v2\/users\/1"}],"replies":[{"embeddable":true,"href":"https:\/\/serveiseducatius.xtec.cat\/edadelcanigo\/wp-json\/wp\/v2\/comments?post=549"}],"version-history":[{"count":4,"href":"https:\/\/serveiseducatius.xtec.cat\/edadelcanigo\/wp-json\/wp\/v2\/pages\/549\/revisions"}],"predecessor-version":[{"id":9077,"href":"https:\/\/serveiseducatius.xtec.cat\/edadelcanigo\/wp-json\/wp\/v2\/pages\/549\/revisions\/9077"}],"up":[{"embeddable":true,"href":"https:\/\/serveiseducatius.xtec.cat\/edadelcanigo\/wp-json\/wp\/v2\/pages\/8272"}],"wp:attachment":[{"href":"https:\/\/serveiseducatius.xtec.cat\/edadelcanigo\/wp-json\/wp\/v2\/media?parent=549"}],"curies":[{"name":"wp","href":"https:\/\/api.w.org\/{rel}","templated":true}]}}