{"id":54,"date":"2013-11-14T18:56:33","date_gmt":"2013-11-14T17:56:33","guid":{"rendered":"http:\/\/blocs.xtec.cat\/plantillacda\/?page_id=54"},"modified":"2024-12-03T08:40:00","modified_gmt":"2024-12-03T07:40:00","slug":"presentacio","status":"publish","type":"page","link":"https:\/\/serveiseducatius.xtec.cat\/edadelcanigo\/el-camp\/presentacio\/","title":{"rendered":"Presentaci\u00f3"},"content":{"rendered":"<header class=\"entry-header\">\n<h1 class=\"entry-title\"><a href=\"http:\/\/serveiseducatius.xtec.cat\/edadelcanigo\/wp-content\/uploads\/usu1374\/2013\/11\/logo2017.png\"><img loading=\"lazy\" decoding=\"async\" class=\"aligncenter wp-image-8751\" src=\"http:\/\/serveiseducatius.xtec.cat\/edadelcanigo\/wp-content\/uploads\/usu1374\/2013\/11\/logo2017.png\" alt=\"\" width=\"217\" height=\"62\" srcset=\"https:\/\/serveiseducatius.xtec.cat\/edadelcanigo\/wp-content\/uploads\/usu1374\/2013\/11\/logo2017.png 472w, https:\/\/serveiseducatius.xtec.cat\/edadelcanigo\/wp-content\/uploads\/usu1374\/2013\/11\/logo2017-300x86.png 300w\" sizes=\"auto, (max-width: 217px) 100vw, 217px\" \/><\/a><\/h1>\n<\/header>\n<div class=\"entry-content\">\n<p>L\u2019Entorn d\u2019Aprenentatge del Canig\u00f3 \u00e9s una proposta pedag\u00f2gica que neix amb l\u2019objectiu d\u2019apropar els estudiants de darrer cicle de prim\u00e0ria, secund\u00e0ria\u00a0 i batxillerat dels Pa\u00efsos Catalans al patrimoni cultural i natural de la Catalunya Nord. Situat a Prada a la comarca del Conflent, a l&#8217;Alberg Pau Casals &#8211; Canig\u00f3, seu permanent de la Universitat Catalana d\u2019Estiu, l\u2019EdA del Canig\u00f3 ofereix als estudiants la possibilitat de realitzar estades did\u00e0ctiques per a descobrir el bressol de la cultura catalana, con\u00e8ixer un entorn natural i paisatg\u00edstic emblem\u00e0tic seguint les petjades i els valors de l\u2019excursionisme com feu Jacint Verdaguer i treballar per a la construcci\u00f3 d\u2019un espai de pau, llibertat i solidaritat entre els diferents pobles que agermana la llengua catalana. Cultura, natura, paisatge i llengua s\u2019uneixen per esborrar fronteres i celebrar els valors universals que des de l\u2019Abat Oliba fins a Pau Casals van impregnar aquestes contrades.<\/p>\n<p><iframe loading=\"lazy\" title=\"YouTube video player\" src=\"\/\/www.youtube.com\/embed\/n_V9DaHZH4c?si=H7hGBdEYujn8qNoB\" width=\"560\" height=\"315\" frameborder=\"0\" allowfullscreen=\"allowfullscreen\"><\/iframe><\/p>\n<p><strong>EIXOS TEM\u00c0TICS<\/strong><\/p>\n<ul>\n<li><a href=\"http:\/\/serveiseducatius.xtec.cat\/edadelcanigo\/el-camp\/presentacio\/el-bressol\/el-bressol-de-catalunya\/\" target=\"_blank\" rel=\"noopener noreferrer\">EL BRESSOL DE CATALUNYA<\/a><\/li>\n<li><a href=\"http:\/\/serveiseducatius.xtec.cat\/edadelcanigo\/antic-regne-de-mallorca\/\" target=\"_blank\" rel=\"noopener noreferrer\">ANTIC REGNE DE MALLORCA<\/a><\/li>\n<li><a href=\"http:\/\/serveiseducatius.xtec.cat\/edadelcanigo\/el-camp\/ambits\/fem-el-verdaguer-excursionisme-i-poesia\/\" target=\"_blank\" rel=\"noopener noreferrer\">FEM EL VERDAGUER! EXCURSIONISME I POESIA<\/a><\/li>\n<li><a href=\"http:\/\/serveiseducatius.xtec.cat\/edadelcanigo\/el-camp\/ambits\/exili\/\" target=\"_blank\" rel=\"noopener noreferrer\">EXILI I RESIST\u00c8NCIA<\/a><\/li>\n<li><a href=\"http:\/\/serveiseducatius.xtec.cat\/edadelcanigo\/el-camp\/ambits\/frontera\/\" target=\"_blank\" rel=\"noopener noreferrer\">TERRITORI GEOLOGIA I MEDI AMBIENT<\/a><\/li>\n<li><a href=\"http:\/\/serveiseducatius.xtec.cat\/edadelcanigo\/el-camp\/ambits\/frontera\/\" target=\"_blank\" rel=\"noopener noreferrer\">FRONTERA<\/a><\/li>\n<\/ul>\n<p>&nbsp;<\/p>\n<p>La doc\u00e8ncia que es desenvolupa a l\u2019Entorn d\u2019Aprenentatge del Canig\u00f3 la porten a terme professors que treballen en conveni entre el Departament d\u2019Educaci\u00f3, la Fundaci\u00f3 Universitat Catalana d\u2019Estiu i l\u2019Associaci\u00f3 Universitat Catalana d\u2019Estiu. La tasca docent amb els alumnes es desenvolupa seguint l\u2019horari escolar, aproximadament des de les 9 del mat\u00ed fins a les 5 de la tarda.<\/p>\n<p>&nbsp;<\/p>\n<\/div>\n<p><span style=\"border-radius: 2px; text-indent: 20px; width: auto; padding: 0px 4px 0px 0px; text-align: center; font: bold 11px\/20px 'Helvetica Neue',Helvetica,sans-serif; color: #ffffff; background: #bd081c no-repeat scroll 3px 50% \/ 14px 14px; position: absolute; opacity: 1; z-index: 8675309; display: none; cursor: pointer; top: 1292px; left: 71px;\">Save<\/span><\/p>\n","protected":false},"excerpt":{"rendered":"<p><a href=\"http:\/\/serveiseducatius.xtec.cat\/edadelcanigo\/wp-content\/uploads\/usu1374\/2013\/11\/logo2017.png\"><\/a><\/p>\n<p>L\u2019Entorn d\u2019Aprenentatge del Canig\u00f3 \u00e9s una proposta pedag\u00f2gica que neix amb l\u2019objectiu d\u2019apropar els estudiants de darrer cicle de prim\u00e0ria, secund\u00e0ria\u00a0 i batxillerat dels Pa\u00efsos Catalans al patrimoni cultural i natural de la Catalunya Nord. Situat a Prada a la comarca del Conflent, a&hellip;  <a href=\"https:\/\/serveiseducatius.xtec.cat\/edadelcanigo\/el-camp\/presentacio\/\" title=\"Read Presentaci\u00f3\">Llegeix m\u00e9s\u00bb<\/a><\/p>\n","protected":false},"author":1,"featured_media":0,"parent":8225,"menu_order":10,"comment_status":"closed","ping_status":"closed","template":"page-templates\/side-menu.php","meta":{"_bbp_topic_count":0,"_bbp_reply_count":0,"_bbp_total_topic_count":0,"_bbp_total_reply_count":0,"_bbp_voice_count":0,"_bbp_anonymous_reply_count":0,"_bbp_topic_count_hidden":0,"_bbp_reply_count_hidden":0,"_bbp_forum_subforum_count":0,"footnotes":""},"class_list":["post-54","page","type-page","status-publish","hentry"],"post_mailing_queue_ids":[],"_links":{"self":[{"href":"https:\/\/serveiseducatius.xtec.cat\/edadelcanigo\/wp-json\/wp\/v2\/pages\/54","targetHints":{"allow":["GET"]}}],"collection":[{"href":"https:\/\/serveiseducatius.xtec.cat\/edadelcanigo\/wp-json\/wp\/v2\/pages"}],"about":[{"href":"https:\/\/serveiseducatius.xtec.cat\/edadelcanigo\/wp-json\/wp\/v2\/types\/page"}],"author":[{"embeddable":true,"href":"https:\/\/serveiseducatius.xtec.cat\/edadelcanigo\/wp-json\/wp\/v2\/users\/1"}],"replies":[{"embeddable":true,"href":"https:\/\/serveiseducatius.xtec.cat\/edadelcanigo\/wp-json\/wp\/v2\/comments?post=54"}],"version-history":[{"count":5,"href":"https:\/\/serveiseducatius.xtec.cat\/edadelcanigo\/wp-json\/wp\/v2\/pages\/54\/revisions"}],"predecessor-version":[{"id":9570,"href":"https:\/\/serveiseducatius.xtec.cat\/edadelcanigo\/wp-json\/wp\/v2\/pages\/54\/revisions\/9570"}],"up":[{"embeddable":true,"href":"https:\/\/serveiseducatius.xtec.cat\/edadelcanigo\/wp-json\/wp\/v2\/pages\/8225"}],"wp:attachment":[{"href":"https:\/\/serveiseducatius.xtec.cat\/edadelcanigo\/wp-json\/wp\/v2\/media?parent=54"}],"curies":[{"name":"wp","href":"https:\/\/api.w.org\/{rel}","templated":true}]}}